{"id":4002,"date":"2018-12-14T13:02:57","date_gmt":"2018-12-14T13:02:57","guid":{"rendered":"http:\/\/limit-tools.local\/about-limit\/"},"modified":"2019-04-29T13:01:47","modified_gmt":"2019-04-29T13:01:47","slug":"about-limit","status":"publish","type":"page","link":"https:\/\/limittools.test.consids5.se\/no\/about-limit\/","title":{"rendered":"Om Limit"},"content":{"rendered":"<div class=\"wpb-content-wrapper\"><p>[vc_row][vc_column][vc_column_text]Limit har st\u00e5tt for presisjonsm\u00e5linger helt fra starten av for 90 \u00e5r siden. Verkt\u00f8yene v\u00e5re gj\u00f8r at du kan f\u00f8le deg <strong>trygg<\/strong> p\u00e5 at du tar de <strong>rette beslutningene<\/strong>, hver gang. Limit har alle verkt\u00f8yene du trenger til omr\u00e5dene nedenfor \u2013 de er av <strong>h\u00f8yeste kvalitet<\/strong> og <strong>enkle<\/strong> <strong>\u00e5 bruke<\/strong>:<\/p>\n<ul>\n<li>Verkstedm\u00e5ling<\/li>\n<li>Elektrisk, elektronisk testing<\/li>\n<li>Klima- og milj\u00f8instrumenter<\/li>\n<li>Laserprodukter<\/li>\n<li>Vekter og veiing<\/li>\n<li>Inspeksjonsinstrumenter<\/li>\n<\/ul>\n<p>Luna Group startet Limit i 1993. I dag er vi er et frittst\u00e5ende merke og vi leverer m\u00e5leinstrumenter til kunder i mer enn 30 land.[\/vc_column_text]\n        <div class=\"block block--image align-image--center image-size--large\"><figure><img loading=\"lazy\" decoding=\"async\" width=\"640\" height=\"480\" src=\"https:\/\/limittools.test.consids5.se\/wp-content\/uploads\/2019\/01\/laser-2.jpg\" class=\"attachment-full size-full\" alt=\"Product image Limit\" srcset=\"https:\/\/limittools.test.consids5.se\/wp-content\/uploads\/2019\/01\/laser-2.jpg 640w, https:\/\/limittools.test.consids5.se\/wp-content\/uploads\/2019\/01\/laser-2-250x188.jpg 250w, https:\/\/limittools.test.consids5.se\/wp-content\/uploads\/2019\/01\/laser-2-120x90.jpg 120w, https:\/\/limittools.test.consids5.se\/wp-content\/uploads\/2019\/01\/laser-2-600x450.jpg 600w\" sizes=\"(max-width: 640px) 100vw, 640px\" \/><\/figure><\/div>[\/vc_column][\/vc_row]<\/p>\n<\/div>","protected":false},"excerpt":{"rendered":"[vc_row][vc_column][vc_column_text]Limit har st\u00e5tt for presisjonsm\u00e5linger helt fra starten av for 90 \u00e5r siden. Verkt\u00f8yene v\u00e5re gj\u00f8r at du kan f\u00f8le [&hellip;]","protected":false},"author":1,"featured_media":0,"parent":0,"menu_order":0,"comment_status":"closed","ping_status":"closed","template":"","meta":{"_acf_changed":false,"footnotes":""},"class_list":["post-4002","page","type-page","status-publish","hentry"],"acf":[],"yoast_head":"<!-- This site is optimized with the Yoast SEO plugin v23.2 - https:\/\/yoast.com\/wordpress\/plugins\/seo\/ -->\n<title>Om Limit - Precision measuring instruments | Limit<\/title>\n<meta name=\"description\" content=\"Limit has been dedicated to precision measurements from the start, 90 years ago. Our tools give you the confidence to make the right decisions, every time.\" \/>\n<meta name=\"robots\" content=\"index, follow, max-snippet:-1, max-image-preview:large, max-video-preview:-1\" \/>\n<link rel=\"canonical\" href=\"https:\/\/limittools.test.consids5.se\/no\/about-limit\/\" \/>\n<meta property=\"og:locale\" content=\"nb_NO\" \/>\n<meta property=\"og:type\" content=\"article\" \/>\n<meta property=\"og:title\" content=\"Om Limit - Precision measuring instruments | Limit\" \/>\n<meta property=\"og:description\" content=\"Limit has been dedicated to precision measurements from the start, 90 years ago. Our tools give you the confidence to make the right decisions, every time.\" \/>\n<meta property=\"og:url\" content=\"https:\/\/limittools.test.consids5.se\/no\/about-limit\/\" \/>\n<meta property=\"og:site_name\" content=\"Precision measuring instruments | Limit\" \/>\n<meta property=\"article:publisher\" content=\"https:\/\/www.facebook.com\/limittools\/\" \/>\n<meta property=\"article:modified_time\" content=\"2019-04-29T13:01:47+00:00\" \/>\n<meta name=\"twitter:card\" content=\"summary_large_image\" \/>\n<meta name=\"twitter:label1\" content=\"Est. reading time\" \/>\n\t<meta name=\"twitter:data1\" content=\"1 minute\" \/>\n<script type=\"application\/ld+json\" class=\"yoast-schema-graph\">{\"@context\":\"https:\/\/schema.org\",\"@graph\":[{\"@type\":\"WebPage\",\"@id\":\"https:\/\/limittools.test.consids5.se\/no\/about-limit\/\",\"url\":\"https:\/\/limittools.test.consids5.se\/no\/about-limit\/\",\"name\":\"Om Limit - Precision measuring instruments | Limit\",\"isPartOf\":{\"@id\":\"https:\/\/limittools.test.consids5.se\/#website\"},\"datePublished\":\"2018-12-14T13:02:57+00:00\",\"dateModified\":\"2019-04-29T13:01:47+00:00\",\"description\":\"Limit has been dedicated to precision measurements from the start, 90 years ago. Our tools give you the confidence to make the right decisions, every time.\",\"inLanguage\":\"nb-NO\",\"potentialAction\":[{\"@type\":\"ReadAction\",\"target\":[\"https:\/\/limittools.test.consids5.se\/no\/about-limit\/\"]}]},{\"@type\":\"WebSite\",\"@id\":\"https:\/\/limittools.test.consids5.se\/#website\",\"url\":\"https:\/\/limittools.test.consids5.se\/\",\"name\":\"Precision measuring instruments | Limit\",\"description\":\"Everything can be measured\",\"potentialAction\":[{\"@type\":\"SearchAction\",\"target\":{\"@type\":\"EntryPoint\",\"urlTemplate\":\"https:\/\/limittools.test.consids5.se\/?s={search_term_string}\"},\"query-input\":\"required name=search_term_string\"}],\"inLanguage\":\"nb-NO\"}]}<\/script>\n<!-- \/ Yoast SEO plugin. -->","yoast_head_json":{"title":"Om Limit - Precision measuring instruments | Limit","description":"Limit has been dedicated to precision measurements from the start, 90 years ago. Our tools give you the confidence to make the right decisions, every time.","robots":{"index":"index","follow":"follow","max-snippet":"max-snippet:-1","max-image-preview":"max-image-preview:large","max-video-preview":"max-video-preview:-1"},"canonical":"https:\/\/limittools.test.consids5.se\/no\/about-limit\/","og_locale":"nb_NO","og_type":"article","og_title":"Om Limit - Precision measuring instruments | Limit","og_description":"Limit has been dedicated to precision measurements from the start, 90 years ago. Our tools give you the confidence to make the right decisions, every time.","og_url":"https:\/\/limittools.test.consids5.se\/no\/about-limit\/","og_site_name":"Precision measuring instruments | Limit","article_publisher":"https:\/\/www.facebook.com\/limittools\/","article_modified_time":"2019-04-29T13:01:47+00:00","twitter_card":"summary_large_image","twitter_misc":{"Est. reading time":"1 minute"},"schema":{"@context":"https:\/\/schema.org","@graph":[{"@type":"WebPage","@id":"https:\/\/limittools.test.consids5.se\/no\/about-limit\/","url":"https:\/\/limittools.test.consids5.se\/no\/about-limit\/","name":"Om Limit - Precision measuring instruments | Limit","isPartOf":{"@id":"https:\/\/limittools.test.consids5.se\/#website"},"datePublished":"2018-12-14T13:02:57+00:00","dateModified":"2019-04-29T13:01:47+00:00","description":"Limit has been dedicated to precision measurements from the start, 90 years ago. Our tools give you the confidence to make the right decisions, every time.","inLanguage":"nb-NO","potentialAction":[{"@type":"ReadAction","target":["https:\/\/limittools.test.consids5.se\/no\/about-limit\/"]}]},{"@type":"WebSite","@id":"https:\/\/limittools.test.consids5.se\/#website","url":"https:\/\/limittools.test.consids5.se\/","name":"Precision measuring instruments | Limit","description":"Everything can be measured","potentialAction":[{"@type":"SearchAction","target":{"@type":"EntryPoint","urlTemplate":"https:\/\/limittools.test.consids5.se\/?s={search_term_string}"},"query-input":"required name=search_term_string"}],"inLanguage":"nb-NO"}]}},"_links":{"self":[{"href":"https:\/\/limittools.test.consids5.se\/no\/wp-json\/wp\/v2\/pages\/4002"}],"collection":[{"href":"https:\/\/limittools.test.consids5.se\/no\/wp-json\/wp\/v2\/pages"}],"about":[{"href":"https:\/\/limittools.test.consids5.se\/no\/wp-json\/wp\/v2\/types\/page"}],"author":[{"embeddable":true,"href":"https:\/\/limittools.test.consids5.se\/no\/wp-json\/wp\/v2\/users\/1"}],"replies":[{"embeddable":true,"href":"https:\/\/limittools.test.consids5.se\/no\/wp-json\/wp\/v2\/comments?post=4002"}],"version-history":[{"count":2,"href":"https:\/\/limittools.test.consids5.se\/no\/wp-json\/wp\/v2\/pages\/4002\/revisions"}],"predecessor-version":[{"id":4004,"href":"https:\/\/limittools.test.consids5.se\/no\/wp-json\/wp\/v2\/pages\/4002\/revisions\/4004"}],"wp:attachment":[{"href":"https:\/\/limittools.test.consids5.se\/no\/wp-json\/wp\/v2\/media?parent=4002"}],"curies":[{"name":"wp","href":"https:\/\/api.w.org\/{rel}","templated":true}]}}