{"id":4022,"date":"2018-12-10T12:26:19","date_gmt":"2018-12-10T12:26:19","guid":{"rendered":"http:\/\/limit-tools.local\/limit\/"},"modified":"2019-04-29T14:10:13","modified_gmt":"2019-04-29T14:10:13","slug":"limit","status":"publish","type":"page","link":"https:\/\/limittools.test.consids5.se\/no\/","title":{"rendered":"Startside"},"content":{"rendered":"<div class=\"wpb-content-wrapper\"><p>[vc_row full_width=&#8221;stretch_row_content_no_spaces&#8221;][vc_column]\n        <div class=\"block block--hero-video\">\n            <div class=\"video-hero\">\n                <div class=\"video-hero__video\"><video src=\"https:\/\/limittools.test.consids5.se\/wp-content\/uploads\/2019\/01\/limit_final.mp4\" poster=\"https:\/\/limittools.test.consids5.se\/wp-content\/uploads\/2019\/01\/Limit_startbild_mobilversion.jpg\" muted autoplay loop><\/video><img decoding=\"async\" src=\"https:\/\/limittools.test.consids5.se\/wp-content\/uploads\/2019\/01\/Limit_startbild_mobilversion.jpg\" alt=\"\" class=\"video-hero__placeholder\"><\/div>\n                <div class=\"hero__content\"><div class=\"video-hero__content\"><h1>Everything can be <em>measured<\/em><\/h1><\/div><\/div>\n            <\/div>\n        <\/div>\n        <div class=\"block block--spacer space--medium\"><\/div>\n        <div class=\"product-category-grid product-category-grid--start-fit\">\n            <a class=\"product-category\" href=\"https:\/\/limittools.test.consids5.se\/no\/product-category\/klima-og-miljomaling-instrumenter-no\/\">\n                    <div class=\"product-category__image\">\n                        <img decoding=\"async\" src=\"\">\n                    <\/div>\n                        <h3 class=\"product-category__name\">Klima- og milj\u00f8m\u00e5ling instrumenter<\/h3>\n                    <\/a><a class=\"product-category\" href=\"https:\/\/limittools.test.consids5.se\/no\/product-category\/eltest-no\/\">\n                    <div class=\"product-category__image\">\n                        <img decoding=\"async\" src=\"https:\/\/limittools.test.consids5.se\/wp-content\/uploads\/2019\/01\/electrical.jpg\">\n                    <\/div>\n                        <h3 class=\"product-category__name\">Eltest<\/h3>\n                    <\/a><a class=\"product-category\" href=\"https:\/\/limittools.test.consids5.se\/no\/product-category\/inspeksjon-no\/\">\n                    <div class=\"product-category__image\">\n                        <img decoding=\"async\" src=\"https:\/\/limittools.test.consids5.se\/wp-content\/uploads\/2019\/01\/inspection.jpg\">\n                    <\/div>\n                        <h3 class=\"product-category__name\">Inspeksjon<\/h3>\n                    <\/a><a class=\"product-category\" href=\"https:\/\/limittools.test.consids5.se\/no\/product-category\/klima-og-miljomaling-no\/\">\n                    <div class=\"product-category__image\">\n                        <img decoding=\"async\" src=\"https:\/\/limittools.test.consids5.se\/wp-content\/uploads\/2019\/01\/climate.jpg\">\n                    <\/div>\n                        <h3 class=\"product-category__name\">Klima- og milj\u00f8m\u00e5ling<\/h3>\n                    <\/a><a class=\"product-category\" href=\"https:\/\/limittools.test.consids5.se\/no\/product-category\/laserinstrumenter-no\/\">\n                    <div class=\"product-category__image\">\n                        <img decoding=\"async\" src=\"https:\/\/limittools.test.consids5.se\/wp-content\/uploads\/2019\/01\/laser.jpg\">\n                    <\/div>\n                        <h3 class=\"product-category__name\">Laserinstrumenter<\/h3>\n                    <\/a><a class=\"product-category\" href=\"https:\/\/limittools.test.consids5.se\/no\/product-category\/vekter-no\/\">\n                    <div class=\"product-category__image\">\n                        <img decoding=\"async\" src=\"https:\/\/limittools.test.consids5.se\/wp-content\/uploads\/2019\/01\/scales.jpg\">\n                    <\/div>\n                        <h3 class=\"product-category__name\">Vekter<\/h3>\n                    <\/a><a class=\"product-category\" href=\"https:\/\/limittools.test.consids5.se\/no\/product-category\/verkstedmaling-no\/\">\n                    <div class=\"product-category__image\">\n                        <img decoding=\"async\" src=\"https:\/\/limittools.test.consids5.se\/wp-content\/uploads\/2019\/01\/wmt.jpg\">\n                    <\/div>\n                        <h3 class=\"product-category__name\">Verkstedm\u00e5ling<\/h3>\n                    <\/a>\n        <\/div>\n            <div class=\"block block--promo align-left size-default text-default with-image\">\n                <div class=\"promo promo--none\">\n                    <div class=\"promo__image\">\n                        <img decoding=\"async\" src=\"https:\/\/limittools.test.consids5.se\/wp-content\/uploads\/2019\/01\/limit-spotlight-laser1a.jpg\" alt=\"Bedre synlighet med gr\u00f8nn laser\"\/>\n                    <\/div>\n                    <div class=\"promo-content promo-content--none\">\n                        <h3 class=\"promo__subtitle\">LIMIT 1080-G GR\u00d8NN LASER <\/h3>\n                        <h2 class=\"promo__title\">Bedre synlighet med gr\u00f8nn laser<\/h2>\n                        <div class=\"promo__text\">Med en gr\u00f8nn laser f\u00e5r du linjer som er opp til fire ganger mer synlige for det menneskelige \u00f8ye og som gir deg st\u00f8rre n\u00f8yaktighet. Samtidig er den enklere \u00e5 arbeide med.<\/div><a href=\"http:\/\/limit-tools.local\/product\/multikrysslaser-limit-1080-g\/?lang=no\" class=\"promo__action btn\">Les mer<\/a><\/div>\n                <\/div>\n            <\/div>\n            <div class=\"block block--promo align-left size-default text-default with-image\">\n                <div class=\"promo promo--none\">\n                    <div class=\"promo__image\">\n                        <img decoding=\"async\" src=\"https:\/\/limittools.test.consids5.se\/wp-content\/uploads\/2019\/01\/about-limit-lemon.jpg\" alt=\"Dette er Limit\"\/>\n                    <\/div>\n                    <div class=\"promo-content promo-content--none\">\n                        <h3 class=\"promo__subtitle\"><\/h3>\n                        <h2 class=\"promo__title\">Dette er Limit<\/h2>\n                        <div class=\"promo__text\">Slike ord som om omtrentlig eller vanskelig finnes ikke i vokabularet v\u00e5rt. Vi satser p\u00e5 det presise og enkle, helt ned til siste desimal. Kall oss gjerne nerder \u2013 vi mener bare at det b\u00f8re v\u00e6re lett \u00e5 f\u00e5 ting riktig. Eller n\u00f8yaktig, for \u00e5 v\u00e6re helt eksakt.<\/div><a href=\"http:\/\/limit-tools.local\/about-limit\/\" class=\"promo__action btn\">Read more<\/a><\/div>\n                <\/div>\n            <\/div>[\/vc_column][\/vc_row]<\/p>\n<\/div>","protected":false},"excerpt":{"rendered":"[vc_row full_width=&#8221;stretch_row_content_no_spaces&#8221;][vc_column][\/vc_column][\/vc_row]","protected":false},"author":1,"featured_media":0,"parent":0,"menu_order":0,"comment_status":"closed","ping_status":"closed","template":"","meta":{"_acf_changed":false,"footnotes":""},"class_list":["post-4022","page","type-page","status-publish","hentry"],"acf":[],"yoast_head":"<!-- This site is optimized with the Yoast SEO plugin v23.2 - https:\/\/yoast.com\/wordpress\/plugins\/seo\/ -->\n<title>Startside - Precision measuring instruments | Limit<\/title>\n<meta name=\"robots\" content=\"index, follow, max-snippet:-1, max-image-preview:large, max-video-preview:-1\" \/>\n<link rel=\"canonical\" href=\"https:\/\/limittools.test.consids5.se\/no\/\" \/>\n<meta property=\"og:locale\" content=\"nb_NO\" \/>\n<meta property=\"og:type\" content=\"article\" \/>\n<meta property=\"og:title\" content=\"Startside - Precision measuring instruments | Limit\" \/>\n<meta property=\"og:description\" content=\"[vc_row full_width=&#8221;stretch_row_content_no_spaces&#8221;][vc_column][\/vc_column][\/vc_row]\" \/>\n<meta property=\"og:url\" content=\"https:\/\/limittools.test.consids5.se\/no\/\" \/>\n<meta property=\"og:site_name\" content=\"Precision measuring instruments | Limit\" \/>\n<meta property=\"article:publisher\" content=\"https:\/\/www.facebook.com\/limittools\/\" \/>\n<meta property=\"article:modified_time\" content=\"2019-04-29T14:10:13+00:00\" \/>\n<meta name=\"twitter:card\" content=\"summary_large_image\" \/>\n<meta name=\"twitter:label1\" content=\"Est. reading time\" \/>\n\t<meta name=\"twitter:data1\" content=\"1 minute\" \/>\n<script type=\"application\/ld+json\" class=\"yoast-schema-graph\">{\"@context\":\"https:\/\/schema.org\",\"@graph\":[{\"@type\":\"WebPage\",\"@id\":\"https:\/\/limittools.test.consids5.se\/no\/\",\"url\":\"https:\/\/limittools.test.consids5.se\/no\/\",\"name\":\"Startside - Precision measuring instruments | Limit\",\"isPartOf\":{\"@id\":\"https:\/\/limittools.test.consids5.se\/#website\"},\"datePublished\":\"2018-12-10T12:26:19+00:00\",\"dateModified\":\"2019-04-29T14:10:13+00:00\",\"inLanguage\":\"nb-NO\",\"potentialAction\":[{\"@type\":\"ReadAction\",\"target\":[\"https:\/\/limittools.test.consids5.se\/no\/\"]}]},{\"@type\":\"WebSite\",\"@id\":\"https:\/\/limittools.test.consids5.se\/#website\",\"url\":\"https:\/\/limittools.test.consids5.se\/\",\"name\":\"Precision measuring instruments | Limit\",\"description\":\"Everything can be measured\",\"potentialAction\":[{\"@type\":\"SearchAction\",\"target\":{\"@type\":\"EntryPoint\",\"urlTemplate\":\"https:\/\/limittools.test.consids5.se\/?s={search_term_string}\"},\"query-input\":\"required name=search_term_string\"}],\"inLanguage\":\"nb-NO\"}]}<\/script>\n<!-- \/ Yoast SEO plugin. -->","yoast_head_json":{"title":"Startside - Precision measuring instruments | Limit","robots":{"index":"index","follow":"follow","max-snippet":"max-snippet:-1","max-image-preview":"max-image-preview:large","max-video-preview":"max-video-preview:-1"},"canonical":"https:\/\/limittools.test.consids5.se\/no\/","og_locale":"nb_NO","og_type":"article","og_title":"Startside - Precision measuring instruments | Limit","og_description":"[vc_row full_width=&#8221;stretch_row_content_no_spaces&#8221;][vc_column][\/vc_column][\/vc_row]","og_url":"https:\/\/limittools.test.consids5.se\/no\/","og_site_name":"Precision measuring instruments | Limit","article_publisher":"https:\/\/www.facebook.com\/limittools\/","article_modified_time":"2019-04-29T14:10:13+00:00","twitter_card":"summary_large_image","twitter_misc":{"Est. reading time":"1 minute"},"schema":{"@context":"https:\/\/schema.org","@graph":[{"@type":"WebPage","@id":"https:\/\/limittools.test.consids5.se\/no\/","url":"https:\/\/limittools.test.consids5.se\/no\/","name":"Startside - Precision measuring instruments | Limit","isPartOf":{"@id":"https:\/\/limittools.test.consids5.se\/#website"},"datePublished":"2018-12-10T12:26:19+00:00","dateModified":"2019-04-29T14:10:13+00:00","inLanguage":"nb-NO","potentialAction":[{"@type":"ReadAction","target":["https:\/\/limittools.test.consids5.se\/no\/"]}]},{"@type":"WebSite","@id":"https:\/\/limittools.test.consids5.se\/#website","url":"https:\/\/limittools.test.consids5.se\/","name":"Precision measuring instruments | Limit","description":"Everything can be measured","potentialAction":[{"@type":"SearchAction","target":{"@type":"EntryPoint","urlTemplate":"https:\/\/limittools.test.consids5.se\/?s={search_term_string}"},"query-input":"required name=search_term_string"}],"inLanguage":"nb-NO"}]}},"_links":{"self":[{"href":"https:\/\/limittools.test.consids5.se\/no\/wp-json\/wp\/v2\/pages\/4022"}],"collection":[{"href":"https:\/\/limittools.test.consids5.se\/no\/wp-json\/wp\/v2\/pages"}],"about":[{"href":"https:\/\/limittools.test.consids5.se\/no\/wp-json\/wp\/v2\/types\/page"}],"author":[{"embeddable":true,"href":"https:\/\/limittools.test.consids5.se\/no\/wp-json\/wp\/v2\/users\/1"}],"replies":[{"embeddable":true,"href":"https:\/\/limittools.test.consids5.se\/no\/wp-json\/wp\/v2\/comments?post=4022"}],"version-history":[{"count":2,"href":"https:\/\/limittools.test.consids5.se\/no\/wp-json\/wp\/v2\/pages\/4022\/revisions"}],"predecessor-version":[{"id":4024,"href":"https:\/\/limittools.test.consids5.se\/no\/wp-json\/wp\/v2\/pages\/4022\/revisions\/4024"}],"wp:attachment":[{"href":"https:\/\/limittools.test.consids5.se\/no\/wp-json\/wp\/v2\/media?parent=4022"}],"curies":[{"name":"wp","href":"https:\/\/api.w.org\/{rel}","templated":true}]}}