{"id":4026,"date":"2018-12-10T09:21:03","date_gmt":"2018-12-10T09:21:03","guid":{"rendered":"http:\/\/limit-tools.local\/tips-and-tricks\/"},"modified":"2019-04-29T14:41:11","modified_gmt":"2019-04-29T14:41:11","slug":"tips-and-tricks","status":"publish","type":"page","link":"https:\/\/limittools.test.consids5.se\/no\/tips-and-tricks\/","title":{"rendered":"Tips og triks"},"content":{"rendered":"<div class=\"wpb-content-wrapper\"><p>[vc_row][vc_column]\n        <div class=\"block block--chapter\">\n            <div class=\"salvattore salvattore--2col\" data-columns>\n                \n                    <div class=\"salvattore__item chapter\"><div class=\"chapter__image\"><a href=\"https:\/\/limittools.test.consids5.se\/no\/tips-and-tricks\/about-electrical-safety\/\"><img decoding=\"async\" src=\"https:\/\/limittools.test.consids5.se\/wp-content\/uploads\/2018\/12\/illustration-mat-700x555.jpg\" alt=\"Om Elsikkerhet\" \/><\/a><\/div><h4 class=\"chapter__title small\">\n                            <a href=\"https:\/\/limittools.test.consids5.se\/no\/tips-and-tricks\/about-electrical-safety\/\">Om Elsikkerhet<\/a>\n                        <\/h4><p class=\"chapter__description\">L\u00e6r om overspenning og hvordan du kan beskytte deg selv.<\/p><a class=\"btn btn--comp\" href=\"https:\/\/limittools.test.consids5.se\/no\/tips-and-tricks\/about-electrical-safety\/\">Les mer<\/a><\/div>\n                    <div class=\"salvattore__item chapter\"><div class=\"chapter__image\"><a href=\"https:\/\/limittools.test.consids5.se\/no\/tips-and-tricks\/about-ir-measuring-of-temperature\/\"><img decoding=\"async\" src=\"https:\/\/limittools.test.consids5.se\/wp-content\/uploads\/2019\/01\/Default_tipsTricks_image-700x420.jpg\" alt=\"Om IR-ma\u030aling av temperatur\" \/><\/a><\/div><h4 class=\"chapter__title small\">\n                            <a href=\"https:\/\/limittools.test.consids5.se\/no\/tips-and-tricks\/about-ir-measuring-of-temperature\/\">Om IR-ma\u030aling av temperatur<\/a>\n                        <\/h4><p class=\"chapter__description\">L\u00e6r mer om IR-m\u00e5ling og n\u00e5r det fungerer best<\/p><a class=\"btn btn--comp\" href=\"https:\/\/limittools.test.consids5.se\/no\/tips-and-tricks\/about-ir-measuring-of-temperature\/\">Les mer<\/a><\/div>\n                    <div class=\"salvattore__item chapter\"><div class=\"chapter__image\"><a href=\"https:\/\/limittools.test.consids5.se\/no\/tips-and-tricks\/about-rms\/\"><img decoding=\"async\" src=\"https:\/\/limittools.test.consids5.se\/wp-content\/uploads\/2019\/01\/Default_tipsTricks_image-700x420.jpg\" alt=\"OM RMS\" \/><\/a><\/div><h4 class=\"chapter__title small\">\n                            <a href=\"https:\/\/limittools.test.consids5.se\/no\/tips-and-tricks\/about-rms\/\">OM RMS<\/a>\n                        <\/h4><p class=\"chapter__description\">L\u00e6r mer om RMS og vanskeligheten med \u00e5 m\u00e5le str\u00f8m\r\n<\/p><a class=\"btn btn--comp\" href=\"https:\/\/limittools.test.consids5.se\/no\/tips-and-tricks\/about-rms\/\">Les mer<\/a><\/div>\n                    <div class=\"salvattore__item chapter\"><div class=\"chapter__image\"><a href=\"https:\/\/limittools.test.consids5.se\/no\/tips-and-tricks\/how-to-find-the-right-sensor-for-the-temperature-gauge\/\"><img decoding=\"async\" src=\"https:\/\/limittools.test.consids5.se\/wp-content\/uploads\/2018\/12\/Good-Choice_Sign-700x649.jpg\" alt=\"HVORDAN FINNE RIKTIG SENSOR FOR TEMPERATURM\u00c5LEREN\" \/><\/a><\/div><h4 class=\"chapter__title small\">\n                            <a href=\"https:\/\/limittools.test.consids5.se\/no\/tips-and-tricks\/how-to-find-the-right-sensor-for-the-temperature-gauge\/\">HVORDAN FINNE RIKTIG SENSOR FOR TEMPERATURM\u00c5LEREN<\/a>\n                        <\/h4><p class=\"chapter__description\">Om TEMPERATURM\u00c5LEREN<\/p><a class=\"btn btn--comp\" href=\"https:\/\/limittools.test.consids5.se\/no\/tips-and-tricks\/how-to-find-the-right-sensor-for-the-temperature-gauge\/\">Les mer<\/a><\/div>\n            <\/div>\n        <\/div>[\/vc_column][\/vc_row]<\/p>\n<\/div>","protected":false},"excerpt":{"rendered":"[vc_row][vc_column][\/vc_column][\/vc_row]","protected":false},"author":1,"featured_media":0,"parent":0,"menu_order":0,"comment_status":"closed","ping_status":"closed","template":"","meta":{"_acf_changed":false,"footnotes":""},"class_list":["post-4026","page","type-page","status-publish","hentry"],"acf":[],"yoast_head":"<!-- This site is optimized with the Yoast SEO plugin v23.2 - https:\/\/yoast.com\/wordpress\/plugins\/seo\/ -->\n<title>Tips og triks - Precision measuring instruments | Limit<\/title>\n<meta name=\"robots\" content=\"index, follow, max-snippet:-1, max-image-preview:large, max-video-preview:-1\" \/>\n<link rel=\"canonical\" href=\"https:\/\/limittools.test.consids5.se\/no\/tips-and-tricks\/\" \/>\n<meta property=\"og:locale\" content=\"nb_NO\" \/>\n<meta property=\"og:type\" content=\"article\" \/>\n<meta property=\"og:title\" content=\"Tips og triks - Precision measuring instruments | Limit\" \/>\n<meta property=\"og:description\" content=\"[vc_row][vc_column][\/vc_column][\/vc_row]\" \/>\n<meta property=\"og:url\" content=\"https:\/\/limittools.test.consids5.se\/no\/tips-and-tricks\/\" \/>\n<meta property=\"og:site_name\" content=\"Precision measuring instruments | Limit\" \/>\n<meta property=\"article:publisher\" content=\"https:\/\/www.facebook.com\/limittools\/\" \/>\n<meta property=\"article:modified_time\" content=\"2019-04-29T14:41:11+00:00\" \/>\n<meta name=\"twitter:card\" content=\"summary_large_image\" \/>\n<script type=\"application\/ld+json\" class=\"yoast-schema-graph\">{\"@context\":\"https:\/\/schema.org\",\"@graph\":[{\"@type\":\"WebPage\",\"@id\":\"https:\/\/limittools.test.consids5.se\/no\/tips-and-tricks\/\",\"url\":\"https:\/\/limittools.test.consids5.se\/no\/tips-and-tricks\/\",\"name\":\"Tips og triks - Precision measuring instruments | Limit\",\"isPartOf\":{\"@id\":\"https:\/\/limittools.test.consids5.se\/#website\"},\"datePublished\":\"2018-12-10T09:21:03+00:00\",\"dateModified\":\"2019-04-29T14:41:11+00:00\",\"inLanguage\":\"nb-NO\",\"potentialAction\":[{\"@type\":\"ReadAction\",\"target\":[\"https:\/\/limittools.test.consids5.se\/no\/tips-and-tricks\/\"]}]},{\"@type\":\"WebSite\",\"@id\":\"https:\/\/limittools.test.consids5.se\/#website\",\"url\":\"https:\/\/limittools.test.consids5.se\/\",\"name\":\"Precision measuring instruments | Limit\",\"description\":\"Everything can be measured\",\"potentialAction\":[{\"@type\":\"SearchAction\",\"target\":{\"@type\":\"EntryPoint\",\"urlTemplate\":\"https:\/\/limittools.test.consids5.se\/?s={search_term_string}\"},\"query-input\":\"required name=search_term_string\"}],\"inLanguage\":\"nb-NO\"}]}<\/script>\n<!-- \/ Yoast SEO plugin. -->","yoast_head_json":{"title":"Tips og triks - Precision measuring instruments | Limit","robots":{"index":"index","follow":"follow","max-snippet":"max-snippet:-1","max-image-preview":"max-image-preview:large","max-video-preview":"max-video-preview:-1"},"canonical":"https:\/\/limittools.test.consids5.se\/no\/tips-and-tricks\/","og_locale":"nb_NO","og_type":"article","og_title":"Tips og triks - Precision measuring instruments | Limit","og_description":"[vc_row][vc_column][\/vc_column][\/vc_row]","og_url":"https:\/\/limittools.test.consids5.se\/no\/tips-and-tricks\/","og_site_name":"Precision measuring instruments | Limit","article_publisher":"https:\/\/www.facebook.com\/limittools\/","article_modified_time":"2019-04-29T14:41:11+00:00","twitter_card":"summary_large_image","schema":{"@context":"https:\/\/schema.org","@graph":[{"@type":"WebPage","@id":"https:\/\/limittools.test.consids5.se\/no\/tips-and-tricks\/","url":"https:\/\/limittools.test.consids5.se\/no\/tips-and-tricks\/","name":"Tips og triks - Precision measuring instruments | Limit","isPartOf":{"@id":"https:\/\/limittools.test.consids5.se\/#website"},"datePublished":"2018-12-10T09:21:03+00:00","dateModified":"2019-04-29T14:41:11+00:00","inLanguage":"nb-NO","potentialAction":[{"@type":"ReadAction","target":["https:\/\/limittools.test.consids5.se\/no\/tips-and-tricks\/"]}]},{"@type":"WebSite","@id":"https:\/\/limittools.test.consids5.se\/#website","url":"https:\/\/limittools.test.consids5.se\/","name":"Precision measuring instruments | Limit","description":"Everything can be measured","potentialAction":[{"@type":"SearchAction","target":{"@type":"EntryPoint","urlTemplate":"https:\/\/limittools.test.consids5.se\/?s={search_term_string}"},"query-input":"required name=search_term_string"}],"inLanguage":"nb-NO"}]}},"_links":{"self":[{"href":"https:\/\/limittools.test.consids5.se\/no\/wp-json\/wp\/v2\/pages\/4026"}],"collection":[{"href":"https:\/\/limittools.test.consids5.se\/no\/wp-json\/wp\/v2\/pages"}],"about":[{"href":"https:\/\/limittools.test.consids5.se\/no\/wp-json\/wp\/v2\/types\/page"}],"author":[{"embeddable":true,"href":"https:\/\/limittools.test.consids5.se\/no\/wp-json\/wp\/v2\/users\/1"}],"replies":[{"embeddable":true,"href":"https:\/\/limittools.test.consids5.se\/no\/wp-json\/wp\/v2\/comments?post=4026"}],"version-history":[{"count":2,"href":"https:\/\/limittools.test.consids5.se\/no\/wp-json\/wp\/v2\/pages\/4026\/revisions"}],"predecessor-version":[{"id":4028,"href":"https:\/\/limittools.test.consids5.se\/no\/wp-json\/wp\/v2\/pages\/4026\/revisions\/4028"}],"wp:attachment":[{"href":"https:\/\/limittools.test.consids5.se\/no\/wp-json\/wp\/v2\/media?parent=4026"}],"curies":[{"name":"wp","href":"https:\/\/api.w.org\/{rel}","templated":true}]}}