{"id":4051,"date":"2018-12-19T08:33:41","date_gmt":"2018-12-19T08:33:41","guid":{"rendered":"http:\/\/limit-tools.local\/tips-and-tricks\/how-to-find-the-right-sensor-for-the-temperature-gauge\/"},"modified":"2019-04-30T13:31:39","modified_gmt":"2019-04-30T13:31:39","slug":"how-to-find-the-right-sensor-for-the-temperature-gauge","status":"publish","type":"page","link":"https:\/\/limittools.test.consids5.se\/no\/tips-and-tricks\/how-to-find-the-right-sensor-for-the-temperature-gauge\/","title":{"rendered":"HVORDAN FINNE RIKTIG SENSOR FOR TEMPERATURM\u00c5LEREN"},"content":{"rendered":"<div class=\"wpb-content-wrapper\"><p>[vc_row][vc_column][vc_column_text]<strong>TOMMELFINGERREGEL:<\/strong> F\u00f8lere med <strong>termoelement<\/strong> er <strong>raske<\/strong> og har et <strong>bredt<\/strong> <strong>ma\u030aleomra\u030ade<\/strong>. Motstands- og <strong>NTC-f\u00f8lere<\/strong> er <strong>langsommere<\/strong> men mer <strong>n\u00f8yaktige<\/strong>. Jo bredere ma\u030aleomra\u030ade, desto mer generelle bruksomra\u030ader.[\/vc_column_text][\/vc_column][\/vc_row][vc_row][vc_column width=&#8221;1\/2&#8243;][vc_column_text]<img loading=\"lazy\" decoding=\"async\" class=\"wp-image-944 alignnone\" src=\"http:\/\/limit-tools.local\/wp-content\/uploads\/2018\/12\/Ska\u0308rmavbild-2018-12-19-kl.-09.19.08.png\" alt=\"Icon Immersion and insert sensors\" width=\"15\" height=\"44\" \/> DYPP- OG INNSTIKKSF\u00d8LERE<br \/>\n<strong>\u00a0<\/strong><br \/>\nDyppf\u00f8lere (type K, Pt100, NtC) for ma\u030alinger i v\u00e6ske, men ogsa\u030a for ma\u030alinger i gass og luft.[\/vc_column_text][vc_column_text]<img loading=\"lazy\" decoding=\"async\" class=\" wp-image-953 alignnone\" src=\"http:\/\/limit-tools.local\/wp-content\/uploads\/2018\/12\/Ska\u0308rmavbild-2018-12-19-kl.-09.20.39.png\" alt=\"Icon insert sensors\" width=\"15\" height=\"42\" \/> INNSTIKKSF\u00d8LERE<strong><br \/>\n<\/strong>Innstikksf\u00f8lere (type K, Pt100, NtC) for ma\u030alinger i plastiske eller halvfaste materialer.[\/vc_column_text][vc_column_text]<img loading=\"lazy\" decoding=\"async\" class=\" wp-image-956 alignnone\" src=\"http:\/\/limit-tools.local\/wp-content\/uploads\/2018\/12\/Ska\u0308rmavbild-2018-12-19-kl.-09.21.28.png\" alt=\"Icon Air sensors\" width=\"15\" height=\"74\" \/> LUFTF\u00d8LERE<strong><br \/>\n<\/strong>Luftf\u00f8lere (type K, Pt100, NtC).<br \/>\nFor a\u030a gj\u00f8re det lettere a\u030a foreta raske ma\u030alinger, har f\u00f8leren som oftest en ubeskyttet plassering.<\/p>\n<ul>\n<li>Den angitte svartiden t99 er ma\u030alt i vindtunnel ved 2 m\/s og 60 \u00b0C.<\/li>\n<li>Dykk-\/innstikksf\u00f8lere kan brukes til luftma\u030alinger. Svartiden er 40 til 60 ganger lenger enn den angitte verdien som er ma\u030alt i vann.<\/li>\n<\/ul>\n<p>[\/vc_column_text][vc_column_text]<img loading=\"lazy\" decoding=\"async\" class=\" wp-image-955 alignnone\" src=\"http:\/\/limit-tools.local\/wp-content\/uploads\/2018\/12\/Ska\u0308rmavbild-2018-12-19-kl.-09.22.06.png\" alt=\"Icon surface temperature sensors\" width=\"15\" height=\"35\" \/> OVERFLATETEMPERATURF\u00d8LERE<strong><br \/>\n<\/strong>F\u00f8lerkonstruksjoner: type K, CuCuNi, Pt100, NTC. Med ma\u030alespiss for ma\u030alinger pa\u030a plane flater. For a\u030a oppna\u030a optimal funksjon anbefaler vi silikonbasert varmeledningspasta (tmax 260 \u00b0C).[\/vc_column_text][vc_column_text css=&#8221;.vc_custom_1556629554769{padding-top: 20px !important;padding-right: 20px !important;padding-bottom: 20px !important;padding-left: 20px !important;background-color: #ffce00 !important;border-radius: 2px !important;}&#8221;]<\/p>\n<div class=\"OneUp-slide\" role=\"presentation\" data-bind=\"control: component\">\n<div class=\"OneUp-pdf OneUp-pdf--loaded\" data-bind=\"css: { 'OneUp-pdf--loaded': hasPdfLoaded() &amp;&amp; isSlideCurrent() }\">\n<div class=\"od-OneUpPdf-content\" data-bind=\"control: pdfViewerComponent\">\n<div class=\"od-PdfViewer\" role=\"presentation\" data-bind=\"activate: render, pan: panBindingParams, scrollContainer: {}\" data-is-scrollable=\"true\">\n<div class=\"od-PdfViewer-container\" dir=\"ltr\" tabindex=\"0\" role=\"document\" data-bind=\"attr: { 'aria-label': itemName }, hasFocus: hasFocus, style: contentStyle\" aria-label=\"Mat_Temperaturgivare_UK.pdf\">\n<div class=\"page\" data-page-number=\"1\" data-loaded=\"true\">\n<div class=\"textLayer\">\n<div><strong>FORDELER MED NTC:<\/strong><\/div>\n<ul>\n<li>Robust konstruksjon.<\/li>\n<li>H\u00f8yere f\u00f8lern\u00f8yaktighet.<\/li>\n<\/ul>\n<div><strong>DISADVANTAGES OF NTC:<\/strong><\/div>\n<ul>\n<li>Lang svartid.<\/li>\n<li>Krever n\u00f8yaktig betjening.<\/li>\n<li>Bare egnet til slette flater med h\u00f8y varmekapasitet,<br \/>\nf.eks. store metallobjekter.<\/li>\n<\/ul>\n<\/div>\n<\/div>\n<\/div>\n<\/div>\n<\/div>\n<\/div>\n<\/div>\n<div class=\"ItemPreview-detailsBar\" data-bind=\"component: detailsComponent, style: detailsBarStyle, childFocus: isDetailsFocused\">\n<div class=\"od-PdfViewerControlPanel\" data-bind=\"visible: !isPanningEnabled(), css: { 'od-PdfViewerControlPanel--searchOn': isSearchPaneOpened }\">\n<div class=\"od-PdfViewerControlPanel-toolbox\"><\/div>\n<\/div>\n<\/div>\n<p>[\/vc_column_text][\/vc_column][vc_column width=&#8221;1\/2&#8243;][vc_column_text]<img loading=\"lazy\" decoding=\"async\" class=\" wp-image-957 alignnone\" src=\"http:\/\/limit-tools.local\/wp-content\/uploads\/2018\/12\/Ska\u0308rmavbild-2018-12-19-kl.-09.19.54.png\" alt=\"Icon Type K sensor design\" width=\"15\" height=\"46\" \/>\u00a0\u00a0<strong>TYPE K SENSOR DESIGN<br \/>\n<\/strong>Vi anbefaler det patenterte ma\u030alehodet med fj\u00e6rende termoelementba\u030and til raske ma\u030alinger, ogsa\u030a pa\u030a ujevne flater. Termoelementba\u030andet ma\u030aler den faktiske temperaturen pa\u030a ma\u030aleobjektet i l\u00f8pet av noen fa\u030a sekunder:<\/p>\n<ul>\n<li>Enkel a\u030a bruke (uten silikonbasert varmeled- ningspasta).<\/li>\n<li>Raske ma\u030aleresultater.<\/li>\n<\/ul>\n<p>[\/vc_column_text][vc_column_text el_id=&#8221;MoreInfo&#8221; el_class=&#8221;MoreInfo1&#8243; css=&#8221;.vc_custom_1556631036701{padding-top: 20px !important;padding-right: 20px !important;padding-bottom: 20px !important;padding-left: 20px !important;background-color: #ffce00 !important;border-radius: 5px !important;}&#8221;]<strong>MER INFORMASJON<\/strong><\/p>\n<div class=\"page\" title=\"Page 1\">\n<div class=\"section\">\n<div class=\"layoutArea\">\n<div class=\"column\">\n<ul>\n<li>Den angitte svartiden t99 er ma\u030alt i v\u00e6ske i bevegelse (vann) ved 60 \u00b0C.<\/li>\n<li>Generelt er det slik at jo tynnere f\u00f8ler, desto raskere svar, som betyr kortere tid i ma\u030aleobjektet.<\/li>\n<li>F\u00f8leren ma\u030a v\u00e6re innstukket i ma\u030aleobjektet minst 10 ganger f\u00f8lerens diameter (15 x diameteren er bedre), for a\u030a ma\u030ale den faktiske temperaturen.<\/li>\n<li>Jo tynnere en f\u00f8ler er, desto mer forsiktig ma\u030a du ogsa\u030a behandle den.<\/li>\n<\/ul>\n<\/div>\n<\/div>\n<\/div>\n<\/div>\n<p>[\/vc_column_text][\/vc_column][\/vc_row]<\/p>\n<\/div>","protected":false},"excerpt":{"rendered":"[vc_row][vc_column][vc_column_text]TOMMELFINGERREGEL: F\u00f8lere med termoelement er raske og har et bredt ma\u030aleomra\u030ade. Motstands- og NTC-f\u00f8lere er langsommere men mer n\u00f8yaktige. Jo [&hellip;]","protected":false},"author":2,"featured_media":1681,"parent":4026,"menu_order":0,"comment_status":"closed","ping_status":"closed","template":"","meta":{"_acf_changed":false,"footnotes":""},"class_list":["post-4051","page","type-page","status-publish","has-post-thumbnail","hentry"],"acf":[],"yoast_head":"<!-- This site is optimized with the Yoast SEO plugin v23.2 - https:\/\/yoast.com\/wordpress\/plugins\/seo\/ -->\n<title>HVORDAN FINNE RIKTIG SENSOR FOR TEMPERATURM\u00c5LEREN - Precision measuring instruments | Limit<\/title>\n<meta name=\"robots\" content=\"index, follow, max-snippet:-1, max-image-preview:large, max-video-preview:-1\" \/>\n<link rel=\"canonical\" href=\"https:\/\/limittools.test.consids5.se\/no\/tips-and-tricks\/how-to-find-the-right-sensor-for-the-temperature-gauge\/\" \/>\n<meta property=\"og:locale\" content=\"nb_NO\" \/>\n<meta property=\"og:type\" content=\"article\" \/>\n<meta property=\"og:title\" content=\"HVORDAN FINNE RIKTIG SENSOR FOR TEMPERATURM\u00c5LEREN - Precision measuring instruments | Limit\" \/>\n<meta property=\"og:description\" content=\"[vc_row][vc_column][vc_column_text]TOMMELFINGERREGEL: F\u00f8lere med termoelement er raske og har et bredt ma\u030aleomra\u030ade. Motstands- og NTC-f\u00f8lere er langsommere men mer n\u00f8yaktige. Jo [&hellip;]\" \/>\n<meta property=\"og:url\" content=\"https:\/\/limittools.test.consids5.se\/no\/tips-and-tricks\/how-to-find-the-right-sensor-for-the-temperature-gauge\/\" \/>\n<meta property=\"og:site_name\" content=\"Precision measuring instruments | Limit\" \/>\n<meta property=\"article:publisher\" content=\"https:\/\/www.facebook.com\/limittools\/\" \/>\n<meta property=\"article:modified_time\" content=\"2019-04-30T13:31:39+00:00\" \/>\n<meta property=\"og:image\" content=\"https:\/\/limittools.test.consids5.se\/wp-content\/uploads\/2018\/12\/Good-Choice_Sign.jpg\" \/>\n\t<meta property=\"og:image:width\" content=\"700\" \/>\n\t<meta property=\"og:image:height\" content=\"649\" \/>\n\t<meta property=\"og:image:type\" content=\"image\/jpeg\" \/>\n<meta name=\"twitter:card\" content=\"summary_large_image\" \/>\n<meta name=\"twitter:label1\" content=\"Est. reading time\" \/>\n\t<meta name=\"twitter:data1\" content=\"2 minutes\" \/>\n<script type=\"application\/ld+json\" class=\"yoast-schema-graph\">{\"@context\":\"https:\/\/schema.org\",\"@graph\":[{\"@type\":\"WebPage\",\"@id\":\"https:\/\/limittools.test.consids5.se\/no\/tips-and-tricks\/how-to-find-the-right-sensor-for-the-temperature-gauge\/\",\"url\":\"https:\/\/limittools.test.consids5.se\/no\/tips-and-tricks\/how-to-find-the-right-sensor-for-the-temperature-gauge\/\",\"name\":\"HVORDAN FINNE RIKTIG SENSOR FOR TEMPERATURM\u00c5LEREN - Precision measuring instruments | Limit\",\"isPartOf\":{\"@id\":\"https:\/\/limittools.test.consids5.se\/#website\"},\"primaryImageOfPage\":{\"@id\":\"https:\/\/limittools.test.consids5.se\/no\/tips-and-tricks\/how-to-find-the-right-sensor-for-the-temperature-gauge\/#primaryimage\"},\"image\":{\"@id\":\"https:\/\/limittools.test.consids5.se\/no\/tips-and-tricks\/how-to-find-the-right-sensor-for-the-temperature-gauge\/#primaryimage\"},\"thumbnailUrl\":\"https:\/\/limittools.test.consids5.se\/wp-content\/uploads\/2018\/12\/Good-Choice_Sign.jpg\",\"datePublished\":\"2018-12-19T08:33:41+00:00\",\"dateModified\":\"2019-04-30T13:31:39+00:00\",\"breadcrumb\":{\"@id\":\"https:\/\/limittools.test.consids5.se\/no\/tips-and-tricks\/how-to-find-the-right-sensor-for-the-temperature-gauge\/#breadcrumb\"},\"inLanguage\":\"nb-NO\",\"potentialAction\":[{\"@type\":\"ReadAction\",\"target\":[\"https:\/\/limittools.test.consids5.se\/no\/tips-and-tricks\/how-to-find-the-right-sensor-for-the-temperature-gauge\/\"]}]},{\"@type\":\"ImageObject\",\"inLanguage\":\"nb-NO\",\"@id\":\"https:\/\/limittools.test.consids5.se\/no\/tips-and-tricks\/how-to-find-the-right-sensor-for-the-temperature-gauge\/#primaryimage\",\"url\":\"https:\/\/limittools.test.consids5.se\/wp-content\/uploads\/2018\/12\/Good-Choice_Sign.jpg\",\"contentUrl\":\"https:\/\/limittools.test.consids5.se\/wp-content\/uploads\/2018\/12\/Good-Choice_Sign.jpg\",\"width\":700,\"height\":649},{\"@type\":\"BreadcrumbList\",\"@id\":\"https:\/\/limittools.test.consids5.se\/no\/tips-and-tricks\/how-to-find-the-right-sensor-for-the-temperature-gauge\/#breadcrumb\",\"itemListElement\":[{\"@type\":\"ListItem\",\"position\":1,\"name\":\"Tips og triks\",\"item\":\"https:\/\/limittools.test.consids5.se\/no\/tips-and-tricks\/\"},{\"@type\":\"ListItem\",\"position\":2,\"name\":\"HVORDAN FINNE RIKTIG SENSOR FOR TEMPERATURM\u00c5LEREN\"}]},{\"@type\":\"WebSite\",\"@id\":\"https:\/\/limittools.test.consids5.se\/#website\",\"url\":\"https:\/\/limittools.test.consids5.se\/\",\"name\":\"Precision measuring instruments | Limit\",\"description\":\"Everything can be measured\",\"potentialAction\":[{\"@type\":\"SearchAction\",\"target\":{\"@type\":\"EntryPoint\",\"urlTemplate\":\"https:\/\/limittools.test.consids5.se\/?s={search_term_string}\"},\"query-input\":\"required name=search_term_string\"}],\"inLanguage\":\"nb-NO\"}]}<\/script>\n<!-- \/ Yoast SEO plugin. -->","yoast_head_json":{"title":"HVORDAN FINNE RIKTIG SENSOR FOR TEMPERATURM\u00c5LEREN - Precision measuring instruments | Limit","robots":{"index":"index","follow":"follow","max-snippet":"max-snippet:-1","max-image-preview":"max-image-preview:large","max-video-preview":"max-video-preview:-1"},"canonical":"https:\/\/limittools.test.consids5.se\/no\/tips-and-tricks\/how-to-find-the-right-sensor-for-the-temperature-gauge\/","og_locale":"nb_NO","og_type":"article","og_title":"HVORDAN FINNE RIKTIG SENSOR FOR TEMPERATURM\u00c5LEREN - Precision measuring instruments | Limit","og_description":"[vc_row][vc_column][vc_column_text]TOMMELFINGERREGEL: F\u00f8lere med termoelement er raske og har et bredt ma\u030aleomra\u030ade. Motstands- og NTC-f\u00f8lere er langsommere men mer n\u00f8yaktige. Jo [&hellip;]","og_url":"https:\/\/limittools.test.consids5.se\/no\/tips-and-tricks\/how-to-find-the-right-sensor-for-the-temperature-gauge\/","og_site_name":"Precision measuring instruments | Limit","article_publisher":"https:\/\/www.facebook.com\/limittools\/","article_modified_time":"2019-04-30T13:31:39+00:00","og_image":[{"width":700,"height":649,"url":"https:\/\/limittools.test.consids5.se\/wp-content\/uploads\/2018\/12\/Good-Choice_Sign.jpg","type":"image\/jpeg"}],"twitter_card":"summary_large_image","twitter_misc":{"Est. reading time":"2 minutes"},"schema":{"@context":"https:\/\/schema.org","@graph":[{"@type":"WebPage","@id":"https:\/\/limittools.test.consids5.se\/no\/tips-and-tricks\/how-to-find-the-right-sensor-for-the-temperature-gauge\/","url":"https:\/\/limittools.test.consids5.se\/no\/tips-and-tricks\/how-to-find-the-right-sensor-for-the-temperature-gauge\/","name":"HVORDAN FINNE RIKTIG SENSOR FOR TEMPERATURM\u00c5LEREN - Precision measuring instruments | Limit","isPartOf":{"@id":"https:\/\/limittools.test.consids5.se\/#website"},"primaryImageOfPage":{"@id":"https:\/\/limittools.test.consids5.se\/no\/tips-and-tricks\/how-to-find-the-right-sensor-for-the-temperature-gauge\/#primaryimage"},"image":{"@id":"https:\/\/limittools.test.consids5.se\/no\/tips-and-tricks\/how-to-find-the-right-sensor-for-the-temperature-gauge\/#primaryimage"},"thumbnailUrl":"https:\/\/limittools.test.consids5.se\/wp-content\/uploads\/2018\/12\/Good-Choice_Sign.jpg","datePublished":"2018-12-19T08:33:41+00:00","dateModified":"2019-04-30T13:31:39+00:00","breadcrumb":{"@id":"https:\/\/limittools.test.consids5.se\/no\/tips-and-tricks\/how-to-find-the-right-sensor-for-the-temperature-gauge\/#breadcrumb"},"inLanguage":"nb-NO","potentialAction":[{"@type":"ReadAction","target":["https:\/\/limittools.test.consids5.se\/no\/tips-and-tricks\/how-to-find-the-right-sensor-for-the-temperature-gauge\/"]}]},{"@type":"ImageObject","inLanguage":"nb-NO","@id":"https:\/\/limittools.test.consids5.se\/no\/tips-and-tricks\/how-to-find-the-right-sensor-for-the-temperature-gauge\/#primaryimage","url":"https:\/\/limittools.test.consids5.se\/wp-content\/uploads\/2018\/12\/Good-Choice_Sign.jpg","contentUrl":"https:\/\/limittools.test.consids5.se\/wp-content\/uploads\/2018\/12\/Good-Choice_Sign.jpg","width":700,"height":649},{"@type":"BreadcrumbList","@id":"https:\/\/limittools.test.consids5.se\/no\/tips-and-tricks\/how-to-find-the-right-sensor-for-the-temperature-gauge\/#breadcrumb","itemListElement":[{"@type":"ListItem","position":1,"name":"Tips og triks","item":"https:\/\/limittools.test.consids5.se\/no\/tips-and-tricks\/"},{"@type":"ListItem","position":2,"name":"HVORDAN FINNE RIKTIG SENSOR FOR TEMPERATURM\u00c5LEREN"}]},{"@type":"WebSite","@id":"https:\/\/limittools.test.consids5.se\/#website","url":"https:\/\/limittools.test.consids5.se\/","name":"Precision measuring instruments | Limit","description":"Everything can be measured","potentialAction":[{"@type":"SearchAction","target":{"@type":"EntryPoint","urlTemplate":"https:\/\/limittools.test.consids5.se\/?s={search_term_string}"},"query-input":"required name=search_term_string"}],"inLanguage":"nb-NO"}]}},"_links":{"self":[{"href":"https:\/\/limittools.test.consids5.se\/no\/wp-json\/wp\/v2\/pages\/4051"}],"collection":[{"href":"https:\/\/limittools.test.consids5.se\/no\/wp-json\/wp\/v2\/pages"}],"about":[{"href":"https:\/\/limittools.test.consids5.se\/no\/wp-json\/wp\/v2\/types\/page"}],"author":[{"embeddable":true,"href":"https:\/\/limittools.test.consids5.se\/no\/wp-json\/wp\/v2\/users\/2"}],"replies":[{"embeddable":true,"href":"https:\/\/limittools.test.consids5.se\/no\/wp-json\/wp\/v2\/comments?post=4051"}],"version-history":[{"count":2,"href":"https:\/\/limittools.test.consids5.se\/no\/wp-json\/wp\/v2\/pages\/4051\/revisions"}],"predecessor-version":[{"id":4053,"href":"https:\/\/limittools.test.consids5.se\/no\/wp-json\/wp\/v2\/pages\/4051\/revisions\/4053"}],"up":[{"embeddable":true,"href":"https:\/\/limittools.test.consids5.se\/no\/wp-json\/wp\/v2\/pages\/4026"}],"wp:featuredmedia":[{"embeddable":true,"href":"https:\/\/limittools.test.consids5.se\/no\/wp-json\/wp\/v2\/media\/1681"}],"wp:attachment":[{"href":"https:\/\/limittools.test.consids5.se\/no\/wp-json\/wp\/v2\/media?parent=4051"}],"curies":[{"name":"wp","href":"https:\/\/api.w.org\/{rel}","templated":true}]}}