{"id":1802,"date":"2026-04-08T17:24:17","date_gmt":"2026-04-08T17:24:17","guid":{"rendered":"http:\/\/limit-tools.local\/product\/avleserboks-digital-dro-2l\/"},"modified":"2026-04-08T17:24:17","modified_gmt":"2026-04-08T17:24:17","slug":"avleserboks-digital-dro-2l","status":"publish","type":"product","link":"https:\/\/limittools.test.consids5.se\/no\/product\/avleserboks-digital-dro-2l\/","title":{"rendered":"AVLESERBOKS DIGITAL DRO-2L"},"content":{"rendered":"<p>Til innstilling og posisjonering av dreiebenker og fresemaskiner.<br \/>\n151390101 3-akslet displayenhet for fresemaskiner. Displayenheten har bl.a. funksjoner for kurvefresing, vinkelfresing, lommefresing, line\u00e6rt og sirkelformet hullbilde, verkt\u00f8ykompensasjon m.m. Minne for 200 koordinatinnstillinger.<br \/>\nKomplett inklusive arm og monteringstilbeh\u00f8r.<br \/>\n151390200 2-akslet displayenhet for dreiebenker. Displayenheten har bl.a. funksjoner for radius\/diameterinnstilling, verkt\u00f8ybytte, m\u00e5le konisitet. Minne for 200 koordinatinnstillinger.<br \/>\nKomplett inklusive arm og monteringstilbeh\u00f8r<br \/>\nUtstyret oppfyller CE lavspenningsdirektiv 73\/23\/EEC samt 89\/336\/EEC.<br \/>\nLine\u00e6re skalaer (inng\u00e5r ikke) med fotoelektrisk avlesingsteknikk. Komplett inkl. kabel, beskyttelsesplate og monteringstilbeh\u00f8r. Se artikkelnr. 151390309 m.fl.<\/p>\n","protected":false},"excerpt":{"rendered":"Til innstilling og posisjonering av dreiebenker og fresemaskiner. 151390101 3-akslet displayenhet for fresemaskiner. Displayenheten har bl.a. funksjoner for kurvefresing, vinkelfresing, [&hellip;]","protected":false},"featured_media":0,"comment_status":"closed","ping_status":"closed","template":"","meta":{"_acf_changed":false},"product_cat":[246,245],"product_tag":[],"class_list":{"0":"post-1802","1":"product","2":"type-product","3":"status-publish","5":"product_cat-skalaer-no","6":"product_cat-verkstedmaling-no","8":"first","9":"instock","10":"shipping-taxable","11":"product-type-simple"},"acf":[],"yoast_head":"<!-- This site is optimized with the Yoast SEO plugin v23.2 - https:\/\/yoast.com\/wordpress\/plugins\/seo\/ -->\n<title>AVLESERBOKS DIGITAL DRO-2L - Precision measuring instruments | Limit<\/title>\n<meta name=\"robots\" content=\"index, follow, max-snippet:-1, max-image-preview:large, max-video-preview:-1\" \/>\n<link rel=\"canonical\" href=\"https:\/\/limittools.test.consids5.se\/no\/product\/avleserboks-digital-dro-2l\/\" \/>\n<meta property=\"og:locale\" content=\"nb_NO\" \/>\n<meta property=\"og:type\" content=\"article\" \/>\n<meta property=\"og:title\" content=\"AVLESERBOKS DIGITAL DRO-2L - Precision measuring instruments | Limit\" \/>\n<meta property=\"og:description\" content=\"Til innstilling og posisjonering av dreiebenker og fresemaskiner. 151390101 3-akslet displayenhet for fresemaskiner. Displayenheten har bl.a. funksjoner for kurvefresing, vinkelfresing, [&hellip;]\" \/>\n<meta property=\"og:url\" content=\"https:\/\/limittools.test.consids5.se\/no\/product\/avleserboks-digital-dro-2l\/\" \/>\n<meta property=\"og:site_name\" content=\"Precision measuring instruments | Limit\" \/>\n<meta property=\"article:publisher\" content=\"https:\/\/www.facebook.com\/limittools\/\" \/>\n<meta name=\"twitter:card\" content=\"summary_large_image\" \/>\n<script type=\"application\/ld+json\" class=\"yoast-schema-graph\">{\"@context\":\"https:\/\/schema.org\",\"@graph\":[{\"@type\":\"WebPage\",\"@id\":\"https:\/\/limittools.test.consids5.se\/no\/product\/avleserboks-digital-dro-2l\/\",\"url\":\"https:\/\/limittools.test.consids5.se\/no\/product\/avleserboks-digital-dro-2l\/\",\"name\":\"AVLESERBOKS DIGITAL DRO-2L - Precision measuring instruments | Limit\",\"isPartOf\":{\"@id\":\"https:\/\/limittools.test.consids5.se\/#website\"},\"datePublished\":\"2026-04-08T17:24:17+00:00\",\"dateModified\":\"2026-04-08T17:24:17+00:00\",\"breadcrumb\":{\"@id\":\"https:\/\/limittools.test.consids5.se\/no\/product\/avleserboks-digital-dro-2l\/#breadcrumb\"},\"inLanguage\":\"nb-NO\",\"potentialAction\":[{\"@type\":\"ReadAction\",\"target\":[\"https:\/\/limittools.test.consids5.se\/no\/product\/avleserboks-digital-dro-2l\/\"]}]},{\"@type\":\"BreadcrumbList\",\"@id\":\"https:\/\/limittools.test.consids5.se\/no\/product\/avleserboks-digital-dro-2l\/#breadcrumb\",\"itemListElement\":[{\"@type\":\"ListItem\",\"position\":1,\"name\":\"Products\",\"item\":\"https:\/\/limittools.test.consids5.se\/products\/\"},{\"@type\":\"ListItem\",\"position\":2,\"name\":\"AVLESERBOKS DIGITAL DRO-2L\"}]},{\"@type\":\"WebSite\",\"@id\":\"https:\/\/limittools.test.consids5.se\/#website\",\"url\":\"https:\/\/limittools.test.consids5.se\/\",\"name\":\"Precision measuring instruments | Limit\",\"description\":\"Everything can be measured\",\"potentialAction\":[{\"@type\":\"SearchAction\",\"target\":{\"@type\":\"EntryPoint\",\"urlTemplate\":\"https:\/\/limittools.test.consids5.se\/?s={search_term_string}\"},\"query-input\":\"required name=search_term_string\"}],\"inLanguage\":\"nb-NO\"}]}<\/script>\n<!-- \/ Yoast SEO plugin. -->","yoast_head_json":{"title":"AVLESERBOKS DIGITAL DRO-2L - Precision measuring instruments | Limit","robots":{"index":"index","follow":"follow","max-snippet":"max-snippet:-1","max-image-preview":"max-image-preview:large","max-video-preview":"max-video-preview:-1"},"canonical":"https:\/\/limittools.test.consids5.se\/no\/product\/avleserboks-digital-dro-2l\/","og_locale":"nb_NO","og_type":"article","og_title":"AVLESERBOKS DIGITAL DRO-2L - Precision measuring instruments | Limit","og_description":"Til innstilling og posisjonering av dreiebenker og fresemaskiner. 151390101 3-akslet displayenhet for fresemaskiner. Displayenheten har bl.a. funksjoner for kurvefresing, vinkelfresing, [&hellip;]","og_url":"https:\/\/limittools.test.consids5.se\/no\/product\/avleserboks-digital-dro-2l\/","og_site_name":"Precision measuring instruments | Limit","article_publisher":"https:\/\/www.facebook.com\/limittools\/","twitter_card":"summary_large_image","schema":{"@context":"https:\/\/schema.org","@graph":[{"@type":"WebPage","@id":"https:\/\/limittools.test.consids5.se\/no\/product\/avleserboks-digital-dro-2l\/","url":"https:\/\/limittools.test.consids5.se\/no\/product\/avleserboks-digital-dro-2l\/","name":"AVLESERBOKS DIGITAL DRO-2L - Precision measuring instruments | Limit","isPartOf":{"@id":"https:\/\/limittools.test.consids5.se\/#website"},"datePublished":"2026-04-08T17:24:17+00:00","dateModified":"2026-04-08T17:24:17+00:00","breadcrumb":{"@id":"https:\/\/limittools.test.consids5.se\/no\/product\/avleserboks-digital-dro-2l\/#breadcrumb"},"inLanguage":"nb-NO","potentialAction":[{"@type":"ReadAction","target":["https:\/\/limittools.test.consids5.se\/no\/product\/avleserboks-digital-dro-2l\/"]}]},{"@type":"BreadcrumbList","@id":"https:\/\/limittools.test.consids5.se\/no\/product\/avleserboks-digital-dro-2l\/#breadcrumb","itemListElement":[{"@type":"ListItem","position":1,"name":"Products","item":"https:\/\/limittools.test.consids5.se\/products\/"},{"@type":"ListItem","position":2,"name":"AVLESERBOKS DIGITAL DRO-2L"}]},{"@type":"WebSite","@id":"https:\/\/limittools.test.consids5.se\/#website","url":"https:\/\/limittools.test.consids5.se\/","name":"Precision measuring instruments | Limit","description":"Everything can be measured","potentialAction":[{"@type":"SearchAction","target":{"@type":"EntryPoint","urlTemplate":"https:\/\/limittools.test.consids5.se\/?s={search_term_string}"},"query-input":"required name=search_term_string"}],"inLanguage":"nb-NO"}]}},"_links":{"self":[{"href":"https:\/\/limittools.test.consids5.se\/no\/wp-json\/wp\/v2\/product\/1802"}],"collection":[{"href":"https:\/\/limittools.test.consids5.se\/no\/wp-json\/wp\/v2\/product"}],"about":[{"href":"https:\/\/limittools.test.consids5.se\/no\/wp-json\/wp\/v2\/types\/product"}],"replies":[{"embeddable":true,"href":"https:\/\/limittools.test.consids5.se\/no\/wp-json\/wp\/v2\/comments?post=1802"}],"wp:attachment":[{"href":"https:\/\/limittools.test.consids5.se\/no\/wp-json\/wp\/v2\/media?parent=1802"}],"wp:term":[{"taxonomy":"product_cat","embeddable":true,"href":"https:\/\/limittools.test.consids5.se\/no\/wp-json\/wp\/v2\/product_cat?post=1802"},{"taxonomy":"product_tag","embeddable":true,"href":"https:\/\/limittools.test.consids5.se\/no\/wp-json\/wp\/v2\/product_tag?post=1802"}],"curies":[{"name":"wp","href":"https:\/\/api.w.org\/{rel}","templated":true}]}}