{"id":1923,"date":"2026-04-08T17:25:11","date_gmt":"2026-04-08T17:25:11","guid":{"rendered":"http:\/\/limit-tools.local\/product\/fuktmaler-limit-6200\/"},"modified":"2026-04-08T17:25:11","modified_gmt":"2026-04-08T17:25:11","slug":"fuktmaler-limit-6200","status":"publish","type":"product","link":"https:\/\/limittools.test.consids5.se\/no\/product\/fuktmaler-limit-6200\/","title":{"rendered":"FUKTM\u00c5LER LIMIT 6200"},"content":{"rendered":"<p>Udestruktiv fuktm\u00e5ler i kompakt design. Instrumentet brukes for \u00e5 detektere fukt og vannskader i tre- og andre byggematerialer ned til en dybde p\u00e5 ca 30-40 mm. Kan ogs\u00e5 detektere fukt bak flis eller under ulike typer gulv- og veggoverflater. Kapasitive m\u00e5lemetode med et h\u00f8yfrekvent dielektrisk felt. Gir en rask indikasjon av fuktinnhold i materialet. Detektoren flyttes enkelt over flaten og fuktverdiene leses av i instrumentets display. I det bakgrunnsbelyste displayet vises ogs\u00e5 lufttemperatur. Temperaturkompensert for \u00f8kt n\u00f8yaktighet av m\u00e5leverdien. Leveres komplett med 9 V batteri. Manual medf\u00f8lger.<\/p>\n","protected":false},"excerpt":{"rendered":"Udestruktiv fuktm\u00e5ler i kompakt design. Instrumentet brukes for \u00e5 detektere fukt og vannskader i tre- og andre byggematerialer ned til [&hellip;]","protected":false},"featured_media":0,"comment_status":"closed","ping_status":"closed","template":"","meta":{"_acf_changed":false},"product_cat":[1794,544],"product_tag":[],"class_list":{"0":"post-1923","1":"product","2":"type-product","3":"status-publish","5":"product_cat-fuktmalere-no-klima-og-miljomaling-instrumenter-no-42","6":"product_cat-klima-og-miljomaling-instrumenter-no","8":"first","9":"instock","10":"shipping-taxable","11":"product-type-simple"},"acf":[],"yoast_head":"<!-- This site is optimized with the Yoast SEO plugin v23.2 - https:\/\/yoast.com\/wordpress\/plugins\/seo\/ -->\n<title>FUKTM\u00c5LER LIMIT 6200 - Precision measuring instruments | Limit<\/title>\n<meta name=\"robots\" content=\"index, follow, max-snippet:-1, max-image-preview:large, max-video-preview:-1\" \/>\n<link rel=\"canonical\" href=\"https:\/\/limittools.test.consids5.se\/no\/product\/fuktmaler-limit-6200\/\" \/>\n<meta property=\"og:locale\" content=\"nb_NO\" \/>\n<meta property=\"og:type\" content=\"article\" \/>\n<meta property=\"og:title\" content=\"FUKTM\u00c5LER LIMIT 6200 - Precision measuring instruments | Limit\" \/>\n<meta property=\"og:description\" content=\"Udestruktiv fuktm\u00e5ler i kompakt design. Instrumentet brukes for \u00e5 detektere fukt og vannskader i tre- og andre byggematerialer ned til [&hellip;]\" \/>\n<meta property=\"og:url\" content=\"https:\/\/limittools.test.consids5.se\/no\/product\/fuktmaler-limit-6200\/\" \/>\n<meta property=\"og:site_name\" content=\"Precision measuring instruments | Limit\" \/>\n<meta property=\"article:publisher\" content=\"https:\/\/www.facebook.com\/limittools\/\" \/>\n<meta name=\"twitter:card\" content=\"summary_large_image\" \/>\n<script type=\"application\/ld+json\" class=\"yoast-schema-graph\">{\"@context\":\"https:\/\/schema.org\",\"@graph\":[{\"@type\":\"WebPage\",\"@id\":\"https:\/\/limittools.test.consids5.se\/no\/product\/fuktmaler-limit-6200\/\",\"url\":\"https:\/\/limittools.test.consids5.se\/no\/product\/fuktmaler-limit-6200\/\",\"name\":\"FUKTM\u00c5LER LIMIT 6200 - Precision measuring instruments | Limit\",\"isPartOf\":{\"@id\":\"https:\/\/limittools.test.consids5.se\/#website\"},\"datePublished\":\"2026-04-08T17:25:11+00:00\",\"dateModified\":\"2026-04-08T17:25:11+00:00\",\"breadcrumb\":{\"@id\":\"https:\/\/limittools.test.consids5.se\/no\/product\/fuktmaler-limit-6200\/#breadcrumb\"},\"inLanguage\":\"nb-NO\",\"potentialAction\":[{\"@type\":\"ReadAction\",\"target\":[\"https:\/\/limittools.test.consids5.se\/no\/product\/fuktmaler-limit-6200\/\"]}]},{\"@type\":\"BreadcrumbList\",\"@id\":\"https:\/\/limittools.test.consids5.se\/no\/product\/fuktmaler-limit-6200\/#breadcrumb\",\"itemListElement\":[{\"@type\":\"ListItem\",\"position\":1,\"name\":\"Products\",\"item\":\"https:\/\/limittools.test.consids5.se\/products\/\"},{\"@type\":\"ListItem\",\"position\":2,\"name\":\"FUKTM\u00c5LER LIMIT 6200\"}]},{\"@type\":\"WebSite\",\"@id\":\"https:\/\/limittools.test.consids5.se\/#website\",\"url\":\"https:\/\/limittools.test.consids5.se\/\",\"name\":\"Precision measuring instruments | Limit\",\"description\":\"Everything can be measured\",\"potentialAction\":[{\"@type\":\"SearchAction\",\"target\":{\"@type\":\"EntryPoint\",\"urlTemplate\":\"https:\/\/limittools.test.consids5.se\/?s={search_term_string}\"},\"query-input\":\"required name=search_term_string\"}],\"inLanguage\":\"nb-NO\"}]}<\/script>\n<!-- \/ Yoast SEO plugin. -->","yoast_head_json":{"title":"FUKTM\u00c5LER LIMIT 6200 - Precision measuring instruments | Limit","robots":{"index":"index","follow":"follow","max-snippet":"max-snippet:-1","max-image-preview":"max-image-preview:large","max-video-preview":"max-video-preview:-1"},"canonical":"https:\/\/limittools.test.consids5.se\/no\/product\/fuktmaler-limit-6200\/","og_locale":"nb_NO","og_type":"article","og_title":"FUKTM\u00c5LER LIMIT 6200 - Precision measuring instruments | Limit","og_description":"Udestruktiv fuktm\u00e5ler i kompakt design. Instrumentet brukes for \u00e5 detektere fukt og vannskader i tre- og andre byggematerialer ned til [&hellip;]","og_url":"https:\/\/limittools.test.consids5.se\/no\/product\/fuktmaler-limit-6200\/","og_site_name":"Precision measuring instruments | Limit","article_publisher":"https:\/\/www.facebook.com\/limittools\/","twitter_card":"summary_large_image","schema":{"@context":"https:\/\/schema.org","@graph":[{"@type":"WebPage","@id":"https:\/\/limittools.test.consids5.se\/no\/product\/fuktmaler-limit-6200\/","url":"https:\/\/limittools.test.consids5.se\/no\/product\/fuktmaler-limit-6200\/","name":"FUKTM\u00c5LER LIMIT 6200 - Precision measuring instruments | Limit","isPartOf":{"@id":"https:\/\/limittools.test.consids5.se\/#website"},"datePublished":"2026-04-08T17:25:11+00:00","dateModified":"2026-04-08T17:25:11+00:00","breadcrumb":{"@id":"https:\/\/limittools.test.consids5.se\/no\/product\/fuktmaler-limit-6200\/#breadcrumb"},"inLanguage":"nb-NO","potentialAction":[{"@type":"ReadAction","target":["https:\/\/limittools.test.consids5.se\/no\/product\/fuktmaler-limit-6200\/"]}]},{"@type":"BreadcrumbList","@id":"https:\/\/limittools.test.consids5.se\/no\/product\/fuktmaler-limit-6200\/#breadcrumb","itemListElement":[{"@type":"ListItem","position":1,"name":"Products","item":"https:\/\/limittools.test.consids5.se\/products\/"},{"@type":"ListItem","position":2,"name":"FUKTM\u00c5LER LIMIT 6200"}]},{"@type":"WebSite","@id":"https:\/\/limittools.test.consids5.se\/#website","url":"https:\/\/limittools.test.consids5.se\/","name":"Precision measuring instruments | Limit","description":"Everything can be measured","potentialAction":[{"@type":"SearchAction","target":{"@type":"EntryPoint","urlTemplate":"https:\/\/limittools.test.consids5.se\/?s={search_term_string}"},"query-input":"required name=search_term_string"}],"inLanguage":"nb-NO"}]}},"_links":{"self":[{"href":"https:\/\/limittools.test.consids5.se\/no\/wp-json\/wp\/v2\/product\/1923"}],"collection":[{"href":"https:\/\/limittools.test.consids5.se\/no\/wp-json\/wp\/v2\/product"}],"about":[{"href":"https:\/\/limittools.test.consids5.se\/no\/wp-json\/wp\/v2\/types\/product"}],"replies":[{"embeddable":true,"href":"https:\/\/limittools.test.consids5.se\/no\/wp-json\/wp\/v2\/comments?post=1923"}],"wp:attachment":[{"href":"https:\/\/limittools.test.consids5.se\/no\/wp-json\/wp\/v2\/media?parent=1923"}],"wp:term":[{"taxonomy":"product_cat","embeddable":true,"href":"https:\/\/limittools.test.consids5.se\/no\/wp-json\/wp\/v2\/product_cat?post=1923"},{"taxonomy":"product_tag","embeddable":true,"href":"https:\/\/limittools.test.consids5.se\/no\/wp-json\/wp\/v2\/product_tag?post=1923"}],"curies":[{"name":"wp","href":"https:\/\/api.w.org\/{rel}","templated":true}]}}