{"id":1941,"date":"2026-04-08T17:25:22","date_gmt":"2026-04-08T17:25:22","guid":{"rendered":"http:\/\/limit-tools.local\/product\/handtachometer-r2000\/"},"modified":"2026-04-08T17:25:22","modified_gmt":"2026-04-08T17:25:22","slug":"handtachometer-limit-r2000","status":"publish","type":"product","link":"https:\/\/limittools.test.consids5.se\/no\/product\/handtachometer-limit-r2000\/","title":{"rendered":"H\u00c5NDTACHOMETER LIMIT R2000"},"content":{"rendered":"<p>Turtallsm\u00e5ler med digital avlesning. Kombiner optisk ber\u00f8ringsfri m\u00e5ling (2.5-100.000 o\/min) og mekanisk avkjenning med m\u00e5lehjul (0.05-2000 m\/min).<br \/>\nOptisk m\u00e5ling. Rett lysstr\u00e5len mot en reflekterende tape eller annen kontrastvirkende del p\u00e5 den roterende gjenstanden. Avlesningsavstand 50-150 mm.<br \/>\nMekanisk avkjenning med m\u00e5lehjul. 30 mm diameter hjul. M\u00e5ling av turtall eller hastighet. Trykk m\u00e5lespissen forsiktig mot senter av den roterende gjenstanden for turtallsm\u00e5ling. Alternativt trykk m\u00e5lehjulet mot gjenstanden for hastighetsm\u00e5ling. (F.eks. transportb\u00e5nd, drivreim eller b\u00e5ndsagblad).<br \/>\nMinnet lagrer siste m\u00e5ling samt maks. og min. verdi.<br \/>\nBatterier 4 stk 1.5V LR06, inng\u00e5r ikke.<\/p>\n","protected":false},"excerpt":{"rendered":"Turtallsm\u00e5ler med digital avlesning. Kombiner optisk ber\u00f8ringsfri m\u00e5ling (2.5-100.000 o\/min) og mekanisk avkjenning med m\u00e5lehjul (0.05-2000 m\/min). Optisk m\u00e5ling. Rett [&hellip;]","protected":false},"featured_media":0,"comment_status":"closed","ping_status":"closed","template":"","meta":{"_acf_changed":false},"product_cat":[320,321],"product_tag":[],"class_list":{"0":"post-1941","1":"product","2":"type-product","3":"status-publish","5":"product_cat-inspeksjon-no","6":"product_cat-turtallsmalere-no","8":"first","9":"instock","10":"shipping-taxable","11":"product-type-simple"},"acf":[],"yoast_head":"<!-- This site is optimized with the Yoast SEO plugin v23.2 - https:\/\/yoast.com\/wordpress\/plugins\/seo\/ -->\n<title>H\u00c5NDTACHOMETER LIMIT R2000 - Precision measuring instruments | Limit<\/title>\n<meta name=\"robots\" content=\"index, follow, max-snippet:-1, max-image-preview:large, max-video-preview:-1\" \/>\n<link rel=\"canonical\" href=\"https:\/\/limittools.test.consids5.se\/no\/product\/handtachometer-limit-r2000\/\" \/>\n<meta property=\"og:locale\" content=\"nb_NO\" \/>\n<meta property=\"og:type\" content=\"article\" \/>\n<meta property=\"og:title\" content=\"H\u00c5NDTACHOMETER LIMIT R2000 - Precision measuring instruments | Limit\" \/>\n<meta property=\"og:description\" content=\"Turtallsm\u00e5ler med digital avlesning. Kombiner optisk ber\u00f8ringsfri m\u00e5ling (2.5-100.000 o\/min) og mekanisk avkjenning med m\u00e5lehjul (0.05-2000 m\/min). Optisk m\u00e5ling. Rett [&hellip;]\" \/>\n<meta property=\"og:url\" content=\"https:\/\/limittools.test.consids5.se\/no\/product\/handtachometer-limit-r2000\/\" \/>\n<meta property=\"og:site_name\" content=\"Precision measuring instruments | Limit\" \/>\n<meta property=\"article:publisher\" content=\"https:\/\/www.facebook.com\/limittools\/\" \/>\n<meta name=\"twitter:card\" content=\"summary_large_image\" \/>\n<meta name=\"twitter:label1\" content=\"Est. reading time\" \/>\n\t<meta name=\"twitter:data1\" content=\"1 minute\" \/>\n<script type=\"application\/ld+json\" class=\"yoast-schema-graph\">{\"@context\":\"https:\/\/schema.org\",\"@graph\":[{\"@type\":\"WebPage\",\"@id\":\"https:\/\/limittools.test.consids5.se\/no\/product\/handtachometer-limit-r2000\/\",\"url\":\"https:\/\/limittools.test.consids5.se\/no\/product\/handtachometer-limit-r2000\/\",\"name\":\"H\u00c5NDTACHOMETER LIMIT R2000 - Precision measuring instruments | Limit\",\"isPartOf\":{\"@id\":\"https:\/\/limittools.test.consids5.se\/#website\"},\"datePublished\":\"2026-04-08T17:25:22+00:00\",\"dateModified\":\"2026-04-08T17:25:22+00:00\",\"breadcrumb\":{\"@id\":\"https:\/\/limittools.test.consids5.se\/no\/product\/handtachometer-limit-r2000\/#breadcrumb\"},\"inLanguage\":\"nb-NO\",\"potentialAction\":[{\"@type\":\"ReadAction\",\"target\":[\"https:\/\/limittools.test.consids5.se\/no\/product\/handtachometer-limit-r2000\/\"]}]},{\"@type\":\"BreadcrumbList\",\"@id\":\"https:\/\/limittools.test.consids5.se\/no\/product\/handtachometer-limit-r2000\/#breadcrumb\",\"itemListElement\":[{\"@type\":\"ListItem\",\"position\":1,\"name\":\"Products\",\"item\":\"https:\/\/limittools.test.consids5.se\/products\/\"},{\"@type\":\"ListItem\",\"position\":2,\"name\":\"H\u00c5NDTACHOMETER LIMIT R2000\"}]},{\"@type\":\"WebSite\",\"@id\":\"https:\/\/limittools.test.consids5.se\/#website\",\"url\":\"https:\/\/limittools.test.consids5.se\/\",\"name\":\"Precision measuring instruments | Limit\",\"description\":\"Everything can be measured\",\"potentialAction\":[{\"@type\":\"SearchAction\",\"target\":{\"@type\":\"EntryPoint\",\"urlTemplate\":\"https:\/\/limittools.test.consids5.se\/?s={search_term_string}\"},\"query-input\":\"required name=search_term_string\"}],\"inLanguage\":\"nb-NO\"}]}<\/script>\n<!-- \/ Yoast SEO plugin. -->","yoast_head_json":{"title":"H\u00c5NDTACHOMETER LIMIT R2000 - Precision measuring instruments | Limit","robots":{"index":"index","follow":"follow","max-snippet":"max-snippet:-1","max-image-preview":"max-image-preview:large","max-video-preview":"max-video-preview:-1"},"canonical":"https:\/\/limittools.test.consids5.se\/no\/product\/handtachometer-limit-r2000\/","og_locale":"nb_NO","og_type":"article","og_title":"H\u00c5NDTACHOMETER LIMIT R2000 - Precision measuring instruments | Limit","og_description":"Turtallsm\u00e5ler med digital avlesning. Kombiner optisk ber\u00f8ringsfri m\u00e5ling (2.5-100.000 o\/min) og mekanisk avkjenning med m\u00e5lehjul (0.05-2000 m\/min). Optisk m\u00e5ling. Rett [&hellip;]","og_url":"https:\/\/limittools.test.consids5.se\/no\/product\/handtachometer-limit-r2000\/","og_site_name":"Precision measuring instruments | Limit","article_publisher":"https:\/\/www.facebook.com\/limittools\/","twitter_card":"summary_large_image","twitter_misc":{"Est. reading time":"1 minute"},"schema":{"@context":"https:\/\/schema.org","@graph":[{"@type":"WebPage","@id":"https:\/\/limittools.test.consids5.se\/no\/product\/handtachometer-limit-r2000\/","url":"https:\/\/limittools.test.consids5.se\/no\/product\/handtachometer-limit-r2000\/","name":"H\u00c5NDTACHOMETER LIMIT R2000 - Precision measuring instruments | Limit","isPartOf":{"@id":"https:\/\/limittools.test.consids5.se\/#website"},"datePublished":"2026-04-08T17:25:22+00:00","dateModified":"2026-04-08T17:25:22+00:00","breadcrumb":{"@id":"https:\/\/limittools.test.consids5.se\/no\/product\/handtachometer-limit-r2000\/#breadcrumb"},"inLanguage":"nb-NO","potentialAction":[{"@type":"ReadAction","target":["https:\/\/limittools.test.consids5.se\/no\/product\/handtachometer-limit-r2000\/"]}]},{"@type":"BreadcrumbList","@id":"https:\/\/limittools.test.consids5.se\/no\/product\/handtachometer-limit-r2000\/#breadcrumb","itemListElement":[{"@type":"ListItem","position":1,"name":"Products","item":"https:\/\/limittools.test.consids5.se\/products\/"},{"@type":"ListItem","position":2,"name":"H\u00c5NDTACHOMETER LIMIT R2000"}]},{"@type":"WebSite","@id":"https:\/\/limittools.test.consids5.se\/#website","url":"https:\/\/limittools.test.consids5.se\/","name":"Precision measuring instruments | Limit","description":"Everything can be measured","potentialAction":[{"@type":"SearchAction","target":{"@type":"EntryPoint","urlTemplate":"https:\/\/limittools.test.consids5.se\/?s={search_term_string}"},"query-input":"required name=search_term_string"}],"inLanguage":"nb-NO"}]}},"_links":{"self":[{"href":"https:\/\/limittools.test.consids5.se\/no\/wp-json\/wp\/v2\/product\/1941"}],"collection":[{"href":"https:\/\/limittools.test.consids5.se\/no\/wp-json\/wp\/v2\/product"}],"about":[{"href":"https:\/\/limittools.test.consids5.se\/no\/wp-json\/wp\/v2\/types\/product"}],"replies":[{"embeddable":true,"href":"https:\/\/limittools.test.consids5.se\/no\/wp-json\/wp\/v2\/comments?post=1941"}],"wp:attachment":[{"href":"https:\/\/limittools.test.consids5.se\/no\/wp-json\/wp\/v2\/media?parent=1941"}],"wp:term":[{"taxonomy":"product_cat","embeddable":true,"href":"https:\/\/limittools.test.consids5.se\/no\/wp-json\/wp\/v2\/product_cat?post=1941"},{"taxonomy":"product_tag","embeddable":true,"href":"https:\/\/limittools.test.consids5.se\/no\/wp-json\/wp\/v2\/product_tag?post=1941"}],"curies":[{"name":"wp","href":"https:\/\/api.w.org\/{rel}","templated":true}]}}