{"id":1958,"date":"2026-04-08T17:25:31","date_gmt":"2026-04-08T17:25:31","guid":{"rendered":"http:\/\/limit-tools.local\/product\/linjal-stal-blendfri-8427-2000\/"},"modified":"2026-04-08T17:25:31","modified_gmt":"2026-04-08T17:25:31","slug":"stallinjal-blendfri-8427-2000","status":"publish","type":"product","link":"https:\/\/limittools.test.consids5.se\/no\/product\/stallinjal-blendfri-8427-2000\/","title":{"rendered":"ST\u00c5LLINJAL BLENDFRI 8427-2000"},"content":{"rendered":"<p>St\u00e5llinjal i herdet, rustfritt st\u00e5l. Med mattforkrommet flate for blendfri avlesing. Lengdene 150, 300 og 600 mm er graderte i millimeter i overkant og halv millimeter i underkant. Lengdene 1000, 2000 og 3000 mm er gradert i halv millimeter i overkant opp til 100 mm og deretter hele millimeter, samt underkant i hele millimeter hele lengden. Baksiden er blank p\u00e5 samtlige.<\/p>\n","protected":false},"excerpt":{"rendered":"St\u00e5llinjal i herdet, rustfritt st\u00e5l. Med mattforkrommet flate for blendfri avlesing. Lengdene 150, 300 og 600 mm er graderte i [&hellip;]","protected":false},"featured_media":0,"comment_status":"closed","ping_status":"closed","template":"","meta":{"_acf_changed":false},"product_cat":[246,245],"product_tag":[],"class_list":{"0":"post-1958","1":"product","2":"type-product","3":"status-publish","5":"product_cat-skalaer-no","6":"product_cat-verkstedmaling-no","8":"first","9":"instock","10":"shipping-taxable","11":"product-type-simple"},"acf":[],"yoast_head":"<!-- This site is optimized with the Yoast SEO plugin v23.2 - https:\/\/yoast.com\/wordpress\/plugins\/seo\/ -->\n<title>ST\u00c5LLINJAL BLENDFRI 8427-2000 - Precision measuring instruments | Limit<\/title>\n<meta name=\"robots\" content=\"index, follow, max-snippet:-1, max-image-preview:large, max-video-preview:-1\" \/>\n<link rel=\"canonical\" href=\"https:\/\/limittools.test.consids5.se\/no\/product\/stallinjal-blendfri-8427-2000\/\" \/>\n<meta property=\"og:locale\" content=\"nb_NO\" \/>\n<meta property=\"og:type\" content=\"article\" \/>\n<meta property=\"og:title\" content=\"ST\u00c5LLINJAL BLENDFRI 8427-2000 - Precision measuring instruments | Limit\" \/>\n<meta property=\"og:description\" content=\"St\u00e5llinjal i herdet, rustfritt st\u00e5l. Med mattforkrommet flate for blendfri avlesing. Lengdene 150, 300 og 600 mm er graderte i [&hellip;]\" \/>\n<meta property=\"og:url\" content=\"https:\/\/limittools.test.consids5.se\/no\/product\/stallinjal-blendfri-8427-2000\/\" \/>\n<meta property=\"og:site_name\" content=\"Precision measuring instruments | Limit\" \/>\n<meta property=\"article:publisher\" content=\"https:\/\/www.facebook.com\/limittools\/\" \/>\n<meta name=\"twitter:card\" content=\"summary_large_image\" \/>\n<script type=\"application\/ld+json\" class=\"yoast-schema-graph\">{\"@context\":\"https:\/\/schema.org\",\"@graph\":[{\"@type\":\"WebPage\",\"@id\":\"https:\/\/limittools.test.consids5.se\/no\/product\/stallinjal-blendfri-8427-2000\/\",\"url\":\"https:\/\/limittools.test.consids5.se\/no\/product\/stallinjal-blendfri-8427-2000\/\",\"name\":\"ST\u00c5LLINJAL BLENDFRI 8427-2000 - Precision measuring instruments | Limit\",\"isPartOf\":{\"@id\":\"https:\/\/limittools.test.consids5.se\/#website\"},\"datePublished\":\"2026-04-08T17:25:31+00:00\",\"dateModified\":\"2026-04-08T17:25:31+00:00\",\"breadcrumb\":{\"@id\":\"https:\/\/limittools.test.consids5.se\/no\/product\/stallinjal-blendfri-8427-2000\/#breadcrumb\"},\"inLanguage\":\"nb-NO\",\"potentialAction\":[{\"@type\":\"ReadAction\",\"target\":[\"https:\/\/limittools.test.consids5.se\/no\/product\/stallinjal-blendfri-8427-2000\/\"]}]},{\"@type\":\"BreadcrumbList\",\"@id\":\"https:\/\/limittools.test.consids5.se\/no\/product\/stallinjal-blendfri-8427-2000\/#breadcrumb\",\"itemListElement\":[{\"@type\":\"ListItem\",\"position\":1,\"name\":\"Products\",\"item\":\"https:\/\/limittools.test.consids5.se\/products\/\"},{\"@type\":\"ListItem\",\"position\":2,\"name\":\"ST\u00c5LLINJAL BLENDFRI 8427-2000\"}]},{\"@type\":\"WebSite\",\"@id\":\"https:\/\/limittools.test.consids5.se\/#website\",\"url\":\"https:\/\/limittools.test.consids5.se\/\",\"name\":\"Precision measuring instruments | Limit\",\"description\":\"Everything can be measured\",\"potentialAction\":[{\"@type\":\"SearchAction\",\"target\":{\"@type\":\"EntryPoint\",\"urlTemplate\":\"https:\/\/limittools.test.consids5.se\/?s={search_term_string}\"},\"query-input\":\"required name=search_term_string\"}],\"inLanguage\":\"nb-NO\"}]}<\/script>\n<!-- \/ Yoast SEO plugin. -->","yoast_head_json":{"title":"ST\u00c5LLINJAL BLENDFRI 8427-2000 - Precision measuring instruments | Limit","robots":{"index":"index","follow":"follow","max-snippet":"max-snippet:-1","max-image-preview":"max-image-preview:large","max-video-preview":"max-video-preview:-1"},"canonical":"https:\/\/limittools.test.consids5.se\/no\/product\/stallinjal-blendfri-8427-2000\/","og_locale":"nb_NO","og_type":"article","og_title":"ST\u00c5LLINJAL BLENDFRI 8427-2000 - Precision measuring instruments | Limit","og_description":"St\u00e5llinjal i herdet, rustfritt st\u00e5l. Med mattforkrommet flate for blendfri avlesing. Lengdene 150, 300 og 600 mm er graderte i [&hellip;]","og_url":"https:\/\/limittools.test.consids5.se\/no\/product\/stallinjal-blendfri-8427-2000\/","og_site_name":"Precision measuring instruments | Limit","article_publisher":"https:\/\/www.facebook.com\/limittools\/","twitter_card":"summary_large_image","schema":{"@context":"https:\/\/schema.org","@graph":[{"@type":"WebPage","@id":"https:\/\/limittools.test.consids5.se\/no\/product\/stallinjal-blendfri-8427-2000\/","url":"https:\/\/limittools.test.consids5.se\/no\/product\/stallinjal-blendfri-8427-2000\/","name":"ST\u00c5LLINJAL BLENDFRI 8427-2000 - Precision measuring instruments | Limit","isPartOf":{"@id":"https:\/\/limittools.test.consids5.se\/#website"},"datePublished":"2026-04-08T17:25:31+00:00","dateModified":"2026-04-08T17:25:31+00:00","breadcrumb":{"@id":"https:\/\/limittools.test.consids5.se\/no\/product\/stallinjal-blendfri-8427-2000\/#breadcrumb"},"inLanguage":"nb-NO","potentialAction":[{"@type":"ReadAction","target":["https:\/\/limittools.test.consids5.se\/no\/product\/stallinjal-blendfri-8427-2000\/"]}]},{"@type":"BreadcrumbList","@id":"https:\/\/limittools.test.consids5.se\/no\/product\/stallinjal-blendfri-8427-2000\/#breadcrumb","itemListElement":[{"@type":"ListItem","position":1,"name":"Products","item":"https:\/\/limittools.test.consids5.se\/products\/"},{"@type":"ListItem","position":2,"name":"ST\u00c5LLINJAL BLENDFRI 8427-2000"}]},{"@type":"WebSite","@id":"https:\/\/limittools.test.consids5.se\/#website","url":"https:\/\/limittools.test.consids5.se\/","name":"Precision measuring instruments | Limit","description":"Everything can be measured","potentialAction":[{"@type":"SearchAction","target":{"@type":"EntryPoint","urlTemplate":"https:\/\/limittools.test.consids5.se\/?s={search_term_string}"},"query-input":"required name=search_term_string"}],"inLanguage":"nb-NO"}]}},"_links":{"self":[{"href":"https:\/\/limittools.test.consids5.se\/no\/wp-json\/wp\/v2\/product\/1958"}],"collection":[{"href":"https:\/\/limittools.test.consids5.se\/no\/wp-json\/wp\/v2\/product"}],"about":[{"href":"https:\/\/limittools.test.consids5.se\/no\/wp-json\/wp\/v2\/types\/product"}],"replies":[{"embeddable":true,"href":"https:\/\/limittools.test.consids5.se\/no\/wp-json\/wp\/v2\/comments?post=1958"}],"wp:attachment":[{"href":"https:\/\/limittools.test.consids5.se\/no\/wp-json\/wp\/v2\/media?parent=1958"}],"wp:term":[{"taxonomy":"product_cat","embeddable":true,"href":"https:\/\/limittools.test.consids5.se\/no\/wp-json\/wp\/v2\/product_cat?post=1958"},{"taxonomy":"product_tag","embeddable":true,"href":"https:\/\/limittools.test.consids5.se\/no\/wp-json\/wp\/v2\/product_tag?post=1958"}],"curies":[{"name":"wp","href":"https:\/\/api.w.org\/{rel}","templated":true}]}}