{"id":1979,"date":"2026-04-08T17:25:42","date_gmt":"2026-04-08T17:25:42","guid":{"rendered":"http:\/\/limit-tools.local\/product\/skyvelaere-alum-500x250mm\/"},"modified":"2026-04-08T17:25:42","modified_gmt":"2026-04-08T17:25:42","slug":"skyvelaere-alum-500x250mm","status":"publish","type":"product","link":"https:\/\/limittools.test.consids5.se\/no\/product\/skyvelaere-alum-500x250mm\/","title":{"rendered":"SKYVEL\u00c6RE ALUM 500X250MM"},"content":{"rendered":"<p>Verkstedskyvel\u00e6re av konstruksjonsaluminium. Beina er av herdet, rustfritt st\u00e5l. Enkel \u00e5 h\u00e5ndtere p.g.a. den lave vekten. Blendfri skala. Gradert i mm. Nonie for 1\/20 mm. Toleranse i henhold til DIN 862.<\/p>\n","protected":false},"excerpt":{"rendered":"Verkstedskyvel\u00e6re av konstruksjonsaluminium. Beina er av herdet, rustfritt st\u00e5l. Enkel \u00e5 h\u00e5ndtere p.g.a. den lave vekten. Blendfri skala. Gradert i [&hellip;]","protected":false},"featured_media":0,"comment_status":"closed","ping_status":"closed","template":"","meta":{"_acf_changed":false},"product_cat":[275,245],"product_tag":[],"class_list":{"0":"post-1979","1":"product","2":"type-product","3":"status-publish","5":"product_cat-analoge-skyvelaere-no","6":"product_cat-verkstedmaling-no","8":"first","9":"instock","10":"shipping-taxable","11":"product-type-simple"},"acf":[],"yoast_head":"<!-- This site is optimized with the Yoast SEO plugin v23.2 - https:\/\/yoast.com\/wordpress\/plugins\/seo\/ -->\n<title>SKYVEL\u00c6RE ALUM 500X250MM - Precision measuring instruments | Limit<\/title>\n<meta name=\"robots\" content=\"index, follow, max-snippet:-1, max-image-preview:large, max-video-preview:-1\" \/>\n<link rel=\"canonical\" href=\"https:\/\/limittools.test.consids5.se\/no\/product\/skyvelaere-alum-500x250mm\/\" \/>\n<meta property=\"og:locale\" content=\"nb_NO\" \/>\n<meta property=\"og:type\" content=\"article\" \/>\n<meta property=\"og:title\" content=\"SKYVEL\u00c6RE ALUM 500X250MM - Precision measuring instruments | Limit\" \/>\n<meta property=\"og:description\" content=\"Verkstedskyvel\u00e6re av konstruksjonsaluminium. Beina er av herdet, rustfritt st\u00e5l. Enkel \u00e5 h\u00e5ndtere p.g.a. den lave vekten. Blendfri skala. Gradert i [&hellip;]\" \/>\n<meta property=\"og:url\" content=\"https:\/\/limittools.test.consids5.se\/no\/product\/skyvelaere-alum-500x250mm\/\" \/>\n<meta property=\"og:site_name\" content=\"Precision measuring instruments | Limit\" \/>\n<meta property=\"article:publisher\" content=\"https:\/\/www.facebook.com\/limittools\/\" \/>\n<meta name=\"twitter:card\" content=\"summary_large_image\" \/>\n<script type=\"application\/ld+json\" class=\"yoast-schema-graph\">{\"@context\":\"https:\/\/schema.org\",\"@graph\":[{\"@type\":\"WebPage\",\"@id\":\"https:\/\/limittools.test.consids5.se\/no\/product\/skyvelaere-alum-500x250mm\/\",\"url\":\"https:\/\/limittools.test.consids5.se\/no\/product\/skyvelaere-alum-500x250mm\/\",\"name\":\"SKYVEL\u00c6RE ALUM 500X250MM - Precision measuring instruments | Limit\",\"isPartOf\":{\"@id\":\"https:\/\/limittools.test.consids5.se\/#website\"},\"datePublished\":\"2026-04-08T17:25:42+00:00\",\"dateModified\":\"2026-04-08T17:25:42+00:00\",\"breadcrumb\":{\"@id\":\"https:\/\/limittools.test.consids5.se\/no\/product\/skyvelaere-alum-500x250mm\/#breadcrumb\"},\"inLanguage\":\"nb-NO\",\"potentialAction\":[{\"@type\":\"ReadAction\",\"target\":[\"https:\/\/limittools.test.consids5.se\/no\/product\/skyvelaere-alum-500x250mm\/\"]}]},{\"@type\":\"BreadcrumbList\",\"@id\":\"https:\/\/limittools.test.consids5.se\/no\/product\/skyvelaere-alum-500x250mm\/#breadcrumb\",\"itemListElement\":[{\"@type\":\"ListItem\",\"position\":1,\"name\":\"Products\",\"item\":\"https:\/\/limittools.test.consids5.se\/products\/\"},{\"@type\":\"ListItem\",\"position\":2,\"name\":\"SKYVEL\u00c6RE ALUM 500X250MM\"}]},{\"@type\":\"WebSite\",\"@id\":\"https:\/\/limittools.test.consids5.se\/#website\",\"url\":\"https:\/\/limittools.test.consids5.se\/\",\"name\":\"Precision measuring instruments | Limit\",\"description\":\"Everything can be measured\",\"potentialAction\":[{\"@type\":\"SearchAction\",\"target\":{\"@type\":\"EntryPoint\",\"urlTemplate\":\"https:\/\/limittools.test.consids5.se\/?s={search_term_string}\"},\"query-input\":\"required name=search_term_string\"}],\"inLanguage\":\"nb-NO\"}]}<\/script>\n<!-- \/ Yoast SEO plugin. -->","yoast_head_json":{"title":"SKYVEL\u00c6RE ALUM 500X250MM - Precision measuring instruments | Limit","robots":{"index":"index","follow":"follow","max-snippet":"max-snippet:-1","max-image-preview":"max-image-preview:large","max-video-preview":"max-video-preview:-1"},"canonical":"https:\/\/limittools.test.consids5.se\/no\/product\/skyvelaere-alum-500x250mm\/","og_locale":"nb_NO","og_type":"article","og_title":"SKYVEL\u00c6RE ALUM 500X250MM - Precision measuring instruments | Limit","og_description":"Verkstedskyvel\u00e6re av konstruksjonsaluminium. Beina er av herdet, rustfritt st\u00e5l. Enkel \u00e5 h\u00e5ndtere p.g.a. den lave vekten. Blendfri skala. Gradert i [&hellip;]","og_url":"https:\/\/limittools.test.consids5.se\/no\/product\/skyvelaere-alum-500x250mm\/","og_site_name":"Precision measuring instruments | Limit","article_publisher":"https:\/\/www.facebook.com\/limittools\/","twitter_card":"summary_large_image","schema":{"@context":"https:\/\/schema.org","@graph":[{"@type":"WebPage","@id":"https:\/\/limittools.test.consids5.se\/no\/product\/skyvelaere-alum-500x250mm\/","url":"https:\/\/limittools.test.consids5.se\/no\/product\/skyvelaere-alum-500x250mm\/","name":"SKYVEL\u00c6RE ALUM 500X250MM - Precision measuring instruments | Limit","isPartOf":{"@id":"https:\/\/limittools.test.consids5.se\/#website"},"datePublished":"2026-04-08T17:25:42+00:00","dateModified":"2026-04-08T17:25:42+00:00","breadcrumb":{"@id":"https:\/\/limittools.test.consids5.se\/no\/product\/skyvelaere-alum-500x250mm\/#breadcrumb"},"inLanguage":"nb-NO","potentialAction":[{"@type":"ReadAction","target":["https:\/\/limittools.test.consids5.se\/no\/product\/skyvelaere-alum-500x250mm\/"]}]},{"@type":"BreadcrumbList","@id":"https:\/\/limittools.test.consids5.se\/no\/product\/skyvelaere-alum-500x250mm\/#breadcrumb","itemListElement":[{"@type":"ListItem","position":1,"name":"Products","item":"https:\/\/limittools.test.consids5.se\/products\/"},{"@type":"ListItem","position":2,"name":"SKYVEL\u00c6RE ALUM 500X250MM"}]},{"@type":"WebSite","@id":"https:\/\/limittools.test.consids5.se\/#website","url":"https:\/\/limittools.test.consids5.se\/","name":"Precision measuring instruments | Limit","description":"Everything can be measured","potentialAction":[{"@type":"SearchAction","target":{"@type":"EntryPoint","urlTemplate":"https:\/\/limittools.test.consids5.se\/?s={search_term_string}"},"query-input":"required name=search_term_string"}],"inLanguage":"nb-NO"}]}},"_links":{"self":[{"href":"https:\/\/limittools.test.consids5.se\/no\/wp-json\/wp\/v2\/product\/1979"}],"collection":[{"href":"https:\/\/limittools.test.consids5.se\/no\/wp-json\/wp\/v2\/product"}],"about":[{"href":"https:\/\/limittools.test.consids5.se\/no\/wp-json\/wp\/v2\/types\/product"}],"replies":[{"embeddable":true,"href":"https:\/\/limittools.test.consids5.se\/no\/wp-json\/wp\/v2\/comments?post=1979"}],"wp:attachment":[{"href":"https:\/\/limittools.test.consids5.se\/no\/wp-json\/wp\/v2\/media?parent=1979"}],"wp:term":[{"taxonomy":"product_cat","embeddable":true,"href":"https:\/\/limittools.test.consids5.se\/no\/wp-json\/wp\/v2\/product_cat?post=1979"},{"taxonomy":"product_tag","embeddable":true,"href":"https:\/\/limittools.test.consids5.se\/no\/wp-json\/wp\/v2\/product_tag?post=1979"}],"curies":[{"name":"wp","href":"https:\/\/api.w.org\/{rel}","templated":true}]}}