{"id":2024,"date":"2026-04-08T17:26:05","date_gmt":"2026-04-08T17:26:05","guid":{"rendered":"http:\/\/limit-tools.local\/product\/skyvelaere-digitalt-cdm-200flex\/"},"modified":"2026-04-08T17:26:05","modified_gmt":"2026-04-08T17:26:05","slug":"skyvelaere-digitalt-cdm-200flex","status":"publish","type":"product","link":"https:\/\/limittools.test.consids5.se\/no\/product\/skyvelaere-digitalt-cdm-200flex\/","title":{"rendered":"SKYVEL\u00c6RE DIGITALT CDM 200FLEX"},"content":{"rendered":"<p>Digitalt skyvel\u00e6re med unikt og fleksibelt display. Digitalt skyvel\u00e6re med en unik, patentert og fleksibel displayl\u00f8sning! Takket v\u00e6re det foldbare displayet som ogs\u00e5 har roterbar visning, kan den brukes av h\u00f8yre- eller venstrehendte, for m\u00e5linger b\u00e5de oven- og nedenfra. Dette inneb\u00e6rer at du kan lese av m\u00e5let i displayet selv p\u00e5 de mest trange stedene, som f.eks. inne i en fleroperasjonsmaskin eller CNC-dreiebenk. Med Absolutt-system og tilfeldig nullpunktsforflytting. Rustfrie, herdede og presisjonsslipte m\u00e5learmer. Beintykkelse 3.5 til 4 mm som gir h\u00f8y stabilitet. LCD-display med 7.5 mm h\u00f8ye og tydelige siffer. 4 funksjoner.  Prosessor med oppdateringshastighet (1.5 m\/sek). Omstillbar mellom mm og eng. tommer. Utstyrt med rektangul\u00e6r dybdem\u00e5l og spisser for innvendig m\u00e5ling. Laget iht. DIN 862. Leveres i etui med kontrollbevis. Batteritype CR2032 inng\u00e5r.<\/p>\n","protected":false},"excerpt":{"rendered":"Digitalt skyvel\u00e6re med unikt og fleksibelt display. Digitalt skyvel\u00e6re med en unik, patentert og fleksibel displayl\u00f8sning! Takket v\u00e6re det foldbare [&hellip;]","protected":false},"featured_media":0,"comment_status":"closed","ping_status":"closed","template":"","meta":{"_acf_changed":false},"product_cat":[357,245],"product_tag":[],"class_list":{"0":"post-2024","1":"product","2":"type-product","3":"status-publish","5":"product_cat-digitale-skyvelaere-no","6":"product_cat-verkstedmaling-no","8":"first","9":"instock","10":"shipping-taxable","11":"product-type-simple"},"acf":[],"yoast_head":"<!-- This site is optimized with the Yoast SEO plugin v23.2 - https:\/\/yoast.com\/wordpress\/plugins\/seo\/ -->\n<title>SKYVEL\u00c6RE DIGITALT CDM 200FLEX - Precision measuring instruments | Limit<\/title>\n<meta name=\"robots\" content=\"index, follow, max-snippet:-1, max-image-preview:large, max-video-preview:-1\" \/>\n<link rel=\"canonical\" href=\"https:\/\/limittools.test.consids5.se\/no\/product\/skyvelaere-digitalt-cdm-200flex\/\" \/>\n<meta property=\"og:locale\" content=\"nb_NO\" \/>\n<meta property=\"og:type\" content=\"article\" \/>\n<meta property=\"og:title\" content=\"SKYVEL\u00c6RE DIGITALT CDM 200FLEX - Precision measuring instruments | Limit\" \/>\n<meta property=\"og:description\" content=\"Digitalt skyvel\u00e6re med unikt og fleksibelt display. Digitalt skyvel\u00e6re med en unik, patentert og fleksibel displayl\u00f8sning! Takket v\u00e6re det foldbare [&hellip;]\" \/>\n<meta property=\"og:url\" content=\"https:\/\/limittools.test.consids5.se\/no\/product\/skyvelaere-digitalt-cdm-200flex\/\" \/>\n<meta property=\"og:site_name\" content=\"Precision measuring instruments | Limit\" \/>\n<meta property=\"article:publisher\" content=\"https:\/\/www.facebook.com\/limittools\/\" \/>\n<meta name=\"twitter:card\" content=\"summary_large_image\" \/>\n<meta name=\"twitter:label1\" content=\"Est. reading time\" \/>\n\t<meta name=\"twitter:data1\" content=\"1 minute\" \/>\n<script type=\"application\/ld+json\" class=\"yoast-schema-graph\">{\"@context\":\"https:\/\/schema.org\",\"@graph\":[{\"@type\":\"WebPage\",\"@id\":\"https:\/\/limittools.test.consids5.se\/no\/product\/skyvelaere-digitalt-cdm-200flex\/\",\"url\":\"https:\/\/limittools.test.consids5.se\/no\/product\/skyvelaere-digitalt-cdm-200flex\/\",\"name\":\"SKYVEL\u00c6RE DIGITALT CDM 200FLEX - Precision measuring instruments | Limit\",\"isPartOf\":{\"@id\":\"https:\/\/limittools.test.consids5.se\/#website\"},\"datePublished\":\"2026-04-08T17:26:05+00:00\",\"dateModified\":\"2026-04-08T17:26:05+00:00\",\"breadcrumb\":{\"@id\":\"https:\/\/limittools.test.consids5.se\/no\/product\/skyvelaere-digitalt-cdm-200flex\/#breadcrumb\"},\"inLanguage\":\"nb-NO\",\"potentialAction\":[{\"@type\":\"ReadAction\",\"target\":[\"https:\/\/limittools.test.consids5.se\/no\/product\/skyvelaere-digitalt-cdm-200flex\/\"]}]},{\"@type\":\"BreadcrumbList\",\"@id\":\"https:\/\/limittools.test.consids5.se\/no\/product\/skyvelaere-digitalt-cdm-200flex\/#breadcrumb\",\"itemListElement\":[{\"@type\":\"ListItem\",\"position\":1,\"name\":\"Products\",\"item\":\"https:\/\/limittools.test.consids5.se\/products\/\"},{\"@type\":\"ListItem\",\"position\":2,\"name\":\"SKYVEL\u00c6RE DIGITALT CDM 200FLEX\"}]},{\"@type\":\"WebSite\",\"@id\":\"https:\/\/limittools.test.consids5.se\/#website\",\"url\":\"https:\/\/limittools.test.consids5.se\/\",\"name\":\"Precision measuring instruments | Limit\",\"description\":\"Everything can be measured\",\"potentialAction\":[{\"@type\":\"SearchAction\",\"target\":{\"@type\":\"EntryPoint\",\"urlTemplate\":\"https:\/\/limittools.test.consids5.se\/?s={search_term_string}\"},\"query-input\":\"required name=search_term_string\"}],\"inLanguage\":\"nb-NO\"}]}<\/script>\n<!-- \/ Yoast SEO plugin. -->","yoast_head_json":{"title":"SKYVEL\u00c6RE DIGITALT CDM 200FLEX - Precision measuring instruments | Limit","robots":{"index":"index","follow":"follow","max-snippet":"max-snippet:-1","max-image-preview":"max-image-preview:large","max-video-preview":"max-video-preview:-1"},"canonical":"https:\/\/limittools.test.consids5.se\/no\/product\/skyvelaere-digitalt-cdm-200flex\/","og_locale":"nb_NO","og_type":"article","og_title":"SKYVEL\u00c6RE DIGITALT CDM 200FLEX - Precision measuring instruments | Limit","og_description":"Digitalt skyvel\u00e6re med unikt og fleksibelt display. Digitalt skyvel\u00e6re med en unik, patentert og fleksibel displayl\u00f8sning! Takket v\u00e6re det foldbare [&hellip;]","og_url":"https:\/\/limittools.test.consids5.se\/no\/product\/skyvelaere-digitalt-cdm-200flex\/","og_site_name":"Precision measuring instruments | Limit","article_publisher":"https:\/\/www.facebook.com\/limittools\/","twitter_card":"summary_large_image","twitter_misc":{"Est. reading time":"1 minute"},"schema":{"@context":"https:\/\/schema.org","@graph":[{"@type":"WebPage","@id":"https:\/\/limittools.test.consids5.se\/no\/product\/skyvelaere-digitalt-cdm-200flex\/","url":"https:\/\/limittools.test.consids5.se\/no\/product\/skyvelaere-digitalt-cdm-200flex\/","name":"SKYVEL\u00c6RE DIGITALT CDM 200FLEX - Precision measuring instruments | Limit","isPartOf":{"@id":"https:\/\/limittools.test.consids5.se\/#website"},"datePublished":"2026-04-08T17:26:05+00:00","dateModified":"2026-04-08T17:26:05+00:00","breadcrumb":{"@id":"https:\/\/limittools.test.consids5.se\/no\/product\/skyvelaere-digitalt-cdm-200flex\/#breadcrumb"},"inLanguage":"nb-NO","potentialAction":[{"@type":"ReadAction","target":["https:\/\/limittools.test.consids5.se\/no\/product\/skyvelaere-digitalt-cdm-200flex\/"]}]},{"@type":"BreadcrumbList","@id":"https:\/\/limittools.test.consids5.se\/no\/product\/skyvelaere-digitalt-cdm-200flex\/#breadcrumb","itemListElement":[{"@type":"ListItem","position":1,"name":"Products","item":"https:\/\/limittools.test.consids5.se\/products\/"},{"@type":"ListItem","position":2,"name":"SKYVEL\u00c6RE DIGITALT CDM 200FLEX"}]},{"@type":"WebSite","@id":"https:\/\/limittools.test.consids5.se\/#website","url":"https:\/\/limittools.test.consids5.se\/","name":"Precision measuring instruments | Limit","description":"Everything can be measured","potentialAction":[{"@type":"SearchAction","target":{"@type":"EntryPoint","urlTemplate":"https:\/\/limittools.test.consids5.se\/?s={search_term_string}"},"query-input":"required name=search_term_string"}],"inLanguage":"nb-NO"}]}},"_links":{"self":[{"href":"https:\/\/limittools.test.consids5.se\/no\/wp-json\/wp\/v2\/product\/2024"}],"collection":[{"href":"https:\/\/limittools.test.consids5.se\/no\/wp-json\/wp\/v2\/product"}],"about":[{"href":"https:\/\/limittools.test.consids5.se\/no\/wp-json\/wp\/v2\/types\/product"}],"replies":[{"embeddable":true,"href":"https:\/\/limittools.test.consids5.se\/no\/wp-json\/wp\/v2\/comments?post=2024"}],"wp:attachment":[{"href":"https:\/\/limittools.test.consids5.se\/no\/wp-json\/wp\/v2\/media?parent=2024"}],"wp:term":[{"taxonomy":"product_cat","embeddable":true,"href":"https:\/\/limittools.test.consids5.se\/no\/wp-json\/wp\/v2\/product_cat?post=2024"},{"taxonomy":"product_tag","embeddable":true,"href":"https:\/\/limittools.test.consids5.se\/no\/wp-json\/wp\/v2\/product_tag?post=2024"}],"curies":[{"name":"wp","href":"https:\/\/api.w.org\/{rel}","templated":true}]}}