{"id":2145,"date":"2026-04-08T17:27:05","date_gmt":"2026-04-08T17:27:05","guid":{"rendered":"http:\/\/limit-tools.local\/product\/overflatemaler-5100\/"},"modified":"2026-04-08T17:27:05","modified_gmt":"2026-04-08T17:27:05","slug":"overflatemaler-5100","status":"publish","type":"product","link":"https:\/\/limittools.test.consids5.se\/no\/product\/overflatemaler-5100\/","title":{"rendered":"OVERFLATEM\u00c5LER 5100"},"content":{"rendered":"<p>Overflatetykkelsem\u00e5ler, m\u00e5ler overflatetykkelsen av lakk, plast, zink etc. p\u00e5 ulike metaller. Klarer b\u00e5de \u00e5 m\u00e5le p\u00e5 underliggende magnetiske metaller og umagnetiske metaller som kobber, aluminium, rustfritt st\u00e5l etc. Enkel \u00e5 kalibrere med medleverte kontrollfilmer. Svensk og norsk bruksanvisning. Automatisk avstenging etter 2 minutter.<br \/>\nOppl\u00f8sning 0-100 \u00b5m: 0.1 \u00b5m<br \/>\nOppl\u00f8sning 100-1000 \u00b5m: 1 \u00b5m<\/p>\n","protected":false},"excerpt":{"rendered":"Overflatetykkelsem\u00e5ler, m\u00e5ler overflatetykkelsen av lakk, plast, zink etc. p\u00e5 ulike metaller. Klarer b\u00e5de \u00e5 m\u00e5le p\u00e5 underliggende magnetiske metaller og [&hellip;]","protected":false},"featured_media":0,"comment_status":"closed","ping_status":"closed","template":"","meta":{"_acf_changed":false},"product_cat":[320,396],"product_tag":[],"class_list":{"0":"post-2145","1":"product","2":"type-product","3":"status-publish","5":"product_cat-inspeksjon-no","6":"product_cat-overflatemalere-no","8":"first","9":"instock","10":"shipping-taxable","11":"product-type-simple"},"acf":[],"yoast_head":"<!-- This site is optimized with the Yoast SEO plugin v23.2 - https:\/\/yoast.com\/wordpress\/plugins\/seo\/ -->\n<title>OVERFLATEM\u00c5LER 5100 - Precision measuring instruments | Limit<\/title>\n<meta name=\"robots\" content=\"index, follow, max-snippet:-1, max-image-preview:large, max-video-preview:-1\" \/>\n<link rel=\"canonical\" href=\"https:\/\/limittools.test.consids5.se\/no\/product\/overflatemaler-5100\/\" \/>\n<meta property=\"og:locale\" content=\"nb_NO\" \/>\n<meta property=\"og:type\" content=\"article\" \/>\n<meta property=\"og:title\" content=\"OVERFLATEM\u00c5LER 5100 - Precision measuring instruments | Limit\" \/>\n<meta property=\"og:description\" content=\"Overflatetykkelsem\u00e5ler, m\u00e5ler overflatetykkelsen av lakk, plast, zink etc. p\u00e5 ulike metaller. Klarer b\u00e5de \u00e5 m\u00e5le p\u00e5 underliggende magnetiske metaller og [&hellip;]\" \/>\n<meta property=\"og:url\" content=\"https:\/\/limittools.test.consids5.se\/no\/product\/overflatemaler-5100\/\" \/>\n<meta property=\"og:site_name\" content=\"Precision measuring instruments | Limit\" \/>\n<meta property=\"article:publisher\" content=\"https:\/\/www.facebook.com\/limittools\/\" \/>\n<meta name=\"twitter:card\" content=\"summary_large_image\" \/>\n<script type=\"application\/ld+json\" class=\"yoast-schema-graph\">{\"@context\":\"https:\/\/schema.org\",\"@graph\":[{\"@type\":\"WebPage\",\"@id\":\"https:\/\/limittools.test.consids5.se\/no\/product\/overflatemaler-5100\/\",\"url\":\"https:\/\/limittools.test.consids5.se\/no\/product\/overflatemaler-5100\/\",\"name\":\"OVERFLATEM\u00c5LER 5100 - Precision measuring instruments | Limit\",\"isPartOf\":{\"@id\":\"https:\/\/limittools.test.consids5.se\/#website\"},\"datePublished\":\"2026-04-08T17:27:05+00:00\",\"dateModified\":\"2026-04-08T17:27:05+00:00\",\"breadcrumb\":{\"@id\":\"https:\/\/limittools.test.consids5.se\/no\/product\/overflatemaler-5100\/#breadcrumb\"},\"inLanguage\":\"nb-NO\",\"potentialAction\":[{\"@type\":\"ReadAction\",\"target\":[\"https:\/\/limittools.test.consids5.se\/no\/product\/overflatemaler-5100\/\"]}]},{\"@type\":\"BreadcrumbList\",\"@id\":\"https:\/\/limittools.test.consids5.se\/no\/product\/overflatemaler-5100\/#breadcrumb\",\"itemListElement\":[{\"@type\":\"ListItem\",\"position\":1,\"name\":\"Products\",\"item\":\"https:\/\/limittools.test.consids5.se\/products\/\"},{\"@type\":\"ListItem\",\"position\":2,\"name\":\"OVERFLATEM\u00c5LER 5100\"}]},{\"@type\":\"WebSite\",\"@id\":\"https:\/\/limittools.test.consids5.se\/#website\",\"url\":\"https:\/\/limittools.test.consids5.se\/\",\"name\":\"Precision measuring instruments | Limit\",\"description\":\"Everything can be measured\",\"potentialAction\":[{\"@type\":\"SearchAction\",\"target\":{\"@type\":\"EntryPoint\",\"urlTemplate\":\"https:\/\/limittools.test.consids5.se\/?s={search_term_string}\"},\"query-input\":\"required name=search_term_string\"}],\"inLanguage\":\"nb-NO\"}]}<\/script>\n<!-- \/ Yoast SEO plugin. -->","yoast_head_json":{"title":"OVERFLATEM\u00c5LER 5100 - Precision measuring instruments | Limit","robots":{"index":"index","follow":"follow","max-snippet":"max-snippet:-1","max-image-preview":"max-image-preview:large","max-video-preview":"max-video-preview:-1"},"canonical":"https:\/\/limittools.test.consids5.se\/no\/product\/overflatemaler-5100\/","og_locale":"nb_NO","og_type":"article","og_title":"OVERFLATEM\u00c5LER 5100 - Precision measuring instruments | Limit","og_description":"Overflatetykkelsem\u00e5ler, m\u00e5ler overflatetykkelsen av lakk, plast, zink etc. p\u00e5 ulike metaller. Klarer b\u00e5de \u00e5 m\u00e5le p\u00e5 underliggende magnetiske metaller og [&hellip;]","og_url":"https:\/\/limittools.test.consids5.se\/no\/product\/overflatemaler-5100\/","og_site_name":"Precision measuring instruments | Limit","article_publisher":"https:\/\/www.facebook.com\/limittools\/","twitter_card":"summary_large_image","schema":{"@context":"https:\/\/schema.org","@graph":[{"@type":"WebPage","@id":"https:\/\/limittools.test.consids5.se\/no\/product\/overflatemaler-5100\/","url":"https:\/\/limittools.test.consids5.se\/no\/product\/overflatemaler-5100\/","name":"OVERFLATEM\u00c5LER 5100 - Precision measuring instruments | Limit","isPartOf":{"@id":"https:\/\/limittools.test.consids5.se\/#website"},"datePublished":"2026-04-08T17:27:05+00:00","dateModified":"2026-04-08T17:27:05+00:00","breadcrumb":{"@id":"https:\/\/limittools.test.consids5.se\/no\/product\/overflatemaler-5100\/#breadcrumb"},"inLanguage":"nb-NO","potentialAction":[{"@type":"ReadAction","target":["https:\/\/limittools.test.consids5.se\/no\/product\/overflatemaler-5100\/"]}]},{"@type":"BreadcrumbList","@id":"https:\/\/limittools.test.consids5.se\/no\/product\/overflatemaler-5100\/#breadcrumb","itemListElement":[{"@type":"ListItem","position":1,"name":"Products","item":"https:\/\/limittools.test.consids5.se\/products\/"},{"@type":"ListItem","position":2,"name":"OVERFLATEM\u00c5LER 5100"}]},{"@type":"WebSite","@id":"https:\/\/limittools.test.consids5.se\/#website","url":"https:\/\/limittools.test.consids5.se\/","name":"Precision measuring instruments | Limit","description":"Everything can be measured","potentialAction":[{"@type":"SearchAction","target":{"@type":"EntryPoint","urlTemplate":"https:\/\/limittools.test.consids5.se\/?s={search_term_string}"},"query-input":"required name=search_term_string"}],"inLanguage":"nb-NO"}]}},"_links":{"self":[{"href":"https:\/\/limittools.test.consids5.se\/no\/wp-json\/wp\/v2\/product\/2145"}],"collection":[{"href":"https:\/\/limittools.test.consids5.se\/no\/wp-json\/wp\/v2\/product"}],"about":[{"href":"https:\/\/limittools.test.consids5.se\/no\/wp-json\/wp\/v2\/types\/product"}],"replies":[{"embeddable":true,"href":"https:\/\/limittools.test.consids5.se\/no\/wp-json\/wp\/v2\/comments?post=2145"}],"wp:attachment":[{"href":"https:\/\/limittools.test.consids5.se\/no\/wp-json\/wp\/v2\/media?parent=2145"}],"wp:term":[{"taxonomy":"product_cat","embeddable":true,"href":"https:\/\/limittools.test.consids5.se\/no\/wp-json\/wp\/v2\/product_cat?post=2145"},{"taxonomy":"product_tag","embeddable":true,"href":"https:\/\/limittools.test.consids5.se\/no\/wp-json\/wp\/v2\/product_tag?post=2145"}],"curies":[{"name":"wp","href":"https:\/\/api.w.org\/{rel}","templated":true}]}}