{"id":2175,"date":"2026-04-08T17:27:21","date_gmt":"2026-04-08T17:27:21","guid":{"rendered":"http:\/\/limit-tools.local\/product\/godstykkelsesmaler-limit-5600\/"},"modified":"2026-04-08T17:27:21","modified_gmt":"2026-04-08T17:27:21","slug":"godstykkelsesmaler-limit-5600","status":"publish","type":"product","link":"https:\/\/limittools.test.consids5.se\/no\/product\/godstykkelsesmaler-limit-5600\/","title":{"rendered":"GODSTYKKELSESM\u00c5LER LIMIT 5600"},"content":{"rendered":"<p>Digitalt instrument som m\u00e5ler godstykkelsen med ultralydteknikk p\u00e5 de fleste homogene materialer. \u00c5 m\u00e5le godstykkelsen med ultralydteknikk er spesielt egnet n\u00e5r det kun er tilgjengelig fra en side. F.eks. r\u00f8r, tanker, cisterner, glasskonstruksjoner m.m. Egnede materialer \u00e5 m\u00e5le godstykkelse med ultralydteknikk er metaller, glass og plast. Forutsetningen er at materialet er homogent, at begge sider er parallelle samt at flatene ikke er for ujevne. Automatisk avstenging etter 2 minutter. M\u00e5leprobe diameter 8 mm.<br \/>\nOppl\u00f8sning: &lt;10 mm = 0.01 mm<br \/>\nBatteritype AA, inng\u00e5r ikke.<\/p>\n","protected":false},"excerpt":{"rendered":"Digitalt instrument som m\u00e5ler godstykkelsen med ultralydteknikk p\u00e5 de fleste homogene materialer. \u00c5 m\u00e5le godstykkelsen med ultralydteknikk er spesielt egnet [&hellip;]","protected":false},"featured_media":0,"comment_status":"closed","ping_status":"closed","template":"","meta":{"_acf_changed":false},"product_cat":[320,405],"product_tag":[],"class_list":{"0":"post-2175","1":"product","2":"type-product","3":"status-publish","5":"product_cat-inspeksjon-no","6":"product_cat-tykkelsesmalere-no","8":"first","9":"instock","10":"shipping-taxable","11":"product-type-simple"},"acf":[],"yoast_head":"<!-- This site is optimized with the Yoast SEO plugin v23.2 - https:\/\/yoast.com\/wordpress\/plugins\/seo\/ -->\n<title>GODSTYKKELSESM\u00c5LER LIMIT 5600 - Precision measuring instruments | Limit<\/title>\n<meta name=\"robots\" content=\"index, follow, max-snippet:-1, max-image-preview:large, max-video-preview:-1\" \/>\n<link rel=\"canonical\" href=\"https:\/\/limittools.test.consids5.se\/no\/product\/godstykkelsesmaler-limit-5600\/\" \/>\n<meta property=\"og:locale\" content=\"nb_NO\" \/>\n<meta property=\"og:type\" content=\"article\" \/>\n<meta property=\"og:title\" content=\"GODSTYKKELSESM\u00c5LER LIMIT 5600 - Precision measuring instruments | Limit\" \/>\n<meta property=\"og:description\" content=\"Digitalt instrument som m\u00e5ler godstykkelsen med ultralydteknikk p\u00e5 de fleste homogene materialer. \u00c5 m\u00e5le godstykkelsen med ultralydteknikk er spesielt egnet [&hellip;]\" \/>\n<meta property=\"og:url\" content=\"https:\/\/limittools.test.consids5.se\/no\/product\/godstykkelsesmaler-limit-5600\/\" \/>\n<meta property=\"og:site_name\" content=\"Precision measuring instruments | Limit\" \/>\n<meta property=\"article:publisher\" content=\"https:\/\/www.facebook.com\/limittools\/\" \/>\n<meta name=\"twitter:card\" content=\"summary_large_image\" \/>\n<script type=\"application\/ld+json\" class=\"yoast-schema-graph\">{\"@context\":\"https:\/\/schema.org\",\"@graph\":[{\"@type\":\"WebPage\",\"@id\":\"https:\/\/limittools.test.consids5.se\/no\/product\/godstykkelsesmaler-limit-5600\/\",\"url\":\"https:\/\/limittools.test.consids5.se\/no\/product\/godstykkelsesmaler-limit-5600\/\",\"name\":\"GODSTYKKELSESM\u00c5LER LIMIT 5600 - Precision measuring instruments | Limit\",\"isPartOf\":{\"@id\":\"https:\/\/limittools.test.consids5.se\/#website\"},\"datePublished\":\"2026-04-08T17:27:21+00:00\",\"dateModified\":\"2026-04-08T17:27:21+00:00\",\"breadcrumb\":{\"@id\":\"https:\/\/limittools.test.consids5.se\/no\/product\/godstykkelsesmaler-limit-5600\/#breadcrumb\"},\"inLanguage\":\"nb-NO\",\"potentialAction\":[{\"@type\":\"ReadAction\",\"target\":[\"https:\/\/limittools.test.consids5.se\/no\/product\/godstykkelsesmaler-limit-5600\/\"]}]},{\"@type\":\"BreadcrumbList\",\"@id\":\"https:\/\/limittools.test.consids5.se\/no\/product\/godstykkelsesmaler-limit-5600\/#breadcrumb\",\"itemListElement\":[{\"@type\":\"ListItem\",\"position\":1,\"name\":\"Products\",\"item\":\"https:\/\/limittools.test.consids5.se\/products\/\"},{\"@type\":\"ListItem\",\"position\":2,\"name\":\"GODSTYKKELSESM\u00c5LER LIMIT 5600\"}]},{\"@type\":\"WebSite\",\"@id\":\"https:\/\/limittools.test.consids5.se\/#website\",\"url\":\"https:\/\/limittools.test.consids5.se\/\",\"name\":\"Precision measuring instruments | Limit\",\"description\":\"Everything can be measured\",\"potentialAction\":[{\"@type\":\"SearchAction\",\"target\":{\"@type\":\"EntryPoint\",\"urlTemplate\":\"https:\/\/limittools.test.consids5.se\/?s={search_term_string}\"},\"query-input\":\"required name=search_term_string\"}],\"inLanguage\":\"nb-NO\"}]}<\/script>\n<!-- \/ Yoast SEO plugin. -->","yoast_head_json":{"title":"GODSTYKKELSESM\u00c5LER LIMIT 5600 - Precision measuring instruments | Limit","robots":{"index":"index","follow":"follow","max-snippet":"max-snippet:-1","max-image-preview":"max-image-preview:large","max-video-preview":"max-video-preview:-1"},"canonical":"https:\/\/limittools.test.consids5.se\/no\/product\/godstykkelsesmaler-limit-5600\/","og_locale":"nb_NO","og_type":"article","og_title":"GODSTYKKELSESM\u00c5LER LIMIT 5600 - Precision measuring instruments | Limit","og_description":"Digitalt instrument som m\u00e5ler godstykkelsen med ultralydteknikk p\u00e5 de fleste homogene materialer. \u00c5 m\u00e5le godstykkelsen med ultralydteknikk er spesielt egnet [&hellip;]","og_url":"https:\/\/limittools.test.consids5.se\/no\/product\/godstykkelsesmaler-limit-5600\/","og_site_name":"Precision measuring instruments | Limit","article_publisher":"https:\/\/www.facebook.com\/limittools\/","twitter_card":"summary_large_image","schema":{"@context":"https:\/\/schema.org","@graph":[{"@type":"WebPage","@id":"https:\/\/limittools.test.consids5.se\/no\/product\/godstykkelsesmaler-limit-5600\/","url":"https:\/\/limittools.test.consids5.se\/no\/product\/godstykkelsesmaler-limit-5600\/","name":"GODSTYKKELSESM\u00c5LER LIMIT 5600 - Precision measuring instruments | Limit","isPartOf":{"@id":"https:\/\/limittools.test.consids5.se\/#website"},"datePublished":"2026-04-08T17:27:21+00:00","dateModified":"2026-04-08T17:27:21+00:00","breadcrumb":{"@id":"https:\/\/limittools.test.consids5.se\/no\/product\/godstykkelsesmaler-limit-5600\/#breadcrumb"},"inLanguage":"nb-NO","potentialAction":[{"@type":"ReadAction","target":["https:\/\/limittools.test.consids5.se\/no\/product\/godstykkelsesmaler-limit-5600\/"]}]},{"@type":"BreadcrumbList","@id":"https:\/\/limittools.test.consids5.se\/no\/product\/godstykkelsesmaler-limit-5600\/#breadcrumb","itemListElement":[{"@type":"ListItem","position":1,"name":"Products","item":"https:\/\/limittools.test.consids5.se\/products\/"},{"@type":"ListItem","position":2,"name":"GODSTYKKELSESM\u00c5LER LIMIT 5600"}]},{"@type":"WebSite","@id":"https:\/\/limittools.test.consids5.se\/#website","url":"https:\/\/limittools.test.consids5.se\/","name":"Precision measuring instruments | Limit","description":"Everything can be measured","potentialAction":[{"@type":"SearchAction","target":{"@type":"EntryPoint","urlTemplate":"https:\/\/limittools.test.consids5.se\/?s={search_term_string}"},"query-input":"required name=search_term_string"}],"inLanguage":"nb-NO"}]}},"_links":{"self":[{"href":"https:\/\/limittools.test.consids5.se\/no\/wp-json\/wp\/v2\/product\/2175"}],"collection":[{"href":"https:\/\/limittools.test.consids5.se\/no\/wp-json\/wp\/v2\/product"}],"about":[{"href":"https:\/\/limittools.test.consids5.se\/no\/wp-json\/wp\/v2\/types\/product"}],"replies":[{"embeddable":true,"href":"https:\/\/limittools.test.consids5.se\/no\/wp-json\/wp\/v2\/comments?post=2175"}],"wp:attachment":[{"href":"https:\/\/limittools.test.consids5.se\/no\/wp-json\/wp\/v2\/media?parent=2175"}],"wp:term":[{"taxonomy":"product_cat","embeddable":true,"href":"https:\/\/limittools.test.consids5.se\/no\/wp-json\/wp\/v2\/product_cat?post=2175"},{"taxonomy":"product_tag","embeddable":true,"href":"https:\/\/limittools.test.consids5.se\/no\/wp-json\/wp\/v2\/product_tag?post=2175"}],"curies":[{"name":"wp","href":"https:\/\/api.w.org\/{rel}","templated":true}]}}