{"id":2187,"date":"2025-01-22T07:47:12","date_gmt":"2025-01-22T07:47:12","guid":{"rendered":"http:\/\/limit-tools.local\/product\/spenningsprover-110\/"},"modified":"2025-01-22T07:47:12","modified_gmt":"2025-01-22T07:47:12","slug":"spenningsprover-limit-110","status":"publish","type":"product","link":"https:\/\/limittools.test.consids5.se\/no\/product\/spenningsprover-limit-110\/","title":{"rendered":"SPENNINGSPR\u00d8VER LIMIT 110"},"content":{"rendered":"<p>Spenningspr\u00f8ver og kontinuitetstester med summer. Kan ogs\u00e5 skille fas fra null i enfas system. Fasef\u00f8lgetest for \u00e5 kontrollere rotasjonsretning p\u00e5 3-fas motorer. Funksjonskontroll av jordfeilbryter. Vise polaritet + eller &#8211; ved likespenningsm\u00e5ling. Innebygd lommelykt. Enh\u00e5ndsgrep ved kontroll i vegguttak. Automatisk p\u00e5 og avstenging. Leveres med spissbeskyttelse, batterier og bruksanvisning.<br \/>\nIsolasjon CAT IV 600 V i henhold til IEC 61010. Vannbeskyttet i henhold til IP 65.<br \/>\n110. Lysdioder viser spenning i 7 trinn. 12-24-50-120-230-400-690 V.<br \/>\n112. Virkelig spenningsverdi vises i display pluss lysdioder.<\/p>\n","protected":false},"excerpt":{"rendered":"Spenningspr\u00f8ver og kontinuitetstester med summer. Kan ogs\u00e5 skille fas fra null i enfas system. Fasef\u00f8lgetest for \u00e5 kontrollere rotasjonsretning p\u00e5 [&hellip;]","protected":false},"featured_media":0,"comment_status":"closed","ping_status":"closed","template":"","meta":{"_acf_changed":false},"product_cat":[339,1484],"product_tag":[],"class_list":{"0":"post-2187","1":"product","2":"type-product","3":"status-publish","5":"product_cat-eltest-no","6":"product_cat-spenningsprovere-no-eltest-no","8":"first","9":"instock","10":"shipping-taxable","11":"product-type-simple"},"acf":[],"yoast_head":"<!-- This site is optimized with the Yoast SEO plugin v23.2 - https:\/\/yoast.com\/wordpress\/plugins\/seo\/ -->\n<title>SPENNINGSPR\u00d8VER LIMIT 110 - Precision measuring instruments | Limit<\/title>\n<meta name=\"robots\" content=\"index, follow, max-snippet:-1, max-image-preview:large, max-video-preview:-1\" \/>\n<link rel=\"canonical\" href=\"https:\/\/limittools.test.consids5.se\/no\/product\/spenningsprover-limit-110\/\" \/>\n<meta property=\"og:locale\" content=\"nb_NO\" \/>\n<meta property=\"og:type\" content=\"article\" \/>\n<meta property=\"og:title\" content=\"SPENNINGSPR\u00d8VER LIMIT 110 - Precision measuring instruments | Limit\" \/>\n<meta property=\"og:description\" content=\"Spenningspr\u00f8ver og kontinuitetstester med summer. Kan ogs\u00e5 skille fas fra null i enfas system. Fasef\u00f8lgetest for \u00e5 kontrollere rotasjonsretning p\u00e5 [&hellip;]\" \/>\n<meta property=\"og:url\" content=\"https:\/\/limittools.test.consids5.se\/no\/product\/spenningsprover-limit-110\/\" \/>\n<meta property=\"og:site_name\" content=\"Precision measuring instruments | Limit\" \/>\n<meta property=\"article:publisher\" content=\"https:\/\/www.facebook.com\/limittools\/\" \/>\n<meta name=\"twitter:card\" content=\"summary_large_image\" \/>\n<script type=\"application\/ld+json\" class=\"yoast-schema-graph\">{\"@context\":\"https:\/\/schema.org\",\"@graph\":[{\"@type\":\"WebPage\",\"@id\":\"https:\/\/limittools.test.consids5.se\/no\/product\/spenningsprover-limit-110\/\",\"url\":\"https:\/\/limittools.test.consids5.se\/no\/product\/spenningsprover-limit-110\/\",\"name\":\"SPENNINGSPR\u00d8VER LIMIT 110 - Precision measuring instruments | Limit\",\"isPartOf\":{\"@id\":\"https:\/\/limittools.test.consids5.se\/#website\"},\"datePublished\":\"2025-01-22T07:47:12+00:00\",\"dateModified\":\"2025-01-22T07:47:12+00:00\",\"breadcrumb\":{\"@id\":\"https:\/\/limittools.test.consids5.se\/no\/product\/spenningsprover-limit-110\/#breadcrumb\"},\"inLanguage\":\"nb-NO\",\"potentialAction\":[{\"@type\":\"ReadAction\",\"target\":[\"https:\/\/limittools.test.consids5.se\/no\/product\/spenningsprover-limit-110\/\"]}]},{\"@type\":\"BreadcrumbList\",\"@id\":\"https:\/\/limittools.test.consids5.se\/no\/product\/spenningsprover-limit-110\/#breadcrumb\",\"itemListElement\":[{\"@type\":\"ListItem\",\"position\":1,\"name\":\"Products\",\"item\":\"https:\/\/limittools.test.consids5.se\/products\/\"},{\"@type\":\"ListItem\",\"position\":2,\"name\":\"SPENNINGSPR\u00d8VER LIMIT 110\"}]},{\"@type\":\"WebSite\",\"@id\":\"https:\/\/limittools.test.consids5.se\/#website\",\"url\":\"https:\/\/limittools.test.consids5.se\/\",\"name\":\"Precision measuring instruments | Limit\",\"description\":\"Everything can be measured\",\"potentialAction\":[{\"@type\":\"SearchAction\",\"target\":{\"@type\":\"EntryPoint\",\"urlTemplate\":\"https:\/\/limittools.test.consids5.se\/?s={search_term_string}\"},\"query-input\":\"required name=search_term_string\"}],\"inLanguage\":\"nb-NO\"}]}<\/script>\n<!-- \/ Yoast SEO plugin. -->","yoast_head_json":{"title":"SPENNINGSPR\u00d8VER LIMIT 110 - Precision measuring instruments | Limit","robots":{"index":"index","follow":"follow","max-snippet":"max-snippet:-1","max-image-preview":"max-image-preview:large","max-video-preview":"max-video-preview:-1"},"canonical":"https:\/\/limittools.test.consids5.se\/no\/product\/spenningsprover-limit-110\/","og_locale":"nb_NO","og_type":"article","og_title":"SPENNINGSPR\u00d8VER LIMIT 110 - Precision measuring instruments | Limit","og_description":"Spenningspr\u00f8ver og kontinuitetstester med summer. Kan ogs\u00e5 skille fas fra null i enfas system. Fasef\u00f8lgetest for \u00e5 kontrollere rotasjonsretning p\u00e5 [&hellip;]","og_url":"https:\/\/limittools.test.consids5.se\/no\/product\/spenningsprover-limit-110\/","og_site_name":"Precision measuring instruments | Limit","article_publisher":"https:\/\/www.facebook.com\/limittools\/","twitter_card":"summary_large_image","schema":{"@context":"https:\/\/schema.org","@graph":[{"@type":"WebPage","@id":"https:\/\/limittools.test.consids5.se\/no\/product\/spenningsprover-limit-110\/","url":"https:\/\/limittools.test.consids5.se\/no\/product\/spenningsprover-limit-110\/","name":"SPENNINGSPR\u00d8VER LIMIT 110 - Precision measuring instruments | Limit","isPartOf":{"@id":"https:\/\/limittools.test.consids5.se\/#website"},"datePublished":"2025-01-22T07:47:12+00:00","dateModified":"2025-01-22T07:47:12+00:00","breadcrumb":{"@id":"https:\/\/limittools.test.consids5.se\/no\/product\/spenningsprover-limit-110\/#breadcrumb"},"inLanguage":"nb-NO","potentialAction":[{"@type":"ReadAction","target":["https:\/\/limittools.test.consids5.se\/no\/product\/spenningsprover-limit-110\/"]}]},{"@type":"BreadcrumbList","@id":"https:\/\/limittools.test.consids5.se\/no\/product\/spenningsprover-limit-110\/#breadcrumb","itemListElement":[{"@type":"ListItem","position":1,"name":"Products","item":"https:\/\/limittools.test.consids5.se\/products\/"},{"@type":"ListItem","position":2,"name":"SPENNINGSPR\u00d8VER LIMIT 110"}]},{"@type":"WebSite","@id":"https:\/\/limittools.test.consids5.se\/#website","url":"https:\/\/limittools.test.consids5.se\/","name":"Precision measuring instruments | Limit","description":"Everything can be measured","potentialAction":[{"@type":"SearchAction","target":{"@type":"EntryPoint","urlTemplate":"https:\/\/limittools.test.consids5.se\/?s={search_term_string}"},"query-input":"required name=search_term_string"}],"inLanguage":"nb-NO"}]}},"_links":{"self":[{"href":"https:\/\/limittools.test.consids5.se\/no\/wp-json\/wp\/v2\/product\/2187"}],"collection":[{"href":"https:\/\/limittools.test.consids5.se\/no\/wp-json\/wp\/v2\/product"}],"about":[{"href":"https:\/\/limittools.test.consids5.se\/no\/wp-json\/wp\/v2\/types\/product"}],"replies":[{"embeddable":true,"href":"https:\/\/limittools.test.consids5.se\/no\/wp-json\/wp\/v2\/comments?post=2187"}],"wp:attachment":[{"href":"https:\/\/limittools.test.consids5.se\/no\/wp-json\/wp\/v2\/media?parent=2187"}],"wp:term":[{"taxonomy":"product_cat","embeddable":true,"href":"https:\/\/limittools.test.consids5.se\/no\/wp-json\/wp\/v2\/product_cat?post=2187"},{"taxonomy":"product_tag","embeddable":true,"href":"https:\/\/limittools.test.consids5.se\/no\/wp-json\/wp\/v2\/product_tag?post=2187"}],"curies":[{"name":"wp","href":"https:\/\/api.w.org\/{rel}","templated":true}]}}