{"id":2222,"date":"2021-11-29T13:50:27","date_gmt":"2021-11-29T13:50:27","guid":{"rendered":"http:\/\/limit-tools.local\/product\/radiemaler-digital-limit-5700\/"},"modified":"2021-11-29T13:50:27","modified_gmt":"2021-11-29T13:50:27","slug":"radiemaler-digital-limit-5700","status":"publish","type":"product","link":"https:\/\/limittools.test.consids5.se\/no\/product\/radiemaler-digital-limit-5700\/","title":{"rendered":"RADIEM\u00c5LER DIGITAL LIMIT 5700"},"content":{"rendered":"<p>Digital radiusm\u00e5ler for st\u00f8rre radier. Egnet \u00e5 m\u00e5le radier p\u00e5 plastdetaljer, former, plater, karosserier, m\u00f8belflater, r\u00f8r etc. M\u00e5ler b\u00e5de konvekse og konkave flater. Enkel \u00e5 bruke. Monter m\u00e5leklokken p\u00e5 beinfestet. Nullstill m\u00e5leklokken mot et plant underlag. Hold beinfestet mot overflaten og radien avleses direkte p\u00e5 m\u00e5leklokken. Batteritype CR2032 inng\u00e5r.<\/p>\n","protected":false},"excerpt":{"rendered":"Digital radiusm\u00e5ler for st\u00f8rre radier. Egnet \u00e5 m\u00e5le radier p\u00e5 plastdetaljer, former, plater, karosserier, m\u00f8belflater, r\u00f8r etc. M\u00e5ler b\u00e5de konvekse [&hellip;]","protected":false},"featured_media":0,"comment_status":"closed","ping_status":"closed","template":"","meta":{"_acf_changed":false},"product_cat":[254,245],"product_tag":[],"class_list":{"0":"post-2222","1":"product","2":"type-product","3":"status-publish","5":"product_cat-radiusmaler-no","6":"product_cat-verkstedmaling-no","8":"first","9":"instock","10":"shipping-taxable","11":"product-type-simple"},"acf":[],"yoast_head":"<!-- This site is optimized with the Yoast SEO plugin v23.2 - https:\/\/yoast.com\/wordpress\/plugins\/seo\/ -->\n<title>RADIEM\u00c5LER DIGITAL LIMIT 5700 - Precision measuring instruments | Limit<\/title>\n<meta name=\"robots\" content=\"index, follow, max-snippet:-1, max-image-preview:large, max-video-preview:-1\" \/>\n<link rel=\"canonical\" href=\"https:\/\/limittools.test.consids5.se\/no\/product\/radiemaler-digital-limit-5700\/\" \/>\n<meta property=\"og:locale\" content=\"nb_NO\" \/>\n<meta property=\"og:type\" content=\"article\" \/>\n<meta property=\"og:title\" content=\"RADIEM\u00c5LER DIGITAL LIMIT 5700 - Precision measuring instruments | Limit\" \/>\n<meta property=\"og:description\" content=\"Digital radiusm\u00e5ler for st\u00f8rre radier. Egnet \u00e5 m\u00e5le radier p\u00e5 plastdetaljer, former, plater, karosserier, m\u00f8belflater, r\u00f8r etc. M\u00e5ler b\u00e5de konvekse [&hellip;]\" \/>\n<meta property=\"og:url\" content=\"https:\/\/limittools.test.consids5.se\/no\/product\/radiemaler-digital-limit-5700\/\" \/>\n<meta property=\"og:site_name\" content=\"Precision measuring instruments | Limit\" \/>\n<meta property=\"article:publisher\" content=\"https:\/\/www.facebook.com\/limittools\/\" \/>\n<meta name=\"twitter:card\" content=\"summary_large_image\" \/>\n<script type=\"application\/ld+json\" class=\"yoast-schema-graph\">{\"@context\":\"https:\/\/schema.org\",\"@graph\":[{\"@type\":\"WebPage\",\"@id\":\"https:\/\/limittools.test.consids5.se\/no\/product\/radiemaler-digital-limit-5700\/\",\"url\":\"https:\/\/limittools.test.consids5.se\/no\/product\/radiemaler-digital-limit-5700\/\",\"name\":\"RADIEM\u00c5LER DIGITAL LIMIT 5700 - Precision measuring instruments | Limit\",\"isPartOf\":{\"@id\":\"https:\/\/limittools.test.consids5.se\/#website\"},\"datePublished\":\"2021-11-29T13:50:27+00:00\",\"dateModified\":\"2021-11-29T13:50:27+00:00\",\"breadcrumb\":{\"@id\":\"https:\/\/limittools.test.consids5.se\/no\/product\/radiemaler-digital-limit-5700\/#breadcrumb\"},\"inLanguage\":\"nb-NO\",\"potentialAction\":[{\"@type\":\"ReadAction\",\"target\":[\"https:\/\/limittools.test.consids5.se\/no\/product\/radiemaler-digital-limit-5700\/\"]}]},{\"@type\":\"BreadcrumbList\",\"@id\":\"https:\/\/limittools.test.consids5.se\/no\/product\/radiemaler-digital-limit-5700\/#breadcrumb\",\"itemListElement\":[{\"@type\":\"ListItem\",\"position\":1,\"name\":\"Products\",\"item\":\"https:\/\/limittools.test.consids5.se\/products\/\"},{\"@type\":\"ListItem\",\"position\":2,\"name\":\"RADIEM\u00c5LER DIGITAL LIMIT 5700\"}]},{\"@type\":\"WebSite\",\"@id\":\"https:\/\/limittools.test.consids5.se\/#website\",\"url\":\"https:\/\/limittools.test.consids5.se\/\",\"name\":\"Precision measuring instruments | Limit\",\"description\":\"Everything can be measured\",\"potentialAction\":[{\"@type\":\"SearchAction\",\"target\":{\"@type\":\"EntryPoint\",\"urlTemplate\":\"https:\/\/limittools.test.consids5.se\/?s={search_term_string}\"},\"query-input\":\"required name=search_term_string\"}],\"inLanguage\":\"nb-NO\"}]}<\/script>\n<!-- \/ Yoast SEO plugin. -->","yoast_head_json":{"title":"RADIEM\u00c5LER DIGITAL LIMIT 5700 - Precision measuring instruments | Limit","robots":{"index":"index","follow":"follow","max-snippet":"max-snippet:-1","max-image-preview":"max-image-preview:large","max-video-preview":"max-video-preview:-1"},"canonical":"https:\/\/limittools.test.consids5.se\/no\/product\/radiemaler-digital-limit-5700\/","og_locale":"nb_NO","og_type":"article","og_title":"RADIEM\u00c5LER DIGITAL LIMIT 5700 - Precision measuring instruments | Limit","og_description":"Digital radiusm\u00e5ler for st\u00f8rre radier. Egnet \u00e5 m\u00e5le radier p\u00e5 plastdetaljer, former, plater, karosserier, m\u00f8belflater, r\u00f8r etc. M\u00e5ler b\u00e5de konvekse [&hellip;]","og_url":"https:\/\/limittools.test.consids5.se\/no\/product\/radiemaler-digital-limit-5700\/","og_site_name":"Precision measuring instruments | Limit","article_publisher":"https:\/\/www.facebook.com\/limittools\/","twitter_card":"summary_large_image","schema":{"@context":"https:\/\/schema.org","@graph":[{"@type":"WebPage","@id":"https:\/\/limittools.test.consids5.se\/no\/product\/radiemaler-digital-limit-5700\/","url":"https:\/\/limittools.test.consids5.se\/no\/product\/radiemaler-digital-limit-5700\/","name":"RADIEM\u00c5LER DIGITAL LIMIT 5700 - Precision measuring instruments | Limit","isPartOf":{"@id":"https:\/\/limittools.test.consids5.se\/#website"},"datePublished":"2021-11-29T13:50:27+00:00","dateModified":"2021-11-29T13:50:27+00:00","breadcrumb":{"@id":"https:\/\/limittools.test.consids5.se\/no\/product\/radiemaler-digital-limit-5700\/#breadcrumb"},"inLanguage":"nb-NO","potentialAction":[{"@type":"ReadAction","target":["https:\/\/limittools.test.consids5.se\/no\/product\/radiemaler-digital-limit-5700\/"]}]},{"@type":"BreadcrumbList","@id":"https:\/\/limittools.test.consids5.se\/no\/product\/radiemaler-digital-limit-5700\/#breadcrumb","itemListElement":[{"@type":"ListItem","position":1,"name":"Products","item":"https:\/\/limittools.test.consids5.se\/products\/"},{"@type":"ListItem","position":2,"name":"RADIEM\u00c5LER DIGITAL LIMIT 5700"}]},{"@type":"WebSite","@id":"https:\/\/limittools.test.consids5.se\/#website","url":"https:\/\/limittools.test.consids5.se\/","name":"Precision measuring instruments | Limit","description":"Everything can be measured","potentialAction":[{"@type":"SearchAction","target":{"@type":"EntryPoint","urlTemplate":"https:\/\/limittools.test.consids5.se\/?s={search_term_string}"},"query-input":"required name=search_term_string"}],"inLanguage":"nb-NO"}]}},"_links":{"self":[{"href":"https:\/\/limittools.test.consids5.se\/no\/wp-json\/wp\/v2\/product\/2222"}],"collection":[{"href":"https:\/\/limittools.test.consids5.se\/no\/wp-json\/wp\/v2\/product"}],"about":[{"href":"https:\/\/limittools.test.consids5.se\/no\/wp-json\/wp\/v2\/types\/product"}],"replies":[{"embeddable":true,"href":"https:\/\/limittools.test.consids5.se\/no\/wp-json\/wp\/v2\/comments?post=2222"}],"wp:attachment":[{"href":"https:\/\/limittools.test.consids5.se\/no\/wp-json\/wp\/v2\/media?parent=2222"}],"wp:term":[{"taxonomy":"product_cat","embeddable":true,"href":"https:\/\/limittools.test.consids5.se\/no\/wp-json\/wp\/v2\/product_cat?post=2222"},{"taxonomy":"product_tag","embeddable":true,"href":"https:\/\/limittools.test.consids5.se\/no\/wp-json\/wp\/v2\/product_tag?post=2222"}],"curies":[{"name":"wp","href":"https:\/\/api.w.org\/{rel}","templated":true}]}}