{"id":2263,"date":"2025-01-22T07:47:30","date_gmt":"2025-01-22T07:47:30","guid":{"rendered":"http:\/\/limit-tools.local\/product\/multimeter-limit-610-2\/"},"modified":"2025-01-22T07:47:30","modified_gmt":"2025-01-22T07:47:30","slug":"multimeter-limit-610","status":"publish","type":"product","link":"https:\/\/limittools.test.consids5.se\/no\/product\/multimeter-limit-610\/","title":{"rendered":"MULTIMETER LIMIT 610"},"content":{"rendered":"<p>Digitalt multimeter med b\u00e5de automatisk og manuell m\u00e5leomr\u00e5deinnstilling. Analogt stolpediagram for raske eller ustabile signaler. True RMS for b\u00e5de spenning og str\u00f8mstyrke ved m\u00e5ling av ikke line\u00e6re signaler. Registrering av maks. og min. verdi. M\u00e5ler like-\/vekselspenning, like-\/vekselstr\u00f8m, resistanse, kapasitans, frekvens. Dessuten diodetest, kontinuitetstest med summer, holdfunksjon, displaybelysning og lav batterikapasitetsvarsling. Kan kobles til PC.Leveres komplett med testkabler, PC-kabel med mykvare, batterier og instruksjonsbok. Skalalengde 6000 Isolasjon CAT III 1000 V \/ CAT IV 600 V i henhold til IEC 61010. Sikret til 10 A.<\/p>\n","protected":false},"excerpt":{"rendered":"Digitalt multimeter med b\u00e5de automatisk og manuell m\u00e5leomr\u00e5deinnstilling. Analogt stolpediagram for raske eller ustabile signaler. True RMS for b\u00e5de spenning [&hellip;]","protected":false},"featured_media":0,"comment_status":"closed","ping_status":"closed","template":"","meta":{"_acf_changed":false},"product_cat":[339,1528],"product_tag":[],"class_list":{"0":"post-2263","1":"product","2":"type-product","3":"status-publish","5":"product_cat-eltest-no","6":"product_cat-multimetre-no-eltest-no","8":"first","9":"instock","10":"shipping-taxable","11":"product-type-simple"},"acf":[],"yoast_head":"<!-- This site is optimized with the Yoast SEO plugin v23.2 - https:\/\/yoast.com\/wordpress\/plugins\/seo\/ -->\n<title>MULTIMETER LIMIT 610 - Precision measuring instruments | Limit<\/title>\n<meta name=\"robots\" content=\"index, follow, max-snippet:-1, max-image-preview:large, max-video-preview:-1\" \/>\n<link rel=\"canonical\" href=\"https:\/\/limittools.test.consids5.se\/no\/product\/multimeter-limit-610\/\" \/>\n<meta property=\"og:locale\" content=\"nb_NO\" \/>\n<meta property=\"og:type\" content=\"article\" \/>\n<meta property=\"og:title\" content=\"MULTIMETER LIMIT 610 - Precision measuring instruments | Limit\" \/>\n<meta property=\"og:description\" content=\"Digitalt multimeter med b\u00e5de automatisk og manuell m\u00e5leomr\u00e5deinnstilling. Analogt stolpediagram for raske eller ustabile signaler. True RMS for b\u00e5de spenning [&hellip;]\" \/>\n<meta property=\"og:url\" content=\"https:\/\/limittools.test.consids5.se\/no\/product\/multimeter-limit-610\/\" \/>\n<meta property=\"og:site_name\" content=\"Precision measuring instruments | Limit\" \/>\n<meta property=\"article:publisher\" content=\"https:\/\/www.facebook.com\/limittools\/\" \/>\n<meta name=\"twitter:card\" content=\"summary_large_image\" \/>\n<script type=\"application\/ld+json\" class=\"yoast-schema-graph\">{\"@context\":\"https:\/\/schema.org\",\"@graph\":[{\"@type\":\"WebPage\",\"@id\":\"https:\/\/limittools.test.consids5.se\/no\/product\/multimeter-limit-610\/\",\"url\":\"https:\/\/limittools.test.consids5.se\/no\/product\/multimeter-limit-610\/\",\"name\":\"MULTIMETER LIMIT 610 - Precision measuring instruments | Limit\",\"isPartOf\":{\"@id\":\"https:\/\/limittools.test.consids5.se\/#website\"},\"datePublished\":\"2025-01-22T07:47:30+00:00\",\"dateModified\":\"2025-01-22T07:47:30+00:00\",\"breadcrumb\":{\"@id\":\"https:\/\/limittools.test.consids5.se\/no\/product\/multimeter-limit-610\/#breadcrumb\"},\"inLanguage\":\"nb-NO\",\"potentialAction\":[{\"@type\":\"ReadAction\",\"target\":[\"https:\/\/limittools.test.consids5.se\/no\/product\/multimeter-limit-610\/\"]}]},{\"@type\":\"BreadcrumbList\",\"@id\":\"https:\/\/limittools.test.consids5.se\/no\/product\/multimeter-limit-610\/#breadcrumb\",\"itemListElement\":[{\"@type\":\"ListItem\",\"position\":1,\"name\":\"Products\",\"item\":\"https:\/\/limittools.test.consids5.se\/products\/\"},{\"@type\":\"ListItem\",\"position\":2,\"name\":\"MULTIMETER LIMIT 610\"}]},{\"@type\":\"WebSite\",\"@id\":\"https:\/\/limittools.test.consids5.se\/#website\",\"url\":\"https:\/\/limittools.test.consids5.se\/\",\"name\":\"Precision measuring instruments | Limit\",\"description\":\"Everything can be measured\",\"potentialAction\":[{\"@type\":\"SearchAction\",\"target\":{\"@type\":\"EntryPoint\",\"urlTemplate\":\"https:\/\/limittools.test.consids5.se\/?s={search_term_string}\"},\"query-input\":\"required name=search_term_string\"}],\"inLanguage\":\"nb-NO\"}]}<\/script>\n<!-- \/ Yoast SEO plugin. -->","yoast_head_json":{"title":"MULTIMETER LIMIT 610 - Precision measuring instruments | Limit","robots":{"index":"index","follow":"follow","max-snippet":"max-snippet:-1","max-image-preview":"max-image-preview:large","max-video-preview":"max-video-preview:-1"},"canonical":"https:\/\/limittools.test.consids5.se\/no\/product\/multimeter-limit-610\/","og_locale":"nb_NO","og_type":"article","og_title":"MULTIMETER LIMIT 610 - Precision measuring instruments | Limit","og_description":"Digitalt multimeter med b\u00e5de automatisk og manuell m\u00e5leomr\u00e5deinnstilling. Analogt stolpediagram for raske eller ustabile signaler. True RMS for b\u00e5de spenning [&hellip;]","og_url":"https:\/\/limittools.test.consids5.se\/no\/product\/multimeter-limit-610\/","og_site_name":"Precision measuring instruments | Limit","article_publisher":"https:\/\/www.facebook.com\/limittools\/","twitter_card":"summary_large_image","schema":{"@context":"https:\/\/schema.org","@graph":[{"@type":"WebPage","@id":"https:\/\/limittools.test.consids5.se\/no\/product\/multimeter-limit-610\/","url":"https:\/\/limittools.test.consids5.se\/no\/product\/multimeter-limit-610\/","name":"MULTIMETER LIMIT 610 - Precision measuring instruments | Limit","isPartOf":{"@id":"https:\/\/limittools.test.consids5.se\/#website"},"datePublished":"2025-01-22T07:47:30+00:00","dateModified":"2025-01-22T07:47:30+00:00","breadcrumb":{"@id":"https:\/\/limittools.test.consids5.se\/no\/product\/multimeter-limit-610\/#breadcrumb"},"inLanguage":"nb-NO","potentialAction":[{"@type":"ReadAction","target":["https:\/\/limittools.test.consids5.se\/no\/product\/multimeter-limit-610\/"]}]},{"@type":"BreadcrumbList","@id":"https:\/\/limittools.test.consids5.se\/no\/product\/multimeter-limit-610\/#breadcrumb","itemListElement":[{"@type":"ListItem","position":1,"name":"Products","item":"https:\/\/limittools.test.consids5.se\/products\/"},{"@type":"ListItem","position":2,"name":"MULTIMETER LIMIT 610"}]},{"@type":"WebSite","@id":"https:\/\/limittools.test.consids5.se\/#website","url":"https:\/\/limittools.test.consids5.se\/","name":"Precision measuring instruments | Limit","description":"Everything can be measured","potentialAction":[{"@type":"SearchAction","target":{"@type":"EntryPoint","urlTemplate":"https:\/\/limittools.test.consids5.se\/?s={search_term_string}"},"query-input":"required name=search_term_string"}],"inLanguage":"nb-NO"}]}},"_links":{"self":[{"href":"https:\/\/limittools.test.consids5.se\/no\/wp-json\/wp\/v2\/product\/2263"}],"collection":[{"href":"https:\/\/limittools.test.consids5.se\/no\/wp-json\/wp\/v2\/product"}],"about":[{"href":"https:\/\/limittools.test.consids5.se\/no\/wp-json\/wp\/v2\/types\/product"}],"replies":[{"embeddable":true,"href":"https:\/\/limittools.test.consids5.se\/no\/wp-json\/wp\/v2\/comments?post=2263"}],"wp:attachment":[{"href":"https:\/\/limittools.test.consids5.se\/no\/wp-json\/wp\/v2\/media?parent=2263"}],"wp:term":[{"taxonomy":"product_cat","embeddable":true,"href":"https:\/\/limittools.test.consids5.se\/no\/wp-json\/wp\/v2\/product_cat?post=2263"},{"taxonomy":"product_tag","embeddable":true,"href":"https:\/\/limittools.test.consids5.se\/no\/wp-json\/wp\/v2\/product_tag?post=2263"}],"curies":[{"name":"wp","href":"https:\/\/api.w.org\/{rel}","templated":true}]}}