{"id":2377,"date":"2025-01-22T08:33:48","date_gmt":"2025-01-22T08:33:48","guid":{"rendered":"http:\/\/limit-tools.local\/product\/tangamperemeter-23\/"},"modified":"2025-01-22T08:33:48","modified_gmt":"2025-01-22T08:33:48","slug":"tangamperemeter-limit-23","status":"publish","type":"product","link":"https:\/\/limittools.test.consids5.se\/no\/product\/tangamperemeter-limit-23\/","title":{"rendered":"TANGAMPEREMETER LIMIT 23"},"content":{"rendered":"<p>Digitalt tangamperemeter \/ multimeter med autorange. For m\u00e5ling av like-\/vekselspenning, like-\/vekselstr\u00f8m, resistanse, frekvensm\u00e5ling. Dessuten startstr\u00f8mm\u00e5ling, Maks.\/Min.-funksjon, true RMS for vekselspenning, diodetest, kontinuitetstest med summer, datahold, batterikapasitetsvarsling.Leveres komplett med testkabler, oppbevaringsveske, batterier og instruksjonsbok.Skalalengde 6666 Isolasjon CAT II 600 V \/ CAT III 300 V i henhold til IEC 61010.<\/p>\n","protected":false},"excerpt":{"rendered":"Digitalt tangamperemeter \/ multimeter med autorange. For m\u00e5ling av like-\/vekselspenning, like-\/vekselstr\u00f8m, resistanse, frekvensm\u00e5ling. Dessuten startstr\u00f8mm\u00e5ling, Maks.\/Min.-funksjon, true RMS for vekselspenning, [&hellip;]","protected":false},"featured_media":0,"comment_status":"closed","ping_status":"closed","template":"","meta":{"_acf_changed":false},"product_cat":[349,339],"product_tag":[],"class_list":{"0":"post-2377","1":"product","2":"type-product","3":"status-publish","5":"product_cat-amperemetre-no","6":"product_cat-eltest-no","8":"first","9":"instock","10":"shipping-taxable","11":"product-type-simple"},"acf":[],"yoast_head":"<!-- This site is optimized with the Yoast SEO plugin v23.2 - https:\/\/yoast.com\/wordpress\/plugins\/seo\/ -->\n<title>TANGAMPEREMETER LIMIT 23 - Precision measuring instruments | Limit<\/title>\n<meta name=\"robots\" content=\"index, follow, max-snippet:-1, max-image-preview:large, max-video-preview:-1\" \/>\n<link rel=\"canonical\" href=\"https:\/\/limittools.test.consids5.se\/no\/product\/tangamperemeter-limit-23\/\" \/>\n<meta property=\"og:locale\" content=\"nb_NO\" \/>\n<meta property=\"og:type\" content=\"article\" \/>\n<meta property=\"og:title\" content=\"TANGAMPEREMETER LIMIT 23 - Precision measuring instruments | Limit\" \/>\n<meta property=\"og:description\" content=\"Digitalt tangamperemeter \/ multimeter med autorange. For m\u00e5ling av like-\/vekselspenning, like-\/vekselstr\u00f8m, resistanse, frekvensm\u00e5ling. Dessuten startstr\u00f8mm\u00e5ling, Maks.\/Min.-funksjon, true RMS for vekselspenning, [&hellip;]\" \/>\n<meta property=\"og:url\" content=\"https:\/\/limittools.test.consids5.se\/no\/product\/tangamperemeter-limit-23\/\" \/>\n<meta property=\"og:site_name\" content=\"Precision measuring instruments | Limit\" \/>\n<meta property=\"article:publisher\" content=\"https:\/\/www.facebook.com\/limittools\/\" \/>\n<meta name=\"twitter:card\" content=\"summary_large_image\" \/>\n<script type=\"application\/ld+json\" class=\"yoast-schema-graph\">{\"@context\":\"https:\/\/schema.org\",\"@graph\":[{\"@type\":\"WebPage\",\"@id\":\"https:\/\/limittools.test.consids5.se\/no\/product\/tangamperemeter-limit-23\/\",\"url\":\"https:\/\/limittools.test.consids5.se\/no\/product\/tangamperemeter-limit-23\/\",\"name\":\"TANGAMPEREMETER LIMIT 23 - Precision measuring instruments | Limit\",\"isPartOf\":{\"@id\":\"https:\/\/limittools.test.consids5.se\/#website\"},\"datePublished\":\"2025-01-22T08:33:48+00:00\",\"dateModified\":\"2025-01-22T08:33:48+00:00\",\"breadcrumb\":{\"@id\":\"https:\/\/limittools.test.consids5.se\/no\/product\/tangamperemeter-limit-23\/#breadcrumb\"},\"inLanguage\":\"nb-NO\",\"potentialAction\":[{\"@type\":\"ReadAction\",\"target\":[\"https:\/\/limittools.test.consids5.se\/no\/product\/tangamperemeter-limit-23\/\"]}]},{\"@type\":\"BreadcrumbList\",\"@id\":\"https:\/\/limittools.test.consids5.se\/no\/product\/tangamperemeter-limit-23\/#breadcrumb\",\"itemListElement\":[{\"@type\":\"ListItem\",\"position\":1,\"name\":\"Products\",\"item\":\"https:\/\/limittools.test.consids5.se\/products\/\"},{\"@type\":\"ListItem\",\"position\":2,\"name\":\"TANGAMPEREMETER LIMIT 23\"}]},{\"@type\":\"WebSite\",\"@id\":\"https:\/\/limittools.test.consids5.se\/#website\",\"url\":\"https:\/\/limittools.test.consids5.se\/\",\"name\":\"Precision measuring instruments | Limit\",\"description\":\"Everything can be measured\",\"potentialAction\":[{\"@type\":\"SearchAction\",\"target\":{\"@type\":\"EntryPoint\",\"urlTemplate\":\"https:\/\/limittools.test.consids5.se\/?s={search_term_string}\"},\"query-input\":\"required name=search_term_string\"}],\"inLanguage\":\"nb-NO\"}]}<\/script>\n<!-- \/ Yoast SEO plugin. -->","yoast_head_json":{"title":"TANGAMPEREMETER LIMIT 23 - Precision measuring instruments | Limit","robots":{"index":"index","follow":"follow","max-snippet":"max-snippet:-1","max-image-preview":"max-image-preview:large","max-video-preview":"max-video-preview:-1"},"canonical":"https:\/\/limittools.test.consids5.se\/no\/product\/tangamperemeter-limit-23\/","og_locale":"nb_NO","og_type":"article","og_title":"TANGAMPEREMETER LIMIT 23 - Precision measuring instruments | Limit","og_description":"Digitalt tangamperemeter \/ multimeter med autorange. For m\u00e5ling av like-\/vekselspenning, like-\/vekselstr\u00f8m, resistanse, frekvensm\u00e5ling. Dessuten startstr\u00f8mm\u00e5ling, Maks.\/Min.-funksjon, true RMS for vekselspenning, [&hellip;]","og_url":"https:\/\/limittools.test.consids5.se\/no\/product\/tangamperemeter-limit-23\/","og_site_name":"Precision measuring instruments | Limit","article_publisher":"https:\/\/www.facebook.com\/limittools\/","twitter_card":"summary_large_image","schema":{"@context":"https:\/\/schema.org","@graph":[{"@type":"WebPage","@id":"https:\/\/limittools.test.consids5.se\/no\/product\/tangamperemeter-limit-23\/","url":"https:\/\/limittools.test.consids5.se\/no\/product\/tangamperemeter-limit-23\/","name":"TANGAMPEREMETER LIMIT 23 - Precision measuring instruments | Limit","isPartOf":{"@id":"https:\/\/limittools.test.consids5.se\/#website"},"datePublished":"2025-01-22T08:33:48+00:00","dateModified":"2025-01-22T08:33:48+00:00","breadcrumb":{"@id":"https:\/\/limittools.test.consids5.se\/no\/product\/tangamperemeter-limit-23\/#breadcrumb"},"inLanguage":"nb-NO","potentialAction":[{"@type":"ReadAction","target":["https:\/\/limittools.test.consids5.se\/no\/product\/tangamperemeter-limit-23\/"]}]},{"@type":"BreadcrumbList","@id":"https:\/\/limittools.test.consids5.se\/no\/product\/tangamperemeter-limit-23\/#breadcrumb","itemListElement":[{"@type":"ListItem","position":1,"name":"Products","item":"https:\/\/limittools.test.consids5.se\/products\/"},{"@type":"ListItem","position":2,"name":"TANGAMPEREMETER LIMIT 23"}]},{"@type":"WebSite","@id":"https:\/\/limittools.test.consids5.se\/#website","url":"https:\/\/limittools.test.consids5.se\/","name":"Precision measuring instruments | Limit","description":"Everything can be measured","potentialAction":[{"@type":"SearchAction","target":{"@type":"EntryPoint","urlTemplate":"https:\/\/limittools.test.consids5.se\/?s={search_term_string}"},"query-input":"required name=search_term_string"}],"inLanguage":"nb-NO"}]}},"_links":{"self":[{"href":"https:\/\/limittools.test.consids5.se\/no\/wp-json\/wp\/v2\/product\/2377"}],"collection":[{"href":"https:\/\/limittools.test.consids5.se\/no\/wp-json\/wp\/v2\/product"}],"about":[{"href":"https:\/\/limittools.test.consids5.se\/no\/wp-json\/wp\/v2\/types\/product"}],"replies":[{"embeddable":true,"href":"https:\/\/limittools.test.consids5.se\/no\/wp-json\/wp\/v2\/comments?post=2377"}],"wp:attachment":[{"href":"https:\/\/limittools.test.consids5.se\/no\/wp-json\/wp\/v2\/media?parent=2377"}],"wp:term":[{"taxonomy":"product_cat","embeddable":true,"href":"https:\/\/limittools.test.consids5.se\/no\/wp-json\/wp\/v2\/product_cat?post=2377"},{"taxonomy":"product_tag","embeddable":true,"href":"https:\/\/limittools.test.consids5.se\/no\/wp-json\/wp\/v2\/product_tag?post=2377"}],"curies":[{"name":"wp","href":"https:\/\/api.w.org\/{rel}","templated":true}]}}