{"id":2449,"date":"2026-04-08T17:29:44","date_gmt":"2026-04-08T17:29:44","guid":{"rendered":"http:\/\/limit-tools.local\/product\/pakkevekt-dig-lpw-2-60kg\/"},"modified":"2026-04-08T17:29:44","modified_gmt":"2026-04-08T17:29:44","slug":"pakkevekt-digital-lpw-2-60kg","status":"publish","type":"product","link":"https:\/\/limittools.test.consids5.se\/no\/product\/pakkevekt-digital-lpw-2-60kg\/","title":{"rendered":"PAKKEVEKT DIGITAL LPW -2 60KG"},"content":{"rendered":"<p>Elektronisk gulvvekt med s\u00f8yledisplay. Stor, tydelig 30 mm LED med vidvinkeldisplay. Kraftig konstruksjon med overbelastningsvern. Displayet kan monteres p\u00e5 s\u00f8ylen eller brukes frittst\u00e5ende.<br \/>\nFunksjonstaster for null, vektenhet, tare, netto\/brutto. Rustfri belastningsplate. Nett- eller batteridrift. Leveres med lader og oppladbart batteri. Batteridrift opp til 80 timer.<\/p>\n","protected":false},"excerpt":{"rendered":"Elektronisk gulvvekt med s\u00f8yledisplay. Stor, tydelig 30 mm LED med vidvinkeldisplay. Kraftig konstruksjon med overbelastningsvern. Displayet kan monteres p\u00e5 s\u00f8ylen [&hellip;]","protected":false},"featured_media":0,"comment_status":"closed","ping_status":"closed","template":"","meta":{"_acf_changed":false},"product_cat":[428,304],"product_tag":[],"class_list":{"0":"post-2449","1":"product","2":"type-product","3":"status-publish","5":"product_cat-pakkevekter-no","6":"product_cat-vekter-no","8":"first","9":"instock","10":"shipping-taxable","11":"product-type-simple"},"acf":[],"yoast_head":"<!-- This site is optimized with the Yoast SEO plugin v23.2 - https:\/\/yoast.com\/wordpress\/plugins\/seo\/ -->\n<title>PAKKEVEKT DIGITAL LPW -2 60KG - Precision measuring instruments | Limit<\/title>\n<meta name=\"robots\" content=\"index, follow, max-snippet:-1, max-image-preview:large, max-video-preview:-1\" \/>\n<link rel=\"canonical\" href=\"https:\/\/limittools.test.consids5.se\/no\/product\/pakkevekt-digital-lpw-2-60kg\/\" \/>\n<meta property=\"og:locale\" content=\"nb_NO\" \/>\n<meta property=\"og:type\" content=\"article\" \/>\n<meta property=\"og:title\" content=\"PAKKEVEKT DIGITAL LPW -2 60KG - Precision measuring instruments | Limit\" \/>\n<meta property=\"og:description\" content=\"Elektronisk gulvvekt med s\u00f8yledisplay. Stor, tydelig 30 mm LED med vidvinkeldisplay. Kraftig konstruksjon med overbelastningsvern. Displayet kan monteres p\u00e5 s\u00f8ylen [&hellip;]\" \/>\n<meta property=\"og:url\" content=\"https:\/\/limittools.test.consids5.se\/no\/product\/pakkevekt-digital-lpw-2-60kg\/\" \/>\n<meta property=\"og:site_name\" content=\"Precision measuring instruments | Limit\" \/>\n<meta property=\"article:publisher\" content=\"https:\/\/www.facebook.com\/limittools\/\" \/>\n<meta name=\"twitter:card\" content=\"summary_large_image\" \/>\n<script type=\"application\/ld+json\" class=\"yoast-schema-graph\">{\"@context\":\"https:\/\/schema.org\",\"@graph\":[{\"@type\":\"WebPage\",\"@id\":\"https:\/\/limittools.test.consids5.se\/no\/product\/pakkevekt-digital-lpw-2-60kg\/\",\"url\":\"https:\/\/limittools.test.consids5.se\/no\/product\/pakkevekt-digital-lpw-2-60kg\/\",\"name\":\"PAKKEVEKT DIGITAL LPW -2 60KG - Precision measuring instruments | Limit\",\"isPartOf\":{\"@id\":\"https:\/\/limittools.test.consids5.se\/#website\"},\"datePublished\":\"2026-04-08T17:29:44+00:00\",\"dateModified\":\"2026-04-08T17:29:44+00:00\",\"breadcrumb\":{\"@id\":\"https:\/\/limittools.test.consids5.se\/no\/product\/pakkevekt-digital-lpw-2-60kg\/#breadcrumb\"},\"inLanguage\":\"nb-NO\",\"potentialAction\":[{\"@type\":\"ReadAction\",\"target\":[\"https:\/\/limittools.test.consids5.se\/no\/product\/pakkevekt-digital-lpw-2-60kg\/\"]}]},{\"@type\":\"BreadcrumbList\",\"@id\":\"https:\/\/limittools.test.consids5.se\/no\/product\/pakkevekt-digital-lpw-2-60kg\/#breadcrumb\",\"itemListElement\":[{\"@type\":\"ListItem\",\"position\":1,\"name\":\"Products\",\"item\":\"https:\/\/limittools.test.consids5.se\/products\/\"},{\"@type\":\"ListItem\",\"position\":2,\"name\":\"PAKKEVEKT DIGITAL LPW -2 60KG\"}]},{\"@type\":\"WebSite\",\"@id\":\"https:\/\/limittools.test.consids5.se\/#website\",\"url\":\"https:\/\/limittools.test.consids5.se\/\",\"name\":\"Precision measuring instruments | Limit\",\"description\":\"Everything can be measured\",\"potentialAction\":[{\"@type\":\"SearchAction\",\"target\":{\"@type\":\"EntryPoint\",\"urlTemplate\":\"https:\/\/limittools.test.consids5.se\/?s={search_term_string}\"},\"query-input\":\"required name=search_term_string\"}],\"inLanguage\":\"nb-NO\"}]}<\/script>\n<!-- \/ Yoast SEO plugin. -->","yoast_head_json":{"title":"PAKKEVEKT DIGITAL LPW -2 60KG - Precision measuring instruments | Limit","robots":{"index":"index","follow":"follow","max-snippet":"max-snippet:-1","max-image-preview":"max-image-preview:large","max-video-preview":"max-video-preview:-1"},"canonical":"https:\/\/limittools.test.consids5.se\/no\/product\/pakkevekt-digital-lpw-2-60kg\/","og_locale":"nb_NO","og_type":"article","og_title":"PAKKEVEKT DIGITAL LPW -2 60KG - Precision measuring instruments | Limit","og_description":"Elektronisk gulvvekt med s\u00f8yledisplay. Stor, tydelig 30 mm LED med vidvinkeldisplay. Kraftig konstruksjon med overbelastningsvern. Displayet kan monteres p\u00e5 s\u00f8ylen [&hellip;]","og_url":"https:\/\/limittools.test.consids5.se\/no\/product\/pakkevekt-digital-lpw-2-60kg\/","og_site_name":"Precision measuring instruments | Limit","article_publisher":"https:\/\/www.facebook.com\/limittools\/","twitter_card":"summary_large_image","schema":{"@context":"https:\/\/schema.org","@graph":[{"@type":"WebPage","@id":"https:\/\/limittools.test.consids5.se\/no\/product\/pakkevekt-digital-lpw-2-60kg\/","url":"https:\/\/limittools.test.consids5.se\/no\/product\/pakkevekt-digital-lpw-2-60kg\/","name":"PAKKEVEKT DIGITAL LPW -2 60KG - Precision measuring instruments | Limit","isPartOf":{"@id":"https:\/\/limittools.test.consids5.se\/#website"},"datePublished":"2026-04-08T17:29:44+00:00","dateModified":"2026-04-08T17:29:44+00:00","breadcrumb":{"@id":"https:\/\/limittools.test.consids5.se\/no\/product\/pakkevekt-digital-lpw-2-60kg\/#breadcrumb"},"inLanguage":"nb-NO","potentialAction":[{"@type":"ReadAction","target":["https:\/\/limittools.test.consids5.se\/no\/product\/pakkevekt-digital-lpw-2-60kg\/"]}]},{"@type":"BreadcrumbList","@id":"https:\/\/limittools.test.consids5.se\/no\/product\/pakkevekt-digital-lpw-2-60kg\/#breadcrumb","itemListElement":[{"@type":"ListItem","position":1,"name":"Products","item":"https:\/\/limittools.test.consids5.se\/products\/"},{"@type":"ListItem","position":2,"name":"PAKKEVEKT DIGITAL LPW -2 60KG"}]},{"@type":"WebSite","@id":"https:\/\/limittools.test.consids5.se\/#website","url":"https:\/\/limittools.test.consids5.se\/","name":"Precision measuring instruments | Limit","description":"Everything can be measured","potentialAction":[{"@type":"SearchAction","target":{"@type":"EntryPoint","urlTemplate":"https:\/\/limittools.test.consids5.se\/?s={search_term_string}"},"query-input":"required name=search_term_string"}],"inLanguage":"nb-NO"}]}},"_links":{"self":[{"href":"https:\/\/limittools.test.consids5.se\/no\/wp-json\/wp\/v2\/product\/2449"}],"collection":[{"href":"https:\/\/limittools.test.consids5.se\/no\/wp-json\/wp\/v2\/product"}],"about":[{"href":"https:\/\/limittools.test.consids5.se\/no\/wp-json\/wp\/v2\/types\/product"}],"replies":[{"embeddable":true,"href":"https:\/\/limittools.test.consids5.se\/no\/wp-json\/wp\/v2\/comments?post=2449"}],"wp:attachment":[{"href":"https:\/\/limittools.test.consids5.se\/no\/wp-json\/wp\/v2\/media?parent=2449"}],"wp:term":[{"taxonomy":"product_cat","embeddable":true,"href":"https:\/\/limittools.test.consids5.se\/no\/wp-json\/wp\/v2\/product_cat?post=2449"},{"taxonomy":"product_tag","embeddable":true,"href":"https:\/\/limittools.test.consids5.se\/no\/wp-json\/wp\/v2\/product_tag?post=2449"}],"curies":[{"name":"wp","href":"https:\/\/api.w.org\/{rel}","templated":true}]}}