{"id":2557,"date":"2026-04-08T17:30:31","date_gmt":"2026-04-08T17:30:31","guid":{"rendered":"http:\/\/limit-tools.local\/product\/v-blokk-par-2502-76\/"},"modified":"2026-04-08T17:30:31","modified_gmt":"2026-04-08T17:30:31","slug":"v-blokk-par-2502-76","status":"publish","type":"product","link":"https:\/\/limittools.test.consids5.se\/no\/product\/v-blokk-par-2502-76\/","title":{"rendered":"V-BLOKK PAR 2502-76"},"content":{"rendered":"<p>V-blokker av spenningsfritt st\u00f8pegods. Parvis n\u00f8ye bearbeidede. Undersiden og V-sporet er parallelle med en n\u00f8yaktighet maks. 0.03 mm. V-sporets vinkel 90\u00b0.<\/p>\n","protected":false},"excerpt":{"rendered":"V-blokker av spenningsfritt st\u00f8pegods. Parvis n\u00f8ye bearbeidede. Undersiden og V-sporet er parallelle med en n\u00f8yaktighet maks. 0.03 mm. V-sporets vinkel [&hellip;]","protected":false},"featured_media":0,"comment_status":"closed","ping_status":"closed","template":"","meta":{"_acf_changed":false},"product_cat":[345,245],"product_tag":[],"class_list":{"0":"post-2557","1":"product","2":"type-product","3":"status-publish","5":"product_cat-v-blokk-no","6":"product_cat-verkstedmaling-no","8":"first","9":"instock","10":"shipping-taxable","11":"product-type-simple"},"acf":[],"yoast_head":"<!-- This site is optimized with the Yoast SEO plugin v23.2 - https:\/\/yoast.com\/wordpress\/plugins\/seo\/ -->\n<title>V-BLOKK PAR 2502-76 - Precision measuring instruments | Limit<\/title>\n<meta name=\"robots\" content=\"index, follow, max-snippet:-1, max-image-preview:large, max-video-preview:-1\" \/>\n<link rel=\"canonical\" href=\"https:\/\/limittools.test.consids5.se\/no\/product\/v-blokk-par-2502-76\/\" \/>\n<meta property=\"og:locale\" content=\"nb_NO\" \/>\n<meta property=\"og:type\" content=\"article\" \/>\n<meta property=\"og:title\" content=\"V-BLOKK PAR 2502-76 - Precision measuring instruments | Limit\" \/>\n<meta property=\"og:description\" content=\"V-blokker av spenningsfritt st\u00f8pegods. Parvis n\u00f8ye bearbeidede. Undersiden og V-sporet er parallelle med en n\u00f8yaktighet maks. 0.03 mm. V-sporets vinkel [&hellip;]\" \/>\n<meta property=\"og:url\" content=\"https:\/\/limittools.test.consids5.se\/no\/product\/v-blokk-par-2502-76\/\" \/>\n<meta property=\"og:site_name\" content=\"Precision measuring instruments | Limit\" \/>\n<meta property=\"article:publisher\" content=\"https:\/\/www.facebook.com\/limittools\/\" \/>\n<meta name=\"twitter:card\" content=\"summary_large_image\" \/>\n<script type=\"application\/ld+json\" class=\"yoast-schema-graph\">{\"@context\":\"https:\/\/schema.org\",\"@graph\":[{\"@type\":\"WebPage\",\"@id\":\"https:\/\/limittools.test.consids5.se\/no\/product\/v-blokk-par-2502-76\/\",\"url\":\"https:\/\/limittools.test.consids5.se\/no\/product\/v-blokk-par-2502-76\/\",\"name\":\"V-BLOKK PAR 2502-76 - Precision measuring instruments | Limit\",\"isPartOf\":{\"@id\":\"https:\/\/limittools.test.consids5.se\/#website\"},\"datePublished\":\"2026-04-08T17:30:31+00:00\",\"dateModified\":\"2026-04-08T17:30:31+00:00\",\"breadcrumb\":{\"@id\":\"https:\/\/limittools.test.consids5.se\/no\/product\/v-blokk-par-2502-76\/#breadcrumb\"},\"inLanguage\":\"nb-NO\",\"potentialAction\":[{\"@type\":\"ReadAction\",\"target\":[\"https:\/\/limittools.test.consids5.se\/no\/product\/v-blokk-par-2502-76\/\"]}]},{\"@type\":\"BreadcrumbList\",\"@id\":\"https:\/\/limittools.test.consids5.se\/no\/product\/v-blokk-par-2502-76\/#breadcrumb\",\"itemListElement\":[{\"@type\":\"ListItem\",\"position\":1,\"name\":\"Products\",\"item\":\"https:\/\/limittools.test.consids5.se\/products\/\"},{\"@type\":\"ListItem\",\"position\":2,\"name\":\"V-BLOKK PAR 2502-76\"}]},{\"@type\":\"WebSite\",\"@id\":\"https:\/\/limittools.test.consids5.se\/#website\",\"url\":\"https:\/\/limittools.test.consids5.se\/\",\"name\":\"Precision measuring instruments | Limit\",\"description\":\"Everything can be measured\",\"potentialAction\":[{\"@type\":\"SearchAction\",\"target\":{\"@type\":\"EntryPoint\",\"urlTemplate\":\"https:\/\/limittools.test.consids5.se\/?s={search_term_string}\"},\"query-input\":\"required name=search_term_string\"}],\"inLanguage\":\"nb-NO\"}]}<\/script>\n<!-- \/ Yoast SEO plugin. -->","yoast_head_json":{"title":"V-BLOKK PAR 2502-76 - Precision measuring instruments | Limit","robots":{"index":"index","follow":"follow","max-snippet":"max-snippet:-1","max-image-preview":"max-image-preview:large","max-video-preview":"max-video-preview:-1"},"canonical":"https:\/\/limittools.test.consids5.se\/no\/product\/v-blokk-par-2502-76\/","og_locale":"nb_NO","og_type":"article","og_title":"V-BLOKK PAR 2502-76 - Precision measuring instruments | Limit","og_description":"V-blokker av spenningsfritt st\u00f8pegods. Parvis n\u00f8ye bearbeidede. Undersiden og V-sporet er parallelle med en n\u00f8yaktighet maks. 0.03 mm. V-sporets vinkel [&hellip;]","og_url":"https:\/\/limittools.test.consids5.se\/no\/product\/v-blokk-par-2502-76\/","og_site_name":"Precision measuring instruments | Limit","article_publisher":"https:\/\/www.facebook.com\/limittools\/","twitter_card":"summary_large_image","schema":{"@context":"https:\/\/schema.org","@graph":[{"@type":"WebPage","@id":"https:\/\/limittools.test.consids5.se\/no\/product\/v-blokk-par-2502-76\/","url":"https:\/\/limittools.test.consids5.se\/no\/product\/v-blokk-par-2502-76\/","name":"V-BLOKK PAR 2502-76 - Precision measuring instruments | Limit","isPartOf":{"@id":"https:\/\/limittools.test.consids5.se\/#website"},"datePublished":"2026-04-08T17:30:31+00:00","dateModified":"2026-04-08T17:30:31+00:00","breadcrumb":{"@id":"https:\/\/limittools.test.consids5.se\/no\/product\/v-blokk-par-2502-76\/#breadcrumb"},"inLanguage":"nb-NO","potentialAction":[{"@type":"ReadAction","target":["https:\/\/limittools.test.consids5.se\/no\/product\/v-blokk-par-2502-76\/"]}]},{"@type":"BreadcrumbList","@id":"https:\/\/limittools.test.consids5.se\/no\/product\/v-blokk-par-2502-76\/#breadcrumb","itemListElement":[{"@type":"ListItem","position":1,"name":"Products","item":"https:\/\/limittools.test.consids5.se\/products\/"},{"@type":"ListItem","position":2,"name":"V-BLOKK PAR 2502-76"}]},{"@type":"WebSite","@id":"https:\/\/limittools.test.consids5.se\/#website","url":"https:\/\/limittools.test.consids5.se\/","name":"Precision measuring instruments | Limit","description":"Everything can be measured","potentialAction":[{"@type":"SearchAction","target":{"@type":"EntryPoint","urlTemplate":"https:\/\/limittools.test.consids5.se\/?s={search_term_string}"},"query-input":"required name=search_term_string"}],"inLanguage":"nb-NO"}]}},"_links":{"self":[{"href":"https:\/\/limittools.test.consids5.se\/no\/wp-json\/wp\/v2\/product\/2557"}],"collection":[{"href":"https:\/\/limittools.test.consids5.se\/no\/wp-json\/wp\/v2\/product"}],"about":[{"href":"https:\/\/limittools.test.consids5.se\/no\/wp-json\/wp\/v2\/types\/product"}],"replies":[{"embeddable":true,"href":"https:\/\/limittools.test.consids5.se\/no\/wp-json\/wp\/v2\/comments?post=2557"}],"wp:attachment":[{"href":"https:\/\/limittools.test.consids5.se\/no\/wp-json\/wp\/v2\/media?parent=2557"}],"wp:term":[{"taxonomy":"product_cat","embeddable":true,"href":"https:\/\/limittools.test.consids5.se\/no\/wp-json\/wp\/v2\/product_cat?post=2557"},{"taxonomy":"product_tag","embeddable":true,"href":"https:\/\/limittools.test.consids5.se\/no\/wp-json\/wp\/v2\/product_tag?post=2557"}],"curies":[{"name":"wp","href":"https:\/\/api.w.org\/{rel}","templated":true}]}}