{"id":2563,"date":"2026-04-08T17:30:35","date_gmt":"2026-04-08T17:30:35","guid":{"rendered":"http:\/\/limit-tools.local\/product\/bladsoker-2595-6\/"},"modified":"2026-04-08T17:30:35","modified_gmt":"2026-04-08T17:30:35","slug":"bladsoker-20-010-200-98mm","status":"publish","type":"product","link":"https:\/\/limittools.test.consids5.se\/no\/product\/bladsoker-20-010-200-98mm\/","title":{"rendered":"BLADS\u00d8KER 20-0,10-2,00 98MM"},"content":{"rendered":"<p>Blads\u00f8ker med blad i millimeterdimensjoner. For m\u00e5ling av slisser, glipp i lager m.m. Med forniklet, l\u00e5sbar holder og koniske blad.<\/p>\n","protected":false},"excerpt":{"rendered":"Blads\u00f8ker med blad i millimeterdimensjoner. For m\u00e5ling av slisser, glipp i lager m.m. Med forniklet, l\u00e5sbar holder og koniske blad.","protected":false},"featured_media":0,"comment_status":"closed","ping_status":"closed","template":"","meta":{"_acf_changed":false},"product_cat":[334,245],"product_tag":[],"class_list":{"0":"post-2563","1":"product","2":"type-product","3":"status-publish","5":"product_cat-bladlaere-no","6":"product_cat-verkstedmaling-no","8":"first","9":"instock","10":"shipping-taxable","11":"product-type-simple"},"acf":[],"yoast_head":"<!-- This site is optimized with the Yoast SEO plugin v23.2 - https:\/\/yoast.com\/wordpress\/plugins\/seo\/ -->\n<title>BLADS\u00d8KER 20-0,10-2,00 98MM - Precision measuring instruments | Limit<\/title>\n<meta name=\"robots\" content=\"index, follow, max-snippet:-1, max-image-preview:large, max-video-preview:-1\" \/>\n<link rel=\"canonical\" href=\"https:\/\/limittools.test.consids5.se\/no\/product\/bladsoker-20-010-200-98mm\/\" \/>\n<meta property=\"og:locale\" content=\"nb_NO\" \/>\n<meta property=\"og:type\" content=\"article\" \/>\n<meta property=\"og:title\" content=\"BLADS\u00d8KER 20-0,10-2,00 98MM - Precision measuring instruments | Limit\" \/>\n<meta property=\"og:description\" content=\"Blads\u00f8ker med blad i millimeterdimensjoner. For m\u00e5ling av slisser, glipp i lager m.m. Med forniklet, l\u00e5sbar holder og koniske blad.\" \/>\n<meta property=\"og:url\" content=\"https:\/\/limittools.test.consids5.se\/no\/product\/bladsoker-20-010-200-98mm\/\" \/>\n<meta property=\"og:site_name\" content=\"Precision measuring instruments | Limit\" \/>\n<meta property=\"article:publisher\" content=\"https:\/\/www.facebook.com\/limittools\/\" \/>\n<meta name=\"twitter:card\" content=\"summary_large_image\" \/>\n<script type=\"application\/ld+json\" class=\"yoast-schema-graph\">{\"@context\":\"https:\/\/schema.org\",\"@graph\":[{\"@type\":\"WebPage\",\"@id\":\"https:\/\/limittools.test.consids5.se\/no\/product\/bladsoker-20-010-200-98mm\/\",\"url\":\"https:\/\/limittools.test.consids5.se\/no\/product\/bladsoker-20-010-200-98mm\/\",\"name\":\"BLADS\u00d8KER 20-0,10-2,00 98MM - Precision measuring instruments | Limit\",\"isPartOf\":{\"@id\":\"https:\/\/limittools.test.consids5.se\/#website\"},\"datePublished\":\"2026-04-08T17:30:35+00:00\",\"dateModified\":\"2026-04-08T17:30:35+00:00\",\"breadcrumb\":{\"@id\":\"https:\/\/limittools.test.consids5.se\/no\/product\/bladsoker-20-010-200-98mm\/#breadcrumb\"},\"inLanguage\":\"nb-NO\",\"potentialAction\":[{\"@type\":\"ReadAction\",\"target\":[\"https:\/\/limittools.test.consids5.se\/no\/product\/bladsoker-20-010-200-98mm\/\"]}]},{\"@type\":\"BreadcrumbList\",\"@id\":\"https:\/\/limittools.test.consids5.se\/no\/product\/bladsoker-20-010-200-98mm\/#breadcrumb\",\"itemListElement\":[{\"@type\":\"ListItem\",\"position\":1,\"name\":\"Products\",\"item\":\"https:\/\/limittools.test.consids5.se\/products\/\"},{\"@type\":\"ListItem\",\"position\":2,\"name\":\"BLADS\u00d8KER 20-0,10-2,00 98MM\"}]},{\"@type\":\"WebSite\",\"@id\":\"https:\/\/limittools.test.consids5.se\/#website\",\"url\":\"https:\/\/limittools.test.consids5.se\/\",\"name\":\"Precision measuring instruments | Limit\",\"description\":\"Everything can be measured\",\"potentialAction\":[{\"@type\":\"SearchAction\",\"target\":{\"@type\":\"EntryPoint\",\"urlTemplate\":\"https:\/\/limittools.test.consids5.se\/?s={search_term_string}\"},\"query-input\":\"required name=search_term_string\"}],\"inLanguage\":\"nb-NO\"}]}<\/script>\n<!-- \/ Yoast SEO plugin. -->","yoast_head_json":{"title":"BLADS\u00d8KER 20-0,10-2,00 98MM - Precision measuring instruments | Limit","robots":{"index":"index","follow":"follow","max-snippet":"max-snippet:-1","max-image-preview":"max-image-preview:large","max-video-preview":"max-video-preview:-1"},"canonical":"https:\/\/limittools.test.consids5.se\/no\/product\/bladsoker-20-010-200-98mm\/","og_locale":"nb_NO","og_type":"article","og_title":"BLADS\u00d8KER 20-0,10-2,00 98MM - Precision measuring instruments | Limit","og_description":"Blads\u00f8ker med blad i millimeterdimensjoner. For m\u00e5ling av slisser, glipp i lager m.m. Med forniklet, l\u00e5sbar holder og koniske blad.","og_url":"https:\/\/limittools.test.consids5.se\/no\/product\/bladsoker-20-010-200-98mm\/","og_site_name":"Precision measuring instruments | Limit","article_publisher":"https:\/\/www.facebook.com\/limittools\/","twitter_card":"summary_large_image","schema":{"@context":"https:\/\/schema.org","@graph":[{"@type":"WebPage","@id":"https:\/\/limittools.test.consids5.se\/no\/product\/bladsoker-20-010-200-98mm\/","url":"https:\/\/limittools.test.consids5.se\/no\/product\/bladsoker-20-010-200-98mm\/","name":"BLADS\u00d8KER 20-0,10-2,00 98MM - Precision measuring instruments | Limit","isPartOf":{"@id":"https:\/\/limittools.test.consids5.se\/#website"},"datePublished":"2026-04-08T17:30:35+00:00","dateModified":"2026-04-08T17:30:35+00:00","breadcrumb":{"@id":"https:\/\/limittools.test.consids5.se\/no\/product\/bladsoker-20-010-200-98mm\/#breadcrumb"},"inLanguage":"nb-NO","potentialAction":[{"@type":"ReadAction","target":["https:\/\/limittools.test.consids5.se\/no\/product\/bladsoker-20-010-200-98mm\/"]}]},{"@type":"BreadcrumbList","@id":"https:\/\/limittools.test.consids5.se\/no\/product\/bladsoker-20-010-200-98mm\/#breadcrumb","itemListElement":[{"@type":"ListItem","position":1,"name":"Products","item":"https:\/\/limittools.test.consids5.se\/products\/"},{"@type":"ListItem","position":2,"name":"BLADS\u00d8KER 20-0,10-2,00 98MM"}]},{"@type":"WebSite","@id":"https:\/\/limittools.test.consids5.se\/#website","url":"https:\/\/limittools.test.consids5.se\/","name":"Precision measuring instruments | Limit","description":"Everything can be measured","potentialAction":[{"@type":"SearchAction","target":{"@type":"EntryPoint","urlTemplate":"https:\/\/limittools.test.consids5.se\/?s={search_term_string}"},"query-input":"required name=search_term_string"}],"inLanguage":"nb-NO"}]}},"_links":{"self":[{"href":"https:\/\/limittools.test.consids5.se\/no\/wp-json\/wp\/v2\/product\/2563"}],"collection":[{"href":"https:\/\/limittools.test.consids5.se\/no\/wp-json\/wp\/v2\/product"}],"about":[{"href":"https:\/\/limittools.test.consids5.se\/no\/wp-json\/wp\/v2\/types\/product"}],"replies":[{"embeddable":true,"href":"https:\/\/limittools.test.consids5.se\/no\/wp-json\/wp\/v2\/comments?post=2563"}],"wp:attachment":[{"href":"https:\/\/limittools.test.consids5.se\/no\/wp-json\/wp\/v2\/media?parent=2563"}],"wp:term":[{"taxonomy":"product_cat","embeddable":true,"href":"https:\/\/limittools.test.consids5.se\/no\/wp-json\/wp\/v2\/product_cat?post=2563"},{"taxonomy":"product_tag","embeddable":true,"href":"https:\/\/limittools.test.consids5.se\/no\/wp-json\/wp\/v2\/product_tag?post=2563"}],"curies":[{"name":"wp","href":"https:\/\/api.w.org\/{rel}","templated":true}]}}