{"id":2597,"date":"2026-04-08T17:30:52","date_gmt":"2026-04-08T17:30:52","guid":{"rendered":"http:\/\/limit-tools.local\/product\/ir-termometer-limit-ip65\/"},"modified":"2026-04-08T17:30:52","modified_gmt":"2026-04-08T17:30:52","slug":"ir-termometer-limit-97","status":"publish","type":"product","link":"https:\/\/limittools.test.consids5.se\/no\/product\/ir-termometer-limit-97\/","title":{"rendered":"IR-TERMOMETER LIMIT 97"},"content":{"rendered":"<p>V\u00e5rt nye IR-termometer LIMIT 97 er et gedigent og solid produkt. Den bruker infrar\u00f8d m\u00e5ling med doble punkter som raskt m\u00e5ler temperaturen n\u00f8yaktig. Med en IP 65 klassifisering t\u00e5ler den t\u00f8ffe milj\u00f8er. Den kan innstilles i \u00e5 m\u00e5le \u00b0C eller \u00b0F men ogs\u00e5 ulike materialer og overflater, memorere maks. og min. og bruke den i m\u00f8rke rom da den har LCD-display og bakgrunnslys. Batteri 9V inng\u00e5r.<\/p>\n","protected":false},"excerpt":{"rendered":"V\u00e5rt nye IR-termometer LIMIT 97 er et gedigent og solid produkt. Den bruker infrar\u00f8d m\u00e5ling med doble punkter som raskt [&hellip;]","protected":false},"featured_media":0,"comment_status":"closed","ping_status":"closed","template":"","meta":{"_acf_changed":false},"product_cat":[1799,544],"product_tag":[],"class_list":{"0":"post-2597","1":"product","2":"type-product","3":"status-publish","5":"product_cat-ir-termometre-no-klima-og-miljomaling-instrumenter-no-98","6":"product_cat-klima-og-miljomaling-instrumenter-no","8":"first","9":"instock","10":"shipping-taxable","11":"product-type-simple"},"acf":[],"yoast_head":"<!-- This site is optimized with the Yoast SEO plugin v23.2 - https:\/\/yoast.com\/wordpress\/plugins\/seo\/ -->\n<title>IR-TERMOMETER LIMIT 97 - Precision measuring instruments | Limit<\/title>\n<meta name=\"robots\" content=\"index, follow, max-snippet:-1, max-image-preview:large, max-video-preview:-1\" \/>\n<link rel=\"canonical\" href=\"https:\/\/limittools.test.consids5.se\/no\/product\/ir-termometer-limit-97\/\" \/>\n<meta property=\"og:locale\" content=\"nb_NO\" \/>\n<meta property=\"og:type\" content=\"article\" \/>\n<meta property=\"og:title\" content=\"IR-TERMOMETER LIMIT 97 - Precision measuring instruments | Limit\" \/>\n<meta property=\"og:description\" content=\"V\u00e5rt nye IR-termometer LIMIT 97 er et gedigent og solid produkt. Den bruker infrar\u00f8d m\u00e5ling med doble punkter som raskt [&hellip;]\" \/>\n<meta property=\"og:url\" content=\"https:\/\/limittools.test.consids5.se\/no\/product\/ir-termometer-limit-97\/\" \/>\n<meta property=\"og:site_name\" content=\"Precision measuring instruments | Limit\" \/>\n<meta property=\"article:publisher\" content=\"https:\/\/www.facebook.com\/limittools\/\" \/>\n<meta name=\"twitter:card\" content=\"summary_large_image\" \/>\n<script type=\"application\/ld+json\" class=\"yoast-schema-graph\">{\"@context\":\"https:\/\/schema.org\",\"@graph\":[{\"@type\":\"WebPage\",\"@id\":\"https:\/\/limittools.test.consids5.se\/no\/product\/ir-termometer-limit-97\/\",\"url\":\"https:\/\/limittools.test.consids5.se\/no\/product\/ir-termometer-limit-97\/\",\"name\":\"IR-TERMOMETER LIMIT 97 - Precision measuring instruments | Limit\",\"isPartOf\":{\"@id\":\"https:\/\/limittools.test.consids5.se\/#website\"},\"datePublished\":\"2026-04-08T17:30:52+00:00\",\"dateModified\":\"2026-04-08T17:30:52+00:00\",\"breadcrumb\":{\"@id\":\"https:\/\/limittools.test.consids5.se\/no\/product\/ir-termometer-limit-97\/#breadcrumb\"},\"inLanguage\":\"nb-NO\",\"potentialAction\":[{\"@type\":\"ReadAction\",\"target\":[\"https:\/\/limittools.test.consids5.se\/no\/product\/ir-termometer-limit-97\/\"]}]},{\"@type\":\"BreadcrumbList\",\"@id\":\"https:\/\/limittools.test.consids5.se\/no\/product\/ir-termometer-limit-97\/#breadcrumb\",\"itemListElement\":[{\"@type\":\"ListItem\",\"position\":1,\"name\":\"Products\",\"item\":\"https:\/\/limittools.test.consids5.se\/products\/\"},{\"@type\":\"ListItem\",\"position\":2,\"name\":\"IR-TERMOMETER LIMIT 97\"}]},{\"@type\":\"WebSite\",\"@id\":\"https:\/\/limittools.test.consids5.se\/#website\",\"url\":\"https:\/\/limittools.test.consids5.se\/\",\"name\":\"Precision measuring instruments | Limit\",\"description\":\"Everything can be measured\",\"potentialAction\":[{\"@type\":\"SearchAction\",\"target\":{\"@type\":\"EntryPoint\",\"urlTemplate\":\"https:\/\/limittools.test.consids5.se\/?s={search_term_string}\"},\"query-input\":\"required name=search_term_string\"}],\"inLanguage\":\"nb-NO\"}]}<\/script>\n<!-- \/ Yoast SEO plugin. -->","yoast_head_json":{"title":"IR-TERMOMETER LIMIT 97 - Precision measuring instruments | Limit","robots":{"index":"index","follow":"follow","max-snippet":"max-snippet:-1","max-image-preview":"max-image-preview:large","max-video-preview":"max-video-preview:-1"},"canonical":"https:\/\/limittools.test.consids5.se\/no\/product\/ir-termometer-limit-97\/","og_locale":"nb_NO","og_type":"article","og_title":"IR-TERMOMETER LIMIT 97 - Precision measuring instruments | Limit","og_description":"V\u00e5rt nye IR-termometer LIMIT 97 er et gedigent og solid produkt. Den bruker infrar\u00f8d m\u00e5ling med doble punkter som raskt [&hellip;]","og_url":"https:\/\/limittools.test.consids5.se\/no\/product\/ir-termometer-limit-97\/","og_site_name":"Precision measuring instruments | Limit","article_publisher":"https:\/\/www.facebook.com\/limittools\/","twitter_card":"summary_large_image","schema":{"@context":"https:\/\/schema.org","@graph":[{"@type":"WebPage","@id":"https:\/\/limittools.test.consids5.se\/no\/product\/ir-termometer-limit-97\/","url":"https:\/\/limittools.test.consids5.se\/no\/product\/ir-termometer-limit-97\/","name":"IR-TERMOMETER LIMIT 97 - Precision measuring instruments | Limit","isPartOf":{"@id":"https:\/\/limittools.test.consids5.se\/#website"},"datePublished":"2026-04-08T17:30:52+00:00","dateModified":"2026-04-08T17:30:52+00:00","breadcrumb":{"@id":"https:\/\/limittools.test.consids5.se\/no\/product\/ir-termometer-limit-97\/#breadcrumb"},"inLanguage":"nb-NO","potentialAction":[{"@type":"ReadAction","target":["https:\/\/limittools.test.consids5.se\/no\/product\/ir-termometer-limit-97\/"]}]},{"@type":"BreadcrumbList","@id":"https:\/\/limittools.test.consids5.se\/no\/product\/ir-termometer-limit-97\/#breadcrumb","itemListElement":[{"@type":"ListItem","position":1,"name":"Products","item":"https:\/\/limittools.test.consids5.se\/products\/"},{"@type":"ListItem","position":2,"name":"IR-TERMOMETER LIMIT 97"}]},{"@type":"WebSite","@id":"https:\/\/limittools.test.consids5.se\/#website","url":"https:\/\/limittools.test.consids5.se\/","name":"Precision measuring instruments | Limit","description":"Everything can be measured","potentialAction":[{"@type":"SearchAction","target":{"@type":"EntryPoint","urlTemplate":"https:\/\/limittools.test.consids5.se\/?s={search_term_string}"},"query-input":"required name=search_term_string"}],"inLanguage":"nb-NO"}]}},"_links":{"self":[{"href":"https:\/\/limittools.test.consids5.se\/no\/wp-json\/wp\/v2\/product\/2597"}],"collection":[{"href":"https:\/\/limittools.test.consids5.se\/no\/wp-json\/wp\/v2\/product"}],"about":[{"href":"https:\/\/limittools.test.consids5.se\/no\/wp-json\/wp\/v2\/types\/product"}],"replies":[{"embeddable":true,"href":"https:\/\/limittools.test.consids5.se\/no\/wp-json\/wp\/v2\/comments?post=2597"}],"wp:attachment":[{"href":"https:\/\/limittools.test.consids5.se\/no\/wp-json\/wp\/v2\/media?parent=2597"}],"wp:term":[{"taxonomy":"product_cat","embeddable":true,"href":"https:\/\/limittools.test.consids5.se\/no\/wp-json\/wp\/v2\/product_cat?post=2597"},{"taxonomy":"product_tag","embeddable":true,"href":"https:\/\/limittools.test.consids5.se\/no\/wp-json\/wp\/v2\/product_tag?post=2597"}],"curies":[{"name":"wp","href":"https:\/\/api.w.org\/{rel}","templated":true}]}}