{"id":2684,"date":"2025-01-22T08:35:50","date_gmt":"2025-01-22T08:35:50","guid":{"rendered":"http:\/\/limit-tools.local\/product\/vibrationsmaler-limit-4800\/"},"modified":"2025-01-22T08:35:50","modified_gmt":"2025-01-22T08:35:50","slug":"vibrasjonsmaler-limit-4800","status":"publish","type":"product","link":"https:\/\/limittools.test.consids5.se\/no\/product\/vibrasjonsmaler-limit-4800\/","title":{"rendered":"VIBRASJONSM\u00c5LER LIMIT 4800"},"content":{"rendered":"<p>Vibrasjonsm\u00e5ler for kontroll av maskiner, elektriske og pneumatiske h\u00e5ndverkt\u00f8y etc. \u00c5 m\u00e5le vibrasjoner er en viktig m\u00e5te \u00e5 forhindre ergonomiske skader p\u00e5 mennesker, samt \u00e5 forebygge kommende vedlikehold p\u00e5 maskiner. Leveres med sensor (diam. 25 mm) med magnetisk fot og bruksanvisning.<\/p>\n","protected":false},"excerpt":{"rendered":"Vibrasjonsm\u00e5ler for kontroll av maskiner, elektriske og pneumatiske h\u00e5ndverkt\u00f8y etc. \u00c5 m\u00e5le vibrasjoner er en viktig m\u00e5te \u00e5 forhindre ergonomiske [&hellip;]","protected":false},"featured_media":0,"comment_status":"closed","ping_status":"closed","template":"","meta":{"_acf_changed":false},"product_cat":[320,445],"product_tag":[],"class_list":{"0":"post-2684","1":"product","2":"type-product","3":"status-publish","5":"product_cat-inspeksjon-no","6":"product_cat-vibrasjonsmalere-no","8":"first","9":"instock","10":"shipping-taxable","11":"product-type-simple"},"acf":[],"yoast_head":"<!-- This site is optimized with the Yoast SEO plugin v23.2 - https:\/\/yoast.com\/wordpress\/plugins\/seo\/ -->\n<title>VIBRASJONSM\u00c5LER LIMIT 4800 - Precision measuring instruments | Limit<\/title>\n<meta name=\"robots\" content=\"index, follow, max-snippet:-1, max-image-preview:large, max-video-preview:-1\" \/>\n<link rel=\"canonical\" href=\"https:\/\/limittools.test.consids5.se\/no\/product\/vibrasjonsmaler-limit-4800\/\" \/>\n<meta property=\"og:locale\" content=\"nb_NO\" \/>\n<meta property=\"og:type\" content=\"article\" \/>\n<meta property=\"og:title\" content=\"VIBRASJONSM\u00c5LER LIMIT 4800 - Precision measuring instruments | Limit\" \/>\n<meta property=\"og:description\" content=\"Vibrasjonsm\u00e5ler for kontroll av maskiner, elektriske og pneumatiske h\u00e5ndverkt\u00f8y etc. \u00c5 m\u00e5le vibrasjoner er en viktig m\u00e5te \u00e5 forhindre ergonomiske [&hellip;]\" \/>\n<meta property=\"og:url\" content=\"https:\/\/limittools.test.consids5.se\/no\/product\/vibrasjonsmaler-limit-4800\/\" \/>\n<meta property=\"og:site_name\" content=\"Precision measuring instruments | Limit\" \/>\n<meta property=\"article:publisher\" content=\"https:\/\/www.facebook.com\/limittools\/\" \/>\n<meta name=\"twitter:card\" content=\"summary_large_image\" \/>\n<script type=\"application\/ld+json\" class=\"yoast-schema-graph\">{\"@context\":\"https:\/\/schema.org\",\"@graph\":[{\"@type\":\"WebPage\",\"@id\":\"https:\/\/limittools.test.consids5.se\/no\/product\/vibrasjonsmaler-limit-4800\/\",\"url\":\"https:\/\/limittools.test.consids5.se\/no\/product\/vibrasjonsmaler-limit-4800\/\",\"name\":\"VIBRASJONSM\u00c5LER LIMIT 4800 - Precision measuring instruments | Limit\",\"isPartOf\":{\"@id\":\"https:\/\/limittools.test.consids5.se\/#website\"},\"datePublished\":\"2025-01-22T08:35:50+00:00\",\"dateModified\":\"2025-01-22T08:35:50+00:00\",\"breadcrumb\":{\"@id\":\"https:\/\/limittools.test.consids5.se\/no\/product\/vibrasjonsmaler-limit-4800\/#breadcrumb\"},\"inLanguage\":\"nb-NO\",\"potentialAction\":[{\"@type\":\"ReadAction\",\"target\":[\"https:\/\/limittools.test.consids5.se\/no\/product\/vibrasjonsmaler-limit-4800\/\"]}]},{\"@type\":\"BreadcrumbList\",\"@id\":\"https:\/\/limittools.test.consids5.se\/no\/product\/vibrasjonsmaler-limit-4800\/#breadcrumb\",\"itemListElement\":[{\"@type\":\"ListItem\",\"position\":1,\"name\":\"Products\",\"item\":\"https:\/\/limittools.test.consids5.se\/products\/\"},{\"@type\":\"ListItem\",\"position\":2,\"name\":\"VIBRASJONSM\u00c5LER LIMIT 4800\"}]},{\"@type\":\"WebSite\",\"@id\":\"https:\/\/limittools.test.consids5.se\/#website\",\"url\":\"https:\/\/limittools.test.consids5.se\/\",\"name\":\"Precision measuring instruments | Limit\",\"description\":\"Everything can be measured\",\"potentialAction\":[{\"@type\":\"SearchAction\",\"target\":{\"@type\":\"EntryPoint\",\"urlTemplate\":\"https:\/\/limittools.test.consids5.se\/?s={search_term_string}\"},\"query-input\":\"required name=search_term_string\"}],\"inLanguage\":\"nb-NO\"}]}<\/script>\n<!-- \/ Yoast SEO plugin. -->","yoast_head_json":{"title":"VIBRASJONSM\u00c5LER LIMIT 4800 - Precision measuring instruments | Limit","robots":{"index":"index","follow":"follow","max-snippet":"max-snippet:-1","max-image-preview":"max-image-preview:large","max-video-preview":"max-video-preview:-1"},"canonical":"https:\/\/limittools.test.consids5.se\/no\/product\/vibrasjonsmaler-limit-4800\/","og_locale":"nb_NO","og_type":"article","og_title":"VIBRASJONSM\u00c5LER LIMIT 4800 - Precision measuring instruments | Limit","og_description":"Vibrasjonsm\u00e5ler for kontroll av maskiner, elektriske og pneumatiske h\u00e5ndverkt\u00f8y etc. \u00c5 m\u00e5le vibrasjoner er en viktig m\u00e5te \u00e5 forhindre ergonomiske [&hellip;]","og_url":"https:\/\/limittools.test.consids5.se\/no\/product\/vibrasjonsmaler-limit-4800\/","og_site_name":"Precision measuring instruments | Limit","article_publisher":"https:\/\/www.facebook.com\/limittools\/","twitter_card":"summary_large_image","schema":{"@context":"https:\/\/schema.org","@graph":[{"@type":"WebPage","@id":"https:\/\/limittools.test.consids5.se\/no\/product\/vibrasjonsmaler-limit-4800\/","url":"https:\/\/limittools.test.consids5.se\/no\/product\/vibrasjonsmaler-limit-4800\/","name":"VIBRASJONSM\u00c5LER LIMIT 4800 - Precision measuring instruments | Limit","isPartOf":{"@id":"https:\/\/limittools.test.consids5.se\/#website"},"datePublished":"2025-01-22T08:35:50+00:00","dateModified":"2025-01-22T08:35:50+00:00","breadcrumb":{"@id":"https:\/\/limittools.test.consids5.se\/no\/product\/vibrasjonsmaler-limit-4800\/#breadcrumb"},"inLanguage":"nb-NO","potentialAction":[{"@type":"ReadAction","target":["https:\/\/limittools.test.consids5.se\/no\/product\/vibrasjonsmaler-limit-4800\/"]}]},{"@type":"BreadcrumbList","@id":"https:\/\/limittools.test.consids5.se\/no\/product\/vibrasjonsmaler-limit-4800\/#breadcrumb","itemListElement":[{"@type":"ListItem","position":1,"name":"Products","item":"https:\/\/limittools.test.consids5.se\/products\/"},{"@type":"ListItem","position":2,"name":"VIBRASJONSM\u00c5LER LIMIT 4800"}]},{"@type":"WebSite","@id":"https:\/\/limittools.test.consids5.se\/#website","url":"https:\/\/limittools.test.consids5.se\/","name":"Precision measuring instruments | Limit","description":"Everything can be measured","potentialAction":[{"@type":"SearchAction","target":{"@type":"EntryPoint","urlTemplate":"https:\/\/limittools.test.consids5.se\/?s={search_term_string}"},"query-input":"required name=search_term_string"}],"inLanguage":"nb-NO"}]}},"_links":{"self":[{"href":"https:\/\/limittools.test.consids5.se\/no\/wp-json\/wp\/v2\/product\/2684"}],"collection":[{"href":"https:\/\/limittools.test.consids5.se\/no\/wp-json\/wp\/v2\/product"}],"about":[{"href":"https:\/\/limittools.test.consids5.se\/no\/wp-json\/wp\/v2\/types\/product"}],"replies":[{"embeddable":true,"href":"https:\/\/limittools.test.consids5.se\/no\/wp-json\/wp\/v2\/comments?post=2684"}],"wp:attachment":[{"href":"https:\/\/limittools.test.consids5.se\/no\/wp-json\/wp\/v2\/media?parent=2684"}],"wp:term":[{"taxonomy":"product_cat","embeddable":true,"href":"https:\/\/limittools.test.consids5.se\/no\/wp-json\/wp\/v2\/product_cat?post=2684"},{"taxonomy":"product_tag","embeddable":true,"href":"https:\/\/limittools.test.consids5.se\/no\/wp-json\/wp\/v2\/product_tag?post=2684"}],"curies":[{"name":"wp","href":"https:\/\/api.w.org\/{rel}","templated":true}]}}