{"id":2822,"date":"2021-11-29T13:54:53","date_gmt":"2021-11-29T13:54:53","guid":{"rendered":"http:\/\/limit-tools.local\/product\/skyvelaere-elektronisk-300-mm\/"},"modified":"2021-11-29T13:54:53","modified_gmt":"2021-11-29T13:54:53","slug":"skyvelaere-digitalt-300mm-3","status":"publish","type":"product","link":"https:\/\/limittools.test.consids5.se\/no\/product\/skyvelaere-digitalt-300mm-3\/","title":{"rendered":"SKYVEL\u00c6RE DIGITALT 300MM"},"content":{"rendered":"<p>Digitalt skyvel\u00e6re. Laget av rustfritt st\u00e5l. Automatisk avstenging. 4-funksjon. DIN 862. Batteri 3 V type CR2032<\/p>\n","protected":false},"excerpt":{"rendered":"Digitalt skyvel\u00e6re. Laget av rustfritt st\u00e5l. Automatisk avstenging. 4-funksjon. DIN 862. Batteri 3 V type CR2032","protected":false},"featured_media":0,"comment_status":"closed","ping_status":"closed","template":"","meta":{"_acf_changed":false},"product_cat":[357,245],"product_tag":[],"class_list":{"0":"post-2822","1":"product","2":"type-product","3":"status-publish","5":"product_cat-digitale-skyvelaere-no","6":"product_cat-verkstedmaling-no","8":"first","9":"instock","10":"shipping-taxable","11":"product-type-simple"},"acf":[],"yoast_head":"<!-- This site is optimized with the Yoast SEO plugin v23.2 - https:\/\/yoast.com\/wordpress\/plugins\/seo\/ -->\n<title>SKYVEL\u00c6RE DIGITALT 300MM - Precision measuring instruments | Limit<\/title>\n<meta name=\"robots\" content=\"index, follow, max-snippet:-1, max-image-preview:large, max-video-preview:-1\" \/>\n<link rel=\"canonical\" href=\"https:\/\/limittools.test.consids5.se\/no\/product\/skyvelaere-digitalt-300mm-3\/\" \/>\n<meta property=\"og:locale\" content=\"nb_NO\" \/>\n<meta property=\"og:type\" content=\"article\" \/>\n<meta property=\"og:title\" content=\"SKYVEL\u00c6RE DIGITALT 300MM - Precision measuring instruments | Limit\" \/>\n<meta property=\"og:description\" content=\"Digitalt skyvel\u00e6re. Laget av rustfritt st\u00e5l. Automatisk avstenging. 4-funksjon. DIN 862. Batteri 3 V type CR2032\" \/>\n<meta property=\"og:url\" content=\"https:\/\/limittools.test.consids5.se\/no\/product\/skyvelaere-digitalt-300mm-3\/\" \/>\n<meta property=\"og:site_name\" content=\"Precision measuring instruments | Limit\" \/>\n<meta property=\"article:publisher\" content=\"https:\/\/www.facebook.com\/limittools\/\" \/>\n<meta name=\"twitter:card\" content=\"summary_large_image\" \/>\n<script type=\"application\/ld+json\" class=\"yoast-schema-graph\">{\"@context\":\"https:\/\/schema.org\",\"@graph\":[{\"@type\":\"WebPage\",\"@id\":\"https:\/\/limittools.test.consids5.se\/no\/product\/skyvelaere-digitalt-300mm-3\/\",\"url\":\"https:\/\/limittools.test.consids5.se\/no\/product\/skyvelaere-digitalt-300mm-3\/\",\"name\":\"SKYVEL\u00c6RE DIGITALT 300MM - Precision measuring instruments | Limit\",\"isPartOf\":{\"@id\":\"https:\/\/limittools.test.consids5.se\/#website\"},\"datePublished\":\"2021-11-29T13:54:53+00:00\",\"dateModified\":\"2021-11-29T13:54:53+00:00\",\"breadcrumb\":{\"@id\":\"https:\/\/limittools.test.consids5.se\/no\/product\/skyvelaere-digitalt-300mm-3\/#breadcrumb\"},\"inLanguage\":\"nb-NO\",\"potentialAction\":[{\"@type\":\"ReadAction\",\"target\":[\"https:\/\/limittools.test.consids5.se\/no\/product\/skyvelaere-digitalt-300mm-3\/\"]}]},{\"@type\":\"BreadcrumbList\",\"@id\":\"https:\/\/limittools.test.consids5.se\/no\/product\/skyvelaere-digitalt-300mm-3\/#breadcrumb\",\"itemListElement\":[{\"@type\":\"ListItem\",\"position\":1,\"name\":\"Products\",\"item\":\"https:\/\/limittools.test.consids5.se\/products\/\"},{\"@type\":\"ListItem\",\"position\":2,\"name\":\"SKYVEL\u00c6RE DIGITALT 300MM\"}]},{\"@type\":\"WebSite\",\"@id\":\"https:\/\/limittools.test.consids5.se\/#website\",\"url\":\"https:\/\/limittools.test.consids5.se\/\",\"name\":\"Precision measuring instruments | Limit\",\"description\":\"Everything can be measured\",\"potentialAction\":[{\"@type\":\"SearchAction\",\"target\":{\"@type\":\"EntryPoint\",\"urlTemplate\":\"https:\/\/limittools.test.consids5.se\/?s={search_term_string}\"},\"query-input\":\"required name=search_term_string\"}],\"inLanguage\":\"nb-NO\"}]}<\/script>\n<!-- \/ Yoast SEO plugin. -->","yoast_head_json":{"title":"SKYVEL\u00c6RE DIGITALT 300MM - Precision measuring instruments | Limit","robots":{"index":"index","follow":"follow","max-snippet":"max-snippet:-1","max-image-preview":"max-image-preview:large","max-video-preview":"max-video-preview:-1"},"canonical":"https:\/\/limittools.test.consids5.se\/no\/product\/skyvelaere-digitalt-300mm-3\/","og_locale":"nb_NO","og_type":"article","og_title":"SKYVEL\u00c6RE DIGITALT 300MM - Precision measuring instruments | Limit","og_description":"Digitalt skyvel\u00e6re. Laget av rustfritt st\u00e5l. Automatisk avstenging. 4-funksjon. DIN 862. Batteri 3 V type CR2032","og_url":"https:\/\/limittools.test.consids5.se\/no\/product\/skyvelaere-digitalt-300mm-3\/","og_site_name":"Precision measuring instruments | Limit","article_publisher":"https:\/\/www.facebook.com\/limittools\/","twitter_card":"summary_large_image","schema":{"@context":"https:\/\/schema.org","@graph":[{"@type":"WebPage","@id":"https:\/\/limittools.test.consids5.se\/no\/product\/skyvelaere-digitalt-300mm-3\/","url":"https:\/\/limittools.test.consids5.se\/no\/product\/skyvelaere-digitalt-300mm-3\/","name":"SKYVEL\u00c6RE DIGITALT 300MM - Precision measuring instruments | Limit","isPartOf":{"@id":"https:\/\/limittools.test.consids5.se\/#website"},"datePublished":"2021-11-29T13:54:53+00:00","dateModified":"2021-11-29T13:54:53+00:00","breadcrumb":{"@id":"https:\/\/limittools.test.consids5.se\/no\/product\/skyvelaere-digitalt-300mm-3\/#breadcrumb"},"inLanguage":"nb-NO","potentialAction":[{"@type":"ReadAction","target":["https:\/\/limittools.test.consids5.se\/no\/product\/skyvelaere-digitalt-300mm-3\/"]}]},{"@type":"BreadcrumbList","@id":"https:\/\/limittools.test.consids5.se\/no\/product\/skyvelaere-digitalt-300mm-3\/#breadcrumb","itemListElement":[{"@type":"ListItem","position":1,"name":"Products","item":"https:\/\/limittools.test.consids5.se\/products\/"},{"@type":"ListItem","position":2,"name":"SKYVEL\u00c6RE DIGITALT 300MM"}]},{"@type":"WebSite","@id":"https:\/\/limittools.test.consids5.se\/#website","url":"https:\/\/limittools.test.consids5.se\/","name":"Precision measuring instruments | Limit","description":"Everything can be measured","potentialAction":[{"@type":"SearchAction","target":{"@type":"EntryPoint","urlTemplate":"https:\/\/limittools.test.consids5.se\/?s={search_term_string}"},"query-input":"required name=search_term_string"}],"inLanguage":"nb-NO"}]}},"_links":{"self":[{"href":"https:\/\/limittools.test.consids5.se\/no\/wp-json\/wp\/v2\/product\/2822"}],"collection":[{"href":"https:\/\/limittools.test.consids5.se\/no\/wp-json\/wp\/v2\/product"}],"about":[{"href":"https:\/\/limittools.test.consids5.se\/no\/wp-json\/wp\/v2\/types\/product"}],"replies":[{"embeddable":true,"href":"https:\/\/limittools.test.consids5.se\/no\/wp-json\/wp\/v2\/comments?post=2822"}],"wp:attachment":[{"href":"https:\/\/limittools.test.consids5.se\/no\/wp-json\/wp\/v2\/media?parent=2822"}],"wp:term":[{"taxonomy":"product_cat","embeddable":true,"href":"https:\/\/limittools.test.consids5.se\/no\/wp-json\/wp\/v2\/product_cat?post=2822"},{"taxonomy":"product_tag","embeddable":true,"href":"https:\/\/limittools.test.consids5.se\/no\/wp-json\/wp\/v2\/product_tag?post=2822"}],"curies":[{"name":"wp","href":"https:\/\/api.w.org\/{rel}","templated":true}]}}