{"id":2852,"date":"2025-10-25T22:13:05","date_gmt":"2025-10-25T22:13:05","guid":{"rendered":"http:\/\/limit-tools.local\/product\/krysspunktlaser-1002-hvp-r\/"},"modified":"2025-10-25T22:13:05","modified_gmt":"2025-10-25T22:13:05","slug":"krysspunktlaser-1002-hvp-r","status":"publish","type":"product","link":"https:\/\/limittools.test.consids5.se\/no\/product\/krysspunktlaser-1002-hvp-r\/","title":{"rendered":"KRYSSPUNKTLASER 1002 HVP-R"},"content":{"rendered":"<p>Kombinert krysslaser og punktlaser. Meget lyssterke og skarpe laserlinjer. En horisontal og en vertikal linje og 5 punkter. Den vertikale linjer n\u00e5r 115 grader opp i taket. Selvnivellerende med magnetisk pendeldemping. Varsler med blinkende laser og lyd n\u00e5r laseren ikke klarer \u00e5 nivellere. Linjene og punktene kan tennes hver for seg eller samtidig. Hovedstr\u00f8mbryteren gir mekanisk l\u00e5sing av pendelen. Fungerer dermed som transportsikring.<br \/>\nKan brukes utend\u00f8rs eller i lyse lokaler med en separat lasermottaker (inng\u00e5r ikke).<br \/>\n2 stk laserdioder 15 mw, 635 nm for linjene og 1 stk 10 mw, 635 nm for punktene.<br \/>\nLeveres sammen med feste for stativ-\/veggmontering, reflektortavle, myk veske og batterier.<\/p>\n","protected":false},"excerpt":{"rendered":"Kombinert krysslaser og punktlaser. Meget lyssterke og skarpe laserlinjer. En horisontal og en vertikal linje og 5 punkter. Den vertikale [&hellip;]","protected":false},"featured_media":0,"comment_status":"closed","ping_status":"closed","template":"","meta":{"_acf_changed":false},"product_cat":[440,280],"product_tag":[],"class_list":{"0":"post-2852","1":"product","2":"type-product","3":"status-publish","5":"product_cat-krysslasere-no","6":"product_cat-laserinstrumenter-no","8":"first","9":"instock","10":"shipping-taxable","11":"product-type-simple"},"acf":[],"yoast_head":"<!-- This site is optimized with the Yoast SEO plugin v23.2 - https:\/\/yoast.com\/wordpress\/plugins\/seo\/ -->\n<title>KRYSSPUNKTLASER 1002 HVP-R - Precision measuring instruments | Limit<\/title>\n<meta name=\"robots\" content=\"index, follow, max-snippet:-1, max-image-preview:large, max-video-preview:-1\" \/>\n<link rel=\"canonical\" href=\"https:\/\/limittools.test.consids5.se\/no\/product\/krysspunktlaser-1002-hvp-r\/\" \/>\n<meta property=\"og:locale\" content=\"nb_NO\" \/>\n<meta property=\"og:type\" content=\"article\" \/>\n<meta property=\"og:title\" content=\"KRYSSPUNKTLASER 1002 HVP-R - Precision measuring instruments | Limit\" \/>\n<meta property=\"og:description\" content=\"Kombinert krysslaser og punktlaser. Meget lyssterke og skarpe laserlinjer. En horisontal og en vertikal linje og 5 punkter. Den vertikale [&hellip;]\" \/>\n<meta property=\"og:url\" content=\"https:\/\/limittools.test.consids5.se\/no\/product\/krysspunktlaser-1002-hvp-r\/\" \/>\n<meta property=\"og:site_name\" content=\"Precision measuring instruments | Limit\" \/>\n<meta property=\"article:publisher\" content=\"https:\/\/www.facebook.com\/limittools\/\" \/>\n<meta name=\"twitter:card\" content=\"summary_large_image\" \/>\n<meta name=\"twitter:label1\" content=\"Est. reading time\" \/>\n\t<meta name=\"twitter:data1\" content=\"1 minute\" \/>\n<script type=\"application\/ld+json\" class=\"yoast-schema-graph\">{\"@context\":\"https:\/\/schema.org\",\"@graph\":[{\"@type\":\"WebPage\",\"@id\":\"https:\/\/limittools.test.consids5.se\/no\/product\/krysspunktlaser-1002-hvp-r\/\",\"url\":\"https:\/\/limittools.test.consids5.se\/no\/product\/krysspunktlaser-1002-hvp-r\/\",\"name\":\"KRYSSPUNKTLASER 1002 HVP-R - Precision measuring instruments | Limit\",\"isPartOf\":{\"@id\":\"https:\/\/limittools.test.consids5.se\/#website\"},\"datePublished\":\"2025-10-25T22:13:05+00:00\",\"dateModified\":\"2025-10-25T22:13:05+00:00\",\"breadcrumb\":{\"@id\":\"https:\/\/limittools.test.consids5.se\/no\/product\/krysspunktlaser-1002-hvp-r\/#breadcrumb\"},\"inLanguage\":\"nb-NO\",\"potentialAction\":[{\"@type\":\"ReadAction\",\"target\":[\"https:\/\/limittools.test.consids5.se\/no\/product\/krysspunktlaser-1002-hvp-r\/\"]}]},{\"@type\":\"BreadcrumbList\",\"@id\":\"https:\/\/limittools.test.consids5.se\/no\/product\/krysspunktlaser-1002-hvp-r\/#breadcrumb\",\"itemListElement\":[{\"@type\":\"ListItem\",\"position\":1,\"name\":\"Products\",\"item\":\"https:\/\/limittools.test.consids5.se\/products\/\"},{\"@type\":\"ListItem\",\"position\":2,\"name\":\"KRYSSPUNKTLASER 1002 HVP-R\"}]},{\"@type\":\"WebSite\",\"@id\":\"https:\/\/limittools.test.consids5.se\/#website\",\"url\":\"https:\/\/limittools.test.consids5.se\/\",\"name\":\"Precision measuring instruments | Limit\",\"description\":\"Everything can be measured\",\"potentialAction\":[{\"@type\":\"SearchAction\",\"target\":{\"@type\":\"EntryPoint\",\"urlTemplate\":\"https:\/\/limittools.test.consids5.se\/?s={search_term_string}\"},\"query-input\":\"required name=search_term_string\"}],\"inLanguage\":\"nb-NO\"}]}<\/script>\n<!-- \/ Yoast SEO plugin. -->","yoast_head_json":{"title":"KRYSSPUNKTLASER 1002 HVP-R - Precision measuring instruments | Limit","robots":{"index":"index","follow":"follow","max-snippet":"max-snippet:-1","max-image-preview":"max-image-preview:large","max-video-preview":"max-video-preview:-1"},"canonical":"https:\/\/limittools.test.consids5.se\/no\/product\/krysspunktlaser-1002-hvp-r\/","og_locale":"nb_NO","og_type":"article","og_title":"KRYSSPUNKTLASER 1002 HVP-R - Precision measuring instruments | Limit","og_description":"Kombinert krysslaser og punktlaser. Meget lyssterke og skarpe laserlinjer. En horisontal og en vertikal linje og 5 punkter. Den vertikale [&hellip;]","og_url":"https:\/\/limittools.test.consids5.se\/no\/product\/krysspunktlaser-1002-hvp-r\/","og_site_name":"Precision measuring instruments | Limit","article_publisher":"https:\/\/www.facebook.com\/limittools\/","twitter_card":"summary_large_image","twitter_misc":{"Est. reading time":"1 minute"},"schema":{"@context":"https:\/\/schema.org","@graph":[{"@type":"WebPage","@id":"https:\/\/limittools.test.consids5.se\/no\/product\/krysspunktlaser-1002-hvp-r\/","url":"https:\/\/limittools.test.consids5.se\/no\/product\/krysspunktlaser-1002-hvp-r\/","name":"KRYSSPUNKTLASER 1002 HVP-R - Precision measuring instruments | Limit","isPartOf":{"@id":"https:\/\/limittools.test.consids5.se\/#website"},"datePublished":"2025-10-25T22:13:05+00:00","dateModified":"2025-10-25T22:13:05+00:00","breadcrumb":{"@id":"https:\/\/limittools.test.consids5.se\/no\/product\/krysspunktlaser-1002-hvp-r\/#breadcrumb"},"inLanguage":"nb-NO","potentialAction":[{"@type":"ReadAction","target":["https:\/\/limittools.test.consids5.se\/no\/product\/krysspunktlaser-1002-hvp-r\/"]}]},{"@type":"BreadcrumbList","@id":"https:\/\/limittools.test.consids5.se\/no\/product\/krysspunktlaser-1002-hvp-r\/#breadcrumb","itemListElement":[{"@type":"ListItem","position":1,"name":"Products","item":"https:\/\/limittools.test.consids5.se\/products\/"},{"@type":"ListItem","position":2,"name":"KRYSSPUNKTLASER 1002 HVP-R"}]},{"@type":"WebSite","@id":"https:\/\/limittools.test.consids5.se\/#website","url":"https:\/\/limittools.test.consids5.se\/","name":"Precision measuring instruments | Limit","description":"Everything can be measured","potentialAction":[{"@type":"SearchAction","target":{"@type":"EntryPoint","urlTemplate":"https:\/\/limittools.test.consids5.se\/?s={search_term_string}"},"query-input":"required name=search_term_string"}],"inLanguage":"nb-NO"}]}},"_links":{"self":[{"href":"https:\/\/limittools.test.consids5.se\/no\/wp-json\/wp\/v2\/product\/2852"}],"collection":[{"href":"https:\/\/limittools.test.consids5.se\/no\/wp-json\/wp\/v2\/product"}],"about":[{"href":"https:\/\/limittools.test.consids5.se\/no\/wp-json\/wp\/v2\/types\/product"}],"replies":[{"embeddable":true,"href":"https:\/\/limittools.test.consids5.se\/no\/wp-json\/wp\/v2\/comments?post=2852"}],"wp:attachment":[{"href":"https:\/\/limittools.test.consids5.se\/no\/wp-json\/wp\/v2\/media?parent=2852"}],"wp:term":[{"taxonomy":"product_cat","embeddable":true,"href":"https:\/\/limittools.test.consids5.se\/no\/wp-json\/wp\/v2\/product_cat?post=2852"},{"taxonomy":"product_tag","embeddable":true,"href":"https:\/\/limittools.test.consids5.se\/no\/wp-json\/wp\/v2\/product_tag?post=2852"}],"curies":[{"name":"wp","href":"https:\/\/api.w.org\/{rel}","templated":true}]}}