{"id":2857,"date":"2026-04-08T17:33:01","date_gmt":"2026-04-08T17:33:01","guid":{"rendered":"http:\/\/limit-tools.local\/product\/refraktometer-limit-1800\/"},"modified":"2026-04-08T17:33:01","modified_gmt":"2026-04-08T17:33:01","slug":"refraktometer-limit-1800","status":"publish","type":"product","link":"https:\/\/limittools.test.consids5.se\/no\/product\/refraktometer-limit-1800\/","title":{"rendered":"REFRAKTOMETER LIMIT 1800"},"content":{"rendered":"<p>Refraktometer for raskt og eksakt \u00e5 m\u00e5le konsentrasjonen p\u00e5 en vannoppl\u00f8sning, skj\u00e6rev\u00e6ske og andre industrielle oppl\u00f8sninger. Assisterer maskinoperat\u00f8rer \u00e5 beholde optimal balanse mellom vann og kj\u00f8lev\u00e6ske for \u00e5 minimere slitasje p\u00e5 verkt\u00f8y og \u00f8kt mate- og skj\u00e6rehastigheter. Enkel \u00e5 fokusere og kalibrere med mini-skrutrekker som inng\u00e5r. Kraftig, lett og robust aluminiumskonstruksjon forsikrer lang levetid.<\/p>\n","protected":false},"excerpt":{"rendered":"Refraktometer for raskt og eksakt \u00e5 m\u00e5le konsentrasjonen p\u00e5 en vannoppl\u00f8sning, skj\u00e6rev\u00e6ske og andre industrielle oppl\u00f8sninger. Assisterer maskinoperat\u00f8rer \u00e5 beholde [&hellip;]","protected":false},"featured_media":0,"comment_status":"closed","ping_status":"closed","template":"","meta":{"_acf_changed":false},"product_cat":[544,1804],"product_tag":[],"class_list":{"0":"post-2857","1":"product","2":"type-product","3":"status-publish","5":"product_cat-klima-og-miljomaling-instrumenter-no","6":"product_cat-refraktometer-no-klima-og-miljomaling-instrumenter-no-56","8":"first","9":"instock","10":"shipping-taxable","11":"product-type-simple"},"acf":[],"yoast_head":"<!-- This site is optimized with the Yoast SEO plugin v23.2 - https:\/\/yoast.com\/wordpress\/plugins\/seo\/ -->\n<title>REFRAKTOMETER LIMIT 1800 - Precision measuring instruments | Limit<\/title>\n<meta name=\"robots\" content=\"index, follow, max-snippet:-1, max-image-preview:large, max-video-preview:-1\" \/>\n<link rel=\"canonical\" href=\"https:\/\/limittools.test.consids5.se\/no\/product\/refraktometer-limit-1800\/\" \/>\n<meta property=\"og:locale\" content=\"nb_NO\" \/>\n<meta property=\"og:type\" content=\"article\" \/>\n<meta property=\"og:title\" content=\"REFRAKTOMETER LIMIT 1800 - Precision measuring instruments | Limit\" \/>\n<meta property=\"og:description\" content=\"Refraktometer for raskt og eksakt \u00e5 m\u00e5le konsentrasjonen p\u00e5 en vannoppl\u00f8sning, skj\u00e6rev\u00e6ske og andre industrielle oppl\u00f8sninger. Assisterer maskinoperat\u00f8rer \u00e5 beholde [&hellip;]\" \/>\n<meta property=\"og:url\" content=\"https:\/\/limittools.test.consids5.se\/no\/product\/refraktometer-limit-1800\/\" \/>\n<meta property=\"og:site_name\" content=\"Precision measuring instruments | Limit\" \/>\n<meta property=\"article:publisher\" content=\"https:\/\/www.facebook.com\/limittools\/\" \/>\n<meta name=\"twitter:card\" content=\"summary_large_image\" \/>\n<script type=\"application\/ld+json\" class=\"yoast-schema-graph\">{\"@context\":\"https:\/\/schema.org\",\"@graph\":[{\"@type\":\"WebPage\",\"@id\":\"https:\/\/limittools.test.consids5.se\/no\/product\/refraktometer-limit-1800\/\",\"url\":\"https:\/\/limittools.test.consids5.se\/no\/product\/refraktometer-limit-1800\/\",\"name\":\"REFRAKTOMETER LIMIT 1800 - Precision measuring instruments | Limit\",\"isPartOf\":{\"@id\":\"https:\/\/limittools.test.consids5.se\/#website\"},\"datePublished\":\"2026-04-08T17:33:01+00:00\",\"dateModified\":\"2026-04-08T17:33:01+00:00\",\"breadcrumb\":{\"@id\":\"https:\/\/limittools.test.consids5.se\/no\/product\/refraktometer-limit-1800\/#breadcrumb\"},\"inLanguage\":\"nb-NO\",\"potentialAction\":[{\"@type\":\"ReadAction\",\"target\":[\"https:\/\/limittools.test.consids5.se\/no\/product\/refraktometer-limit-1800\/\"]}]},{\"@type\":\"BreadcrumbList\",\"@id\":\"https:\/\/limittools.test.consids5.se\/no\/product\/refraktometer-limit-1800\/#breadcrumb\",\"itemListElement\":[{\"@type\":\"ListItem\",\"position\":1,\"name\":\"Products\",\"item\":\"https:\/\/limittools.test.consids5.se\/products\/\"},{\"@type\":\"ListItem\",\"position\":2,\"name\":\"REFRAKTOMETER LIMIT 1800\"}]},{\"@type\":\"WebSite\",\"@id\":\"https:\/\/limittools.test.consids5.se\/#website\",\"url\":\"https:\/\/limittools.test.consids5.se\/\",\"name\":\"Precision measuring instruments | Limit\",\"description\":\"Everything can be measured\",\"potentialAction\":[{\"@type\":\"SearchAction\",\"target\":{\"@type\":\"EntryPoint\",\"urlTemplate\":\"https:\/\/limittools.test.consids5.se\/?s={search_term_string}\"},\"query-input\":\"required name=search_term_string\"}],\"inLanguage\":\"nb-NO\"}]}<\/script>\n<!-- \/ Yoast SEO plugin. -->","yoast_head_json":{"title":"REFRAKTOMETER LIMIT 1800 - Precision measuring instruments | Limit","robots":{"index":"index","follow":"follow","max-snippet":"max-snippet:-1","max-image-preview":"max-image-preview:large","max-video-preview":"max-video-preview:-1"},"canonical":"https:\/\/limittools.test.consids5.se\/no\/product\/refraktometer-limit-1800\/","og_locale":"nb_NO","og_type":"article","og_title":"REFRAKTOMETER LIMIT 1800 - Precision measuring instruments | Limit","og_description":"Refraktometer for raskt og eksakt \u00e5 m\u00e5le konsentrasjonen p\u00e5 en vannoppl\u00f8sning, skj\u00e6rev\u00e6ske og andre industrielle oppl\u00f8sninger. Assisterer maskinoperat\u00f8rer \u00e5 beholde [&hellip;]","og_url":"https:\/\/limittools.test.consids5.se\/no\/product\/refraktometer-limit-1800\/","og_site_name":"Precision measuring instruments | Limit","article_publisher":"https:\/\/www.facebook.com\/limittools\/","twitter_card":"summary_large_image","schema":{"@context":"https:\/\/schema.org","@graph":[{"@type":"WebPage","@id":"https:\/\/limittools.test.consids5.se\/no\/product\/refraktometer-limit-1800\/","url":"https:\/\/limittools.test.consids5.se\/no\/product\/refraktometer-limit-1800\/","name":"REFRAKTOMETER LIMIT 1800 - Precision measuring instruments | Limit","isPartOf":{"@id":"https:\/\/limittools.test.consids5.se\/#website"},"datePublished":"2026-04-08T17:33:01+00:00","dateModified":"2026-04-08T17:33:01+00:00","breadcrumb":{"@id":"https:\/\/limittools.test.consids5.se\/no\/product\/refraktometer-limit-1800\/#breadcrumb"},"inLanguage":"nb-NO","potentialAction":[{"@type":"ReadAction","target":["https:\/\/limittools.test.consids5.se\/no\/product\/refraktometer-limit-1800\/"]}]},{"@type":"BreadcrumbList","@id":"https:\/\/limittools.test.consids5.se\/no\/product\/refraktometer-limit-1800\/#breadcrumb","itemListElement":[{"@type":"ListItem","position":1,"name":"Products","item":"https:\/\/limittools.test.consids5.se\/products\/"},{"@type":"ListItem","position":2,"name":"REFRAKTOMETER LIMIT 1800"}]},{"@type":"WebSite","@id":"https:\/\/limittools.test.consids5.se\/#website","url":"https:\/\/limittools.test.consids5.se\/","name":"Precision measuring instruments | Limit","description":"Everything can be measured","potentialAction":[{"@type":"SearchAction","target":{"@type":"EntryPoint","urlTemplate":"https:\/\/limittools.test.consids5.se\/?s={search_term_string}"},"query-input":"required name=search_term_string"}],"inLanguage":"nb-NO"}]}},"_links":{"self":[{"href":"https:\/\/limittools.test.consids5.se\/no\/wp-json\/wp\/v2\/product\/2857"}],"collection":[{"href":"https:\/\/limittools.test.consids5.se\/no\/wp-json\/wp\/v2\/product"}],"about":[{"href":"https:\/\/limittools.test.consids5.se\/no\/wp-json\/wp\/v2\/types\/product"}],"replies":[{"embeddable":true,"href":"https:\/\/limittools.test.consids5.se\/no\/wp-json\/wp\/v2\/comments?post=2857"}],"wp:attachment":[{"href":"https:\/\/limittools.test.consids5.se\/no\/wp-json\/wp\/v2\/media?parent=2857"}],"wp:term":[{"taxonomy":"product_cat","embeddable":true,"href":"https:\/\/limittools.test.consids5.se\/no\/wp-json\/wp\/v2\/product_cat?post=2857"},{"taxonomy":"product_tag","embeddable":true,"href":"https:\/\/limittools.test.consids5.se\/no\/wp-json\/wp\/v2\/product_tag?post=2857"}],"curies":[{"name":"wp","href":"https:\/\/api.w.org\/{rel}","templated":true}]}}