{"id":2917,"date":"2026-04-08T17:33:37","date_gmt":"2026-04-08T17:33:37","guid":{"rendered":"http:\/\/limit-tools.local\/product\/decibellmaler-7000\/"},"modified":"2026-04-08T17:33:37","modified_gmt":"2026-04-08T17:33:37","slug":"desibelmaler-limit-7000","status":"publish","type":"product","link":"https:\/\/limittools.test.consids5.se\/no\/product\/desibelmaler-limit-7000\/","title":{"rendered":"DESIBELM\u00c5LER LIMIT 7000"},"content":{"rendered":"<p>Digitalt st\u00f8yniv\u00e5m\u00e5ler. To ulike filterkurver A eller C, Rask eller Langsom lydopptaking. A-filteret tilsvarer det menneskelige \u00f8rets frekvensf\u00f8lsomhet og er egnet ved milj\u00f8messige st\u00f8ym\u00e5linger. C-filteret er line\u00e6rt og egner seg for kontroll av maskiner. Rask (fast) lydopptaking brukes n\u00e5r man vil se raske lydtopper. Den langsomme stillingen (slow) gir et stabilt m\u00e5leresultat p\u00e5 lyd som varierer eller pulserer. Lyden kan m\u00e5les momentant, eller gi en gjennomsnittsverdi under en valgt tidsperiode, fra 10 sek til 24 timer. Innebygd minne for 30 m\u00e5linger, eller s\u00e5 kan instrumentet kobles til PC for registrering av m\u00e5leverdien. Registrering av maks. verdi. Alarmfunksjon vom viser med LED-p\u00e6re n\u00e5r lydniv\u00e5et er over en innstilt verdi. Andelen m\u00e5leverdier som overstiger alarmverdien i m\u00e5leperioden kan vises. Innstillbar automatisk eller manuell avstenging. Innebygd kalibreringsfunksjon 94 dB. Bruksanvisning. Batteri inng\u00e5r ikke.<br \/>\nOppfyller standard IEC 651 Type 2, ANSI 1,4 Type 2.<\/p>\n","protected":false},"excerpt":{"rendered":"Digitalt st\u00f8yniv\u00e5m\u00e5ler. To ulike filterkurver A eller C, Rask eller Langsom lydopptaking. A-filteret tilsvarer det menneskelige \u00f8rets frekvensf\u00f8lsomhet og er [&hellip;]","protected":false},"featured_media":0,"comment_status":"closed","ping_status":"closed","template":"","meta":{"_acf_changed":false},"product_cat":[544,1806],"product_tag":[],"class_list":{"0":"post-2917","1":"product","2":"type-product","3":"status-publish","5":"product_cat-klima-og-miljomaling-instrumenter-no","6":"product_cat-lydnivamalere-no-klima-og-miljomaling-instrumenter-no-22","8":"first","9":"instock","10":"shipping-taxable","11":"product-type-simple"},"acf":[],"yoast_head":"<!-- This site is optimized with the Yoast SEO plugin v23.2 - https:\/\/yoast.com\/wordpress\/plugins\/seo\/ -->\n<title>DESIBELM\u00c5LER LIMIT 7000 - Precision measuring instruments | Limit<\/title>\n<meta name=\"robots\" content=\"index, follow, max-snippet:-1, max-image-preview:large, max-video-preview:-1\" \/>\n<link rel=\"canonical\" href=\"https:\/\/limittools.test.consids5.se\/no\/product\/desibelmaler-limit-7000\/\" \/>\n<meta property=\"og:locale\" content=\"nb_NO\" \/>\n<meta property=\"og:type\" content=\"article\" \/>\n<meta property=\"og:title\" content=\"DESIBELM\u00c5LER LIMIT 7000 - Precision measuring instruments | Limit\" \/>\n<meta property=\"og:description\" content=\"Digitalt st\u00f8yniv\u00e5m\u00e5ler. To ulike filterkurver A eller C, Rask eller Langsom lydopptaking. A-filteret tilsvarer det menneskelige \u00f8rets frekvensf\u00f8lsomhet og er [&hellip;]\" \/>\n<meta property=\"og:url\" content=\"https:\/\/limittools.test.consids5.se\/no\/product\/desibelmaler-limit-7000\/\" \/>\n<meta property=\"og:site_name\" content=\"Precision measuring instruments | Limit\" \/>\n<meta property=\"article:publisher\" content=\"https:\/\/www.facebook.com\/limittools\/\" \/>\n<meta name=\"twitter:card\" content=\"summary_large_image\" \/>\n<meta name=\"twitter:label1\" content=\"Est. reading time\" \/>\n\t<meta name=\"twitter:data1\" content=\"1 minute\" \/>\n<script type=\"application\/ld+json\" class=\"yoast-schema-graph\">{\"@context\":\"https:\/\/schema.org\",\"@graph\":[{\"@type\":\"WebPage\",\"@id\":\"https:\/\/limittools.test.consids5.se\/no\/product\/desibelmaler-limit-7000\/\",\"url\":\"https:\/\/limittools.test.consids5.se\/no\/product\/desibelmaler-limit-7000\/\",\"name\":\"DESIBELM\u00c5LER LIMIT 7000 - Precision measuring instruments | Limit\",\"isPartOf\":{\"@id\":\"https:\/\/limittools.test.consids5.se\/#website\"},\"datePublished\":\"2026-04-08T17:33:37+00:00\",\"dateModified\":\"2026-04-08T17:33:37+00:00\",\"breadcrumb\":{\"@id\":\"https:\/\/limittools.test.consids5.se\/no\/product\/desibelmaler-limit-7000\/#breadcrumb\"},\"inLanguage\":\"nb-NO\",\"potentialAction\":[{\"@type\":\"ReadAction\",\"target\":[\"https:\/\/limittools.test.consids5.se\/no\/product\/desibelmaler-limit-7000\/\"]}]},{\"@type\":\"BreadcrumbList\",\"@id\":\"https:\/\/limittools.test.consids5.se\/no\/product\/desibelmaler-limit-7000\/#breadcrumb\",\"itemListElement\":[{\"@type\":\"ListItem\",\"position\":1,\"name\":\"Products\",\"item\":\"https:\/\/limittools.test.consids5.se\/products\/\"},{\"@type\":\"ListItem\",\"position\":2,\"name\":\"DESIBELM\u00c5LER LIMIT 7000\"}]},{\"@type\":\"WebSite\",\"@id\":\"https:\/\/limittools.test.consids5.se\/#website\",\"url\":\"https:\/\/limittools.test.consids5.se\/\",\"name\":\"Precision measuring instruments | Limit\",\"description\":\"Everything can be measured\",\"potentialAction\":[{\"@type\":\"SearchAction\",\"target\":{\"@type\":\"EntryPoint\",\"urlTemplate\":\"https:\/\/limittools.test.consids5.se\/?s={search_term_string}\"},\"query-input\":\"required name=search_term_string\"}],\"inLanguage\":\"nb-NO\"}]}<\/script>\n<!-- \/ Yoast SEO plugin. -->","yoast_head_json":{"title":"DESIBELM\u00c5LER LIMIT 7000 - Precision measuring instruments | Limit","robots":{"index":"index","follow":"follow","max-snippet":"max-snippet:-1","max-image-preview":"max-image-preview:large","max-video-preview":"max-video-preview:-1"},"canonical":"https:\/\/limittools.test.consids5.se\/no\/product\/desibelmaler-limit-7000\/","og_locale":"nb_NO","og_type":"article","og_title":"DESIBELM\u00c5LER LIMIT 7000 - Precision measuring instruments | Limit","og_description":"Digitalt st\u00f8yniv\u00e5m\u00e5ler. To ulike filterkurver A eller C, Rask eller Langsom lydopptaking. A-filteret tilsvarer det menneskelige \u00f8rets frekvensf\u00f8lsomhet og er [&hellip;]","og_url":"https:\/\/limittools.test.consids5.se\/no\/product\/desibelmaler-limit-7000\/","og_site_name":"Precision measuring instruments | Limit","article_publisher":"https:\/\/www.facebook.com\/limittools\/","twitter_card":"summary_large_image","twitter_misc":{"Est. reading time":"1 minute"},"schema":{"@context":"https:\/\/schema.org","@graph":[{"@type":"WebPage","@id":"https:\/\/limittools.test.consids5.se\/no\/product\/desibelmaler-limit-7000\/","url":"https:\/\/limittools.test.consids5.se\/no\/product\/desibelmaler-limit-7000\/","name":"DESIBELM\u00c5LER LIMIT 7000 - Precision measuring instruments | Limit","isPartOf":{"@id":"https:\/\/limittools.test.consids5.se\/#website"},"datePublished":"2026-04-08T17:33:37+00:00","dateModified":"2026-04-08T17:33:37+00:00","breadcrumb":{"@id":"https:\/\/limittools.test.consids5.se\/no\/product\/desibelmaler-limit-7000\/#breadcrumb"},"inLanguage":"nb-NO","potentialAction":[{"@type":"ReadAction","target":["https:\/\/limittools.test.consids5.se\/no\/product\/desibelmaler-limit-7000\/"]}]},{"@type":"BreadcrumbList","@id":"https:\/\/limittools.test.consids5.se\/no\/product\/desibelmaler-limit-7000\/#breadcrumb","itemListElement":[{"@type":"ListItem","position":1,"name":"Products","item":"https:\/\/limittools.test.consids5.se\/products\/"},{"@type":"ListItem","position":2,"name":"DESIBELM\u00c5LER LIMIT 7000"}]},{"@type":"WebSite","@id":"https:\/\/limittools.test.consids5.se\/#website","url":"https:\/\/limittools.test.consids5.se\/","name":"Precision measuring instruments | Limit","description":"Everything can be measured","potentialAction":[{"@type":"SearchAction","target":{"@type":"EntryPoint","urlTemplate":"https:\/\/limittools.test.consids5.se\/?s={search_term_string}"},"query-input":"required name=search_term_string"}],"inLanguage":"nb-NO"}]}},"_links":{"self":[{"href":"https:\/\/limittools.test.consids5.se\/no\/wp-json\/wp\/v2\/product\/2917"}],"collection":[{"href":"https:\/\/limittools.test.consids5.se\/no\/wp-json\/wp\/v2\/product"}],"about":[{"href":"https:\/\/limittools.test.consids5.se\/no\/wp-json\/wp\/v2\/types\/product"}],"replies":[{"embeddable":true,"href":"https:\/\/limittools.test.consids5.se\/no\/wp-json\/wp\/v2\/comments?post=2917"}],"wp:attachment":[{"href":"https:\/\/limittools.test.consids5.se\/no\/wp-json\/wp\/v2\/media?parent=2917"}],"wp:term":[{"taxonomy":"product_cat","embeddable":true,"href":"https:\/\/limittools.test.consids5.se\/no\/wp-json\/wp\/v2\/product_cat?post=2917"},{"taxonomy":"product_tag","embeddable":true,"href":"https:\/\/limittools.test.consids5.se\/no\/wp-json\/wp\/v2\/product_tag?post=2917"}],"curies":[{"name":"wp","href":"https:\/\/api.w.org\/{rel}","templated":true}]}}