{"id":2931,"date":"2026-04-08T17:33:44","date_gmt":"2026-04-08T17:33:44","guid":{"rendered":"http:\/\/limit-tools.local\/product\/hardhetsmaler-limit-4300\/"},"modified":"2026-04-08T17:33:44","modified_gmt":"2026-04-08T17:33:44","slug":"hardhetsmaler-limit-4300","status":"publish","type":"product","link":"https:\/\/limittools.test.consids5.se\/no\/product\/hardhetsmaler-limit-4300\/","title":{"rendered":"HARDHETSM\u00c5LER LIMIT 4300"},"content":{"rendered":"<p>Portabel hardhetsm\u00e5ler for de mest vanlige metallene som st\u00e5l, rustfritt st\u00e5l, st\u00f8pejern, aluminium, messing, bronse og kobber. Innstillbart for m\u00e5ling i Rockwell HRB 38-100 og Rockwell HRC 20-68, Vickers HV 80-940 og Brinell HB 80-647. Separat m\u00e5leprobe forenkler m\u00e5linger p\u00e5 store gjenstander og flater det er vanskelig \u00e5 komme til. Enkel \u00e5 bruke. Velg slagretning, materialkode, skala. Hold m\u00e5leproben stabilt mot m\u00e5leobjektet, frigj\u00f8r fj\u00e6rmekanismen og les av m\u00e5leverdien. M\u00e5leprobe diameter 20 mm.<\/p>\n","protected":false},"excerpt":{"rendered":"Portabel hardhetsm\u00e5ler for de mest vanlige metallene som st\u00e5l, rustfritt st\u00e5l, st\u00f8pejern, aluminium, messing, bronse og kobber. Innstillbart for m\u00e5ling [&hellip;]","protected":false},"featured_media":0,"comment_status":"closed","ping_status":"closed","template":"","meta":{"_acf_changed":false},"product_cat":[463,320],"product_tag":[],"class_list":{"0":"post-2931","1":"product","2":"type-product","3":"status-publish","5":"product_cat-hardhetstestere-no","6":"product_cat-inspeksjon-no","8":"first","9":"instock","10":"shipping-taxable","11":"product-type-simple"},"acf":[],"yoast_head":"<!-- This site is optimized with the Yoast SEO plugin v23.2 - https:\/\/yoast.com\/wordpress\/plugins\/seo\/ -->\n<title>HARDHETSM\u00c5LER LIMIT 4300 - Precision measuring instruments | Limit<\/title>\n<meta name=\"robots\" content=\"index, follow, max-snippet:-1, max-image-preview:large, max-video-preview:-1\" \/>\n<link rel=\"canonical\" href=\"https:\/\/limittools.test.consids5.se\/no\/product\/hardhetsmaler-limit-4300\/\" \/>\n<meta property=\"og:locale\" content=\"nb_NO\" \/>\n<meta property=\"og:type\" content=\"article\" \/>\n<meta property=\"og:title\" content=\"HARDHETSM\u00c5LER LIMIT 4300 - Precision measuring instruments | Limit\" \/>\n<meta property=\"og:description\" content=\"Portabel hardhetsm\u00e5ler for de mest vanlige metallene som st\u00e5l, rustfritt st\u00e5l, st\u00f8pejern, aluminium, messing, bronse og kobber. Innstillbart for m\u00e5ling [&hellip;]\" \/>\n<meta property=\"og:url\" content=\"https:\/\/limittools.test.consids5.se\/no\/product\/hardhetsmaler-limit-4300\/\" \/>\n<meta property=\"og:site_name\" content=\"Precision measuring instruments | Limit\" \/>\n<meta property=\"article:publisher\" content=\"https:\/\/www.facebook.com\/limittools\/\" \/>\n<meta name=\"twitter:card\" content=\"summary_large_image\" \/>\n<script type=\"application\/ld+json\" class=\"yoast-schema-graph\">{\"@context\":\"https:\/\/schema.org\",\"@graph\":[{\"@type\":\"WebPage\",\"@id\":\"https:\/\/limittools.test.consids5.se\/no\/product\/hardhetsmaler-limit-4300\/\",\"url\":\"https:\/\/limittools.test.consids5.se\/no\/product\/hardhetsmaler-limit-4300\/\",\"name\":\"HARDHETSM\u00c5LER LIMIT 4300 - Precision measuring instruments | Limit\",\"isPartOf\":{\"@id\":\"https:\/\/limittools.test.consids5.se\/#website\"},\"datePublished\":\"2026-04-08T17:33:44+00:00\",\"dateModified\":\"2026-04-08T17:33:44+00:00\",\"breadcrumb\":{\"@id\":\"https:\/\/limittools.test.consids5.se\/no\/product\/hardhetsmaler-limit-4300\/#breadcrumb\"},\"inLanguage\":\"nb-NO\",\"potentialAction\":[{\"@type\":\"ReadAction\",\"target\":[\"https:\/\/limittools.test.consids5.se\/no\/product\/hardhetsmaler-limit-4300\/\"]}]},{\"@type\":\"BreadcrumbList\",\"@id\":\"https:\/\/limittools.test.consids5.se\/no\/product\/hardhetsmaler-limit-4300\/#breadcrumb\",\"itemListElement\":[{\"@type\":\"ListItem\",\"position\":1,\"name\":\"Products\",\"item\":\"https:\/\/limittools.test.consids5.se\/products\/\"},{\"@type\":\"ListItem\",\"position\":2,\"name\":\"HARDHETSM\u00c5LER LIMIT 4300\"}]},{\"@type\":\"WebSite\",\"@id\":\"https:\/\/limittools.test.consids5.se\/#website\",\"url\":\"https:\/\/limittools.test.consids5.se\/\",\"name\":\"Precision measuring instruments | Limit\",\"description\":\"Everything can be measured\",\"potentialAction\":[{\"@type\":\"SearchAction\",\"target\":{\"@type\":\"EntryPoint\",\"urlTemplate\":\"https:\/\/limittools.test.consids5.se\/?s={search_term_string}\"},\"query-input\":\"required name=search_term_string\"}],\"inLanguage\":\"nb-NO\"}]}<\/script>\n<!-- \/ Yoast SEO plugin. -->","yoast_head_json":{"title":"HARDHETSM\u00c5LER LIMIT 4300 - Precision measuring instruments | Limit","robots":{"index":"index","follow":"follow","max-snippet":"max-snippet:-1","max-image-preview":"max-image-preview:large","max-video-preview":"max-video-preview:-1"},"canonical":"https:\/\/limittools.test.consids5.se\/no\/product\/hardhetsmaler-limit-4300\/","og_locale":"nb_NO","og_type":"article","og_title":"HARDHETSM\u00c5LER LIMIT 4300 - Precision measuring instruments | Limit","og_description":"Portabel hardhetsm\u00e5ler for de mest vanlige metallene som st\u00e5l, rustfritt st\u00e5l, st\u00f8pejern, aluminium, messing, bronse og kobber. Innstillbart for m\u00e5ling [&hellip;]","og_url":"https:\/\/limittools.test.consids5.se\/no\/product\/hardhetsmaler-limit-4300\/","og_site_name":"Precision measuring instruments | Limit","article_publisher":"https:\/\/www.facebook.com\/limittools\/","twitter_card":"summary_large_image","schema":{"@context":"https:\/\/schema.org","@graph":[{"@type":"WebPage","@id":"https:\/\/limittools.test.consids5.se\/no\/product\/hardhetsmaler-limit-4300\/","url":"https:\/\/limittools.test.consids5.se\/no\/product\/hardhetsmaler-limit-4300\/","name":"HARDHETSM\u00c5LER LIMIT 4300 - Precision measuring instruments | Limit","isPartOf":{"@id":"https:\/\/limittools.test.consids5.se\/#website"},"datePublished":"2026-04-08T17:33:44+00:00","dateModified":"2026-04-08T17:33:44+00:00","breadcrumb":{"@id":"https:\/\/limittools.test.consids5.se\/no\/product\/hardhetsmaler-limit-4300\/#breadcrumb"},"inLanguage":"nb-NO","potentialAction":[{"@type":"ReadAction","target":["https:\/\/limittools.test.consids5.se\/no\/product\/hardhetsmaler-limit-4300\/"]}]},{"@type":"BreadcrumbList","@id":"https:\/\/limittools.test.consids5.se\/no\/product\/hardhetsmaler-limit-4300\/#breadcrumb","itemListElement":[{"@type":"ListItem","position":1,"name":"Products","item":"https:\/\/limittools.test.consids5.se\/products\/"},{"@type":"ListItem","position":2,"name":"HARDHETSM\u00c5LER LIMIT 4300"}]},{"@type":"WebSite","@id":"https:\/\/limittools.test.consids5.se\/#website","url":"https:\/\/limittools.test.consids5.se\/","name":"Precision measuring instruments | Limit","description":"Everything can be measured","potentialAction":[{"@type":"SearchAction","target":{"@type":"EntryPoint","urlTemplate":"https:\/\/limittools.test.consids5.se\/?s={search_term_string}"},"query-input":"required name=search_term_string"}],"inLanguage":"nb-NO"}]}},"_links":{"self":[{"href":"https:\/\/limittools.test.consids5.se\/no\/wp-json\/wp\/v2\/product\/2931"}],"collection":[{"href":"https:\/\/limittools.test.consids5.se\/no\/wp-json\/wp\/v2\/product"}],"about":[{"href":"https:\/\/limittools.test.consids5.se\/no\/wp-json\/wp\/v2\/types\/product"}],"replies":[{"embeddable":true,"href":"https:\/\/limittools.test.consids5.se\/no\/wp-json\/wp\/v2\/comments?post=2931"}],"wp:attachment":[{"href":"https:\/\/limittools.test.consids5.se\/no\/wp-json\/wp\/v2\/media?parent=2931"}],"wp:term":[{"taxonomy":"product_cat","embeddable":true,"href":"https:\/\/limittools.test.consids5.se\/no\/wp-json\/wp\/v2\/product_cat?post=2931"},{"taxonomy":"product_tag","embeddable":true,"href":"https:\/\/limittools.test.consids5.se\/no\/wp-json\/wp\/v2\/product_tag?post=2931"}],"curies":[{"name":"wp","href":"https:\/\/api.w.org\/{rel}","templated":true}]}}