{"id":2952,"date":"2026-04-08T17:33:53","date_gmt":"2026-04-08T17:33:53","guid":{"rendered":"http:\/\/limit-tools.local\/product\/hardhetsmaler-gummi-4000\/"},"modified":"2026-04-08T17:33:53","modified_gmt":"2026-04-08T17:33:53","slug":"hardhetsmaler-gummi-4000","status":"publish","type":"product","link":"https:\/\/limittools.test.consids5.se\/no\/product\/hardhetsmaler-gummi-4000\/","title":{"rendered":"HARDHETSM\u00c5LER GUMMI 4000"},"content":{"rendered":"<p>M\u00e5ler mye materialers hardhet som f.eks. gummi, myke plastmaterialer, l\u00e6r etc.<br \/>\nen fj\u00e6rbelastet m\u00e5lespiss holdes mot materialet og hardheten angis i Shore A.<br \/>\nM\u00e5leflaten b\u00e6r v\u00e6re relativ slett og m\u00e5leflatens st\u00f8rrelse minst 12 mm diameter, og m\u00e5lingen skal utf\u00f8res minst 12 mm fra ytterkant. Kalibrering kan skje mot vedlagt testblokk. Instrumentet har gjennomsnittsverdi funksjon for 2 til 9 m\u00e5linger. Automatisk avstenging etter 1 minutt. Instrumentet f\u00f8lger standard i henhold til DIN 53505, ISO 868, ASTM D 2240.<\/p>\n","protected":false},"excerpt":{"rendered":"M\u00e5ler mye materialers hardhet som f.eks. gummi, myke plastmaterialer, l\u00e6r etc. en fj\u00e6rbelastet m\u00e5lespiss holdes mot materialet og hardheten angis [&hellip;]","protected":false},"featured_media":0,"comment_status":"closed","ping_status":"closed","template":"","meta":{"_acf_changed":false},"product_cat":[463,320],"product_tag":[],"class_list":{"0":"post-2952","1":"product","2":"type-product","3":"status-publish","5":"product_cat-hardhetstestere-no","6":"product_cat-inspeksjon-no","8":"first","9":"instock","10":"shipping-taxable","11":"product-type-simple"},"acf":[],"yoast_head":"<!-- This site is optimized with the Yoast SEO plugin v23.2 - https:\/\/yoast.com\/wordpress\/plugins\/seo\/ -->\n<title>HARDHETSM\u00c5LER GUMMI 4000 - Precision measuring instruments | Limit<\/title>\n<meta name=\"robots\" content=\"index, follow, max-snippet:-1, max-image-preview:large, max-video-preview:-1\" \/>\n<link rel=\"canonical\" href=\"https:\/\/limittools.test.consids5.se\/no\/product\/hardhetsmaler-gummi-4000\/\" \/>\n<meta property=\"og:locale\" content=\"nb_NO\" \/>\n<meta property=\"og:type\" content=\"article\" \/>\n<meta property=\"og:title\" content=\"HARDHETSM\u00c5LER GUMMI 4000 - Precision measuring instruments | Limit\" \/>\n<meta property=\"og:description\" content=\"M\u00e5ler mye materialers hardhet som f.eks. gummi, myke plastmaterialer, l\u00e6r etc. en fj\u00e6rbelastet m\u00e5lespiss holdes mot materialet og hardheten angis [&hellip;]\" \/>\n<meta property=\"og:url\" content=\"https:\/\/limittools.test.consids5.se\/no\/product\/hardhetsmaler-gummi-4000\/\" \/>\n<meta property=\"og:site_name\" content=\"Precision measuring instruments | Limit\" \/>\n<meta property=\"article:publisher\" content=\"https:\/\/www.facebook.com\/limittools\/\" \/>\n<meta name=\"twitter:card\" content=\"summary_large_image\" \/>\n<script type=\"application\/ld+json\" class=\"yoast-schema-graph\">{\"@context\":\"https:\/\/schema.org\",\"@graph\":[{\"@type\":\"WebPage\",\"@id\":\"https:\/\/limittools.test.consids5.se\/no\/product\/hardhetsmaler-gummi-4000\/\",\"url\":\"https:\/\/limittools.test.consids5.se\/no\/product\/hardhetsmaler-gummi-4000\/\",\"name\":\"HARDHETSM\u00c5LER GUMMI 4000 - Precision measuring instruments | Limit\",\"isPartOf\":{\"@id\":\"https:\/\/limittools.test.consids5.se\/#website\"},\"datePublished\":\"2026-04-08T17:33:53+00:00\",\"dateModified\":\"2026-04-08T17:33:53+00:00\",\"breadcrumb\":{\"@id\":\"https:\/\/limittools.test.consids5.se\/no\/product\/hardhetsmaler-gummi-4000\/#breadcrumb\"},\"inLanguage\":\"nb-NO\",\"potentialAction\":[{\"@type\":\"ReadAction\",\"target\":[\"https:\/\/limittools.test.consids5.se\/no\/product\/hardhetsmaler-gummi-4000\/\"]}]},{\"@type\":\"BreadcrumbList\",\"@id\":\"https:\/\/limittools.test.consids5.se\/no\/product\/hardhetsmaler-gummi-4000\/#breadcrumb\",\"itemListElement\":[{\"@type\":\"ListItem\",\"position\":1,\"name\":\"Products\",\"item\":\"https:\/\/limittools.test.consids5.se\/products\/\"},{\"@type\":\"ListItem\",\"position\":2,\"name\":\"HARDHETSM\u00c5LER GUMMI 4000\"}]},{\"@type\":\"WebSite\",\"@id\":\"https:\/\/limittools.test.consids5.se\/#website\",\"url\":\"https:\/\/limittools.test.consids5.se\/\",\"name\":\"Precision measuring instruments | Limit\",\"description\":\"Everything can be measured\",\"potentialAction\":[{\"@type\":\"SearchAction\",\"target\":{\"@type\":\"EntryPoint\",\"urlTemplate\":\"https:\/\/limittools.test.consids5.se\/?s={search_term_string}\"},\"query-input\":\"required name=search_term_string\"}],\"inLanguage\":\"nb-NO\"}]}<\/script>\n<!-- \/ Yoast SEO plugin. -->","yoast_head_json":{"title":"HARDHETSM\u00c5LER GUMMI 4000 - Precision measuring instruments | Limit","robots":{"index":"index","follow":"follow","max-snippet":"max-snippet:-1","max-image-preview":"max-image-preview:large","max-video-preview":"max-video-preview:-1"},"canonical":"https:\/\/limittools.test.consids5.se\/no\/product\/hardhetsmaler-gummi-4000\/","og_locale":"nb_NO","og_type":"article","og_title":"HARDHETSM\u00c5LER GUMMI 4000 - Precision measuring instruments | Limit","og_description":"M\u00e5ler mye materialers hardhet som f.eks. gummi, myke plastmaterialer, l\u00e6r etc. en fj\u00e6rbelastet m\u00e5lespiss holdes mot materialet og hardheten angis [&hellip;]","og_url":"https:\/\/limittools.test.consids5.se\/no\/product\/hardhetsmaler-gummi-4000\/","og_site_name":"Precision measuring instruments | Limit","article_publisher":"https:\/\/www.facebook.com\/limittools\/","twitter_card":"summary_large_image","schema":{"@context":"https:\/\/schema.org","@graph":[{"@type":"WebPage","@id":"https:\/\/limittools.test.consids5.se\/no\/product\/hardhetsmaler-gummi-4000\/","url":"https:\/\/limittools.test.consids5.se\/no\/product\/hardhetsmaler-gummi-4000\/","name":"HARDHETSM\u00c5LER GUMMI 4000 - Precision measuring instruments | Limit","isPartOf":{"@id":"https:\/\/limittools.test.consids5.se\/#website"},"datePublished":"2026-04-08T17:33:53+00:00","dateModified":"2026-04-08T17:33:53+00:00","breadcrumb":{"@id":"https:\/\/limittools.test.consids5.se\/no\/product\/hardhetsmaler-gummi-4000\/#breadcrumb"},"inLanguage":"nb-NO","potentialAction":[{"@type":"ReadAction","target":["https:\/\/limittools.test.consids5.se\/no\/product\/hardhetsmaler-gummi-4000\/"]}]},{"@type":"BreadcrumbList","@id":"https:\/\/limittools.test.consids5.se\/no\/product\/hardhetsmaler-gummi-4000\/#breadcrumb","itemListElement":[{"@type":"ListItem","position":1,"name":"Products","item":"https:\/\/limittools.test.consids5.se\/products\/"},{"@type":"ListItem","position":2,"name":"HARDHETSM\u00c5LER GUMMI 4000"}]},{"@type":"WebSite","@id":"https:\/\/limittools.test.consids5.se\/#website","url":"https:\/\/limittools.test.consids5.se\/","name":"Precision measuring instruments | Limit","description":"Everything can be measured","potentialAction":[{"@type":"SearchAction","target":{"@type":"EntryPoint","urlTemplate":"https:\/\/limittools.test.consids5.se\/?s={search_term_string}"},"query-input":"required name=search_term_string"}],"inLanguage":"nb-NO"}]}},"_links":{"self":[{"href":"https:\/\/limittools.test.consids5.se\/no\/wp-json\/wp\/v2\/product\/2952"}],"collection":[{"href":"https:\/\/limittools.test.consids5.se\/no\/wp-json\/wp\/v2\/product"}],"about":[{"href":"https:\/\/limittools.test.consids5.se\/no\/wp-json\/wp\/v2\/types\/product"}],"replies":[{"embeddable":true,"href":"https:\/\/limittools.test.consids5.se\/no\/wp-json\/wp\/v2\/comments?post=2952"}],"wp:attachment":[{"href":"https:\/\/limittools.test.consids5.se\/no\/wp-json\/wp\/v2\/media?parent=2952"}],"wp:term":[{"taxonomy":"product_cat","embeddable":true,"href":"https:\/\/limittools.test.consids5.se\/no\/wp-json\/wp\/v2\/product_cat?post=2952"},{"taxonomy":"product_tag","embeddable":true,"href":"https:\/\/limittools.test.consids5.se\/no\/wp-json\/wp\/v2\/product_tag?post=2952"}],"curies":[{"name":"wp","href":"https:\/\/api.w.org\/{rel}","templated":true}]}}