{"id":3199,"date":"2025-01-22T08:51:59","date_gmt":"2025-01-22T08:51:59","guid":{"rendered":"http:\/\/limit-tools.local\/product\/inspektionskamera-inspel\/"},"modified":"2025-01-22T08:51:59","modified_gmt":"2025-01-22T08:51:59","slug":"inspeksjonskamera-innspillings","status":"publish","type":"product","link":"https:\/\/limittools.test.consids5.se\/no\/product\/inspeksjonskamera-innspillings\/","title":{"rendered":"INSPEKSJONSKAMERA INNSPILLINGS"},"content":{"rendered":"<p>Innspillingsbar inspeksjonskamera med 3.5&#8243; fargemonitor. Avtagbar monitor med tr\u00e5dl\u00f8s kobling til kameraenheten opp til 10 m. Med SD-kort kan b\u00e5de stillbilder og bevegelige bilder lagres og senere spilles av i monitoren eller overf\u00f8res til PC eller TV-skjerm. Den avtagbare monitoren forenkler inspeksjon spesielt ved trange og ubekvemme plasser, og n\u00e5r man \u00f8nsker \u00e5 gj\u00f8re en inspeksjon i en lengre periode. Egnet for inspeksjon og lokalisering av problem i f.eks. hulrom i vegger og murer, avl\u00f8p, elskap, motorer etc. Enkelt \u00e5 inspisere p\u00e5 m\u00f8rke og steder det er vanskelig \u00e5 komme til. Integrert LED-belysning i kamerahodet med justerbar lysstyrke. Kameraet og den b\u00f8yelige armen er selvb\u00e6rende og vanntett IP 67.<br \/>\nTilbeh\u00f8r som speil, krok og magnet er det enkelt \u00e5 plukke opp gjenstander som er mistet. Leveres i robust plastkasse med 2 GB minnebrikke, USB-kabel og TV-koblingskabel, fargemonitor, krok og magnet, samt bruksanvisning. Batteritype AA inng\u00e5r ikke. Forlengerarm 2 meter: kan forlenges i 2 meters lengder opp til \u00f8nsket antall lengde, men v\u00e6r obs p\u00e5 at bildekvaliteten blir d\u00e5rligere suksessivt fra og med 7 meter og oppover. Passer 5.8 mm kamerahode.<\/p>\n","protected":false},"excerpt":{"rendered":"Innspillingsbar inspeksjonskamera med 3.5&#8243; fargemonitor. Avtagbar monitor med tr\u00e5dl\u00f8s kobling til kameraenheten opp til 10 m. Med SD-kort kan b\u00e5de [&hellip;]","protected":false},"featured_media":0,"comment_status":"closed","ping_status":"closed","template":"","meta":{"_acf_changed":false},"product_cat":[320,469],"product_tag":[],"class_list":{"0":"post-3199","1":"product","2":"type-product","3":"status-publish","5":"product_cat-inspeksjon-no","6":"product_cat-inspeksjonskameraer-no","8":"first","9":"instock","10":"shipping-taxable","11":"product-type-simple"},"acf":[],"yoast_head":"<!-- This site is optimized with the Yoast SEO plugin v23.2 - https:\/\/yoast.com\/wordpress\/plugins\/seo\/ -->\n<title>INSPEKSJONSKAMERA INNSPILLINGS - Precision measuring instruments | Limit<\/title>\n<meta name=\"robots\" content=\"index, follow, max-snippet:-1, max-image-preview:large, max-video-preview:-1\" \/>\n<link rel=\"canonical\" href=\"https:\/\/limittools.test.consids5.se\/no\/product\/inspeksjonskamera-innspillings\/\" \/>\n<meta property=\"og:locale\" content=\"nb_NO\" \/>\n<meta property=\"og:type\" content=\"article\" \/>\n<meta property=\"og:title\" content=\"INSPEKSJONSKAMERA INNSPILLINGS - Precision measuring instruments | Limit\" \/>\n<meta property=\"og:description\" content=\"Innspillingsbar inspeksjonskamera med 3.5&#8243; fargemonitor. Avtagbar monitor med tr\u00e5dl\u00f8s kobling til kameraenheten opp til 10 m. Med SD-kort kan b\u00e5de [&hellip;]\" \/>\n<meta property=\"og:url\" content=\"https:\/\/limittools.test.consids5.se\/no\/product\/inspeksjonskamera-innspillings\/\" \/>\n<meta property=\"og:site_name\" content=\"Precision measuring instruments | Limit\" \/>\n<meta property=\"article:publisher\" content=\"https:\/\/www.facebook.com\/limittools\/\" \/>\n<meta name=\"twitter:card\" content=\"summary_large_image\" \/>\n<meta name=\"twitter:label1\" content=\"Est. reading time\" \/>\n\t<meta name=\"twitter:data1\" content=\"1 minute\" \/>\n<script type=\"application\/ld+json\" class=\"yoast-schema-graph\">{\"@context\":\"https:\/\/schema.org\",\"@graph\":[{\"@type\":\"WebPage\",\"@id\":\"https:\/\/limittools.test.consids5.se\/no\/product\/inspeksjonskamera-innspillings\/\",\"url\":\"https:\/\/limittools.test.consids5.se\/no\/product\/inspeksjonskamera-innspillings\/\",\"name\":\"INSPEKSJONSKAMERA INNSPILLINGS - Precision measuring instruments | Limit\",\"isPartOf\":{\"@id\":\"https:\/\/limittools.test.consids5.se\/#website\"},\"datePublished\":\"2025-01-22T08:51:59+00:00\",\"dateModified\":\"2025-01-22T08:51:59+00:00\",\"breadcrumb\":{\"@id\":\"https:\/\/limittools.test.consids5.se\/no\/product\/inspeksjonskamera-innspillings\/#breadcrumb\"},\"inLanguage\":\"nb-NO\",\"potentialAction\":[{\"@type\":\"ReadAction\",\"target\":[\"https:\/\/limittools.test.consids5.se\/no\/product\/inspeksjonskamera-innspillings\/\"]}]},{\"@type\":\"BreadcrumbList\",\"@id\":\"https:\/\/limittools.test.consids5.se\/no\/product\/inspeksjonskamera-innspillings\/#breadcrumb\",\"itemListElement\":[{\"@type\":\"ListItem\",\"position\":1,\"name\":\"Products\",\"item\":\"https:\/\/limittools.test.consids5.se\/products\/\"},{\"@type\":\"ListItem\",\"position\":2,\"name\":\"INSPEKSJONSKAMERA INNSPILLINGS\"}]},{\"@type\":\"WebSite\",\"@id\":\"https:\/\/limittools.test.consids5.se\/#website\",\"url\":\"https:\/\/limittools.test.consids5.se\/\",\"name\":\"Precision measuring instruments | Limit\",\"description\":\"Everything can be measured\",\"potentialAction\":[{\"@type\":\"SearchAction\",\"target\":{\"@type\":\"EntryPoint\",\"urlTemplate\":\"https:\/\/limittools.test.consids5.se\/?s={search_term_string}\"},\"query-input\":\"required name=search_term_string\"}],\"inLanguage\":\"nb-NO\"}]}<\/script>\n<!-- \/ Yoast SEO plugin. -->","yoast_head_json":{"title":"INSPEKSJONSKAMERA INNSPILLINGS - Precision measuring instruments | Limit","robots":{"index":"index","follow":"follow","max-snippet":"max-snippet:-1","max-image-preview":"max-image-preview:large","max-video-preview":"max-video-preview:-1"},"canonical":"https:\/\/limittools.test.consids5.se\/no\/product\/inspeksjonskamera-innspillings\/","og_locale":"nb_NO","og_type":"article","og_title":"INSPEKSJONSKAMERA INNSPILLINGS - Precision measuring instruments | Limit","og_description":"Innspillingsbar inspeksjonskamera med 3.5&#8243; fargemonitor. Avtagbar monitor med tr\u00e5dl\u00f8s kobling til kameraenheten opp til 10 m. Med SD-kort kan b\u00e5de [&hellip;]","og_url":"https:\/\/limittools.test.consids5.se\/no\/product\/inspeksjonskamera-innspillings\/","og_site_name":"Precision measuring instruments | Limit","article_publisher":"https:\/\/www.facebook.com\/limittools\/","twitter_card":"summary_large_image","twitter_misc":{"Est. reading time":"1 minute"},"schema":{"@context":"https:\/\/schema.org","@graph":[{"@type":"WebPage","@id":"https:\/\/limittools.test.consids5.se\/no\/product\/inspeksjonskamera-innspillings\/","url":"https:\/\/limittools.test.consids5.se\/no\/product\/inspeksjonskamera-innspillings\/","name":"INSPEKSJONSKAMERA INNSPILLINGS - Precision measuring instruments | Limit","isPartOf":{"@id":"https:\/\/limittools.test.consids5.se\/#website"},"datePublished":"2025-01-22T08:51:59+00:00","dateModified":"2025-01-22T08:51:59+00:00","breadcrumb":{"@id":"https:\/\/limittools.test.consids5.se\/no\/product\/inspeksjonskamera-innspillings\/#breadcrumb"},"inLanguage":"nb-NO","potentialAction":[{"@type":"ReadAction","target":["https:\/\/limittools.test.consids5.se\/no\/product\/inspeksjonskamera-innspillings\/"]}]},{"@type":"BreadcrumbList","@id":"https:\/\/limittools.test.consids5.se\/no\/product\/inspeksjonskamera-innspillings\/#breadcrumb","itemListElement":[{"@type":"ListItem","position":1,"name":"Products","item":"https:\/\/limittools.test.consids5.se\/products\/"},{"@type":"ListItem","position":2,"name":"INSPEKSJONSKAMERA INNSPILLINGS"}]},{"@type":"WebSite","@id":"https:\/\/limittools.test.consids5.se\/#website","url":"https:\/\/limittools.test.consids5.se\/","name":"Precision measuring instruments | Limit","description":"Everything can be measured","potentialAction":[{"@type":"SearchAction","target":{"@type":"EntryPoint","urlTemplate":"https:\/\/limittools.test.consids5.se\/?s={search_term_string}"},"query-input":"required name=search_term_string"}],"inLanguage":"nb-NO"}]}},"_links":{"self":[{"href":"https:\/\/limittools.test.consids5.se\/no\/wp-json\/wp\/v2\/product\/3199"}],"collection":[{"href":"https:\/\/limittools.test.consids5.se\/no\/wp-json\/wp\/v2\/product"}],"about":[{"href":"https:\/\/limittools.test.consids5.se\/no\/wp-json\/wp\/v2\/types\/product"}],"replies":[{"embeddable":true,"href":"https:\/\/limittools.test.consids5.se\/no\/wp-json\/wp\/v2\/comments?post=3199"}],"wp:attachment":[{"href":"https:\/\/limittools.test.consids5.se\/no\/wp-json\/wp\/v2\/media?parent=3199"}],"wp:term":[{"taxonomy":"product_cat","embeddable":true,"href":"https:\/\/limittools.test.consids5.se\/no\/wp-json\/wp\/v2\/product_cat?post=3199"},{"taxonomy":"product_tag","embeddable":true,"href":"https:\/\/limittools.test.consids5.se\/no\/wp-json\/wp\/v2\/product_tag?post=3199"}],"curies":[{"name":"wp","href":"https:\/\/api.w.org\/{rel}","templated":true}]}}