{"id":3209,"date":"2026-04-08T17:35:54","date_gmt":"2026-04-08T17:35:54","guid":{"rendered":"http:\/\/limit-tools.local\/product\/passer-400mm\/"},"modified":"2026-04-08T17:35:54","modified_gmt":"2026-04-08T17:35:54","slug":"buepasser-laseskrue-400mm","status":"publish","type":"product","link":"https:\/\/limittools.test.consids5.se\/no\/product\/buepasser-laseskrue-400mm\/","title":{"rendered":"BUEPASSER L\u00c5SESKRUE 400MM"},"content":{"rendered":"<p>Av st\u00e5l. Rektangul\u00e6re h\u00e5ndtak. Med herdede spisser. Utenp\u00e5liggende bue.<br \/>\nLengde 400-500 mm Med runde h\u00e5ndtak.<\/p>\n","protected":false},"excerpt":{"rendered":"Av st\u00e5l. Rektangul\u00e6re h\u00e5ndtak. Med herdede spisser. Utenp\u00e5liggende bue. Lengde 400-500 mm Med runde h\u00e5ndtak.","protected":false},"featured_media":0,"comment_status":"closed","ping_status":"closed","template":"","meta":{"_acf_changed":false},"product_cat":[301,245],"product_tag":[],"class_list":{"0":"post-3209","1":"product","2":"type-product","3":"status-publish","5":"product_cat-risseverktoy-no","6":"product_cat-verkstedmaling-no","8":"first","9":"instock","10":"shipping-taxable","11":"product-type-simple"},"acf":[],"yoast_head":"<!-- This site is optimized with the Yoast SEO plugin v23.2 - https:\/\/yoast.com\/wordpress\/plugins\/seo\/ -->\n<title>BUEPASSER L\u00c5SESKRUE 400MM - Precision measuring instruments | Limit<\/title>\n<meta name=\"robots\" content=\"index, follow, max-snippet:-1, max-image-preview:large, max-video-preview:-1\" \/>\n<link rel=\"canonical\" href=\"https:\/\/limittools.test.consids5.se\/no\/product\/buepasser-laseskrue-400mm\/\" \/>\n<meta property=\"og:locale\" content=\"nb_NO\" \/>\n<meta property=\"og:type\" content=\"article\" \/>\n<meta property=\"og:title\" content=\"BUEPASSER L\u00c5SESKRUE 400MM - Precision measuring instruments | Limit\" \/>\n<meta property=\"og:description\" content=\"Av st\u00e5l. Rektangul\u00e6re h\u00e5ndtak. Med herdede spisser. Utenp\u00e5liggende bue. Lengde 400-500 mm Med runde h\u00e5ndtak.\" \/>\n<meta property=\"og:url\" content=\"https:\/\/limittools.test.consids5.se\/no\/product\/buepasser-laseskrue-400mm\/\" \/>\n<meta property=\"og:site_name\" content=\"Precision measuring instruments | Limit\" \/>\n<meta property=\"article:publisher\" content=\"https:\/\/www.facebook.com\/limittools\/\" \/>\n<meta name=\"twitter:card\" content=\"summary_large_image\" \/>\n<script type=\"application\/ld+json\" class=\"yoast-schema-graph\">{\"@context\":\"https:\/\/schema.org\",\"@graph\":[{\"@type\":\"WebPage\",\"@id\":\"https:\/\/limittools.test.consids5.se\/no\/product\/buepasser-laseskrue-400mm\/\",\"url\":\"https:\/\/limittools.test.consids5.se\/no\/product\/buepasser-laseskrue-400mm\/\",\"name\":\"BUEPASSER L\u00c5SESKRUE 400MM - Precision measuring instruments | Limit\",\"isPartOf\":{\"@id\":\"https:\/\/limittools.test.consids5.se\/#website\"},\"datePublished\":\"2026-04-08T17:35:54+00:00\",\"dateModified\":\"2026-04-08T17:35:54+00:00\",\"breadcrumb\":{\"@id\":\"https:\/\/limittools.test.consids5.se\/no\/product\/buepasser-laseskrue-400mm\/#breadcrumb\"},\"inLanguage\":\"nb-NO\",\"potentialAction\":[{\"@type\":\"ReadAction\",\"target\":[\"https:\/\/limittools.test.consids5.se\/no\/product\/buepasser-laseskrue-400mm\/\"]}]},{\"@type\":\"BreadcrumbList\",\"@id\":\"https:\/\/limittools.test.consids5.se\/no\/product\/buepasser-laseskrue-400mm\/#breadcrumb\",\"itemListElement\":[{\"@type\":\"ListItem\",\"position\":1,\"name\":\"Products\",\"item\":\"https:\/\/limittools.test.consids5.se\/products\/\"},{\"@type\":\"ListItem\",\"position\":2,\"name\":\"BUEPASSER L\u00c5SESKRUE 400MM\"}]},{\"@type\":\"WebSite\",\"@id\":\"https:\/\/limittools.test.consids5.se\/#website\",\"url\":\"https:\/\/limittools.test.consids5.se\/\",\"name\":\"Precision measuring instruments | Limit\",\"description\":\"Everything can be measured\",\"potentialAction\":[{\"@type\":\"SearchAction\",\"target\":{\"@type\":\"EntryPoint\",\"urlTemplate\":\"https:\/\/limittools.test.consids5.se\/?s={search_term_string}\"},\"query-input\":\"required name=search_term_string\"}],\"inLanguage\":\"nb-NO\"}]}<\/script>\n<!-- \/ Yoast SEO plugin. -->","yoast_head_json":{"title":"BUEPASSER L\u00c5SESKRUE 400MM - Precision measuring instruments | Limit","robots":{"index":"index","follow":"follow","max-snippet":"max-snippet:-1","max-image-preview":"max-image-preview:large","max-video-preview":"max-video-preview:-1"},"canonical":"https:\/\/limittools.test.consids5.se\/no\/product\/buepasser-laseskrue-400mm\/","og_locale":"nb_NO","og_type":"article","og_title":"BUEPASSER L\u00c5SESKRUE 400MM - Precision measuring instruments | Limit","og_description":"Av st\u00e5l. Rektangul\u00e6re h\u00e5ndtak. Med herdede spisser. Utenp\u00e5liggende bue. Lengde 400-500 mm Med runde h\u00e5ndtak.","og_url":"https:\/\/limittools.test.consids5.se\/no\/product\/buepasser-laseskrue-400mm\/","og_site_name":"Precision measuring instruments | Limit","article_publisher":"https:\/\/www.facebook.com\/limittools\/","twitter_card":"summary_large_image","schema":{"@context":"https:\/\/schema.org","@graph":[{"@type":"WebPage","@id":"https:\/\/limittools.test.consids5.se\/no\/product\/buepasser-laseskrue-400mm\/","url":"https:\/\/limittools.test.consids5.se\/no\/product\/buepasser-laseskrue-400mm\/","name":"BUEPASSER L\u00c5SESKRUE 400MM - Precision measuring instruments | Limit","isPartOf":{"@id":"https:\/\/limittools.test.consids5.se\/#website"},"datePublished":"2026-04-08T17:35:54+00:00","dateModified":"2026-04-08T17:35:54+00:00","breadcrumb":{"@id":"https:\/\/limittools.test.consids5.se\/no\/product\/buepasser-laseskrue-400mm\/#breadcrumb"},"inLanguage":"nb-NO","potentialAction":[{"@type":"ReadAction","target":["https:\/\/limittools.test.consids5.se\/no\/product\/buepasser-laseskrue-400mm\/"]}]},{"@type":"BreadcrumbList","@id":"https:\/\/limittools.test.consids5.se\/no\/product\/buepasser-laseskrue-400mm\/#breadcrumb","itemListElement":[{"@type":"ListItem","position":1,"name":"Products","item":"https:\/\/limittools.test.consids5.se\/products\/"},{"@type":"ListItem","position":2,"name":"BUEPASSER L\u00c5SESKRUE 400MM"}]},{"@type":"WebSite","@id":"https:\/\/limittools.test.consids5.se\/#website","url":"https:\/\/limittools.test.consids5.se\/","name":"Precision measuring instruments | Limit","description":"Everything can be measured","potentialAction":[{"@type":"SearchAction","target":{"@type":"EntryPoint","urlTemplate":"https:\/\/limittools.test.consids5.se\/?s={search_term_string}"},"query-input":"required name=search_term_string"}],"inLanguage":"nb-NO"}]}},"_links":{"self":[{"href":"https:\/\/limittools.test.consids5.se\/no\/wp-json\/wp\/v2\/product\/3209"}],"collection":[{"href":"https:\/\/limittools.test.consids5.se\/no\/wp-json\/wp\/v2\/product"}],"about":[{"href":"https:\/\/limittools.test.consids5.se\/no\/wp-json\/wp\/v2\/types\/product"}],"replies":[{"embeddable":true,"href":"https:\/\/limittools.test.consids5.se\/no\/wp-json\/wp\/v2\/comments?post=3209"}],"wp:attachment":[{"href":"https:\/\/limittools.test.consids5.se\/no\/wp-json\/wp\/v2\/media?parent=3209"}],"wp:term":[{"taxonomy":"product_cat","embeddable":true,"href":"https:\/\/limittools.test.consids5.se\/no\/wp-json\/wp\/v2\/product_cat?post=3209"},{"taxonomy":"product_tag","embeddable":true,"href":"https:\/\/limittools.test.consids5.se\/no\/wp-json\/wp\/v2\/product_tag?post=3209"}],"curies":[{"name":"wp","href":"https:\/\/api.w.org\/{rel}","templated":true}]}}