{"id":3313,"date":"2026-04-08T17:37:03","date_gmt":"2026-04-08T17:37:03","guid":{"rendered":"http:\/\/limit-tools.local\/product\/termometer-limit-60\/"},"modified":"2026-04-08T17:37:03","modified_gmt":"2026-04-08T17:37:03","slug":"termometer-limit-60","status":"publish","type":"product","link":"https:\/\/limittools.test.consids5.se\/no\/product\/termometer-limit-60\/","title":{"rendered":"TERMOMETER LIMIT 60"},"content":{"rendered":"<p>Digital givertermometer. To kanaler for samtidig m\u00e5ling med to ulike givere. Opp til 99 m\u00e5linger kan lagres over tid, enten med forh\u00e5ndsinnstilte tidsintervaller eller manuell registrering. Lagrede m\u00e5linger kan overf\u00f8res til PC.<br \/>\nRegistrerer maks.-, min.-verdi, forskjell mellom m\u00e5lepunktene. Holdfunksjon. Instrumentet er enkelt \u00e5 justere for eventuelle m\u00e5lefeil fra giver. Displaybelysning. Omstillbar mellom \u00b0C og \u00b0F. Varsling for lav batterispenning. Giver type K, J og E kan brukes. Tr\u00e5dgiver type K maks. 260 \u00b0C inng\u00e5r samt USB kabel og mykvare, batteri og bruksanvisning.<br \/>\n15321-0208 Innstikksgiver luft\/v\u00e6sker type K -50 til +600 \u00b0C. Giverlengde 180 mm. Kabellengde 1000 mm.<br \/>\n15321-0307 Overflategiver type K -50 til +500 \u00b0C. Giverlengde 125 mm. Kabellengde 1000 mm.<br \/>\n12860-0301 Tr\u00e5dgiver -50 til +260 \u00b0C. Tr\u00e5dlengde 900 mm.<\/p>\n","protected":false},"excerpt":{"rendered":"Digital givertermometer. To kanaler for samtidig m\u00e5ling med to ulike givere. Opp til 99 m\u00e5linger kan lagres over tid, enten [&hellip;]","protected":false},"featured_media":0,"comment_status":"closed","ping_status":"closed","template":"","meta":{"_acf_changed":false},"product_cat":[544,1810],"product_tag":[],"class_list":{"0":"post-3313","1":"product","2":"type-product","3":"status-publish","5":"product_cat-klima-og-miljomaling-instrumenter-no","6":"product_cat-termometre-no-klima-og-miljomaling-instrumenter-no-64","8":"first","9":"instock","10":"shipping-taxable","11":"product-type-simple"},"acf":[],"yoast_head":"<!-- This site is optimized with the Yoast SEO plugin v23.2 - https:\/\/yoast.com\/wordpress\/plugins\/seo\/ -->\n<title>TERMOMETER LIMIT 60 - Precision measuring instruments | Limit<\/title>\n<meta name=\"robots\" content=\"index, follow, max-snippet:-1, max-image-preview:large, max-video-preview:-1\" \/>\n<link rel=\"canonical\" href=\"https:\/\/limittools.test.consids5.se\/no\/product\/termometer-limit-60\/\" \/>\n<meta property=\"og:locale\" content=\"nb_NO\" \/>\n<meta property=\"og:type\" content=\"article\" \/>\n<meta property=\"og:title\" content=\"TERMOMETER LIMIT 60 - Precision measuring instruments | Limit\" \/>\n<meta property=\"og:description\" content=\"Digital givertermometer. To kanaler for samtidig m\u00e5ling med to ulike givere. Opp til 99 m\u00e5linger kan lagres over tid, enten [&hellip;]\" \/>\n<meta property=\"og:url\" content=\"https:\/\/limittools.test.consids5.se\/no\/product\/termometer-limit-60\/\" \/>\n<meta property=\"og:site_name\" content=\"Precision measuring instruments | Limit\" \/>\n<meta property=\"article:publisher\" content=\"https:\/\/www.facebook.com\/limittools\/\" \/>\n<meta name=\"twitter:card\" content=\"summary_large_image\" \/>\n<meta name=\"twitter:label1\" content=\"Est. reading time\" \/>\n\t<meta name=\"twitter:data1\" content=\"1 minute\" \/>\n<script type=\"application\/ld+json\" class=\"yoast-schema-graph\">{\"@context\":\"https:\/\/schema.org\",\"@graph\":[{\"@type\":\"WebPage\",\"@id\":\"https:\/\/limittools.test.consids5.se\/no\/product\/termometer-limit-60\/\",\"url\":\"https:\/\/limittools.test.consids5.se\/no\/product\/termometer-limit-60\/\",\"name\":\"TERMOMETER LIMIT 60 - Precision measuring instruments | Limit\",\"isPartOf\":{\"@id\":\"https:\/\/limittools.test.consids5.se\/#website\"},\"datePublished\":\"2026-04-08T17:37:03+00:00\",\"dateModified\":\"2026-04-08T17:37:03+00:00\",\"breadcrumb\":{\"@id\":\"https:\/\/limittools.test.consids5.se\/no\/product\/termometer-limit-60\/#breadcrumb\"},\"inLanguage\":\"nb-NO\",\"potentialAction\":[{\"@type\":\"ReadAction\",\"target\":[\"https:\/\/limittools.test.consids5.se\/no\/product\/termometer-limit-60\/\"]}]},{\"@type\":\"BreadcrumbList\",\"@id\":\"https:\/\/limittools.test.consids5.se\/no\/product\/termometer-limit-60\/#breadcrumb\",\"itemListElement\":[{\"@type\":\"ListItem\",\"position\":1,\"name\":\"Products\",\"item\":\"https:\/\/limittools.test.consids5.se\/products\/\"},{\"@type\":\"ListItem\",\"position\":2,\"name\":\"TERMOMETER LIMIT 60\"}]},{\"@type\":\"WebSite\",\"@id\":\"https:\/\/limittools.test.consids5.se\/#website\",\"url\":\"https:\/\/limittools.test.consids5.se\/\",\"name\":\"Precision measuring instruments | Limit\",\"description\":\"Everything can be measured\",\"potentialAction\":[{\"@type\":\"SearchAction\",\"target\":{\"@type\":\"EntryPoint\",\"urlTemplate\":\"https:\/\/limittools.test.consids5.se\/?s={search_term_string}\"},\"query-input\":\"required name=search_term_string\"}],\"inLanguage\":\"nb-NO\"}]}<\/script>\n<!-- \/ Yoast SEO plugin. -->","yoast_head_json":{"title":"TERMOMETER LIMIT 60 - Precision measuring instruments | Limit","robots":{"index":"index","follow":"follow","max-snippet":"max-snippet:-1","max-image-preview":"max-image-preview:large","max-video-preview":"max-video-preview:-1"},"canonical":"https:\/\/limittools.test.consids5.se\/no\/product\/termometer-limit-60\/","og_locale":"nb_NO","og_type":"article","og_title":"TERMOMETER LIMIT 60 - Precision measuring instruments | Limit","og_description":"Digital givertermometer. To kanaler for samtidig m\u00e5ling med to ulike givere. Opp til 99 m\u00e5linger kan lagres over tid, enten [&hellip;]","og_url":"https:\/\/limittools.test.consids5.se\/no\/product\/termometer-limit-60\/","og_site_name":"Precision measuring instruments | Limit","article_publisher":"https:\/\/www.facebook.com\/limittools\/","twitter_card":"summary_large_image","twitter_misc":{"Est. reading time":"1 minute"},"schema":{"@context":"https:\/\/schema.org","@graph":[{"@type":"WebPage","@id":"https:\/\/limittools.test.consids5.se\/no\/product\/termometer-limit-60\/","url":"https:\/\/limittools.test.consids5.se\/no\/product\/termometer-limit-60\/","name":"TERMOMETER LIMIT 60 - Precision measuring instruments | Limit","isPartOf":{"@id":"https:\/\/limittools.test.consids5.se\/#website"},"datePublished":"2026-04-08T17:37:03+00:00","dateModified":"2026-04-08T17:37:03+00:00","breadcrumb":{"@id":"https:\/\/limittools.test.consids5.se\/no\/product\/termometer-limit-60\/#breadcrumb"},"inLanguage":"nb-NO","potentialAction":[{"@type":"ReadAction","target":["https:\/\/limittools.test.consids5.se\/no\/product\/termometer-limit-60\/"]}]},{"@type":"BreadcrumbList","@id":"https:\/\/limittools.test.consids5.se\/no\/product\/termometer-limit-60\/#breadcrumb","itemListElement":[{"@type":"ListItem","position":1,"name":"Products","item":"https:\/\/limittools.test.consids5.se\/products\/"},{"@type":"ListItem","position":2,"name":"TERMOMETER LIMIT 60"}]},{"@type":"WebSite","@id":"https:\/\/limittools.test.consids5.se\/#website","url":"https:\/\/limittools.test.consids5.se\/","name":"Precision measuring instruments | Limit","description":"Everything can be measured","potentialAction":[{"@type":"SearchAction","target":{"@type":"EntryPoint","urlTemplate":"https:\/\/limittools.test.consids5.se\/?s={search_term_string}"},"query-input":"required name=search_term_string"}],"inLanguage":"nb-NO"}]}},"_links":{"self":[{"href":"https:\/\/limittools.test.consids5.se\/no\/wp-json\/wp\/v2\/product\/3313"}],"collection":[{"href":"https:\/\/limittools.test.consids5.se\/no\/wp-json\/wp\/v2\/product"}],"about":[{"href":"https:\/\/limittools.test.consids5.se\/no\/wp-json\/wp\/v2\/types\/product"}],"replies":[{"embeddable":true,"href":"https:\/\/limittools.test.consids5.se\/no\/wp-json\/wp\/v2\/comments?post=3313"}],"wp:attachment":[{"href":"https:\/\/limittools.test.consids5.se\/no\/wp-json\/wp\/v2\/media?parent=3313"}],"wp:term":[{"taxonomy":"product_cat","embeddable":true,"href":"https:\/\/limittools.test.consids5.se\/no\/wp-json\/wp\/v2\/product_cat?post=3313"},{"taxonomy":"product_tag","embeddable":true,"href":"https:\/\/limittools.test.consids5.se\/no\/wp-json\/wp\/v2\/product_tag?post=3313"}],"curies":[{"name":"wp","href":"https:\/\/api.w.org\/{rel}","templated":true}]}}