{"id":3352,"date":"2021-11-29T13:58:26","date_gmt":"2021-11-29T13:58:26","guid":{"rendered":"http:\/\/limit-tools.local\/product\/krysslaser-1080-r\/"},"modified":"2021-11-29T13:58:26","modified_gmt":"2021-11-29T13:58:26","slug":"multikrysslaser-limit-1080-r","status":"publish","type":"product","link":"https:\/\/limittools.test.consids5.se\/no\/product\/multikrysslaser-limit-1080-r\/","title":{"rendered":"MULTIKRYSSLASER LIMIT 1080-R"},"content":{"rendered":"<p>Multikrysslaser med r\u00f8dt laserlys som viser 3 stk meget lyssterke 360\u00b0-linjer. En horisontal 360\u00b0 linje samt to vertikale 360\u00b0 linjer som tennes 90\u00b0 vinkelrett til hverandre.<br \/>\nLinjene kan tennes hver for seg eller samtidig. Selvnivellerende med magnetisk pendeldemping. En summetone h\u00f8res og linjene blinker n\u00e5r hellingen overskrider selvnivelleringsomr\u00e5det. Selvnivelleringen kan kobles ut n\u00e5r man vil vise en hellende flate med en mekanisk l\u00e5sing av pendelmekanismen, som ogs\u00e5 fungerer som b\u00e5de hovedstr\u00f8mbryter og transportsikring. Limit 1080 har ogs\u00e5 pulserende lys for bruk utend\u00f8rs eller i lyse lokaler sammen med en separat lasermottaker 17862-0209 (inng\u00e5r ikke).<br \/>\nDrives med AA-batterier eller via lader (selges separat). Leveres med justerbart 3-bensstativ (237-500 mm), magnetfeste, reflektortavle, samt AA-batterier i en beskyttelsesveske. Oppladbart batteri samt lader finnes som tilvalg.<br \/>\nLaseradapter 181120205 med han 1\/4&#8243; og hun 5\/8&#8243; kan brukes p\u00e5 181120106, 200570109, 178650800, 178680104 &amp; 178690103.<\/p>\n","protected":false},"excerpt":{"rendered":"Multikrysslaser med r\u00f8dt laserlys som viser 3 stk meget lyssterke 360\u00b0-linjer. En horisontal 360\u00b0 linje samt to vertikale 360\u00b0 linjer [&hellip;]","protected":false},"featured_media":0,"comment_status":"closed","ping_status":"closed","template":"","meta":{"_acf_changed":false},"product_cat":[440,280],"product_tag":[],"class_list":{"0":"post-3352","1":"product","2":"type-product","3":"status-publish","5":"product_cat-krysslasere-no","6":"product_cat-laserinstrumenter-no","8":"first","9":"instock","10":"shipping-taxable","11":"product-type-simple"},"acf":[],"yoast_head":"<!-- This site is optimized with the Yoast SEO plugin v23.2 - https:\/\/yoast.com\/wordpress\/plugins\/seo\/ -->\n<title>MULTIKRYSSLASER LIMIT 1080-R - Precision measuring instruments | Limit<\/title>\n<meta name=\"robots\" content=\"index, follow, max-snippet:-1, max-image-preview:large, max-video-preview:-1\" \/>\n<link rel=\"canonical\" href=\"https:\/\/limittools.test.consids5.se\/no\/product\/multikrysslaser-limit-1080-r\/\" \/>\n<meta property=\"og:locale\" content=\"nb_NO\" \/>\n<meta property=\"og:type\" content=\"article\" \/>\n<meta property=\"og:title\" content=\"MULTIKRYSSLASER LIMIT 1080-R - Precision measuring instruments | Limit\" \/>\n<meta property=\"og:description\" content=\"Multikrysslaser med r\u00f8dt laserlys som viser 3 stk meget lyssterke 360\u00b0-linjer. En horisontal 360\u00b0 linje samt to vertikale 360\u00b0 linjer [&hellip;]\" \/>\n<meta property=\"og:url\" content=\"https:\/\/limittools.test.consids5.se\/no\/product\/multikrysslaser-limit-1080-r\/\" \/>\n<meta property=\"og:site_name\" content=\"Precision measuring instruments | Limit\" \/>\n<meta property=\"article:publisher\" content=\"https:\/\/www.facebook.com\/limittools\/\" \/>\n<meta name=\"twitter:card\" content=\"summary_large_image\" \/>\n<meta name=\"twitter:label1\" content=\"Est. reading time\" \/>\n\t<meta name=\"twitter:data1\" content=\"1 minute\" \/>\n<script type=\"application\/ld+json\" class=\"yoast-schema-graph\">{\"@context\":\"https:\/\/schema.org\",\"@graph\":[{\"@type\":\"WebPage\",\"@id\":\"https:\/\/limittools.test.consids5.se\/no\/product\/multikrysslaser-limit-1080-r\/\",\"url\":\"https:\/\/limittools.test.consids5.se\/no\/product\/multikrysslaser-limit-1080-r\/\",\"name\":\"MULTIKRYSSLASER LIMIT 1080-R - Precision measuring instruments | Limit\",\"isPartOf\":{\"@id\":\"https:\/\/limittools.test.consids5.se\/#website\"},\"datePublished\":\"2021-11-29T13:58:26+00:00\",\"dateModified\":\"2021-11-29T13:58:26+00:00\",\"breadcrumb\":{\"@id\":\"https:\/\/limittools.test.consids5.se\/no\/product\/multikrysslaser-limit-1080-r\/#breadcrumb\"},\"inLanguage\":\"nb-NO\",\"potentialAction\":[{\"@type\":\"ReadAction\",\"target\":[\"https:\/\/limittools.test.consids5.se\/no\/product\/multikrysslaser-limit-1080-r\/\"]}]},{\"@type\":\"BreadcrumbList\",\"@id\":\"https:\/\/limittools.test.consids5.se\/no\/product\/multikrysslaser-limit-1080-r\/#breadcrumb\",\"itemListElement\":[{\"@type\":\"ListItem\",\"position\":1,\"name\":\"Products\",\"item\":\"https:\/\/limittools.test.consids5.se\/products\/\"},{\"@type\":\"ListItem\",\"position\":2,\"name\":\"MULTIKRYSSLASER LIMIT 1080-R\"}]},{\"@type\":\"WebSite\",\"@id\":\"https:\/\/limittools.test.consids5.se\/#website\",\"url\":\"https:\/\/limittools.test.consids5.se\/\",\"name\":\"Precision measuring instruments | Limit\",\"description\":\"Everything can be measured\",\"potentialAction\":[{\"@type\":\"SearchAction\",\"target\":{\"@type\":\"EntryPoint\",\"urlTemplate\":\"https:\/\/limittools.test.consids5.se\/?s={search_term_string}\"},\"query-input\":\"required name=search_term_string\"}],\"inLanguage\":\"nb-NO\"}]}<\/script>\n<!-- \/ Yoast SEO plugin. -->","yoast_head_json":{"title":"MULTIKRYSSLASER LIMIT 1080-R - Precision measuring instruments | Limit","robots":{"index":"index","follow":"follow","max-snippet":"max-snippet:-1","max-image-preview":"max-image-preview:large","max-video-preview":"max-video-preview:-1"},"canonical":"https:\/\/limittools.test.consids5.se\/no\/product\/multikrysslaser-limit-1080-r\/","og_locale":"nb_NO","og_type":"article","og_title":"MULTIKRYSSLASER LIMIT 1080-R - Precision measuring instruments | Limit","og_description":"Multikrysslaser med r\u00f8dt laserlys som viser 3 stk meget lyssterke 360\u00b0-linjer. En horisontal 360\u00b0 linje samt to vertikale 360\u00b0 linjer [&hellip;]","og_url":"https:\/\/limittools.test.consids5.se\/no\/product\/multikrysslaser-limit-1080-r\/","og_site_name":"Precision measuring instruments | Limit","article_publisher":"https:\/\/www.facebook.com\/limittools\/","twitter_card":"summary_large_image","twitter_misc":{"Est. reading time":"1 minute"},"schema":{"@context":"https:\/\/schema.org","@graph":[{"@type":"WebPage","@id":"https:\/\/limittools.test.consids5.se\/no\/product\/multikrysslaser-limit-1080-r\/","url":"https:\/\/limittools.test.consids5.se\/no\/product\/multikrysslaser-limit-1080-r\/","name":"MULTIKRYSSLASER LIMIT 1080-R - Precision measuring instruments | Limit","isPartOf":{"@id":"https:\/\/limittools.test.consids5.se\/#website"},"datePublished":"2021-11-29T13:58:26+00:00","dateModified":"2021-11-29T13:58:26+00:00","breadcrumb":{"@id":"https:\/\/limittools.test.consids5.se\/no\/product\/multikrysslaser-limit-1080-r\/#breadcrumb"},"inLanguage":"nb-NO","potentialAction":[{"@type":"ReadAction","target":["https:\/\/limittools.test.consids5.se\/no\/product\/multikrysslaser-limit-1080-r\/"]}]},{"@type":"BreadcrumbList","@id":"https:\/\/limittools.test.consids5.se\/no\/product\/multikrysslaser-limit-1080-r\/#breadcrumb","itemListElement":[{"@type":"ListItem","position":1,"name":"Products","item":"https:\/\/limittools.test.consids5.se\/products\/"},{"@type":"ListItem","position":2,"name":"MULTIKRYSSLASER LIMIT 1080-R"}]},{"@type":"WebSite","@id":"https:\/\/limittools.test.consids5.se\/#website","url":"https:\/\/limittools.test.consids5.se\/","name":"Precision measuring instruments | Limit","description":"Everything can be measured","potentialAction":[{"@type":"SearchAction","target":{"@type":"EntryPoint","urlTemplate":"https:\/\/limittools.test.consids5.se\/?s={search_term_string}"},"query-input":"required name=search_term_string"}],"inLanguage":"nb-NO"}]}},"_links":{"self":[{"href":"https:\/\/limittools.test.consids5.se\/no\/wp-json\/wp\/v2\/product\/3352"}],"collection":[{"href":"https:\/\/limittools.test.consids5.se\/no\/wp-json\/wp\/v2\/product"}],"about":[{"href":"https:\/\/limittools.test.consids5.se\/no\/wp-json\/wp\/v2\/types\/product"}],"replies":[{"embeddable":true,"href":"https:\/\/limittools.test.consids5.se\/no\/wp-json\/wp\/v2\/comments?post=3352"}],"wp:attachment":[{"href":"https:\/\/limittools.test.consids5.se\/no\/wp-json\/wp\/v2\/media?parent=3352"}],"wp:term":[{"taxonomy":"product_cat","embeddable":true,"href":"https:\/\/limittools.test.consids5.se\/no\/wp-json\/wp\/v2\/product_cat?post=3352"},{"taxonomy":"product_tag","embeddable":true,"href":"https:\/\/limittools.test.consids5.se\/no\/wp-json\/wp\/v2\/product_tag?post=3352"}],"curies":[{"name":"wp","href":"https:\/\/api.w.org\/{rel}","templated":true}]}}