{"id":3404,"date":"2025-01-22T08:53:50","date_gmt":"2025-01-22T08:53:50","guid":{"rendered":"http:\/\/limit-tools.local\/product\/handtachometer-2200\/"},"modified":"2025-01-22T08:53:50","modified_gmt":"2025-01-22T08:53:50","slug":"handtachometer-2200","status":"publish","type":"product","link":"https:\/\/limittools.test.consids5.se\/no\/product\/handtachometer-2200\/","title":{"rendered":"H\u00c5NDTACHOMETER 2200"},"content":{"rendered":"<p>Digital h\u00e5ndtachometer\/teller antall med optisk ber\u00f8ringsfri avlesing. Rett laserpunktet mot en reflekterende tape eller annet kontrastvirkende del p\u00e5 den roterende gjenstanden og avles turtallet. Alternativt kan antall gjenstander telles under en m\u00e5leperiode. M\u00e5leverdien kan l\u00e5ses samt registrere min.- maks.- og gjennomsnittsverdi.<br \/>\nLeveres med reflekterende tape, batteri og bruksanvisning.<\/p>\n","protected":false},"excerpt":{"rendered":"Digital h\u00e5ndtachometer\/teller antall med optisk ber\u00f8ringsfri avlesing. Rett laserpunktet mot en reflekterende tape eller annet kontrastvirkende del p\u00e5 den roterende [&hellip;]","protected":false},"featured_media":0,"comment_status":"closed","ping_status":"closed","template":"","meta":{"_acf_changed":false},"product_cat":[320,321],"product_tag":[],"class_list":{"0":"post-3404","1":"product","2":"type-product","3":"status-publish","5":"product_cat-inspeksjon-no","6":"product_cat-turtallsmalere-no","8":"first","9":"instock","10":"shipping-taxable","11":"product-type-simple"},"acf":[],"yoast_head":"<!-- This site is optimized with the Yoast SEO plugin v23.2 - https:\/\/yoast.com\/wordpress\/plugins\/seo\/ -->\n<title>H\u00c5NDTACHOMETER 2200 - Precision measuring instruments | Limit<\/title>\n<meta name=\"robots\" content=\"index, follow, max-snippet:-1, max-image-preview:large, max-video-preview:-1\" \/>\n<link rel=\"canonical\" href=\"https:\/\/limittools.test.consids5.se\/no\/product\/handtachometer-2200\/\" \/>\n<meta property=\"og:locale\" content=\"nb_NO\" \/>\n<meta property=\"og:type\" content=\"article\" \/>\n<meta property=\"og:title\" content=\"H\u00c5NDTACHOMETER 2200 - Precision measuring instruments | Limit\" \/>\n<meta property=\"og:description\" content=\"Digital h\u00e5ndtachometer\/teller antall med optisk ber\u00f8ringsfri avlesing. Rett laserpunktet mot en reflekterende tape eller annet kontrastvirkende del p\u00e5 den roterende [&hellip;]\" \/>\n<meta property=\"og:url\" content=\"https:\/\/limittools.test.consids5.se\/no\/product\/handtachometer-2200\/\" \/>\n<meta property=\"og:site_name\" content=\"Precision measuring instruments | Limit\" \/>\n<meta property=\"article:publisher\" content=\"https:\/\/www.facebook.com\/limittools\/\" \/>\n<meta name=\"twitter:card\" content=\"summary_large_image\" \/>\n<script type=\"application\/ld+json\" class=\"yoast-schema-graph\">{\"@context\":\"https:\/\/schema.org\",\"@graph\":[{\"@type\":\"WebPage\",\"@id\":\"https:\/\/limittools.test.consids5.se\/no\/product\/handtachometer-2200\/\",\"url\":\"https:\/\/limittools.test.consids5.se\/no\/product\/handtachometer-2200\/\",\"name\":\"H\u00c5NDTACHOMETER 2200 - Precision measuring instruments | Limit\",\"isPartOf\":{\"@id\":\"https:\/\/limittools.test.consids5.se\/#website\"},\"datePublished\":\"2025-01-22T08:53:50+00:00\",\"dateModified\":\"2025-01-22T08:53:50+00:00\",\"breadcrumb\":{\"@id\":\"https:\/\/limittools.test.consids5.se\/no\/product\/handtachometer-2200\/#breadcrumb\"},\"inLanguage\":\"nb-NO\",\"potentialAction\":[{\"@type\":\"ReadAction\",\"target\":[\"https:\/\/limittools.test.consids5.se\/no\/product\/handtachometer-2200\/\"]}]},{\"@type\":\"BreadcrumbList\",\"@id\":\"https:\/\/limittools.test.consids5.se\/no\/product\/handtachometer-2200\/#breadcrumb\",\"itemListElement\":[{\"@type\":\"ListItem\",\"position\":1,\"name\":\"Products\",\"item\":\"https:\/\/limittools.test.consids5.se\/products\/\"},{\"@type\":\"ListItem\",\"position\":2,\"name\":\"H\u00c5NDTACHOMETER 2200\"}]},{\"@type\":\"WebSite\",\"@id\":\"https:\/\/limittools.test.consids5.se\/#website\",\"url\":\"https:\/\/limittools.test.consids5.se\/\",\"name\":\"Precision measuring instruments | Limit\",\"description\":\"Everything can be measured\",\"potentialAction\":[{\"@type\":\"SearchAction\",\"target\":{\"@type\":\"EntryPoint\",\"urlTemplate\":\"https:\/\/limittools.test.consids5.se\/?s={search_term_string}\"},\"query-input\":\"required name=search_term_string\"}],\"inLanguage\":\"nb-NO\"}]}<\/script>\n<!-- \/ Yoast SEO plugin. -->","yoast_head_json":{"title":"H\u00c5NDTACHOMETER 2200 - Precision measuring instruments | Limit","robots":{"index":"index","follow":"follow","max-snippet":"max-snippet:-1","max-image-preview":"max-image-preview:large","max-video-preview":"max-video-preview:-1"},"canonical":"https:\/\/limittools.test.consids5.se\/no\/product\/handtachometer-2200\/","og_locale":"nb_NO","og_type":"article","og_title":"H\u00c5NDTACHOMETER 2200 - Precision measuring instruments | Limit","og_description":"Digital h\u00e5ndtachometer\/teller antall med optisk ber\u00f8ringsfri avlesing. Rett laserpunktet mot en reflekterende tape eller annet kontrastvirkende del p\u00e5 den roterende [&hellip;]","og_url":"https:\/\/limittools.test.consids5.se\/no\/product\/handtachometer-2200\/","og_site_name":"Precision measuring instruments | Limit","article_publisher":"https:\/\/www.facebook.com\/limittools\/","twitter_card":"summary_large_image","schema":{"@context":"https:\/\/schema.org","@graph":[{"@type":"WebPage","@id":"https:\/\/limittools.test.consids5.se\/no\/product\/handtachometer-2200\/","url":"https:\/\/limittools.test.consids5.se\/no\/product\/handtachometer-2200\/","name":"H\u00c5NDTACHOMETER 2200 - Precision measuring instruments | Limit","isPartOf":{"@id":"https:\/\/limittools.test.consids5.se\/#website"},"datePublished":"2025-01-22T08:53:50+00:00","dateModified":"2025-01-22T08:53:50+00:00","breadcrumb":{"@id":"https:\/\/limittools.test.consids5.se\/no\/product\/handtachometer-2200\/#breadcrumb"},"inLanguage":"nb-NO","potentialAction":[{"@type":"ReadAction","target":["https:\/\/limittools.test.consids5.se\/no\/product\/handtachometer-2200\/"]}]},{"@type":"BreadcrumbList","@id":"https:\/\/limittools.test.consids5.se\/no\/product\/handtachometer-2200\/#breadcrumb","itemListElement":[{"@type":"ListItem","position":1,"name":"Products","item":"https:\/\/limittools.test.consids5.se\/products\/"},{"@type":"ListItem","position":2,"name":"H\u00c5NDTACHOMETER 2200"}]},{"@type":"WebSite","@id":"https:\/\/limittools.test.consids5.se\/#website","url":"https:\/\/limittools.test.consids5.se\/","name":"Precision measuring instruments | Limit","description":"Everything can be measured","potentialAction":[{"@type":"SearchAction","target":{"@type":"EntryPoint","urlTemplate":"https:\/\/limittools.test.consids5.se\/?s={search_term_string}"},"query-input":"required name=search_term_string"}],"inLanguage":"nb-NO"}]}},"_links":{"self":[{"href":"https:\/\/limittools.test.consids5.se\/no\/wp-json\/wp\/v2\/product\/3404"}],"collection":[{"href":"https:\/\/limittools.test.consids5.se\/no\/wp-json\/wp\/v2\/product"}],"about":[{"href":"https:\/\/limittools.test.consids5.se\/no\/wp-json\/wp\/v2\/types\/product"}],"replies":[{"embeddable":true,"href":"https:\/\/limittools.test.consids5.se\/no\/wp-json\/wp\/v2\/comments?post=3404"}],"wp:attachment":[{"href":"https:\/\/limittools.test.consids5.se\/no\/wp-json\/wp\/v2\/media?parent=3404"}],"wp:term":[{"taxonomy":"product_cat","embeddable":true,"href":"https:\/\/limittools.test.consids5.se\/no\/wp-json\/wp\/v2\/product_cat?post=3404"},{"taxonomy":"product_tag","embeddable":true,"href":"https:\/\/limittools.test.consids5.se\/no\/wp-json\/wp\/v2\/product_tag?post=3404"}],"curies":[{"name":"wp","href":"https:\/\/api.w.org\/{rel}","templated":true}]}}