{"id":3464,"date":"2026-04-08T17:38:20","date_gmt":"2026-04-08T17:38:20","guid":{"rendered":"http:\/\/limit-tools.local\/product\/stempelsett-5889-5\/"},"modified":"2026-04-08T17:38:20","modified_gmt":"2026-04-08T17:38:20","slug":"stempelsett-5889-5","status":"publish","type":"product","link":"https:\/\/limittools.test.consids5.se\/no\/product\/stempelsett-5889-5\/","title":{"rendered":"STEMPELSETT 5889-5"},"content":{"rendered":"<p>Komplette sett av st\u00e5l med holder og utbyttbare typer. Typene er herdet for stempling i hardt materiale. Stemplenes hardhet HRC 37. Holdernes bredde tillater innsetting av 6-10 typer samtidig. Leveres komplett med 100 typer &#8211; 58 bokstaver, 35 siffer samt spesialtegn &#8211; i tillegg til et antall blindtyper for utfylling av mellomrom. Dessuten inng\u00e5r n\u00f8kkel og pinsett. Leveres i plastboks med b\u00e6reh\u00e5ndtak.<br \/>\nL\u00f8se bokstaver og siffer.<br \/>\nMinimumsantall 5 stk assortert.<\/p>\n","protected":false},"excerpt":{"rendered":"Komplette sett av st\u00e5l med holder og utbyttbare typer. Typene er herdet for stempling i hardt materiale. Stemplenes hardhet HRC [&hellip;]","protected":false},"featured_media":0,"comment_status":"closed","ping_status":"closed","template":"","meta":{"_acf_changed":false},"product_cat":[263,245],"product_tag":[],"class_list":{"0":"post-3464","1":"product","2":"type-product","3":"status-publish","5":"product_cat-stempler-no","6":"product_cat-verkstedmaling-no","8":"first","9":"instock","10":"shipping-taxable","11":"product-type-simple"},"acf":[],"yoast_head":"<!-- This site is optimized with the Yoast SEO plugin v23.2 - https:\/\/yoast.com\/wordpress\/plugins\/seo\/ -->\n<title>STEMPELSETT 5889-5 - Precision measuring instruments | Limit<\/title>\n<meta name=\"robots\" content=\"index, follow, max-snippet:-1, max-image-preview:large, max-video-preview:-1\" \/>\n<link rel=\"canonical\" href=\"https:\/\/limittools.test.consids5.se\/no\/product\/stempelsett-5889-5\/\" \/>\n<meta property=\"og:locale\" content=\"nb_NO\" \/>\n<meta property=\"og:type\" content=\"article\" \/>\n<meta property=\"og:title\" content=\"STEMPELSETT 5889-5 - Precision measuring instruments | Limit\" \/>\n<meta property=\"og:description\" content=\"Komplette sett av st\u00e5l med holder og utbyttbare typer. Typene er herdet for stempling i hardt materiale. Stemplenes hardhet HRC [&hellip;]\" \/>\n<meta property=\"og:url\" content=\"https:\/\/limittools.test.consids5.se\/no\/product\/stempelsett-5889-5\/\" \/>\n<meta property=\"og:site_name\" content=\"Precision measuring instruments | Limit\" \/>\n<meta property=\"article:publisher\" content=\"https:\/\/www.facebook.com\/limittools\/\" \/>\n<meta name=\"twitter:card\" content=\"summary_large_image\" \/>\n<script type=\"application\/ld+json\" class=\"yoast-schema-graph\">{\"@context\":\"https:\/\/schema.org\",\"@graph\":[{\"@type\":\"WebPage\",\"@id\":\"https:\/\/limittools.test.consids5.se\/no\/product\/stempelsett-5889-5\/\",\"url\":\"https:\/\/limittools.test.consids5.se\/no\/product\/stempelsett-5889-5\/\",\"name\":\"STEMPELSETT 5889-5 - Precision measuring instruments | Limit\",\"isPartOf\":{\"@id\":\"https:\/\/limittools.test.consids5.se\/#website\"},\"datePublished\":\"2026-04-08T17:38:20+00:00\",\"dateModified\":\"2026-04-08T17:38:20+00:00\",\"breadcrumb\":{\"@id\":\"https:\/\/limittools.test.consids5.se\/no\/product\/stempelsett-5889-5\/#breadcrumb\"},\"inLanguage\":\"nb-NO\",\"potentialAction\":[{\"@type\":\"ReadAction\",\"target\":[\"https:\/\/limittools.test.consids5.se\/no\/product\/stempelsett-5889-5\/\"]}]},{\"@type\":\"BreadcrumbList\",\"@id\":\"https:\/\/limittools.test.consids5.se\/no\/product\/stempelsett-5889-5\/#breadcrumb\",\"itemListElement\":[{\"@type\":\"ListItem\",\"position\":1,\"name\":\"Products\",\"item\":\"https:\/\/limittools.test.consids5.se\/products\/\"},{\"@type\":\"ListItem\",\"position\":2,\"name\":\"STEMPELSETT 5889-5\"}]},{\"@type\":\"WebSite\",\"@id\":\"https:\/\/limittools.test.consids5.se\/#website\",\"url\":\"https:\/\/limittools.test.consids5.se\/\",\"name\":\"Precision measuring instruments | Limit\",\"description\":\"Everything can be measured\",\"potentialAction\":[{\"@type\":\"SearchAction\",\"target\":{\"@type\":\"EntryPoint\",\"urlTemplate\":\"https:\/\/limittools.test.consids5.se\/?s={search_term_string}\"},\"query-input\":\"required name=search_term_string\"}],\"inLanguage\":\"nb-NO\"}]}<\/script>\n<!-- \/ Yoast SEO plugin. -->","yoast_head_json":{"title":"STEMPELSETT 5889-5 - Precision measuring instruments | Limit","robots":{"index":"index","follow":"follow","max-snippet":"max-snippet:-1","max-image-preview":"max-image-preview:large","max-video-preview":"max-video-preview:-1"},"canonical":"https:\/\/limittools.test.consids5.se\/no\/product\/stempelsett-5889-5\/","og_locale":"nb_NO","og_type":"article","og_title":"STEMPELSETT 5889-5 - Precision measuring instruments | Limit","og_description":"Komplette sett av st\u00e5l med holder og utbyttbare typer. Typene er herdet for stempling i hardt materiale. Stemplenes hardhet HRC [&hellip;]","og_url":"https:\/\/limittools.test.consids5.se\/no\/product\/stempelsett-5889-5\/","og_site_name":"Precision measuring instruments | Limit","article_publisher":"https:\/\/www.facebook.com\/limittools\/","twitter_card":"summary_large_image","schema":{"@context":"https:\/\/schema.org","@graph":[{"@type":"WebPage","@id":"https:\/\/limittools.test.consids5.se\/no\/product\/stempelsett-5889-5\/","url":"https:\/\/limittools.test.consids5.se\/no\/product\/stempelsett-5889-5\/","name":"STEMPELSETT 5889-5 - Precision measuring instruments | Limit","isPartOf":{"@id":"https:\/\/limittools.test.consids5.se\/#website"},"datePublished":"2026-04-08T17:38:20+00:00","dateModified":"2026-04-08T17:38:20+00:00","breadcrumb":{"@id":"https:\/\/limittools.test.consids5.se\/no\/product\/stempelsett-5889-5\/#breadcrumb"},"inLanguage":"nb-NO","potentialAction":[{"@type":"ReadAction","target":["https:\/\/limittools.test.consids5.se\/no\/product\/stempelsett-5889-5\/"]}]},{"@type":"BreadcrumbList","@id":"https:\/\/limittools.test.consids5.se\/no\/product\/stempelsett-5889-5\/#breadcrumb","itemListElement":[{"@type":"ListItem","position":1,"name":"Products","item":"https:\/\/limittools.test.consids5.se\/products\/"},{"@type":"ListItem","position":2,"name":"STEMPELSETT 5889-5"}]},{"@type":"WebSite","@id":"https:\/\/limittools.test.consids5.se\/#website","url":"https:\/\/limittools.test.consids5.se\/","name":"Precision measuring instruments | Limit","description":"Everything can be measured","potentialAction":[{"@type":"SearchAction","target":{"@type":"EntryPoint","urlTemplate":"https:\/\/limittools.test.consids5.se\/?s={search_term_string}"},"query-input":"required name=search_term_string"}],"inLanguage":"nb-NO"}]}},"_links":{"self":[{"href":"https:\/\/limittools.test.consids5.se\/no\/wp-json\/wp\/v2\/product\/3464"}],"collection":[{"href":"https:\/\/limittools.test.consids5.se\/no\/wp-json\/wp\/v2\/product"}],"about":[{"href":"https:\/\/limittools.test.consids5.se\/no\/wp-json\/wp\/v2\/types\/product"}],"replies":[{"embeddable":true,"href":"https:\/\/limittools.test.consids5.se\/no\/wp-json\/wp\/v2\/comments?post=3464"}],"wp:attachment":[{"href":"https:\/\/limittools.test.consids5.se\/no\/wp-json\/wp\/v2\/media?parent=3464"}],"wp:term":[{"taxonomy":"product_cat","embeddable":true,"href":"https:\/\/limittools.test.consids5.se\/no\/wp-json\/wp\/v2\/product_cat?post=3464"},{"taxonomy":"product_tag","embeddable":true,"href":"https:\/\/limittools.test.consids5.se\/no\/wp-json\/wp\/v2\/product_tag?post=3464"}],"curies":[{"name":"wp","href":"https:\/\/api.w.org\/{rel}","templated":true}]}}