{"id":3529,"date":"2026-04-08T17:38:56","date_gmt":"2026-04-08T17:38:56","guid":{"rendered":"http:\/\/limit-tools.local\/product\/fuktmaler-limit-6101\/"},"modified":"2026-04-08T17:38:56","modified_gmt":"2026-04-08T17:38:56","slug":"fuktmaler-limit-6101","status":"publish","type":"product","link":"https:\/\/limittools.test.consids5.se\/no\/product\/fuktmaler-limit-6101\/","title":{"rendered":"FUKTM\u00c5LER LIMIT 6101"},"content":{"rendered":"<p>H\u00e5ndholdt fuktm\u00e5ler som er lett \u00e5 bruke, for m\u00e5ling av fuktinnhold i t\u00f8mmer\/tre ved \u00e5 trykke to m\u00e5lespisser inn i materialet. M\u00e5leresultatet vises direkte i LCD-displayet. Beskyttelsesdekselet har ogs\u00e5 en kalibreringsdel for \u00e5 sikre n\u00f8yaktige m\u00e5leverdier. Enheten har 5 material-grupper som enkelt velges avhengig av hvilken type treslag som man skal m\u00e5le i. Displayet med 12 mm h\u00f8ye siffer og bakgrunnsbelysning som stenger seg av automatisk etter 30 sekunder. Egnet for snekkere, huskontroll\u00f8rer, trearbeidere og huseiere. Batteri medf\u00f8lger.<\/p>\n","protected":false},"excerpt":{"rendered":"H\u00e5ndholdt fuktm\u00e5ler som er lett \u00e5 bruke, for m\u00e5ling av fuktinnhold i t\u00f8mmer\/tre ved \u00e5 trykke to m\u00e5lespisser inn i [&hellip;]","protected":false},"featured_media":0,"comment_status":"closed","ping_status":"closed","template":"","meta":{"_acf_changed":false},"product_cat":[1812,544],"product_tag":[],"class_list":{"0":"post-3529","1":"product","2":"type-product","3":"status-publish","5":"product_cat-fuktmalere-no-klima-og-miljomaling-instrumenter-no-43","6":"product_cat-klima-og-miljomaling-instrumenter-no","8":"first","9":"instock","10":"shipping-taxable","11":"product-type-simple"},"acf":[],"yoast_head":"<!-- This site is optimized with the Yoast SEO plugin v23.2 - https:\/\/yoast.com\/wordpress\/plugins\/seo\/ -->\n<title>FUKTM\u00c5LER LIMIT 6101 - Precision measuring instruments | Limit<\/title>\n<meta name=\"robots\" content=\"index, follow, max-snippet:-1, max-image-preview:large, max-video-preview:-1\" \/>\n<link rel=\"canonical\" href=\"https:\/\/limittools.test.consids5.se\/no\/product\/fuktmaler-limit-6101\/\" \/>\n<meta property=\"og:locale\" content=\"nb_NO\" \/>\n<meta property=\"og:type\" content=\"article\" \/>\n<meta property=\"og:title\" content=\"FUKTM\u00c5LER LIMIT 6101 - Precision measuring instruments | Limit\" \/>\n<meta property=\"og:description\" content=\"H\u00e5ndholdt fuktm\u00e5ler som er lett \u00e5 bruke, for m\u00e5ling av fuktinnhold i t\u00f8mmer\/tre ved \u00e5 trykke to m\u00e5lespisser inn i [&hellip;]\" \/>\n<meta property=\"og:url\" content=\"https:\/\/limittools.test.consids5.se\/no\/product\/fuktmaler-limit-6101\/\" \/>\n<meta property=\"og:site_name\" content=\"Precision measuring instruments | Limit\" \/>\n<meta property=\"article:publisher\" content=\"https:\/\/www.facebook.com\/limittools\/\" \/>\n<meta name=\"twitter:card\" content=\"summary_large_image\" \/>\n<script type=\"application\/ld+json\" class=\"yoast-schema-graph\">{\"@context\":\"https:\/\/schema.org\",\"@graph\":[{\"@type\":\"WebPage\",\"@id\":\"https:\/\/limittools.test.consids5.se\/no\/product\/fuktmaler-limit-6101\/\",\"url\":\"https:\/\/limittools.test.consids5.se\/no\/product\/fuktmaler-limit-6101\/\",\"name\":\"FUKTM\u00c5LER LIMIT 6101 - Precision measuring instruments | Limit\",\"isPartOf\":{\"@id\":\"https:\/\/limittools.test.consids5.se\/#website\"},\"datePublished\":\"2026-04-08T17:38:56+00:00\",\"dateModified\":\"2026-04-08T17:38:56+00:00\",\"breadcrumb\":{\"@id\":\"https:\/\/limittools.test.consids5.se\/no\/product\/fuktmaler-limit-6101\/#breadcrumb\"},\"inLanguage\":\"nb-NO\",\"potentialAction\":[{\"@type\":\"ReadAction\",\"target\":[\"https:\/\/limittools.test.consids5.se\/no\/product\/fuktmaler-limit-6101\/\"]}]},{\"@type\":\"BreadcrumbList\",\"@id\":\"https:\/\/limittools.test.consids5.se\/no\/product\/fuktmaler-limit-6101\/#breadcrumb\",\"itemListElement\":[{\"@type\":\"ListItem\",\"position\":1,\"name\":\"Products\",\"item\":\"https:\/\/limittools.test.consids5.se\/products\/\"},{\"@type\":\"ListItem\",\"position\":2,\"name\":\"FUKTM\u00c5LER LIMIT 6101\"}]},{\"@type\":\"WebSite\",\"@id\":\"https:\/\/limittools.test.consids5.se\/#website\",\"url\":\"https:\/\/limittools.test.consids5.se\/\",\"name\":\"Precision measuring instruments | Limit\",\"description\":\"Everything can be measured\",\"potentialAction\":[{\"@type\":\"SearchAction\",\"target\":{\"@type\":\"EntryPoint\",\"urlTemplate\":\"https:\/\/limittools.test.consids5.se\/?s={search_term_string}\"},\"query-input\":\"required name=search_term_string\"}],\"inLanguage\":\"nb-NO\"}]}<\/script>\n<!-- \/ Yoast SEO plugin. -->","yoast_head_json":{"title":"FUKTM\u00c5LER LIMIT 6101 - Precision measuring instruments | Limit","robots":{"index":"index","follow":"follow","max-snippet":"max-snippet:-1","max-image-preview":"max-image-preview:large","max-video-preview":"max-video-preview:-1"},"canonical":"https:\/\/limittools.test.consids5.se\/no\/product\/fuktmaler-limit-6101\/","og_locale":"nb_NO","og_type":"article","og_title":"FUKTM\u00c5LER LIMIT 6101 - Precision measuring instruments | Limit","og_description":"H\u00e5ndholdt fuktm\u00e5ler som er lett \u00e5 bruke, for m\u00e5ling av fuktinnhold i t\u00f8mmer\/tre ved \u00e5 trykke to m\u00e5lespisser inn i [&hellip;]","og_url":"https:\/\/limittools.test.consids5.se\/no\/product\/fuktmaler-limit-6101\/","og_site_name":"Precision measuring instruments | Limit","article_publisher":"https:\/\/www.facebook.com\/limittools\/","twitter_card":"summary_large_image","schema":{"@context":"https:\/\/schema.org","@graph":[{"@type":"WebPage","@id":"https:\/\/limittools.test.consids5.se\/no\/product\/fuktmaler-limit-6101\/","url":"https:\/\/limittools.test.consids5.se\/no\/product\/fuktmaler-limit-6101\/","name":"FUKTM\u00c5LER LIMIT 6101 - Precision measuring instruments | Limit","isPartOf":{"@id":"https:\/\/limittools.test.consids5.se\/#website"},"datePublished":"2026-04-08T17:38:56+00:00","dateModified":"2026-04-08T17:38:56+00:00","breadcrumb":{"@id":"https:\/\/limittools.test.consids5.se\/no\/product\/fuktmaler-limit-6101\/#breadcrumb"},"inLanguage":"nb-NO","potentialAction":[{"@type":"ReadAction","target":["https:\/\/limittools.test.consids5.se\/no\/product\/fuktmaler-limit-6101\/"]}]},{"@type":"BreadcrumbList","@id":"https:\/\/limittools.test.consids5.se\/no\/product\/fuktmaler-limit-6101\/#breadcrumb","itemListElement":[{"@type":"ListItem","position":1,"name":"Products","item":"https:\/\/limittools.test.consids5.se\/products\/"},{"@type":"ListItem","position":2,"name":"FUKTM\u00c5LER LIMIT 6101"}]},{"@type":"WebSite","@id":"https:\/\/limittools.test.consids5.se\/#website","url":"https:\/\/limittools.test.consids5.se\/","name":"Precision measuring instruments | Limit","description":"Everything can be measured","potentialAction":[{"@type":"SearchAction","target":{"@type":"EntryPoint","urlTemplate":"https:\/\/limittools.test.consids5.se\/?s={search_term_string}"},"query-input":"required name=search_term_string"}],"inLanguage":"nb-NO"}]}},"_links":{"self":[{"href":"https:\/\/limittools.test.consids5.se\/no\/wp-json\/wp\/v2\/product\/3529"}],"collection":[{"href":"https:\/\/limittools.test.consids5.se\/no\/wp-json\/wp\/v2\/product"}],"about":[{"href":"https:\/\/limittools.test.consids5.se\/no\/wp-json\/wp\/v2\/types\/product"}],"replies":[{"embeddable":true,"href":"https:\/\/limittools.test.consids5.se\/no\/wp-json\/wp\/v2\/comments?post=3529"}],"wp:attachment":[{"href":"https:\/\/limittools.test.consids5.se\/no\/wp-json\/wp\/v2\/media?parent=3529"}],"wp:term":[{"taxonomy":"product_cat","embeddable":true,"href":"https:\/\/limittools.test.consids5.se\/no\/wp-json\/wp\/v2\/product_cat?post=3529"},{"taxonomy":"product_tag","embeddable":true,"href":"https:\/\/limittools.test.consids5.se\/no\/wp-json\/wp\/v2\/product_tag?post=3529"}],"curies":[{"name":"wp","href":"https:\/\/api.w.org\/{rel}","templated":true}]}}