{"id":3564,"date":"2026-04-08T17:39:13","date_gmt":"2026-04-08T17:39:13","guid":{"rendered":"http:\/\/limit-tools.local\/product\/mikrometerstikkmal-150-1400mm\/"},"modified":"2026-04-08T17:39:13","modified_gmt":"2026-04-08T17:39:13","slug":"mikrometerstikkmal-150-1400mm","status":"publish","type":"product","link":"https:\/\/limittools.test.consids5.se\/no\/product\/mikrometerstikkmal-150-1400mm\/","title":{"rendered":"MIKROMETERSTIKKM\u00c5L 150-1400MM"},"content":{"rendered":"<p>Mattforkrommet skala. Best\u00e5r av m\u00e5lehode og n\u00f8dvendige forlengelseshylser. Leveres med justeringsramme. DIN 863. Forlengelseshylsene har lengde for artikkel 96230107 \u2013 13 mm, 25 mm, 50\u00a0mm, 100\u00a0mm; 96230206 \u2013 13\u00a0mm, 25\u00a0mm, 50\u00a0mm, 100\u00a0mm, 150\u00a0mm, 200\u00a0mm; 96230305 \u2013 25\u00a0mm, 50\u00a0mm (2 deler), 100\u00a0mm, 200\u00a0mm, 400\u00a0mm (2 deler).<\/p>\n","protected":false},"excerpt":{"rendered":"Mattforkrommet skala. Best\u00e5r av m\u00e5lehode og n\u00f8dvendige forlengelseshylser. Leveres med justeringsramme. DIN 863. Forlengelseshylsene har lengde for artikkel 96230107 \u2013 [&hellip;]","protected":false},"featured_media":0,"comment_status":"closed","ping_status":"closed","template":"","meta":{"_acf_changed":false},"product_cat":[308,245],"product_tag":[],"class_list":{"0":"post-3564","1":"product","2":"type-product","3":"status-publish","5":"product_cat-mikrometre-no","6":"product_cat-verkstedmaling-no","8":"first","9":"instock","10":"shipping-taxable","11":"product-type-simple"},"acf":[],"yoast_head":"<!-- This site is optimized with the Yoast SEO plugin v23.2 - https:\/\/yoast.com\/wordpress\/plugins\/seo\/ -->\n<title>MIKROMETERSTIKKM\u00c5L 150-1400MM - Precision measuring instruments | Limit<\/title>\n<meta name=\"robots\" content=\"index, follow, max-snippet:-1, max-image-preview:large, max-video-preview:-1\" \/>\n<link rel=\"canonical\" href=\"https:\/\/limittools.test.consids5.se\/no\/product\/mikrometerstikkmal-150-1400mm\/\" \/>\n<meta property=\"og:locale\" content=\"nb_NO\" \/>\n<meta property=\"og:type\" content=\"article\" \/>\n<meta property=\"og:title\" content=\"MIKROMETERSTIKKM\u00c5L 150-1400MM - Precision measuring instruments | Limit\" \/>\n<meta property=\"og:description\" content=\"Mattforkrommet skala. Best\u00e5r av m\u00e5lehode og n\u00f8dvendige forlengelseshylser. Leveres med justeringsramme. DIN 863. Forlengelseshylsene har lengde for artikkel 96230107 \u2013 [&hellip;]\" \/>\n<meta property=\"og:url\" content=\"https:\/\/limittools.test.consids5.se\/no\/product\/mikrometerstikkmal-150-1400mm\/\" \/>\n<meta property=\"og:site_name\" content=\"Precision measuring instruments | Limit\" \/>\n<meta property=\"article:publisher\" content=\"https:\/\/www.facebook.com\/limittools\/\" \/>\n<meta name=\"twitter:card\" content=\"summary_large_image\" \/>\n<script type=\"application\/ld+json\" class=\"yoast-schema-graph\">{\"@context\":\"https:\/\/schema.org\",\"@graph\":[{\"@type\":\"WebPage\",\"@id\":\"https:\/\/limittools.test.consids5.se\/no\/product\/mikrometerstikkmal-150-1400mm\/\",\"url\":\"https:\/\/limittools.test.consids5.se\/no\/product\/mikrometerstikkmal-150-1400mm\/\",\"name\":\"MIKROMETERSTIKKM\u00c5L 150-1400MM - Precision measuring instruments | Limit\",\"isPartOf\":{\"@id\":\"https:\/\/limittools.test.consids5.se\/#website\"},\"datePublished\":\"2026-04-08T17:39:13+00:00\",\"dateModified\":\"2026-04-08T17:39:13+00:00\",\"breadcrumb\":{\"@id\":\"https:\/\/limittools.test.consids5.se\/no\/product\/mikrometerstikkmal-150-1400mm\/#breadcrumb\"},\"inLanguage\":\"nb-NO\",\"potentialAction\":[{\"@type\":\"ReadAction\",\"target\":[\"https:\/\/limittools.test.consids5.se\/no\/product\/mikrometerstikkmal-150-1400mm\/\"]}]},{\"@type\":\"BreadcrumbList\",\"@id\":\"https:\/\/limittools.test.consids5.se\/no\/product\/mikrometerstikkmal-150-1400mm\/#breadcrumb\",\"itemListElement\":[{\"@type\":\"ListItem\",\"position\":1,\"name\":\"Products\",\"item\":\"https:\/\/limittools.test.consids5.se\/products\/\"},{\"@type\":\"ListItem\",\"position\":2,\"name\":\"MIKROMETERSTIKKM\u00c5L 150-1400MM\"}]},{\"@type\":\"WebSite\",\"@id\":\"https:\/\/limittools.test.consids5.se\/#website\",\"url\":\"https:\/\/limittools.test.consids5.se\/\",\"name\":\"Precision measuring instruments | Limit\",\"description\":\"Everything can be measured\",\"potentialAction\":[{\"@type\":\"SearchAction\",\"target\":{\"@type\":\"EntryPoint\",\"urlTemplate\":\"https:\/\/limittools.test.consids5.se\/?s={search_term_string}\"},\"query-input\":\"required name=search_term_string\"}],\"inLanguage\":\"nb-NO\"}]}<\/script>\n<!-- \/ Yoast SEO plugin. -->","yoast_head_json":{"title":"MIKROMETERSTIKKM\u00c5L 150-1400MM - Precision measuring instruments | Limit","robots":{"index":"index","follow":"follow","max-snippet":"max-snippet:-1","max-image-preview":"max-image-preview:large","max-video-preview":"max-video-preview:-1"},"canonical":"https:\/\/limittools.test.consids5.se\/no\/product\/mikrometerstikkmal-150-1400mm\/","og_locale":"nb_NO","og_type":"article","og_title":"MIKROMETERSTIKKM\u00c5L 150-1400MM - Precision measuring instruments | Limit","og_description":"Mattforkrommet skala. Best\u00e5r av m\u00e5lehode og n\u00f8dvendige forlengelseshylser. Leveres med justeringsramme. DIN 863. Forlengelseshylsene har lengde for artikkel 96230107 \u2013 [&hellip;]","og_url":"https:\/\/limittools.test.consids5.se\/no\/product\/mikrometerstikkmal-150-1400mm\/","og_site_name":"Precision measuring instruments | Limit","article_publisher":"https:\/\/www.facebook.com\/limittools\/","twitter_card":"summary_large_image","schema":{"@context":"https:\/\/schema.org","@graph":[{"@type":"WebPage","@id":"https:\/\/limittools.test.consids5.se\/no\/product\/mikrometerstikkmal-150-1400mm\/","url":"https:\/\/limittools.test.consids5.se\/no\/product\/mikrometerstikkmal-150-1400mm\/","name":"MIKROMETERSTIKKM\u00c5L 150-1400MM - Precision measuring instruments | Limit","isPartOf":{"@id":"https:\/\/limittools.test.consids5.se\/#website"},"datePublished":"2026-04-08T17:39:13+00:00","dateModified":"2026-04-08T17:39:13+00:00","breadcrumb":{"@id":"https:\/\/limittools.test.consids5.se\/no\/product\/mikrometerstikkmal-150-1400mm\/#breadcrumb"},"inLanguage":"nb-NO","potentialAction":[{"@type":"ReadAction","target":["https:\/\/limittools.test.consids5.se\/no\/product\/mikrometerstikkmal-150-1400mm\/"]}]},{"@type":"BreadcrumbList","@id":"https:\/\/limittools.test.consids5.se\/no\/product\/mikrometerstikkmal-150-1400mm\/#breadcrumb","itemListElement":[{"@type":"ListItem","position":1,"name":"Products","item":"https:\/\/limittools.test.consids5.se\/products\/"},{"@type":"ListItem","position":2,"name":"MIKROMETERSTIKKM\u00c5L 150-1400MM"}]},{"@type":"WebSite","@id":"https:\/\/limittools.test.consids5.se\/#website","url":"https:\/\/limittools.test.consids5.se\/","name":"Precision measuring instruments | Limit","description":"Everything can be measured","potentialAction":[{"@type":"SearchAction","target":{"@type":"EntryPoint","urlTemplate":"https:\/\/limittools.test.consids5.se\/?s={search_term_string}"},"query-input":"required name=search_term_string"}],"inLanguage":"nb-NO"}]}},"_links":{"self":[{"href":"https:\/\/limittools.test.consids5.se\/no\/wp-json\/wp\/v2\/product\/3564"}],"collection":[{"href":"https:\/\/limittools.test.consids5.se\/no\/wp-json\/wp\/v2\/product"}],"about":[{"href":"https:\/\/limittools.test.consids5.se\/no\/wp-json\/wp\/v2\/types\/product"}],"replies":[{"embeddable":true,"href":"https:\/\/limittools.test.consids5.se\/no\/wp-json\/wp\/v2\/comments?post=3564"}],"wp:attachment":[{"href":"https:\/\/limittools.test.consids5.se\/no\/wp-json\/wp\/v2\/media?parent=3564"}],"wp:term":[{"taxonomy":"product_cat","embeddable":true,"href":"https:\/\/limittools.test.consids5.se\/no\/wp-json\/wp\/v2\/product_cat?post=3564"},{"taxonomy":"product_tag","embeddable":true,"href":"https:\/\/limittools.test.consids5.se\/no\/wp-json\/wp\/v2\/product_tag?post=3564"}],"curies":[{"name":"wp","href":"https:\/\/api.w.org\/{rel}","templated":true}]}}