{"id":3609,"date":"2026-04-08T17:39:37","date_gmt":"2026-04-08T17:39:37","guid":{"rendered":"http:\/\/limit-tools.local\/product\/rissenal-dobbel-stalspiss\/"},"modified":"2026-04-08T17:39:37","modified_gmt":"2026-04-08T17:39:37","slug":"rissenal-dobbel-stalspiss","status":"publish","type":"product","link":"https:\/\/limittools.test.consids5.se\/no\/product\/rissenal-dobbel-stalspiss\/","title":{"rendered":"RISSEN\u00c5L DOBBEL ST\u00c5LSPISS"},"content":{"rendered":"<p>Med en rett og en b\u00f8yd rissespiss. Herdet. Rundt skaft. Stykkvis pakket i plastlomme.<br \/>\n52530102 med st\u00e5lspiss.<br \/>\n52530201 med hardmetallspiss.<\/p>\n","protected":false},"excerpt":{"rendered":"Med en rett og en b\u00f8yd rissespiss. Herdet. Rundt skaft. Stykkvis pakket i plastlomme. 52530102 med st\u00e5lspiss. 52530201 med hardmetallspiss.","protected":false},"featured_media":0,"comment_status":"closed","ping_status":"closed","template":"","meta":{"_acf_changed":false},"product_cat":[301,245],"product_tag":[],"class_list":{"0":"post-3609","1":"product","2":"type-product","3":"status-publish","5":"product_cat-risseverktoy-no","6":"product_cat-verkstedmaling-no","8":"first","9":"instock","10":"shipping-taxable","11":"product-type-simple"},"acf":[],"yoast_head":"<!-- This site is optimized with the Yoast SEO plugin v23.2 - https:\/\/yoast.com\/wordpress\/plugins\/seo\/ -->\n<title>RISSEN\u00c5L DOBBEL ST\u00c5LSPISS - Precision measuring instruments | Limit<\/title>\n<meta name=\"robots\" content=\"index, follow, max-snippet:-1, max-image-preview:large, max-video-preview:-1\" \/>\n<link rel=\"canonical\" href=\"https:\/\/limittools.test.consids5.se\/no\/product\/rissenal-dobbel-stalspiss\/\" \/>\n<meta property=\"og:locale\" content=\"nb_NO\" \/>\n<meta property=\"og:type\" content=\"article\" \/>\n<meta property=\"og:title\" content=\"RISSEN\u00c5L DOBBEL ST\u00c5LSPISS - Precision measuring instruments | Limit\" \/>\n<meta property=\"og:description\" content=\"Med en rett og en b\u00f8yd rissespiss. Herdet. Rundt skaft. Stykkvis pakket i plastlomme. 52530102 med st\u00e5lspiss. 52530201 med hardmetallspiss.\" \/>\n<meta property=\"og:url\" content=\"https:\/\/limittools.test.consids5.se\/no\/product\/rissenal-dobbel-stalspiss\/\" \/>\n<meta property=\"og:site_name\" content=\"Precision measuring instruments | Limit\" \/>\n<meta property=\"article:publisher\" content=\"https:\/\/www.facebook.com\/limittools\/\" \/>\n<meta name=\"twitter:card\" content=\"summary_large_image\" \/>\n<script type=\"application\/ld+json\" class=\"yoast-schema-graph\">{\"@context\":\"https:\/\/schema.org\",\"@graph\":[{\"@type\":\"WebPage\",\"@id\":\"https:\/\/limittools.test.consids5.se\/no\/product\/rissenal-dobbel-stalspiss\/\",\"url\":\"https:\/\/limittools.test.consids5.se\/no\/product\/rissenal-dobbel-stalspiss\/\",\"name\":\"RISSEN\u00c5L DOBBEL ST\u00c5LSPISS - Precision measuring instruments | Limit\",\"isPartOf\":{\"@id\":\"https:\/\/limittools.test.consids5.se\/#website\"},\"datePublished\":\"2026-04-08T17:39:37+00:00\",\"dateModified\":\"2026-04-08T17:39:37+00:00\",\"breadcrumb\":{\"@id\":\"https:\/\/limittools.test.consids5.se\/no\/product\/rissenal-dobbel-stalspiss\/#breadcrumb\"},\"inLanguage\":\"nb-NO\",\"potentialAction\":[{\"@type\":\"ReadAction\",\"target\":[\"https:\/\/limittools.test.consids5.se\/no\/product\/rissenal-dobbel-stalspiss\/\"]}]},{\"@type\":\"BreadcrumbList\",\"@id\":\"https:\/\/limittools.test.consids5.se\/no\/product\/rissenal-dobbel-stalspiss\/#breadcrumb\",\"itemListElement\":[{\"@type\":\"ListItem\",\"position\":1,\"name\":\"Products\",\"item\":\"https:\/\/limittools.test.consids5.se\/products\/\"},{\"@type\":\"ListItem\",\"position\":2,\"name\":\"RISSEN\u00c5L DOBBEL ST\u00c5LSPISS\"}]},{\"@type\":\"WebSite\",\"@id\":\"https:\/\/limittools.test.consids5.se\/#website\",\"url\":\"https:\/\/limittools.test.consids5.se\/\",\"name\":\"Precision measuring instruments | Limit\",\"description\":\"Everything can be measured\",\"potentialAction\":[{\"@type\":\"SearchAction\",\"target\":{\"@type\":\"EntryPoint\",\"urlTemplate\":\"https:\/\/limittools.test.consids5.se\/?s={search_term_string}\"},\"query-input\":\"required name=search_term_string\"}],\"inLanguage\":\"nb-NO\"}]}<\/script>\n<!-- \/ Yoast SEO plugin. -->","yoast_head_json":{"title":"RISSEN\u00c5L DOBBEL ST\u00c5LSPISS - Precision measuring instruments | Limit","robots":{"index":"index","follow":"follow","max-snippet":"max-snippet:-1","max-image-preview":"max-image-preview:large","max-video-preview":"max-video-preview:-1"},"canonical":"https:\/\/limittools.test.consids5.se\/no\/product\/rissenal-dobbel-stalspiss\/","og_locale":"nb_NO","og_type":"article","og_title":"RISSEN\u00c5L DOBBEL ST\u00c5LSPISS - Precision measuring instruments | Limit","og_description":"Med en rett og en b\u00f8yd rissespiss. Herdet. Rundt skaft. Stykkvis pakket i plastlomme. 52530102 med st\u00e5lspiss. 52530201 med hardmetallspiss.","og_url":"https:\/\/limittools.test.consids5.se\/no\/product\/rissenal-dobbel-stalspiss\/","og_site_name":"Precision measuring instruments | Limit","article_publisher":"https:\/\/www.facebook.com\/limittools\/","twitter_card":"summary_large_image","schema":{"@context":"https:\/\/schema.org","@graph":[{"@type":"WebPage","@id":"https:\/\/limittools.test.consids5.se\/no\/product\/rissenal-dobbel-stalspiss\/","url":"https:\/\/limittools.test.consids5.se\/no\/product\/rissenal-dobbel-stalspiss\/","name":"RISSEN\u00c5L DOBBEL ST\u00c5LSPISS - Precision measuring instruments | Limit","isPartOf":{"@id":"https:\/\/limittools.test.consids5.se\/#website"},"datePublished":"2026-04-08T17:39:37+00:00","dateModified":"2026-04-08T17:39:37+00:00","breadcrumb":{"@id":"https:\/\/limittools.test.consids5.se\/no\/product\/rissenal-dobbel-stalspiss\/#breadcrumb"},"inLanguage":"nb-NO","potentialAction":[{"@type":"ReadAction","target":["https:\/\/limittools.test.consids5.se\/no\/product\/rissenal-dobbel-stalspiss\/"]}]},{"@type":"BreadcrumbList","@id":"https:\/\/limittools.test.consids5.se\/no\/product\/rissenal-dobbel-stalspiss\/#breadcrumb","itemListElement":[{"@type":"ListItem","position":1,"name":"Products","item":"https:\/\/limittools.test.consids5.se\/products\/"},{"@type":"ListItem","position":2,"name":"RISSEN\u00c5L DOBBEL ST\u00c5LSPISS"}]},{"@type":"WebSite","@id":"https:\/\/limittools.test.consids5.se\/#website","url":"https:\/\/limittools.test.consids5.se\/","name":"Precision measuring instruments | Limit","description":"Everything can be measured","potentialAction":[{"@type":"SearchAction","target":{"@type":"EntryPoint","urlTemplate":"https:\/\/limittools.test.consids5.se\/?s={search_term_string}"},"query-input":"required name=search_term_string"}],"inLanguage":"nb-NO"}]}},"_links":{"self":[{"href":"https:\/\/limittools.test.consids5.se\/no\/wp-json\/wp\/v2\/product\/3609"}],"collection":[{"href":"https:\/\/limittools.test.consids5.se\/no\/wp-json\/wp\/v2\/product"}],"about":[{"href":"https:\/\/limittools.test.consids5.se\/no\/wp-json\/wp\/v2\/types\/product"}],"replies":[{"embeddable":true,"href":"https:\/\/limittools.test.consids5.se\/no\/wp-json\/wp\/v2\/comments?post=3609"}],"wp:attachment":[{"href":"https:\/\/limittools.test.consids5.se\/no\/wp-json\/wp\/v2\/media?parent=3609"}],"wp:term":[{"taxonomy":"product_cat","embeddable":true,"href":"https:\/\/limittools.test.consids5.se\/no\/wp-json\/wp\/v2\/product_cat?post=3609"},{"taxonomy":"product_tag","embeddable":true,"href":"https:\/\/limittools.test.consids5.se\/no\/wp-json\/wp\/v2\/product_tag?post=3609"}],"curies":[{"name":"wp","href":"https:\/\/api.w.org\/{rel}","templated":true}]}}