{"id":3612,"date":"2026-04-08T17:39:39","date_gmt":"2026-04-08T17:39:39","guid":{"rendered":"http:\/\/limit-tools.local\/product\/sifferstempel-rp-6mm\/"},"modified":"2026-04-08T17:39:39","modified_gmt":"2026-04-08T17:39:39","slug":"sifferstempel-rp-6mm","status":"publish","type":"product","link":"https:\/\/limittools.test.consids5.se\/no\/product\/sifferstempel-rp-6mm\/","title":{"rendered":"SIFFERSTEMPEL RP-6MM"},"content":{"rendered":"<p>Stempler for st\u00e5l og metall. 9 tallstempler 0-9. For stempling i materialer med trekkholdfasthet opp til 150 kp\/mm\u00b2.  Designet for \u00e5 skape lite stress i materialet som mulig, og er derfor egnet til f.eks. trykktanker. Laget i herdet verkt\u00f8yst\u00e5l og pakket i plasteske.<br \/>\nLav stressp\u00e5virkning p\u00e5 materialet med punktstempling.<br \/>\nEliminert bruddanvisningsfare i henhold til ASME-Standard.<br \/>\nSymboler i henhold til DIN 1451 (medium).<br \/>\nHerdet i graveringssiden i henhold til 58-61 HRC.<br \/>\nHvert stempel merket med: Symbol, symbolst\u00f8rrelse og internasjonalt \u00f8yevern-symbol<br \/>\nLeveres i en sterk, slagfast plastboks.<br \/>\nL\u00f8se stempler kan kj\u00f8pes assortert, men minst 5 stk \/ ordre.<\/p>\n","protected":false},"excerpt":{"rendered":"Stempler for st\u00e5l og metall. 9 tallstempler 0-9. For stempling i materialer med trekkholdfasthet opp til 150 kp\/mm\u00b2. Designet for [&hellip;]","protected":false},"featured_media":0,"comment_status":"closed","ping_status":"closed","template":"","meta":{"_acf_changed":false},"product_cat":[263,245],"product_tag":[],"class_list":{"0":"post-3612","1":"product","2":"type-product","3":"status-publish","5":"product_cat-stempler-no","6":"product_cat-verkstedmaling-no","8":"first","9":"instock","10":"shipping-taxable","11":"product-type-simple"},"acf":[],"yoast_head":"<!-- This site is optimized with the Yoast SEO plugin v23.2 - https:\/\/yoast.com\/wordpress\/plugins\/seo\/ -->\n<title>SIFFERSTEMPEL RP-6MM - Precision measuring instruments | Limit<\/title>\n<meta name=\"robots\" content=\"index, follow, max-snippet:-1, max-image-preview:large, max-video-preview:-1\" \/>\n<link rel=\"canonical\" href=\"https:\/\/limittools.test.consids5.se\/no\/product\/sifferstempel-rp-6mm\/\" \/>\n<meta property=\"og:locale\" content=\"nb_NO\" \/>\n<meta property=\"og:type\" content=\"article\" \/>\n<meta property=\"og:title\" content=\"SIFFERSTEMPEL RP-6MM - Precision measuring instruments | Limit\" \/>\n<meta property=\"og:description\" content=\"Stempler for st\u00e5l og metall. 9 tallstempler 0-9. For stempling i materialer med trekkholdfasthet opp til 150 kp\/mm\u00b2. Designet for [&hellip;]\" \/>\n<meta property=\"og:url\" content=\"https:\/\/limittools.test.consids5.se\/no\/product\/sifferstempel-rp-6mm\/\" \/>\n<meta property=\"og:site_name\" content=\"Precision measuring instruments | Limit\" \/>\n<meta property=\"article:publisher\" content=\"https:\/\/www.facebook.com\/limittools\/\" \/>\n<meta name=\"twitter:card\" content=\"summary_large_image\" \/>\n<script type=\"application\/ld+json\" class=\"yoast-schema-graph\">{\"@context\":\"https:\/\/schema.org\",\"@graph\":[{\"@type\":\"WebPage\",\"@id\":\"https:\/\/limittools.test.consids5.se\/no\/product\/sifferstempel-rp-6mm\/\",\"url\":\"https:\/\/limittools.test.consids5.se\/no\/product\/sifferstempel-rp-6mm\/\",\"name\":\"SIFFERSTEMPEL RP-6MM - Precision measuring instruments | Limit\",\"isPartOf\":{\"@id\":\"https:\/\/limittools.test.consids5.se\/#website\"},\"datePublished\":\"2026-04-08T17:39:39+00:00\",\"dateModified\":\"2026-04-08T17:39:39+00:00\",\"breadcrumb\":{\"@id\":\"https:\/\/limittools.test.consids5.se\/no\/product\/sifferstempel-rp-6mm\/#breadcrumb\"},\"inLanguage\":\"nb-NO\",\"potentialAction\":[{\"@type\":\"ReadAction\",\"target\":[\"https:\/\/limittools.test.consids5.se\/no\/product\/sifferstempel-rp-6mm\/\"]}]},{\"@type\":\"BreadcrumbList\",\"@id\":\"https:\/\/limittools.test.consids5.se\/no\/product\/sifferstempel-rp-6mm\/#breadcrumb\",\"itemListElement\":[{\"@type\":\"ListItem\",\"position\":1,\"name\":\"Products\",\"item\":\"https:\/\/limittools.test.consids5.se\/products\/\"},{\"@type\":\"ListItem\",\"position\":2,\"name\":\"SIFFERSTEMPEL RP-6MM\"}]},{\"@type\":\"WebSite\",\"@id\":\"https:\/\/limittools.test.consids5.se\/#website\",\"url\":\"https:\/\/limittools.test.consids5.se\/\",\"name\":\"Precision measuring instruments | Limit\",\"description\":\"Everything can be measured\",\"potentialAction\":[{\"@type\":\"SearchAction\",\"target\":{\"@type\":\"EntryPoint\",\"urlTemplate\":\"https:\/\/limittools.test.consids5.se\/?s={search_term_string}\"},\"query-input\":\"required name=search_term_string\"}],\"inLanguage\":\"nb-NO\"}]}<\/script>\n<!-- \/ Yoast SEO plugin. -->","yoast_head_json":{"title":"SIFFERSTEMPEL RP-6MM - Precision measuring instruments | Limit","robots":{"index":"index","follow":"follow","max-snippet":"max-snippet:-1","max-image-preview":"max-image-preview:large","max-video-preview":"max-video-preview:-1"},"canonical":"https:\/\/limittools.test.consids5.se\/no\/product\/sifferstempel-rp-6mm\/","og_locale":"nb_NO","og_type":"article","og_title":"SIFFERSTEMPEL RP-6MM - Precision measuring instruments | Limit","og_description":"Stempler for st\u00e5l og metall. 9 tallstempler 0-9. For stempling i materialer med trekkholdfasthet opp til 150 kp\/mm\u00b2. Designet for [&hellip;]","og_url":"https:\/\/limittools.test.consids5.se\/no\/product\/sifferstempel-rp-6mm\/","og_site_name":"Precision measuring instruments | Limit","article_publisher":"https:\/\/www.facebook.com\/limittools\/","twitter_card":"summary_large_image","schema":{"@context":"https:\/\/schema.org","@graph":[{"@type":"WebPage","@id":"https:\/\/limittools.test.consids5.se\/no\/product\/sifferstempel-rp-6mm\/","url":"https:\/\/limittools.test.consids5.se\/no\/product\/sifferstempel-rp-6mm\/","name":"SIFFERSTEMPEL RP-6MM - Precision measuring instruments | Limit","isPartOf":{"@id":"https:\/\/limittools.test.consids5.se\/#website"},"datePublished":"2026-04-08T17:39:39+00:00","dateModified":"2026-04-08T17:39:39+00:00","breadcrumb":{"@id":"https:\/\/limittools.test.consids5.se\/no\/product\/sifferstempel-rp-6mm\/#breadcrumb"},"inLanguage":"nb-NO","potentialAction":[{"@type":"ReadAction","target":["https:\/\/limittools.test.consids5.se\/no\/product\/sifferstempel-rp-6mm\/"]}]},{"@type":"BreadcrumbList","@id":"https:\/\/limittools.test.consids5.se\/no\/product\/sifferstempel-rp-6mm\/#breadcrumb","itemListElement":[{"@type":"ListItem","position":1,"name":"Products","item":"https:\/\/limittools.test.consids5.se\/products\/"},{"@type":"ListItem","position":2,"name":"SIFFERSTEMPEL RP-6MM"}]},{"@type":"WebSite","@id":"https:\/\/limittools.test.consids5.se\/#website","url":"https:\/\/limittools.test.consids5.se\/","name":"Precision measuring instruments | Limit","description":"Everything can be measured","potentialAction":[{"@type":"SearchAction","target":{"@type":"EntryPoint","urlTemplate":"https:\/\/limittools.test.consids5.se\/?s={search_term_string}"},"query-input":"required name=search_term_string"}],"inLanguage":"nb-NO"}]}},"_links":{"self":[{"href":"https:\/\/limittools.test.consids5.se\/no\/wp-json\/wp\/v2\/product\/3612"}],"collection":[{"href":"https:\/\/limittools.test.consids5.se\/no\/wp-json\/wp\/v2\/product"}],"about":[{"href":"https:\/\/limittools.test.consids5.se\/no\/wp-json\/wp\/v2\/types\/product"}],"replies":[{"embeddable":true,"href":"https:\/\/limittools.test.consids5.se\/no\/wp-json\/wp\/v2\/comments?post=3612"}],"wp:attachment":[{"href":"https:\/\/limittools.test.consids5.se\/no\/wp-json\/wp\/v2\/media?parent=3612"}],"wp:term":[{"taxonomy":"product_cat","embeddable":true,"href":"https:\/\/limittools.test.consids5.se\/no\/wp-json\/wp\/v2\/product_cat?post=3612"},{"taxonomy":"product_tag","embeddable":true,"href":"https:\/\/limittools.test.consids5.se\/no\/wp-json\/wp\/v2\/product_tag?post=3612"}],"curies":[{"name":"wp","href":"https:\/\/api.w.org\/{rel}","templated":true}]}}