{"id":4139,"date":"2025-01-22T08:58:57","date_gmt":"2025-01-22T08:58:57","guid":{"rendered":"http:\/\/limit-tools.local\/product\/krysslaser-limit-1001-g\/"},"modified":"2025-01-22T08:58:57","modified_gmt":"2025-01-22T08:58:57","slug":"krysslaser-limit-1001-g","status":"publish","type":"product","link":"https:\/\/limittools.test.consids5.se\/no\/product\/krysslaser-limit-1001-g\/","title":{"rendered":"KRYSSLASER LIMIT 1001 G"},"content":{"rendered":"<p>Krysslaser med meget lyssterkt gr\u00f8nt laserlys som er fire ganger sterkere enn r\u00f8dt. Kompakt modell i lommeformat. En horisontal og en vertikal linje. Den vertikale linjen n\u00e5r 90 grader opp i taket. Selvnivellerende med magnetisk pendeldemping. Linjene kan tennes hver for seg eller samtidig. Alternativt kan selvnivellering kobles bort for \u00e5 vise en hellende linje. En mekanisk l\u00e5sing av pendelmekanismen fungerer som b\u00e5de hovedstr\u00f8mbryter og transportsikring. 2 stk laserdioder klasse 2M, 15 mw 515-520 nm. Kan brukes utend\u00f8rs eller i lyse lokaler med en separat lasermottaker (17862-0308 inng\u00e5r ikke).<br \/>\nLeveres med feste for stativ\/veggmontering, reflektortavle, myk veske og 3 stk AA batterier.<br \/>\nAdapter 181120205 kan trenges til tilbeh\u00f8ret 181120106, 200570109, 178650800, 178680104 &#038; 178690103.<\/p>\n","protected":false},"excerpt":{"rendered":"Krysslaser med meget lyssterkt gr\u00f8nt laserlys som er fire ganger sterkere enn r\u00f8dt. Kompakt modell i lommeformat. En horisontal og [&hellip;]","protected":false},"featured_media":0,"comment_status":"closed","ping_status":"closed","template":"","meta":{"_acf_changed":false},"product_cat":[440,280],"product_tag":[],"class_list":{"0":"post-4139","1":"product","2":"type-product","3":"status-publish","5":"product_cat-krysslasere-no","6":"product_cat-laserinstrumenter-no","8":"first","9":"instock","10":"shipping-taxable","11":"product-type-simple"},"acf":[],"yoast_head":"<!-- This site is optimized with the Yoast SEO plugin v23.2 - https:\/\/yoast.com\/wordpress\/plugins\/seo\/ -->\n<title>KRYSSLASER LIMIT 1001 G - Precision measuring instruments | Limit<\/title>\n<meta name=\"robots\" content=\"index, follow, max-snippet:-1, max-image-preview:large, max-video-preview:-1\" \/>\n<link rel=\"canonical\" href=\"https:\/\/limittools.test.consids5.se\/no\/product\/krysslaser-limit-1001-g\/\" \/>\n<meta property=\"og:locale\" content=\"nb_NO\" \/>\n<meta property=\"og:type\" content=\"article\" \/>\n<meta property=\"og:title\" content=\"KRYSSLASER LIMIT 1001 G - Precision measuring instruments | Limit\" \/>\n<meta property=\"og:description\" content=\"Krysslaser med meget lyssterkt gr\u00f8nt laserlys som er fire ganger sterkere enn r\u00f8dt. Kompakt modell i lommeformat. En horisontal og [&hellip;]\" \/>\n<meta property=\"og:url\" content=\"https:\/\/limittools.test.consids5.se\/no\/product\/krysslaser-limit-1001-g\/\" \/>\n<meta property=\"og:site_name\" content=\"Precision measuring instruments | Limit\" \/>\n<meta property=\"article:publisher\" content=\"https:\/\/www.facebook.com\/limittools\/\" \/>\n<meta name=\"twitter:card\" content=\"summary_large_image\" \/>\n<meta name=\"twitter:label1\" content=\"Est. reading time\" \/>\n\t<meta name=\"twitter:data1\" content=\"1 minute\" \/>\n<script type=\"application\/ld+json\" class=\"yoast-schema-graph\">{\"@context\":\"https:\/\/schema.org\",\"@graph\":[{\"@type\":\"WebPage\",\"@id\":\"https:\/\/limittools.test.consids5.se\/no\/product\/krysslaser-limit-1001-g\/\",\"url\":\"https:\/\/limittools.test.consids5.se\/no\/product\/krysslaser-limit-1001-g\/\",\"name\":\"KRYSSLASER LIMIT 1001 G - Precision measuring instruments | Limit\",\"isPartOf\":{\"@id\":\"https:\/\/limittools.test.consids5.se\/#website\"},\"datePublished\":\"2025-01-22T08:58:57+00:00\",\"dateModified\":\"2025-01-22T08:58:57+00:00\",\"breadcrumb\":{\"@id\":\"https:\/\/limittools.test.consids5.se\/no\/product\/krysslaser-limit-1001-g\/#breadcrumb\"},\"inLanguage\":\"nb-NO\",\"potentialAction\":[{\"@type\":\"ReadAction\",\"target\":[\"https:\/\/limittools.test.consids5.se\/no\/product\/krysslaser-limit-1001-g\/\"]}]},{\"@type\":\"BreadcrumbList\",\"@id\":\"https:\/\/limittools.test.consids5.se\/no\/product\/krysslaser-limit-1001-g\/#breadcrumb\",\"itemListElement\":[{\"@type\":\"ListItem\",\"position\":1,\"name\":\"Products\",\"item\":\"https:\/\/limittools.test.consids5.se\/products\/\"},{\"@type\":\"ListItem\",\"position\":2,\"name\":\"KRYSSLASER LIMIT 1001 G\"}]},{\"@type\":\"WebSite\",\"@id\":\"https:\/\/limittools.test.consids5.se\/#website\",\"url\":\"https:\/\/limittools.test.consids5.se\/\",\"name\":\"Precision measuring instruments | Limit\",\"description\":\"Everything can be measured\",\"potentialAction\":[{\"@type\":\"SearchAction\",\"target\":{\"@type\":\"EntryPoint\",\"urlTemplate\":\"https:\/\/limittools.test.consids5.se\/?s={search_term_string}\"},\"query-input\":\"required name=search_term_string\"}],\"inLanguage\":\"nb-NO\"}]}<\/script>\n<!-- \/ Yoast SEO plugin. -->","yoast_head_json":{"title":"KRYSSLASER LIMIT 1001 G - Precision measuring instruments | Limit","robots":{"index":"index","follow":"follow","max-snippet":"max-snippet:-1","max-image-preview":"max-image-preview:large","max-video-preview":"max-video-preview:-1"},"canonical":"https:\/\/limittools.test.consids5.se\/no\/product\/krysslaser-limit-1001-g\/","og_locale":"nb_NO","og_type":"article","og_title":"KRYSSLASER LIMIT 1001 G - Precision measuring instruments | Limit","og_description":"Krysslaser med meget lyssterkt gr\u00f8nt laserlys som er fire ganger sterkere enn r\u00f8dt. Kompakt modell i lommeformat. En horisontal og [&hellip;]","og_url":"https:\/\/limittools.test.consids5.se\/no\/product\/krysslaser-limit-1001-g\/","og_site_name":"Precision measuring instruments | Limit","article_publisher":"https:\/\/www.facebook.com\/limittools\/","twitter_card":"summary_large_image","twitter_misc":{"Est. reading time":"1 minute"},"schema":{"@context":"https:\/\/schema.org","@graph":[{"@type":"WebPage","@id":"https:\/\/limittools.test.consids5.se\/no\/product\/krysslaser-limit-1001-g\/","url":"https:\/\/limittools.test.consids5.se\/no\/product\/krysslaser-limit-1001-g\/","name":"KRYSSLASER LIMIT 1001 G - Precision measuring instruments | Limit","isPartOf":{"@id":"https:\/\/limittools.test.consids5.se\/#website"},"datePublished":"2025-01-22T08:58:57+00:00","dateModified":"2025-01-22T08:58:57+00:00","breadcrumb":{"@id":"https:\/\/limittools.test.consids5.se\/no\/product\/krysslaser-limit-1001-g\/#breadcrumb"},"inLanguage":"nb-NO","potentialAction":[{"@type":"ReadAction","target":["https:\/\/limittools.test.consids5.se\/no\/product\/krysslaser-limit-1001-g\/"]}]},{"@type":"BreadcrumbList","@id":"https:\/\/limittools.test.consids5.se\/no\/product\/krysslaser-limit-1001-g\/#breadcrumb","itemListElement":[{"@type":"ListItem","position":1,"name":"Products","item":"https:\/\/limittools.test.consids5.se\/products\/"},{"@type":"ListItem","position":2,"name":"KRYSSLASER LIMIT 1001 G"}]},{"@type":"WebSite","@id":"https:\/\/limittools.test.consids5.se\/#website","url":"https:\/\/limittools.test.consids5.se\/","name":"Precision measuring instruments | Limit","description":"Everything can be measured","potentialAction":[{"@type":"SearchAction","target":{"@type":"EntryPoint","urlTemplate":"https:\/\/limittools.test.consids5.se\/?s={search_term_string}"},"query-input":"required name=search_term_string"}],"inLanguage":"nb-NO"}]}},"_links":{"self":[{"href":"https:\/\/limittools.test.consids5.se\/no\/wp-json\/wp\/v2\/product\/4139"}],"collection":[{"href":"https:\/\/limittools.test.consids5.se\/no\/wp-json\/wp\/v2\/product"}],"about":[{"href":"https:\/\/limittools.test.consids5.se\/no\/wp-json\/wp\/v2\/types\/product"}],"replies":[{"embeddable":true,"href":"https:\/\/limittools.test.consids5.se\/no\/wp-json\/wp\/v2\/comments?post=4139"}],"wp:attachment":[{"href":"https:\/\/limittools.test.consids5.se\/no\/wp-json\/wp\/v2\/media?parent=4139"}],"wp:term":[{"taxonomy":"product_cat","embeddable":true,"href":"https:\/\/limittools.test.consids5.se\/no\/wp-json\/wp\/v2\/product_cat?post=4139"},{"taxonomy":"product_tag","embeddable":true,"href":"https:\/\/limittools.test.consids5.se\/no\/wp-json\/wp\/v2\/product_tag?post=4139"}],"curies":[{"name":"wp","href":"https:\/\/api.w.org\/{rel}","templated":true}]}}