{"id":4142,"date":"2020-09-08T14:02:38","date_gmt":"2020-09-08T14:02:38","guid":{"rendered":"http:\/\/limit-tools.local\/product\/batteripakke-1200\/"},"modified":"2020-09-08T14:02:38","modified_gmt":"2020-09-08T14:02:38","slug":"batteripakke-1200","status":"publish","type":"product","link":"https:\/\/limittools.test.consids5.se\/no\/product\/batteripakke-1200\/","title":{"rendered":"BATTERIPAKKE 1200"},"content":{"rendered":"<p>Roterende laser med synlig lys. Kan brukes b\u00e5de utend\u00f8rs og innend\u00f8rs, regntett isolasjonsklasse IP 54. Motorisert, automatisk selvnivellering b\u00e5de horisontalt og vertikalt med mulighet til manuell fallinnstilling. Scannefunksjon med innstillbar scannevinkel. Tiltfunksjon med alarm der instrumentet m\u00e5 manuelt restartes etter f.eks. risting eller instrumentet flyttes fra sitt opprinnelige niv\u00e5. Fjernkontrollen justerer helling, rotasjonshastighet, scannevinkelen samt \u00e5 vri scanneomr\u00e5det i begge retningene. Lasermottaker med doble indikeringsvinduer, displaybelysning, justerbar lydsignal, fin eller grov n\u00f8yaktighet.<br \/>\nInstrumentet kan kalibreres etter anvisninger i bruksanvisningen.<br \/>\nLeveres i hard plastveske med fjernkontroll, lasermottaker og holder, reflektortavle, veggfeste, oppladbar batteripakke med lader samt bruksanvisning. Laserdiode klasse 2M, 1mw, 635 nm.<\/p>\n","protected":false},"excerpt":{"rendered":"Roterende laser med synlig lys. Kan brukes b\u00e5de utend\u00f8rs og innend\u00f8rs, regntett isolasjonsklasse IP 54. Motorisert, automatisk selvnivellering b\u00e5de horisontalt [&hellip;]","protected":false},"featured_media":0,"comment_status":"closed","ping_status":"closed","template":"","meta":{"_acf_changed":false},"product_cat":[280,316],"product_tag":[],"class_list":{"0":"post-4142","1":"product","2":"type-product","3":"status-publish","5":"product_cat-laserinstrumenter-no","6":"product_cat-roterende-lasere-no","8":"first","9":"instock","10":"shipping-taxable","11":"product-type-simple"},"acf":[],"yoast_head":"<!-- This site is optimized with the Yoast SEO plugin v23.2 - https:\/\/yoast.com\/wordpress\/plugins\/seo\/ -->\n<title>BATTERIPAKKE 1200 - Precision measuring instruments | Limit<\/title>\n<meta name=\"robots\" content=\"index, follow, max-snippet:-1, max-image-preview:large, max-video-preview:-1\" \/>\n<link rel=\"canonical\" href=\"https:\/\/limittools.test.consids5.se\/no\/product\/batteripakke-1200\/\" \/>\n<meta property=\"og:locale\" content=\"nb_NO\" \/>\n<meta property=\"og:type\" content=\"article\" \/>\n<meta property=\"og:title\" content=\"BATTERIPAKKE 1200 - Precision measuring instruments | Limit\" \/>\n<meta property=\"og:description\" content=\"Roterende laser med synlig lys. Kan brukes b\u00e5de utend\u00f8rs og innend\u00f8rs, regntett isolasjonsklasse IP 54. Motorisert, automatisk selvnivellering b\u00e5de horisontalt [&hellip;]\" \/>\n<meta property=\"og:url\" content=\"https:\/\/limittools.test.consids5.se\/no\/product\/batteripakke-1200\/\" \/>\n<meta property=\"og:site_name\" content=\"Precision measuring instruments | Limit\" \/>\n<meta property=\"article:publisher\" content=\"https:\/\/www.facebook.com\/limittools\/\" \/>\n<meta name=\"twitter:card\" content=\"summary_large_image\" \/>\n<meta name=\"twitter:label1\" content=\"Est. reading time\" \/>\n\t<meta name=\"twitter:data1\" content=\"1 minute\" \/>\n<script type=\"application\/ld+json\" class=\"yoast-schema-graph\">{\"@context\":\"https:\/\/schema.org\",\"@graph\":[{\"@type\":\"WebPage\",\"@id\":\"https:\/\/limittools.test.consids5.se\/no\/product\/batteripakke-1200\/\",\"url\":\"https:\/\/limittools.test.consids5.se\/no\/product\/batteripakke-1200\/\",\"name\":\"BATTERIPAKKE 1200 - Precision measuring instruments | Limit\",\"isPartOf\":{\"@id\":\"https:\/\/limittools.test.consids5.se\/#website\"},\"datePublished\":\"2020-09-08T14:02:38+00:00\",\"dateModified\":\"2020-09-08T14:02:38+00:00\",\"breadcrumb\":{\"@id\":\"https:\/\/limittools.test.consids5.se\/no\/product\/batteripakke-1200\/#breadcrumb\"},\"inLanguage\":\"nb-NO\",\"potentialAction\":[{\"@type\":\"ReadAction\",\"target\":[\"https:\/\/limittools.test.consids5.se\/no\/product\/batteripakke-1200\/\"]}]},{\"@type\":\"BreadcrumbList\",\"@id\":\"https:\/\/limittools.test.consids5.se\/no\/product\/batteripakke-1200\/#breadcrumb\",\"itemListElement\":[{\"@type\":\"ListItem\",\"position\":1,\"name\":\"Products\",\"item\":\"https:\/\/limittools.test.consids5.se\/products\/\"},{\"@type\":\"ListItem\",\"position\":2,\"name\":\"BATTERIPAKKE 1200\"}]},{\"@type\":\"WebSite\",\"@id\":\"https:\/\/limittools.test.consids5.se\/#website\",\"url\":\"https:\/\/limittools.test.consids5.se\/\",\"name\":\"Precision measuring instruments | Limit\",\"description\":\"Everything can be measured\",\"potentialAction\":[{\"@type\":\"SearchAction\",\"target\":{\"@type\":\"EntryPoint\",\"urlTemplate\":\"https:\/\/limittools.test.consids5.se\/?s={search_term_string}\"},\"query-input\":\"required name=search_term_string\"}],\"inLanguage\":\"nb-NO\"}]}<\/script>\n<!-- \/ Yoast SEO plugin. -->","yoast_head_json":{"title":"BATTERIPAKKE 1200 - Precision measuring instruments | Limit","robots":{"index":"index","follow":"follow","max-snippet":"max-snippet:-1","max-image-preview":"max-image-preview:large","max-video-preview":"max-video-preview:-1"},"canonical":"https:\/\/limittools.test.consids5.se\/no\/product\/batteripakke-1200\/","og_locale":"nb_NO","og_type":"article","og_title":"BATTERIPAKKE 1200 - Precision measuring instruments | Limit","og_description":"Roterende laser med synlig lys. Kan brukes b\u00e5de utend\u00f8rs og innend\u00f8rs, regntett isolasjonsklasse IP 54. Motorisert, automatisk selvnivellering b\u00e5de horisontalt [&hellip;]","og_url":"https:\/\/limittools.test.consids5.se\/no\/product\/batteripakke-1200\/","og_site_name":"Precision measuring instruments | Limit","article_publisher":"https:\/\/www.facebook.com\/limittools\/","twitter_card":"summary_large_image","twitter_misc":{"Est. reading time":"1 minute"},"schema":{"@context":"https:\/\/schema.org","@graph":[{"@type":"WebPage","@id":"https:\/\/limittools.test.consids5.se\/no\/product\/batteripakke-1200\/","url":"https:\/\/limittools.test.consids5.se\/no\/product\/batteripakke-1200\/","name":"BATTERIPAKKE 1200 - Precision measuring instruments | Limit","isPartOf":{"@id":"https:\/\/limittools.test.consids5.se\/#website"},"datePublished":"2020-09-08T14:02:38+00:00","dateModified":"2020-09-08T14:02:38+00:00","breadcrumb":{"@id":"https:\/\/limittools.test.consids5.se\/no\/product\/batteripakke-1200\/#breadcrumb"},"inLanguage":"nb-NO","potentialAction":[{"@type":"ReadAction","target":["https:\/\/limittools.test.consids5.se\/no\/product\/batteripakke-1200\/"]}]},{"@type":"BreadcrumbList","@id":"https:\/\/limittools.test.consids5.se\/no\/product\/batteripakke-1200\/#breadcrumb","itemListElement":[{"@type":"ListItem","position":1,"name":"Products","item":"https:\/\/limittools.test.consids5.se\/products\/"},{"@type":"ListItem","position":2,"name":"BATTERIPAKKE 1200"}]},{"@type":"WebSite","@id":"https:\/\/limittools.test.consids5.se\/#website","url":"https:\/\/limittools.test.consids5.se\/","name":"Precision measuring instruments | Limit","description":"Everything can be measured","potentialAction":[{"@type":"SearchAction","target":{"@type":"EntryPoint","urlTemplate":"https:\/\/limittools.test.consids5.se\/?s={search_term_string}"},"query-input":"required name=search_term_string"}],"inLanguage":"nb-NO"}]}},"_links":{"self":[{"href":"https:\/\/limittools.test.consids5.se\/no\/wp-json\/wp\/v2\/product\/4142"}],"collection":[{"href":"https:\/\/limittools.test.consids5.se\/no\/wp-json\/wp\/v2\/product"}],"about":[{"href":"https:\/\/limittools.test.consids5.se\/no\/wp-json\/wp\/v2\/types\/product"}],"replies":[{"embeddable":true,"href":"https:\/\/limittools.test.consids5.se\/no\/wp-json\/wp\/v2\/comments?post=4142"}],"wp:attachment":[{"href":"https:\/\/limittools.test.consids5.se\/no\/wp-json\/wp\/v2\/media?parent=4142"}],"wp:term":[{"taxonomy":"product_cat","embeddable":true,"href":"https:\/\/limittools.test.consids5.se\/no\/wp-json\/wp\/v2\/product_cat?post=4142"},{"taxonomy":"product_tag","embeddable":true,"href":"https:\/\/limittools.test.consids5.se\/no\/wp-json\/wp\/v2\/product_tag?post=4142"}],"curies":[{"name":"wp","href":"https:\/\/api.w.org\/{rel}","templated":true}]}}