{"id":4191,"date":"2026-04-01T20:27:23","date_gmt":"2026-04-01T20:27:23","guid":{"rendered":"http:\/\/limit-tools.local\/product\/ir-termometer-limit-96\/"},"modified":"2026-04-01T20:27:23","modified_gmt":"2026-04-01T20:27:23","slug":"ir-termometer-limit-96","status":"publish","type":"product","link":"https:\/\/limittools.test.consids5.se\/no\/product\/ir-termometer-limit-96\/","title":{"rendered":"IR-TERMOMETER LIMIT 96"},"content":{"rendered":"<p>Profesjonell, ber\u00f8ringsfri, infrar\u00f8d termometer i et ergonomisk design som m\u00e5ler overflatetemperaturen opp til 800\u00b0C med stor n\u00f8yaktighet og rask avlesing. P\u00e5litelige m\u00e5leverdier takket v\u00e6re de to laserpunktene som markerer ytterkantene p\u00e5 m\u00e5leomr\u00e5dets diameter. D:S faktor 10:1. Omstillbar emisjonsfaktor. Registrerer maks. og min. temperatur. Alarmfunksjon mot forh\u00e5ndsinnstilt verdi. Funksjon for kontinuerlig m\u00e5ling uten \u00e5 trykke p\u00e5 avtrekkeren. LCD display med 12mm store hovedsiffer samt bakgrunnsbelysning. Omstillbar mellom \u00b0C og \u00b0F.<br \/>\nEgnet for n\u00e6ringsmiddelindustri, bolig-, sikkerhets- og branninspeksjoner, plastst\u00f8ping, asfaltering, vedlikehold innen industri etc.<br \/>\nBatterityp 9V, ing\u00e5r.<\/p>\n","protected":false},"excerpt":{"rendered":"Profesjonell, ber\u00f8ringsfri, infrar\u00f8d termometer i et ergonomisk design som m\u00e5ler overflatetemperaturen opp til 800\u00b0C med stor n\u00f8yaktighet og rask avlesing. [&hellip;]","protected":false},"featured_media":0,"comment_status":"closed","ping_status":"closed","template":"","meta":{"_acf_changed":false},"product_cat":[1782,544],"product_tag":[],"class_list":{"0":"post-4191","1":"product","2":"type-product","3":"status-publish","5":"product_cat-ir-termometre-no-klima-og-miljomaling-instrumenter-no-95","6":"product_cat-klima-og-miljomaling-instrumenter-no","8":"first","9":"instock","10":"shipping-taxable","11":"product-type-simple"},"acf":[],"yoast_head":"<!-- This site is optimized with the Yoast SEO plugin v23.2 - https:\/\/yoast.com\/wordpress\/plugins\/seo\/ -->\n<title>IR-TERMOMETER LIMIT 96 - Precision measuring instruments | Limit<\/title>\n<meta name=\"robots\" content=\"index, follow, max-snippet:-1, max-image-preview:large, max-video-preview:-1\" \/>\n<link rel=\"canonical\" href=\"https:\/\/limittools.test.consids5.se\/no\/product\/ir-termometer-limit-96\/\" \/>\n<meta property=\"og:locale\" content=\"nb_NO\" \/>\n<meta property=\"og:type\" content=\"article\" \/>\n<meta property=\"og:title\" content=\"IR-TERMOMETER LIMIT 96 - Precision measuring instruments | Limit\" \/>\n<meta property=\"og:description\" content=\"Profesjonell, ber\u00f8ringsfri, infrar\u00f8d termometer i et ergonomisk design som m\u00e5ler overflatetemperaturen opp til 800\u00b0C med stor n\u00f8yaktighet og rask avlesing. [&hellip;]\" \/>\n<meta property=\"og:url\" content=\"https:\/\/limittools.test.consids5.se\/no\/product\/ir-termometer-limit-96\/\" \/>\n<meta property=\"og:site_name\" content=\"Precision measuring instruments | Limit\" \/>\n<meta property=\"article:publisher\" content=\"https:\/\/www.facebook.com\/limittools\/\" \/>\n<meta name=\"twitter:card\" content=\"summary_large_image\" \/>\n<script type=\"application\/ld+json\" class=\"yoast-schema-graph\">{\"@context\":\"https:\/\/schema.org\",\"@graph\":[{\"@type\":\"WebPage\",\"@id\":\"https:\/\/limittools.test.consids5.se\/no\/product\/ir-termometer-limit-96\/\",\"url\":\"https:\/\/limittools.test.consids5.se\/no\/product\/ir-termometer-limit-96\/\",\"name\":\"IR-TERMOMETER LIMIT 96 - Precision measuring instruments | Limit\",\"isPartOf\":{\"@id\":\"https:\/\/limittools.test.consids5.se\/#website\"},\"datePublished\":\"2026-04-01T20:27:23+00:00\",\"dateModified\":\"2026-04-01T20:27:23+00:00\",\"breadcrumb\":{\"@id\":\"https:\/\/limittools.test.consids5.se\/no\/product\/ir-termometer-limit-96\/#breadcrumb\"},\"inLanguage\":\"nb-NO\",\"potentialAction\":[{\"@type\":\"ReadAction\",\"target\":[\"https:\/\/limittools.test.consids5.se\/no\/product\/ir-termometer-limit-96\/\"]}]},{\"@type\":\"BreadcrumbList\",\"@id\":\"https:\/\/limittools.test.consids5.se\/no\/product\/ir-termometer-limit-96\/#breadcrumb\",\"itemListElement\":[{\"@type\":\"ListItem\",\"position\":1,\"name\":\"Products\",\"item\":\"https:\/\/limittools.test.consids5.se\/products\/\"},{\"@type\":\"ListItem\",\"position\":2,\"name\":\"IR-TERMOMETER LIMIT 96\"}]},{\"@type\":\"WebSite\",\"@id\":\"https:\/\/limittools.test.consids5.se\/#website\",\"url\":\"https:\/\/limittools.test.consids5.se\/\",\"name\":\"Precision measuring instruments | Limit\",\"description\":\"Everything can be measured\",\"potentialAction\":[{\"@type\":\"SearchAction\",\"target\":{\"@type\":\"EntryPoint\",\"urlTemplate\":\"https:\/\/limittools.test.consids5.se\/?s={search_term_string}\"},\"query-input\":\"required name=search_term_string\"}],\"inLanguage\":\"nb-NO\"}]}<\/script>\n<!-- \/ Yoast SEO plugin. -->","yoast_head_json":{"title":"IR-TERMOMETER LIMIT 96 - Precision measuring instruments | Limit","robots":{"index":"index","follow":"follow","max-snippet":"max-snippet:-1","max-image-preview":"max-image-preview:large","max-video-preview":"max-video-preview:-1"},"canonical":"https:\/\/limittools.test.consids5.se\/no\/product\/ir-termometer-limit-96\/","og_locale":"nb_NO","og_type":"article","og_title":"IR-TERMOMETER LIMIT 96 - Precision measuring instruments | Limit","og_description":"Profesjonell, ber\u00f8ringsfri, infrar\u00f8d termometer i et ergonomisk design som m\u00e5ler overflatetemperaturen opp til 800\u00b0C med stor n\u00f8yaktighet og rask avlesing. [&hellip;]","og_url":"https:\/\/limittools.test.consids5.se\/no\/product\/ir-termometer-limit-96\/","og_site_name":"Precision measuring instruments | Limit","article_publisher":"https:\/\/www.facebook.com\/limittools\/","twitter_card":"summary_large_image","schema":{"@context":"https:\/\/schema.org","@graph":[{"@type":"WebPage","@id":"https:\/\/limittools.test.consids5.se\/no\/product\/ir-termometer-limit-96\/","url":"https:\/\/limittools.test.consids5.se\/no\/product\/ir-termometer-limit-96\/","name":"IR-TERMOMETER LIMIT 96 - Precision measuring instruments | Limit","isPartOf":{"@id":"https:\/\/limittools.test.consids5.se\/#website"},"datePublished":"2026-04-01T20:27:23+00:00","dateModified":"2026-04-01T20:27:23+00:00","breadcrumb":{"@id":"https:\/\/limittools.test.consids5.se\/no\/product\/ir-termometer-limit-96\/#breadcrumb"},"inLanguage":"nb-NO","potentialAction":[{"@type":"ReadAction","target":["https:\/\/limittools.test.consids5.se\/no\/product\/ir-termometer-limit-96\/"]}]},{"@type":"BreadcrumbList","@id":"https:\/\/limittools.test.consids5.se\/no\/product\/ir-termometer-limit-96\/#breadcrumb","itemListElement":[{"@type":"ListItem","position":1,"name":"Products","item":"https:\/\/limittools.test.consids5.se\/products\/"},{"@type":"ListItem","position":2,"name":"IR-TERMOMETER LIMIT 96"}]},{"@type":"WebSite","@id":"https:\/\/limittools.test.consids5.se\/#website","url":"https:\/\/limittools.test.consids5.se\/","name":"Precision measuring instruments | Limit","description":"Everything can be measured","potentialAction":[{"@type":"SearchAction","target":{"@type":"EntryPoint","urlTemplate":"https:\/\/limittools.test.consids5.se\/?s={search_term_string}"},"query-input":"required name=search_term_string"}],"inLanguage":"nb-NO"}]}},"_links":{"self":[{"href":"https:\/\/limittools.test.consids5.se\/no\/wp-json\/wp\/v2\/product\/4191"}],"collection":[{"href":"https:\/\/limittools.test.consids5.se\/no\/wp-json\/wp\/v2\/product"}],"about":[{"href":"https:\/\/limittools.test.consids5.se\/no\/wp-json\/wp\/v2\/types\/product"}],"replies":[{"embeddable":true,"href":"https:\/\/limittools.test.consids5.se\/no\/wp-json\/wp\/v2\/comments?post=4191"}],"wp:attachment":[{"href":"https:\/\/limittools.test.consids5.se\/no\/wp-json\/wp\/v2\/media?parent=4191"}],"wp:term":[{"taxonomy":"product_cat","embeddable":true,"href":"https:\/\/limittools.test.consids5.se\/no\/wp-json\/wp\/v2\/product_cat?post=4191"},{"taxonomy":"product_tag","embeddable":true,"href":"https:\/\/limittools.test.consids5.se\/no\/wp-json\/wp\/v2\/product_tag?post=4191"}],"curies":[{"name":"wp","href":"https:\/\/api.w.org\/{rel}","templated":true}]}}