{"id":4525,"date":"2026-04-01T20:28:33","date_gmt":"2026-04-01T20:28:33","guid":{"rendered":"http:\/\/limit-tools.local\/product\/trepunktsmikrometerset50-100mm\/"},"modified":"2026-04-01T20:28:33","modified_gmt":"2026-04-01T20:28:33","slug":"trepunktsmikrometerset50-100mm","status":"publish","type":"product","link":"https:\/\/limittools.test.consids5.se\/no\/product\/trepunktsmikrometerset50-100mm\/","title":{"rendered":"TREPUNKTSMIKROMETERSET50-100MM"},"content":{"rendered":"<p>Trepunktsmikrometer og sett beregnet for hullm\u00e5ling. Med friksjonsanordning som gir en konstant m\u00e5lekraft samt selvsentrerer m\u00e5leboksen. M\u00e5leflater av hardmetall. M\u00e5lespissene n\u00e5r til 0.5 mm fra bunnen av et blindt hull. Innstillingsring inng\u00e5r. Det ene settet inneholder fire mikrometre i 20-50mm og det andre settet 63-100 mm samt 2 innstillingsringer i hvert sett. Leveres med forlenger og innstillingsring. Laget etter DIN 863\/4.<\/p>\n","protected":false},"excerpt":{"rendered":"Trepunktsmikrometer og sett beregnet for hullm\u00e5ling. Med friksjonsanordning som gir en konstant m\u00e5lekraft samt selvsentrerer m\u00e5leboksen. M\u00e5leflater av hardmetall. M\u00e5lespissene [&hellip;]","protected":false},"featured_media":0,"comment_status":"closed","ping_status":"closed","template":"","meta":{"_acf_changed":false},"product_cat":[308,245],"product_tag":[],"class_list":{"0":"post-4525","1":"product","2":"type-product","3":"status-publish","5":"product_cat-mikrometre-no","6":"product_cat-verkstedmaling-no","8":"first","9":"instock","10":"shipping-taxable","11":"product-type-simple"},"acf":[],"yoast_head":"<!-- This site is optimized with the Yoast SEO plugin v23.2 - https:\/\/yoast.com\/wordpress\/plugins\/seo\/ -->\n<title>TREPUNKTSMIKROMETERSET50-100MM - Precision measuring instruments | Limit<\/title>\n<meta name=\"robots\" content=\"index, follow, max-snippet:-1, max-image-preview:large, max-video-preview:-1\" \/>\n<link rel=\"canonical\" href=\"https:\/\/limittools.test.consids5.se\/no\/product\/trepunktsmikrometerset50-100mm\/\" \/>\n<meta property=\"og:locale\" content=\"nb_NO\" \/>\n<meta property=\"og:type\" content=\"article\" \/>\n<meta property=\"og:title\" content=\"TREPUNKTSMIKROMETERSET50-100MM - Precision measuring instruments | Limit\" \/>\n<meta property=\"og:description\" content=\"Trepunktsmikrometer og sett beregnet for hullm\u00e5ling. Med friksjonsanordning som gir en konstant m\u00e5lekraft samt selvsentrerer m\u00e5leboksen. M\u00e5leflater av hardmetall. M\u00e5lespissene [&hellip;]\" \/>\n<meta property=\"og:url\" content=\"https:\/\/limittools.test.consids5.se\/no\/product\/trepunktsmikrometerset50-100mm\/\" \/>\n<meta property=\"og:site_name\" content=\"Precision measuring instruments | Limit\" \/>\n<meta property=\"article:publisher\" content=\"https:\/\/www.facebook.com\/limittools\/\" \/>\n<meta name=\"twitter:card\" content=\"summary_large_image\" \/>\n<script type=\"application\/ld+json\" class=\"yoast-schema-graph\">{\"@context\":\"https:\/\/schema.org\",\"@graph\":[{\"@type\":\"WebPage\",\"@id\":\"https:\/\/limittools.test.consids5.se\/no\/product\/trepunktsmikrometerset50-100mm\/\",\"url\":\"https:\/\/limittools.test.consids5.se\/no\/product\/trepunktsmikrometerset50-100mm\/\",\"name\":\"TREPUNKTSMIKROMETERSET50-100MM - Precision measuring instruments | Limit\",\"isPartOf\":{\"@id\":\"https:\/\/limittools.test.consids5.se\/#website\"},\"datePublished\":\"2026-04-01T20:28:33+00:00\",\"dateModified\":\"2026-04-01T20:28:33+00:00\",\"breadcrumb\":{\"@id\":\"https:\/\/limittools.test.consids5.se\/no\/product\/trepunktsmikrometerset50-100mm\/#breadcrumb\"},\"inLanguage\":\"nb-NO\",\"potentialAction\":[{\"@type\":\"ReadAction\",\"target\":[\"https:\/\/limittools.test.consids5.se\/no\/product\/trepunktsmikrometerset50-100mm\/\"]}]},{\"@type\":\"BreadcrumbList\",\"@id\":\"https:\/\/limittools.test.consids5.se\/no\/product\/trepunktsmikrometerset50-100mm\/#breadcrumb\",\"itemListElement\":[{\"@type\":\"ListItem\",\"position\":1,\"name\":\"Products\",\"item\":\"https:\/\/limittools.test.consids5.se\/products\/\"},{\"@type\":\"ListItem\",\"position\":2,\"name\":\"TREPUNKTSMIKROMETERSET50-100MM\"}]},{\"@type\":\"WebSite\",\"@id\":\"https:\/\/limittools.test.consids5.se\/#website\",\"url\":\"https:\/\/limittools.test.consids5.se\/\",\"name\":\"Precision measuring instruments | Limit\",\"description\":\"Everything can be measured\",\"potentialAction\":[{\"@type\":\"SearchAction\",\"target\":{\"@type\":\"EntryPoint\",\"urlTemplate\":\"https:\/\/limittools.test.consids5.se\/?s={search_term_string}\"},\"query-input\":\"required name=search_term_string\"}],\"inLanguage\":\"nb-NO\"}]}<\/script>\n<!-- \/ Yoast SEO plugin. -->","yoast_head_json":{"title":"TREPUNKTSMIKROMETERSET50-100MM - Precision measuring instruments | Limit","robots":{"index":"index","follow":"follow","max-snippet":"max-snippet:-1","max-image-preview":"max-image-preview:large","max-video-preview":"max-video-preview:-1"},"canonical":"https:\/\/limittools.test.consids5.se\/no\/product\/trepunktsmikrometerset50-100mm\/","og_locale":"nb_NO","og_type":"article","og_title":"TREPUNKTSMIKROMETERSET50-100MM - Precision measuring instruments | Limit","og_description":"Trepunktsmikrometer og sett beregnet for hullm\u00e5ling. Med friksjonsanordning som gir en konstant m\u00e5lekraft samt selvsentrerer m\u00e5leboksen. M\u00e5leflater av hardmetall. M\u00e5lespissene [&hellip;]","og_url":"https:\/\/limittools.test.consids5.se\/no\/product\/trepunktsmikrometerset50-100mm\/","og_site_name":"Precision measuring instruments | Limit","article_publisher":"https:\/\/www.facebook.com\/limittools\/","twitter_card":"summary_large_image","schema":{"@context":"https:\/\/schema.org","@graph":[{"@type":"WebPage","@id":"https:\/\/limittools.test.consids5.se\/no\/product\/trepunktsmikrometerset50-100mm\/","url":"https:\/\/limittools.test.consids5.se\/no\/product\/trepunktsmikrometerset50-100mm\/","name":"TREPUNKTSMIKROMETERSET50-100MM - Precision measuring instruments | Limit","isPartOf":{"@id":"https:\/\/limittools.test.consids5.se\/#website"},"datePublished":"2026-04-01T20:28:33+00:00","dateModified":"2026-04-01T20:28:33+00:00","breadcrumb":{"@id":"https:\/\/limittools.test.consids5.se\/no\/product\/trepunktsmikrometerset50-100mm\/#breadcrumb"},"inLanguage":"nb-NO","potentialAction":[{"@type":"ReadAction","target":["https:\/\/limittools.test.consids5.se\/no\/product\/trepunktsmikrometerset50-100mm\/"]}]},{"@type":"BreadcrumbList","@id":"https:\/\/limittools.test.consids5.se\/no\/product\/trepunktsmikrometerset50-100mm\/#breadcrumb","itemListElement":[{"@type":"ListItem","position":1,"name":"Products","item":"https:\/\/limittools.test.consids5.se\/products\/"},{"@type":"ListItem","position":2,"name":"TREPUNKTSMIKROMETERSET50-100MM"}]},{"@type":"WebSite","@id":"https:\/\/limittools.test.consids5.se\/#website","url":"https:\/\/limittools.test.consids5.se\/","name":"Precision measuring instruments | Limit","description":"Everything can be measured","potentialAction":[{"@type":"SearchAction","target":{"@type":"EntryPoint","urlTemplate":"https:\/\/limittools.test.consids5.se\/?s={search_term_string}"},"query-input":"required name=search_term_string"}],"inLanguage":"nb-NO"}]}},"_links":{"self":[{"href":"https:\/\/limittools.test.consids5.se\/no\/wp-json\/wp\/v2\/product\/4525"}],"collection":[{"href":"https:\/\/limittools.test.consids5.se\/no\/wp-json\/wp\/v2\/product"}],"about":[{"href":"https:\/\/limittools.test.consids5.se\/no\/wp-json\/wp\/v2\/types\/product"}],"replies":[{"embeddable":true,"href":"https:\/\/limittools.test.consids5.se\/no\/wp-json\/wp\/v2\/comments?post=4525"}],"wp:attachment":[{"href":"https:\/\/limittools.test.consids5.se\/no\/wp-json\/wp\/v2\/media?parent=4525"}],"wp:term":[{"taxonomy":"product_cat","embeddable":true,"href":"https:\/\/limittools.test.consids5.se\/no\/wp-json\/wp\/v2\/product_cat?post=4525"},{"taxonomy":"product_tag","embeddable":true,"href":"https:\/\/limittools.test.consids5.se\/no\/wp-json\/wp\/v2\/product_tag?post=4525"}],"curies":[{"name":"wp","href":"https:\/\/api.w.org\/{rel}","templated":true}]}}