{"id":4530,"date":"2026-04-01T20:28:35","date_gmt":"2026-04-01T20:28:35","guid":{"rendered":"http:\/\/limit-tools.local\/product\/vinkelmaler-digital-limit-afb\/"},"modified":"2026-04-01T20:28:35","modified_gmt":"2026-04-01T20:28:35","slug":"vinkelmaler-digital-limit-afb","status":"publish","type":"product","link":"https:\/\/limittools.test.consids5.se\/no\/product\/vinkelmaler-digital-limit-afb\/","title":{"rendered":"VINKELM\u00c5LER DIGITAL LIMIT AFB"},"content":{"rendered":"<p>Robust digital vinkelm\u00e5ler som m\u00e5ler vinkler opp til 225 grader og regner fram ulike vinkler s\u00e5 som kompletterende vinkel, midten vinkel og gj\u00e6ringssagvinkler raskt og enkelt. LCD med 12.7 mm store siffer som kan roteres 180 grader. Displayet er automatisk stilt i absoluttverdi, men kan nullstilles i alle posisjoner. Holdknapp for frysing av m\u00e5leverdien. Armen er l\u00e5sbar i ulike posisjoner med l\u00e5sevrider. Automatisk utregning av kompletterende vinkel og midten vinkel. Taklist modul regner fram gj\u00e6ringssagevinkler direkte ved at man m\u00e5ler inn vinkel mot vegg og hj\u00f8rnevinkel.<br \/>\nBatteritype LR03 x 2 inng\u00e5r.<\/p>\n","protected":false},"excerpt":{"rendered":"Robust digital vinkelm\u00e5ler som m\u00e5ler vinkler opp til 225 grader og regner fram ulike vinkler s\u00e5 som kompletterende vinkel, midten [&hellip;]","protected":false},"featured_media":0,"comment_status":"closed","ping_status":"closed","template":"","meta":{"_acf_changed":false},"product_cat":[797,245],"product_tag":[],"class_list":{"0":"post-4530","1":"product","2":"type-product","3":"status-publish","5":"product_cat-vinkelmalere-no","6":"product_cat-verkstedmaling-no","8":"first","9":"instock","10":"shipping-taxable","11":"product-type-simple"},"acf":[],"yoast_head":"<!-- This site is optimized with the Yoast SEO plugin v23.2 - https:\/\/yoast.com\/wordpress\/plugins\/seo\/ -->\n<title>VINKELM\u00c5LER DIGITAL LIMIT AFB - Precision measuring instruments | Limit<\/title>\n<meta name=\"robots\" content=\"index, follow, max-snippet:-1, max-image-preview:large, max-video-preview:-1\" \/>\n<link rel=\"canonical\" href=\"https:\/\/limittools.test.consids5.se\/no\/product\/vinkelmaler-digital-limit-afb\/\" \/>\n<meta property=\"og:locale\" content=\"nb_NO\" \/>\n<meta property=\"og:type\" content=\"article\" \/>\n<meta property=\"og:title\" content=\"VINKELM\u00c5LER DIGITAL LIMIT AFB - Precision measuring instruments | Limit\" \/>\n<meta property=\"og:description\" content=\"Robust digital vinkelm\u00e5ler som m\u00e5ler vinkler opp til 225 grader og regner fram ulike vinkler s\u00e5 som kompletterende vinkel, midten [&hellip;]\" \/>\n<meta property=\"og:url\" content=\"https:\/\/limittools.test.consids5.se\/no\/product\/vinkelmaler-digital-limit-afb\/\" \/>\n<meta property=\"og:site_name\" content=\"Precision measuring instruments | Limit\" \/>\n<meta property=\"article:publisher\" content=\"https:\/\/www.facebook.com\/limittools\/\" \/>\n<meta name=\"twitter:card\" content=\"summary_large_image\" \/>\n<script type=\"application\/ld+json\" class=\"yoast-schema-graph\">{\"@context\":\"https:\/\/schema.org\",\"@graph\":[{\"@type\":\"WebPage\",\"@id\":\"https:\/\/limittools.test.consids5.se\/no\/product\/vinkelmaler-digital-limit-afb\/\",\"url\":\"https:\/\/limittools.test.consids5.se\/no\/product\/vinkelmaler-digital-limit-afb\/\",\"name\":\"VINKELM\u00c5LER DIGITAL LIMIT AFB - Precision measuring instruments | Limit\",\"isPartOf\":{\"@id\":\"https:\/\/limittools.test.consids5.se\/#website\"},\"datePublished\":\"2026-04-01T20:28:35+00:00\",\"dateModified\":\"2026-04-01T20:28:35+00:00\",\"breadcrumb\":{\"@id\":\"https:\/\/limittools.test.consids5.se\/no\/product\/vinkelmaler-digital-limit-afb\/#breadcrumb\"},\"inLanguage\":\"nb-NO\",\"potentialAction\":[{\"@type\":\"ReadAction\",\"target\":[\"https:\/\/limittools.test.consids5.se\/no\/product\/vinkelmaler-digital-limit-afb\/\"]}]},{\"@type\":\"BreadcrumbList\",\"@id\":\"https:\/\/limittools.test.consids5.se\/no\/product\/vinkelmaler-digital-limit-afb\/#breadcrumb\",\"itemListElement\":[{\"@type\":\"ListItem\",\"position\":1,\"name\":\"Products\",\"item\":\"https:\/\/limittools.test.consids5.se\/products\/\"},{\"@type\":\"ListItem\",\"position\":2,\"name\":\"VINKELM\u00c5LER DIGITAL LIMIT AFB\"}]},{\"@type\":\"WebSite\",\"@id\":\"https:\/\/limittools.test.consids5.se\/#website\",\"url\":\"https:\/\/limittools.test.consids5.se\/\",\"name\":\"Precision measuring instruments | Limit\",\"description\":\"Everything can be measured\",\"potentialAction\":[{\"@type\":\"SearchAction\",\"target\":{\"@type\":\"EntryPoint\",\"urlTemplate\":\"https:\/\/limittools.test.consids5.se\/?s={search_term_string}\"},\"query-input\":\"required name=search_term_string\"}],\"inLanguage\":\"nb-NO\"}]}<\/script>\n<!-- \/ Yoast SEO plugin. -->","yoast_head_json":{"title":"VINKELM\u00c5LER DIGITAL LIMIT AFB - Precision measuring instruments | Limit","robots":{"index":"index","follow":"follow","max-snippet":"max-snippet:-1","max-image-preview":"max-image-preview:large","max-video-preview":"max-video-preview:-1"},"canonical":"https:\/\/limittools.test.consids5.se\/no\/product\/vinkelmaler-digital-limit-afb\/","og_locale":"nb_NO","og_type":"article","og_title":"VINKELM\u00c5LER DIGITAL LIMIT AFB - Precision measuring instruments | Limit","og_description":"Robust digital vinkelm\u00e5ler som m\u00e5ler vinkler opp til 225 grader og regner fram ulike vinkler s\u00e5 som kompletterende vinkel, midten [&hellip;]","og_url":"https:\/\/limittools.test.consids5.se\/no\/product\/vinkelmaler-digital-limit-afb\/","og_site_name":"Precision measuring instruments | Limit","article_publisher":"https:\/\/www.facebook.com\/limittools\/","twitter_card":"summary_large_image","schema":{"@context":"https:\/\/schema.org","@graph":[{"@type":"WebPage","@id":"https:\/\/limittools.test.consids5.se\/no\/product\/vinkelmaler-digital-limit-afb\/","url":"https:\/\/limittools.test.consids5.se\/no\/product\/vinkelmaler-digital-limit-afb\/","name":"VINKELM\u00c5LER DIGITAL LIMIT AFB - Precision measuring instruments | Limit","isPartOf":{"@id":"https:\/\/limittools.test.consids5.se\/#website"},"datePublished":"2026-04-01T20:28:35+00:00","dateModified":"2026-04-01T20:28:35+00:00","breadcrumb":{"@id":"https:\/\/limittools.test.consids5.se\/no\/product\/vinkelmaler-digital-limit-afb\/#breadcrumb"},"inLanguage":"nb-NO","potentialAction":[{"@type":"ReadAction","target":["https:\/\/limittools.test.consids5.se\/no\/product\/vinkelmaler-digital-limit-afb\/"]}]},{"@type":"BreadcrumbList","@id":"https:\/\/limittools.test.consids5.se\/no\/product\/vinkelmaler-digital-limit-afb\/#breadcrumb","itemListElement":[{"@type":"ListItem","position":1,"name":"Products","item":"https:\/\/limittools.test.consids5.se\/products\/"},{"@type":"ListItem","position":2,"name":"VINKELM\u00c5LER DIGITAL LIMIT AFB"}]},{"@type":"WebSite","@id":"https:\/\/limittools.test.consids5.se\/#website","url":"https:\/\/limittools.test.consids5.se\/","name":"Precision measuring instruments | Limit","description":"Everything can be measured","potentialAction":[{"@type":"SearchAction","target":{"@type":"EntryPoint","urlTemplate":"https:\/\/limittools.test.consids5.se\/?s={search_term_string}"},"query-input":"required name=search_term_string"}],"inLanguage":"nb-NO"}]}},"_links":{"self":[{"href":"https:\/\/limittools.test.consids5.se\/no\/wp-json\/wp\/v2\/product\/4530"}],"collection":[{"href":"https:\/\/limittools.test.consids5.se\/no\/wp-json\/wp\/v2\/product"}],"about":[{"href":"https:\/\/limittools.test.consids5.se\/no\/wp-json\/wp\/v2\/types\/product"}],"replies":[{"embeddable":true,"href":"https:\/\/limittools.test.consids5.se\/no\/wp-json\/wp\/v2\/comments?post=4530"}],"wp:attachment":[{"href":"https:\/\/limittools.test.consids5.se\/no\/wp-json\/wp\/v2\/media?parent=4530"}],"wp:term":[{"taxonomy":"product_cat","embeddable":true,"href":"https:\/\/limittools.test.consids5.se\/no\/wp-json\/wp\/v2\/product_cat?post=4530"},{"taxonomy":"product_tag","embeddable":true,"href":"https:\/\/limittools.test.consids5.se\/no\/wp-json\/wp\/v2\/product_tag?post=4530"}],"curies":[{"name":"wp","href":"https:\/\/api.w.org\/{rel}","templated":true}]}}