{"id":4561,"date":"2026-04-01T20:28:41","date_gmt":"2026-04-01T20:28:41","guid":{"rendered":"http:\/\/limit-tools.local\/product\/skyvelare-digital-limit-cdn300\/"},"modified":"2026-04-01T20:28:41","modified_gmt":"2026-04-01T20:28:41","slug":"skyvelaere-digital-limit-cdn300","status":"publish","type":"product","link":"https:\/\/limittools.test.consids5.se\/no\/product\/skyvelaere-digital-limit-cdn300\/","title":{"rendered":"SKYVEL\u00c6RE DIGITAL LIMIT CDN300"},"content":{"rendered":"<p>Digital skyvel\u00e6re med stor LCD skjerm med 13 mm store siffer for rask avlesning av m\u00e5leresultatet. Kan m\u00e5le b\u00e5de innerdiameter, ytterdiameter, dybde og h\u00f8yde samt rissefunksjon. Skala i rustfritt st\u00e5l. Avlesning i mm eller tommer, svarshastighet 3,0 m\/sekund, automatisk avstenging. Absoluttm\u00e5ling og nullinnstilling i alle posisjoner. Laget etter DIN 862. Batteritype CR2032 inng\u00e5r.<\/p>\n","protected":false},"excerpt":{"rendered":"Digital skyvel\u00e6re med stor LCD skjerm med 13 mm store siffer for rask avlesning av m\u00e5leresultatet. Kan m\u00e5le b\u00e5de innerdiameter, [&hellip;]","protected":false},"featured_media":0,"comment_status":"closed","ping_status":"closed","template":"","meta":{"_acf_changed":false},"product_cat":[357,245],"product_tag":[],"class_list":{"0":"post-4561","1":"product","2":"type-product","3":"status-publish","5":"product_cat-digitale-skyvelaere-no","6":"product_cat-verkstedmaling-no","8":"first","9":"instock","10":"shipping-taxable","11":"product-type-simple"},"acf":[],"yoast_head":"<!-- This site is optimized with the Yoast SEO plugin v23.2 - https:\/\/yoast.com\/wordpress\/plugins\/seo\/ -->\n<title>SKYVEL\u00c6RE DIGITAL LIMIT CDN300 - Precision measuring instruments | Limit<\/title>\n<meta name=\"robots\" content=\"index, follow, max-snippet:-1, max-image-preview:large, max-video-preview:-1\" \/>\n<link rel=\"canonical\" href=\"https:\/\/limittools.test.consids5.se\/no\/product\/skyvelaere-digital-limit-cdn300\/\" \/>\n<meta property=\"og:locale\" content=\"nb_NO\" \/>\n<meta property=\"og:type\" content=\"article\" \/>\n<meta property=\"og:title\" content=\"SKYVEL\u00c6RE DIGITAL LIMIT CDN300 - Precision measuring instruments | Limit\" \/>\n<meta property=\"og:description\" content=\"Digital skyvel\u00e6re med stor LCD skjerm med 13 mm store siffer for rask avlesning av m\u00e5leresultatet. Kan m\u00e5le b\u00e5de innerdiameter, [&hellip;]\" \/>\n<meta property=\"og:url\" content=\"https:\/\/limittools.test.consids5.se\/no\/product\/skyvelaere-digital-limit-cdn300\/\" \/>\n<meta property=\"og:site_name\" content=\"Precision measuring instruments | Limit\" \/>\n<meta property=\"article:publisher\" content=\"https:\/\/www.facebook.com\/limittools\/\" \/>\n<meta name=\"twitter:card\" content=\"summary_large_image\" \/>\n<script type=\"application\/ld+json\" class=\"yoast-schema-graph\">{\"@context\":\"https:\/\/schema.org\",\"@graph\":[{\"@type\":\"WebPage\",\"@id\":\"https:\/\/limittools.test.consids5.se\/no\/product\/skyvelaere-digital-limit-cdn300\/\",\"url\":\"https:\/\/limittools.test.consids5.se\/no\/product\/skyvelaere-digital-limit-cdn300\/\",\"name\":\"SKYVEL\u00c6RE DIGITAL LIMIT CDN300 - Precision measuring instruments | Limit\",\"isPartOf\":{\"@id\":\"https:\/\/limittools.test.consids5.se\/#website\"},\"datePublished\":\"2026-04-01T20:28:41+00:00\",\"dateModified\":\"2026-04-01T20:28:41+00:00\",\"breadcrumb\":{\"@id\":\"https:\/\/limittools.test.consids5.se\/no\/product\/skyvelaere-digital-limit-cdn300\/#breadcrumb\"},\"inLanguage\":\"nb-NO\",\"potentialAction\":[{\"@type\":\"ReadAction\",\"target\":[\"https:\/\/limittools.test.consids5.se\/no\/product\/skyvelaere-digital-limit-cdn300\/\"]}]},{\"@type\":\"BreadcrumbList\",\"@id\":\"https:\/\/limittools.test.consids5.se\/no\/product\/skyvelaere-digital-limit-cdn300\/#breadcrumb\",\"itemListElement\":[{\"@type\":\"ListItem\",\"position\":1,\"name\":\"Products\",\"item\":\"https:\/\/limittools.test.consids5.se\/products\/\"},{\"@type\":\"ListItem\",\"position\":2,\"name\":\"SKYVEL\u00c6RE DIGITAL LIMIT CDN300\"}]},{\"@type\":\"WebSite\",\"@id\":\"https:\/\/limittools.test.consids5.se\/#website\",\"url\":\"https:\/\/limittools.test.consids5.se\/\",\"name\":\"Precision measuring instruments | Limit\",\"description\":\"Everything can be measured\",\"potentialAction\":[{\"@type\":\"SearchAction\",\"target\":{\"@type\":\"EntryPoint\",\"urlTemplate\":\"https:\/\/limittools.test.consids5.se\/?s={search_term_string}\"},\"query-input\":\"required name=search_term_string\"}],\"inLanguage\":\"nb-NO\"}]}<\/script>\n<!-- \/ Yoast SEO plugin. -->","yoast_head_json":{"title":"SKYVEL\u00c6RE DIGITAL LIMIT CDN300 - Precision measuring instruments | Limit","robots":{"index":"index","follow":"follow","max-snippet":"max-snippet:-1","max-image-preview":"max-image-preview:large","max-video-preview":"max-video-preview:-1"},"canonical":"https:\/\/limittools.test.consids5.se\/no\/product\/skyvelaere-digital-limit-cdn300\/","og_locale":"nb_NO","og_type":"article","og_title":"SKYVEL\u00c6RE DIGITAL LIMIT CDN300 - Precision measuring instruments | Limit","og_description":"Digital skyvel\u00e6re med stor LCD skjerm med 13 mm store siffer for rask avlesning av m\u00e5leresultatet. Kan m\u00e5le b\u00e5de innerdiameter, [&hellip;]","og_url":"https:\/\/limittools.test.consids5.se\/no\/product\/skyvelaere-digital-limit-cdn300\/","og_site_name":"Precision measuring instruments | Limit","article_publisher":"https:\/\/www.facebook.com\/limittools\/","twitter_card":"summary_large_image","schema":{"@context":"https:\/\/schema.org","@graph":[{"@type":"WebPage","@id":"https:\/\/limittools.test.consids5.se\/no\/product\/skyvelaere-digital-limit-cdn300\/","url":"https:\/\/limittools.test.consids5.se\/no\/product\/skyvelaere-digital-limit-cdn300\/","name":"SKYVEL\u00c6RE DIGITAL LIMIT CDN300 - Precision measuring instruments | Limit","isPartOf":{"@id":"https:\/\/limittools.test.consids5.se\/#website"},"datePublished":"2026-04-01T20:28:41+00:00","dateModified":"2026-04-01T20:28:41+00:00","breadcrumb":{"@id":"https:\/\/limittools.test.consids5.se\/no\/product\/skyvelaere-digital-limit-cdn300\/#breadcrumb"},"inLanguage":"nb-NO","potentialAction":[{"@type":"ReadAction","target":["https:\/\/limittools.test.consids5.se\/no\/product\/skyvelaere-digital-limit-cdn300\/"]}]},{"@type":"BreadcrumbList","@id":"https:\/\/limittools.test.consids5.se\/no\/product\/skyvelaere-digital-limit-cdn300\/#breadcrumb","itemListElement":[{"@type":"ListItem","position":1,"name":"Products","item":"https:\/\/limittools.test.consids5.se\/products\/"},{"@type":"ListItem","position":2,"name":"SKYVEL\u00c6RE DIGITAL LIMIT CDN300"}]},{"@type":"WebSite","@id":"https:\/\/limittools.test.consids5.se\/#website","url":"https:\/\/limittools.test.consids5.se\/","name":"Precision measuring instruments | Limit","description":"Everything can be measured","potentialAction":[{"@type":"SearchAction","target":{"@type":"EntryPoint","urlTemplate":"https:\/\/limittools.test.consids5.se\/?s={search_term_string}"},"query-input":"required name=search_term_string"}],"inLanguage":"nb-NO"}]}},"_links":{"self":[{"href":"https:\/\/limittools.test.consids5.se\/no\/wp-json\/wp\/v2\/product\/4561"}],"collection":[{"href":"https:\/\/limittools.test.consids5.se\/no\/wp-json\/wp\/v2\/product"}],"about":[{"href":"https:\/\/limittools.test.consids5.se\/no\/wp-json\/wp\/v2\/types\/product"}],"replies":[{"embeddable":true,"href":"https:\/\/limittools.test.consids5.se\/no\/wp-json\/wp\/v2\/comments?post=4561"}],"wp:attachment":[{"href":"https:\/\/limittools.test.consids5.se\/no\/wp-json\/wp\/v2\/media?parent=4561"}],"wp:term":[{"taxonomy":"product_cat","embeddable":true,"href":"https:\/\/limittools.test.consids5.se\/no\/wp-json\/wp\/v2\/product_cat?post=4561"},{"taxonomy":"product_tag","embeddable":true,"href":"https:\/\/limittools.test.consids5.se\/no\/wp-json\/wp\/v2\/product_tag?post=4561"}],"curies":[{"name":"wp","href":"https:\/\/api.w.org\/{rel}","templated":true}]}}