{"id":4650,"date":"2026-04-01T20:28:38","date_gmt":"2026-04-01T20:28:38","guid":{"rendered":"http:\/\/limit-tools.local\/product\/krysslaser-gronn-limit-1000-g\/"},"modified":"2026-04-01T20:28:38","modified_gmt":"2026-04-01T20:28:38","slug":"krysslaser-gronn-limit-1000-g","status":"publish","type":"product","link":"https:\/\/limittools.test.consids5.se\/no\/product\/krysslaser-gronn-limit-1000-g\/","title":{"rendered":"KRYSSLASER GR\u00d8NN LIMIT 1000-G"},"content":{"rendered":"<p>Kompakt og lett krysslaser med en horisontal og vertikal gr\u00f8nn laserline. Selvnivellerende med magnetisk pendeldemping. Alternativt kan selvnivellering kobles ut for at en hellende linje skal vises. En mekanisk l\u00e5sing av pendelen fungerer b\u00e5de som hovedbryter og transportsikring. 2 laserdioder klasse 2M, &lt;1 MW 635-670 Nm. For \u00e5 henge opp malerier, hyller, kj\u00f8kkenskrog, fliser eller sette opp trapp osv. innend\u00f8rs. Leveres i en myk veske og med 2 stk AA-batterier.<br \/>\nKan brukes utend\u00f8rs eller i lyse lokaler med en separat lasermottaker (178620308 inng\u00e5r ikke).<br \/>\nAdapter 181120205 kan v\u00e6re n\u00f8dvendig til tilbeh\u00f8rsdelene 181120106, 200570109, 178680104 og 178690103.<\/p>\n","protected":false},"excerpt":{"rendered":"Kompakt og lett krysslaser med en horisontal og vertikal gr\u00f8nn laserline. Selvnivellerende med magnetisk pendeldemping. Alternativt kan selvnivellering kobles ut [&hellip;]","protected":false},"featured_media":0,"comment_status":"closed","ping_status":"closed","template":"","meta":{"_acf_changed":false},"product_cat":[440,280],"product_tag":[],"class_list":{"0":"post-4650","1":"product","2":"type-product","3":"status-publish","5":"product_cat-krysslasere-no","6":"product_cat-laserinstrumenter-no","8":"first","9":"instock","10":"shipping-taxable","11":"product-type-simple"},"acf":[],"yoast_head":"<!-- This site is optimized with the Yoast SEO plugin v23.2 - https:\/\/yoast.com\/wordpress\/plugins\/seo\/ -->\n<title>KRYSSLASER GR\u00d8NN LIMIT 1000-G - Precision measuring instruments | Limit<\/title>\n<meta name=\"robots\" content=\"index, follow, max-snippet:-1, max-image-preview:large, max-video-preview:-1\" \/>\n<link rel=\"canonical\" href=\"https:\/\/limittools.test.consids5.se\/no\/product\/krysslaser-gronn-limit-1000-g\/\" \/>\n<meta property=\"og:locale\" content=\"nb_NO\" \/>\n<meta property=\"og:type\" content=\"article\" \/>\n<meta property=\"og:title\" content=\"KRYSSLASER GR\u00d8NN LIMIT 1000-G - Precision measuring instruments | Limit\" \/>\n<meta property=\"og:description\" content=\"Kompakt og lett krysslaser med en horisontal og vertikal gr\u00f8nn laserline. Selvnivellerende med magnetisk pendeldemping. Alternativt kan selvnivellering kobles ut [&hellip;]\" \/>\n<meta property=\"og:url\" content=\"https:\/\/limittools.test.consids5.se\/no\/product\/krysslaser-gronn-limit-1000-g\/\" \/>\n<meta property=\"og:site_name\" content=\"Precision measuring instruments | Limit\" \/>\n<meta property=\"article:publisher\" content=\"https:\/\/www.facebook.com\/limittools\/\" \/>\n<meta name=\"twitter:card\" content=\"summary_large_image\" \/>\n<script type=\"application\/ld+json\" class=\"yoast-schema-graph\">{\"@context\":\"https:\/\/schema.org\",\"@graph\":[{\"@type\":\"WebPage\",\"@id\":\"https:\/\/limittools.test.consids5.se\/no\/product\/krysslaser-gronn-limit-1000-g\/\",\"url\":\"https:\/\/limittools.test.consids5.se\/no\/product\/krysslaser-gronn-limit-1000-g\/\",\"name\":\"KRYSSLASER GR\u00d8NN LIMIT 1000-G - Precision measuring instruments | Limit\",\"isPartOf\":{\"@id\":\"https:\/\/limittools.test.consids5.se\/#website\"},\"datePublished\":\"2026-04-01T20:28:38+00:00\",\"dateModified\":\"2026-04-01T20:28:38+00:00\",\"breadcrumb\":{\"@id\":\"https:\/\/limittools.test.consids5.se\/no\/product\/krysslaser-gronn-limit-1000-g\/#breadcrumb\"},\"inLanguage\":\"nb-NO\",\"potentialAction\":[{\"@type\":\"ReadAction\",\"target\":[\"https:\/\/limittools.test.consids5.se\/no\/product\/krysslaser-gronn-limit-1000-g\/\"]}]},{\"@type\":\"BreadcrumbList\",\"@id\":\"https:\/\/limittools.test.consids5.se\/no\/product\/krysslaser-gronn-limit-1000-g\/#breadcrumb\",\"itemListElement\":[{\"@type\":\"ListItem\",\"position\":1,\"name\":\"Products\",\"item\":\"https:\/\/limittools.test.consids5.se\/products\/\"},{\"@type\":\"ListItem\",\"position\":2,\"name\":\"KRYSSLASER GR\u00d8NN LIMIT 1000-G\"}]},{\"@type\":\"WebSite\",\"@id\":\"https:\/\/limittools.test.consids5.se\/#website\",\"url\":\"https:\/\/limittools.test.consids5.se\/\",\"name\":\"Precision measuring instruments | Limit\",\"description\":\"Everything can be measured\",\"potentialAction\":[{\"@type\":\"SearchAction\",\"target\":{\"@type\":\"EntryPoint\",\"urlTemplate\":\"https:\/\/limittools.test.consids5.se\/?s={search_term_string}\"},\"query-input\":\"required name=search_term_string\"}],\"inLanguage\":\"nb-NO\"}]}<\/script>\n<!-- \/ Yoast SEO plugin. -->","yoast_head_json":{"title":"KRYSSLASER GR\u00d8NN LIMIT 1000-G - Precision measuring instruments | Limit","robots":{"index":"index","follow":"follow","max-snippet":"max-snippet:-1","max-image-preview":"max-image-preview:large","max-video-preview":"max-video-preview:-1"},"canonical":"https:\/\/limittools.test.consids5.se\/no\/product\/krysslaser-gronn-limit-1000-g\/","og_locale":"nb_NO","og_type":"article","og_title":"KRYSSLASER GR\u00d8NN LIMIT 1000-G - Precision measuring instruments | Limit","og_description":"Kompakt og lett krysslaser med en horisontal og vertikal gr\u00f8nn laserline. Selvnivellerende med magnetisk pendeldemping. Alternativt kan selvnivellering kobles ut [&hellip;]","og_url":"https:\/\/limittools.test.consids5.se\/no\/product\/krysslaser-gronn-limit-1000-g\/","og_site_name":"Precision measuring instruments | Limit","article_publisher":"https:\/\/www.facebook.com\/limittools\/","twitter_card":"summary_large_image","schema":{"@context":"https:\/\/schema.org","@graph":[{"@type":"WebPage","@id":"https:\/\/limittools.test.consids5.se\/no\/product\/krysslaser-gronn-limit-1000-g\/","url":"https:\/\/limittools.test.consids5.se\/no\/product\/krysslaser-gronn-limit-1000-g\/","name":"KRYSSLASER GR\u00d8NN LIMIT 1000-G - Precision measuring instruments | Limit","isPartOf":{"@id":"https:\/\/limittools.test.consids5.se\/#website"},"datePublished":"2026-04-01T20:28:38+00:00","dateModified":"2026-04-01T20:28:38+00:00","breadcrumb":{"@id":"https:\/\/limittools.test.consids5.se\/no\/product\/krysslaser-gronn-limit-1000-g\/#breadcrumb"},"inLanguage":"nb-NO","potentialAction":[{"@type":"ReadAction","target":["https:\/\/limittools.test.consids5.se\/no\/product\/krysslaser-gronn-limit-1000-g\/"]}]},{"@type":"BreadcrumbList","@id":"https:\/\/limittools.test.consids5.se\/no\/product\/krysslaser-gronn-limit-1000-g\/#breadcrumb","itemListElement":[{"@type":"ListItem","position":1,"name":"Products","item":"https:\/\/limittools.test.consids5.se\/products\/"},{"@type":"ListItem","position":2,"name":"KRYSSLASER GR\u00d8NN LIMIT 1000-G"}]},{"@type":"WebSite","@id":"https:\/\/limittools.test.consids5.se\/#website","url":"https:\/\/limittools.test.consids5.se\/","name":"Precision measuring instruments | Limit","description":"Everything can be measured","potentialAction":[{"@type":"SearchAction","target":{"@type":"EntryPoint","urlTemplate":"https:\/\/limittools.test.consids5.se\/?s={search_term_string}"},"query-input":"required name=search_term_string"}],"inLanguage":"nb-NO"}]}},"_links":{"self":[{"href":"https:\/\/limittools.test.consids5.se\/no\/wp-json\/wp\/v2\/product\/4650"}],"collection":[{"href":"https:\/\/limittools.test.consids5.se\/no\/wp-json\/wp\/v2\/product"}],"about":[{"href":"https:\/\/limittools.test.consids5.se\/no\/wp-json\/wp\/v2\/types\/product"}],"replies":[{"embeddable":true,"href":"https:\/\/limittools.test.consids5.se\/no\/wp-json\/wp\/v2\/comments?post=4650"}],"wp:attachment":[{"href":"https:\/\/limittools.test.consids5.se\/no\/wp-json\/wp\/v2\/media?parent=4650"}],"wp:term":[{"taxonomy":"product_cat","embeddable":true,"href":"https:\/\/limittools.test.consids5.se\/no\/wp-json\/wp\/v2\/product_cat?post=4650"},{"taxonomy":"product_tag","embeddable":true,"href":"https:\/\/limittools.test.consids5.se\/no\/wp-json\/wp\/v2\/product_tag?post=4650"}],"curies":[{"name":"wp","href":"https:\/\/api.w.org\/{rel}","templated":true}]}}