{"id":4719,"date":"2026-04-01T20:29:21","date_gmt":"2026-04-01T20:29:21","guid":{"rendered":"http:\/\/localhost:8080\/product\/tachometer-multifunksjon-2400\/"},"modified":"2026-04-01T20:29:21","modified_gmt":"2026-04-01T20:29:21","slug":"tachometer-multifunksjon-2400","status":"publish","type":"product","link":"https:\/\/limittools.test.consids5.se\/no\/product\/tachometer-multifunksjon-2400\/","title":{"rendered":"TACHOMETER MULTIFUNKSJON 2400"},"content":{"rendered":"<p>Turtallsm\u00e5ler med digital display. Kombinert optisk ber\u00f8ringsfri m\u00e5ling og mekanisk avkjenning med m\u00e5lehjul.<br \/>\nTurtallsm\u00e5ler: 0.1 (2.5\u2013999.9), 1 (over 1 000) omdr\/min<br \/>\nHastighet: \u00b1 (0.01 % av m\u00e5leverdi + 0.03) m\/min<br \/>\nM\u00e5leomr\u00e5de:<br \/>\nOptisk turtallsm\u00e5ling: 2.5\u201399 999 omdr\/min,<br \/>\nKontaktm\u00e5ling av turtall: 2.5\u201319 999 omdr\/min<br \/>\nHastighet: 0.05\u20131 999.9 m\/min, Frekvens: 0.04\u20131 666.65 Hz<\/p>\n","protected":false},"excerpt":{"rendered":"Turtallsm\u00e5ler med digital display. Kombinert optisk ber\u00f8ringsfri m\u00e5ling og mekanisk avkjenning med m\u00e5lehjul. Turtallsm\u00e5ler: 0.1 (2.5\u2013999.9), 1 (over 1 000) [&hellip;]","protected":false},"featured_media":0,"comment_status":"closed","ping_status":"closed","template":"","meta":{"_acf_changed":false},"product_cat":[320,321],"product_tag":[],"class_list":{"0":"post-4719","1":"product","2":"type-product","3":"status-publish","5":"product_cat-inspeksjon-no","6":"product_cat-turtallsmalere-no","8":"first","9":"instock","10":"shipping-taxable","11":"product-type-simple"},"acf":[],"yoast_head":"<!-- This site is optimized with the Yoast SEO plugin v23.2 - https:\/\/yoast.com\/wordpress\/plugins\/seo\/ -->\n<title>TACHOMETER MULTIFUNKSJON 2400 - Precision measuring instruments | Limit<\/title>\n<meta name=\"robots\" content=\"index, follow, max-snippet:-1, max-image-preview:large, max-video-preview:-1\" \/>\n<link rel=\"canonical\" href=\"https:\/\/limittools.test.consids5.se\/no\/product\/tachometer-multifunksjon-2400\/\" \/>\n<meta property=\"og:locale\" content=\"nb_NO\" \/>\n<meta property=\"og:type\" content=\"article\" \/>\n<meta property=\"og:title\" content=\"TACHOMETER MULTIFUNKSJON 2400 - Precision measuring instruments | Limit\" \/>\n<meta property=\"og:description\" content=\"Turtallsm\u00e5ler med digital display. Kombinert optisk ber\u00f8ringsfri m\u00e5ling og mekanisk avkjenning med m\u00e5lehjul. Turtallsm\u00e5ler: 0.1 (2.5\u2013999.9), 1 (over 1 000) [&hellip;]\" \/>\n<meta property=\"og:url\" content=\"https:\/\/limittools.test.consids5.se\/no\/product\/tachometer-multifunksjon-2400\/\" \/>\n<meta property=\"og:site_name\" content=\"Precision measuring instruments | Limit\" \/>\n<meta property=\"article:publisher\" content=\"https:\/\/www.facebook.com\/limittools\/\" \/>\n<meta name=\"twitter:card\" content=\"summary_large_image\" \/>\n<script type=\"application\/ld+json\" class=\"yoast-schema-graph\">{\"@context\":\"https:\/\/schema.org\",\"@graph\":[{\"@type\":\"WebPage\",\"@id\":\"https:\/\/limittools.test.consids5.se\/no\/product\/tachometer-multifunksjon-2400\/\",\"url\":\"https:\/\/limittools.test.consids5.se\/no\/product\/tachometer-multifunksjon-2400\/\",\"name\":\"TACHOMETER MULTIFUNKSJON 2400 - Precision measuring instruments | Limit\",\"isPartOf\":{\"@id\":\"https:\/\/limittools.test.consids5.se\/#website\"},\"datePublished\":\"2026-04-01T20:29:21+00:00\",\"dateModified\":\"2026-04-01T20:29:21+00:00\",\"breadcrumb\":{\"@id\":\"https:\/\/limittools.test.consids5.se\/no\/product\/tachometer-multifunksjon-2400\/#breadcrumb\"},\"inLanguage\":\"nb-NO\",\"potentialAction\":[{\"@type\":\"ReadAction\",\"target\":[\"https:\/\/limittools.test.consids5.se\/no\/product\/tachometer-multifunksjon-2400\/\"]}]},{\"@type\":\"BreadcrumbList\",\"@id\":\"https:\/\/limittools.test.consids5.se\/no\/product\/tachometer-multifunksjon-2400\/#breadcrumb\",\"itemListElement\":[{\"@type\":\"ListItem\",\"position\":1,\"name\":\"Products\",\"item\":\"https:\/\/limittools.test.consids5.se\/products\/\"},{\"@type\":\"ListItem\",\"position\":2,\"name\":\"TACHOMETER MULTIFUNKSJON 2400\"}]},{\"@type\":\"WebSite\",\"@id\":\"https:\/\/limittools.test.consids5.se\/#website\",\"url\":\"https:\/\/limittools.test.consids5.se\/\",\"name\":\"Precision measuring instruments | Limit\",\"description\":\"Everything can be measured\",\"potentialAction\":[{\"@type\":\"SearchAction\",\"target\":{\"@type\":\"EntryPoint\",\"urlTemplate\":\"https:\/\/limittools.test.consids5.se\/?s={search_term_string}\"},\"query-input\":\"required name=search_term_string\"}],\"inLanguage\":\"nb-NO\"}]}<\/script>\n<!-- \/ Yoast SEO plugin. -->","yoast_head_json":{"title":"TACHOMETER MULTIFUNKSJON 2400 - Precision measuring instruments | Limit","robots":{"index":"index","follow":"follow","max-snippet":"max-snippet:-1","max-image-preview":"max-image-preview:large","max-video-preview":"max-video-preview:-1"},"canonical":"https:\/\/limittools.test.consids5.se\/no\/product\/tachometer-multifunksjon-2400\/","og_locale":"nb_NO","og_type":"article","og_title":"TACHOMETER MULTIFUNKSJON 2400 - Precision measuring instruments | Limit","og_description":"Turtallsm\u00e5ler med digital display. Kombinert optisk ber\u00f8ringsfri m\u00e5ling og mekanisk avkjenning med m\u00e5lehjul. Turtallsm\u00e5ler: 0.1 (2.5\u2013999.9), 1 (over 1 000) [&hellip;]","og_url":"https:\/\/limittools.test.consids5.se\/no\/product\/tachometer-multifunksjon-2400\/","og_site_name":"Precision measuring instruments | Limit","article_publisher":"https:\/\/www.facebook.com\/limittools\/","twitter_card":"summary_large_image","schema":{"@context":"https:\/\/schema.org","@graph":[{"@type":"WebPage","@id":"https:\/\/limittools.test.consids5.se\/no\/product\/tachometer-multifunksjon-2400\/","url":"https:\/\/limittools.test.consids5.se\/no\/product\/tachometer-multifunksjon-2400\/","name":"TACHOMETER MULTIFUNKSJON 2400 - Precision measuring instruments | Limit","isPartOf":{"@id":"https:\/\/limittools.test.consids5.se\/#website"},"datePublished":"2026-04-01T20:29:21+00:00","dateModified":"2026-04-01T20:29:21+00:00","breadcrumb":{"@id":"https:\/\/limittools.test.consids5.se\/no\/product\/tachometer-multifunksjon-2400\/#breadcrumb"},"inLanguage":"nb-NO","potentialAction":[{"@type":"ReadAction","target":["https:\/\/limittools.test.consids5.se\/no\/product\/tachometer-multifunksjon-2400\/"]}]},{"@type":"BreadcrumbList","@id":"https:\/\/limittools.test.consids5.se\/no\/product\/tachometer-multifunksjon-2400\/#breadcrumb","itemListElement":[{"@type":"ListItem","position":1,"name":"Products","item":"https:\/\/limittools.test.consids5.se\/products\/"},{"@type":"ListItem","position":2,"name":"TACHOMETER MULTIFUNKSJON 2400"}]},{"@type":"WebSite","@id":"https:\/\/limittools.test.consids5.se\/#website","url":"https:\/\/limittools.test.consids5.se\/","name":"Precision measuring instruments | Limit","description":"Everything can be measured","potentialAction":[{"@type":"SearchAction","target":{"@type":"EntryPoint","urlTemplate":"https:\/\/limittools.test.consids5.se\/?s={search_term_string}"},"query-input":"required name=search_term_string"}],"inLanguage":"nb-NO"}]}},"_links":{"self":[{"href":"https:\/\/limittools.test.consids5.se\/no\/wp-json\/wp\/v2\/product\/4719"}],"collection":[{"href":"https:\/\/limittools.test.consids5.se\/no\/wp-json\/wp\/v2\/product"}],"about":[{"href":"https:\/\/limittools.test.consids5.se\/no\/wp-json\/wp\/v2\/types\/product"}],"replies":[{"embeddable":true,"href":"https:\/\/limittools.test.consids5.se\/no\/wp-json\/wp\/v2\/comments?post=4719"}],"wp:attachment":[{"href":"https:\/\/limittools.test.consids5.se\/no\/wp-json\/wp\/v2\/media?parent=4719"}],"wp:term":[{"taxonomy":"product_cat","embeddable":true,"href":"https:\/\/limittools.test.consids5.se\/no\/wp-json\/wp\/v2\/product_cat?post=4719"},{"taxonomy":"product_tag","embeddable":true,"href":"https:\/\/limittools.test.consids5.se\/no\/wp-json\/wp\/v2\/product_tag?post=4719"}],"curies":[{"name":"wp","href":"https:\/\/api.w.org\/{rel}","templated":true}]}}