{"id":4724,"date":"2026-04-01T20:29:22","date_gmt":"2026-04-01T20:29:22","guid":{"rendered":"http:\/\/localhost:8080\/product\/rormikrometer-dig-mdq-0-25mm\/"},"modified":"2026-04-01T20:29:22","modified_gmt":"2026-04-01T20:29:22","slug":"rormikrometer-dig-mdq-0-25mm","status":"publish","type":"product","link":"https:\/\/limittools.test.consids5.se\/no\/product\/rormikrometer-dig-mdq-0-25mm\/","title":{"rendered":"R\u00d8RMIKROMETER DIG MDQ 0-25MM"},"content":{"rendered":"<p>Digitalt r\u00f8rmikrometer i industrikvalitet. Vannbestandig IP65. Smidd b\u00f8yle med mattforkrommet skala. Herdet spindel med doble sf\u00e6riske m\u00e5leflater. Friksjonshylse og l\u00e5semutter. Kan stilles om mellom metrisk og imperisk. Sl\u00e5r seg av automatisk. DIN 863. Batteritype SR44, inkludert.<\/p>\n","protected":false},"excerpt":{"rendered":"Digitalt r\u00f8rmikrometer i industrikvalitet. Vannbestandig IP65. Smidd b\u00f8yle med mattforkrommet skala. Herdet spindel med doble sf\u00e6riske m\u00e5leflater. Friksjonshylse og l\u00e5semutter. [&hellip;]","protected":false},"featured_media":0,"comment_status":"closed","ping_status":"closed","template":"","meta":{"_acf_changed":false},"product_cat":[308,245],"product_tag":[],"class_list":{"0":"post-4724","1":"product","2":"type-product","3":"status-publish","5":"product_cat-mikrometre-no","6":"product_cat-verkstedmaling-no","8":"first","9":"instock","10":"shipping-taxable","11":"product-type-simple"},"acf":[],"yoast_head":"<!-- This site is optimized with the Yoast SEO plugin v23.2 - https:\/\/yoast.com\/wordpress\/plugins\/seo\/ -->\n<title>R\u00d8RMIKROMETER DIG MDQ 0-25MM - Precision measuring instruments | Limit<\/title>\n<meta name=\"robots\" content=\"index, follow, max-snippet:-1, max-image-preview:large, max-video-preview:-1\" \/>\n<link rel=\"canonical\" href=\"https:\/\/limittools.test.consids5.se\/no\/product\/rormikrometer-dig-mdq-0-25mm\/\" \/>\n<meta property=\"og:locale\" content=\"nb_NO\" \/>\n<meta property=\"og:type\" content=\"article\" \/>\n<meta property=\"og:title\" content=\"R\u00d8RMIKROMETER DIG MDQ 0-25MM - Precision measuring instruments | Limit\" \/>\n<meta property=\"og:description\" content=\"Digitalt r\u00f8rmikrometer i industrikvalitet. Vannbestandig IP65. Smidd b\u00f8yle med mattforkrommet skala. Herdet spindel med doble sf\u00e6riske m\u00e5leflater. Friksjonshylse og l\u00e5semutter. [&hellip;]\" \/>\n<meta property=\"og:url\" content=\"https:\/\/limittools.test.consids5.se\/no\/product\/rormikrometer-dig-mdq-0-25mm\/\" \/>\n<meta property=\"og:site_name\" content=\"Precision measuring instruments | Limit\" \/>\n<meta property=\"article:publisher\" content=\"https:\/\/www.facebook.com\/limittools\/\" \/>\n<meta name=\"twitter:card\" content=\"summary_large_image\" \/>\n<script type=\"application\/ld+json\" class=\"yoast-schema-graph\">{\"@context\":\"https:\/\/schema.org\",\"@graph\":[{\"@type\":\"WebPage\",\"@id\":\"https:\/\/limittools.test.consids5.se\/no\/product\/rormikrometer-dig-mdq-0-25mm\/\",\"url\":\"https:\/\/limittools.test.consids5.se\/no\/product\/rormikrometer-dig-mdq-0-25mm\/\",\"name\":\"R\u00d8RMIKROMETER DIG MDQ 0-25MM - Precision measuring instruments | Limit\",\"isPartOf\":{\"@id\":\"https:\/\/limittools.test.consids5.se\/#website\"},\"datePublished\":\"2026-04-01T20:29:22+00:00\",\"dateModified\":\"2026-04-01T20:29:22+00:00\",\"breadcrumb\":{\"@id\":\"https:\/\/limittools.test.consids5.se\/no\/product\/rormikrometer-dig-mdq-0-25mm\/#breadcrumb\"},\"inLanguage\":\"nb-NO\",\"potentialAction\":[{\"@type\":\"ReadAction\",\"target\":[\"https:\/\/limittools.test.consids5.se\/no\/product\/rormikrometer-dig-mdq-0-25mm\/\"]}]},{\"@type\":\"BreadcrumbList\",\"@id\":\"https:\/\/limittools.test.consids5.se\/no\/product\/rormikrometer-dig-mdq-0-25mm\/#breadcrumb\",\"itemListElement\":[{\"@type\":\"ListItem\",\"position\":1,\"name\":\"Products\",\"item\":\"https:\/\/limittools.test.consids5.se\/products\/\"},{\"@type\":\"ListItem\",\"position\":2,\"name\":\"R\u00d8RMIKROMETER DIG MDQ 0-25MM\"}]},{\"@type\":\"WebSite\",\"@id\":\"https:\/\/limittools.test.consids5.se\/#website\",\"url\":\"https:\/\/limittools.test.consids5.se\/\",\"name\":\"Precision measuring instruments | Limit\",\"description\":\"Everything can be measured\",\"potentialAction\":[{\"@type\":\"SearchAction\",\"target\":{\"@type\":\"EntryPoint\",\"urlTemplate\":\"https:\/\/limittools.test.consids5.se\/?s={search_term_string}\"},\"query-input\":\"required name=search_term_string\"}],\"inLanguage\":\"nb-NO\"}]}<\/script>\n<!-- \/ Yoast SEO plugin. -->","yoast_head_json":{"title":"R\u00d8RMIKROMETER DIG MDQ 0-25MM - Precision measuring instruments | Limit","robots":{"index":"index","follow":"follow","max-snippet":"max-snippet:-1","max-image-preview":"max-image-preview:large","max-video-preview":"max-video-preview:-1"},"canonical":"https:\/\/limittools.test.consids5.se\/no\/product\/rormikrometer-dig-mdq-0-25mm\/","og_locale":"nb_NO","og_type":"article","og_title":"R\u00d8RMIKROMETER DIG MDQ 0-25MM - Precision measuring instruments | Limit","og_description":"Digitalt r\u00f8rmikrometer i industrikvalitet. Vannbestandig IP65. Smidd b\u00f8yle med mattforkrommet skala. Herdet spindel med doble sf\u00e6riske m\u00e5leflater. Friksjonshylse og l\u00e5semutter. [&hellip;]","og_url":"https:\/\/limittools.test.consids5.se\/no\/product\/rormikrometer-dig-mdq-0-25mm\/","og_site_name":"Precision measuring instruments | Limit","article_publisher":"https:\/\/www.facebook.com\/limittools\/","twitter_card":"summary_large_image","schema":{"@context":"https:\/\/schema.org","@graph":[{"@type":"WebPage","@id":"https:\/\/limittools.test.consids5.se\/no\/product\/rormikrometer-dig-mdq-0-25mm\/","url":"https:\/\/limittools.test.consids5.se\/no\/product\/rormikrometer-dig-mdq-0-25mm\/","name":"R\u00d8RMIKROMETER DIG MDQ 0-25MM - Precision measuring instruments | Limit","isPartOf":{"@id":"https:\/\/limittools.test.consids5.se\/#website"},"datePublished":"2026-04-01T20:29:22+00:00","dateModified":"2026-04-01T20:29:22+00:00","breadcrumb":{"@id":"https:\/\/limittools.test.consids5.se\/no\/product\/rormikrometer-dig-mdq-0-25mm\/#breadcrumb"},"inLanguage":"nb-NO","potentialAction":[{"@type":"ReadAction","target":["https:\/\/limittools.test.consids5.se\/no\/product\/rormikrometer-dig-mdq-0-25mm\/"]}]},{"@type":"BreadcrumbList","@id":"https:\/\/limittools.test.consids5.se\/no\/product\/rormikrometer-dig-mdq-0-25mm\/#breadcrumb","itemListElement":[{"@type":"ListItem","position":1,"name":"Products","item":"https:\/\/limittools.test.consids5.se\/products\/"},{"@type":"ListItem","position":2,"name":"R\u00d8RMIKROMETER DIG MDQ 0-25MM"}]},{"@type":"WebSite","@id":"https:\/\/limittools.test.consids5.se\/#website","url":"https:\/\/limittools.test.consids5.se\/","name":"Precision measuring instruments | Limit","description":"Everything can be measured","potentialAction":[{"@type":"SearchAction","target":{"@type":"EntryPoint","urlTemplate":"https:\/\/limittools.test.consids5.se\/?s={search_term_string}"},"query-input":"required name=search_term_string"}],"inLanguage":"nb-NO"}]}},"_links":{"self":[{"href":"https:\/\/limittools.test.consids5.se\/no\/wp-json\/wp\/v2\/product\/4724"}],"collection":[{"href":"https:\/\/limittools.test.consids5.se\/no\/wp-json\/wp\/v2\/product"}],"about":[{"href":"https:\/\/limittools.test.consids5.se\/no\/wp-json\/wp\/v2\/types\/product"}],"replies":[{"embeddable":true,"href":"https:\/\/limittools.test.consids5.se\/no\/wp-json\/wp\/v2\/comments?post=4724"}],"wp:attachment":[{"href":"https:\/\/limittools.test.consids5.se\/no\/wp-json\/wp\/v2\/media?parent=4724"}],"wp:term":[{"taxonomy":"product_cat","embeddable":true,"href":"https:\/\/limittools.test.consids5.se\/no\/wp-json\/wp\/v2\/product_cat?post=4724"},{"taxonomy":"product_tag","embeddable":true,"href":"https:\/\/limittools.test.consids5.se\/no\/wp-json\/wp\/v2\/product_tag?post=4724"}],"curies":[{"name":"wp","href":"https:\/\/api.w.org\/{rel}","templated":true}]}}