{"id":4838,"date":"2026-04-01T20:29:52","date_gmt":"2026-04-01T20:29:52","guid":{"rendered":"https:\/\/limittools.test.consids5.se\/product\/mikroskop-mini-led-40x-skala\/"},"modified":"2026-04-01T20:29:52","modified_gmt":"2026-04-01T20:29:52","slug":"mikroskop-mini-led-40x-skala","status":"publish","type":"product","link":"https:\/\/limittools.test.consids5.se\/no\/product\/mikroskop-mini-led-40x-skala\/","title":{"rendered":"MIKROSKOP MINI LED 40X SKALA"},"content":{"rendered":"<p>Mikroskop med 40 x forst\u00f8rrelse og innebygd LED-belysning. Praktisk instrument \u00e5 ta med ut i verkstedet for analyse. Batteri inng\u00e5r ikke.<\/p>\n","protected":false},"excerpt":{"rendered":"Mikroskop med 40 x forst\u00f8rrelse og innebygd LED-belysning. Praktisk instrument \u00e5 ta med ut i verkstedet for analyse. Batteri inng\u00e5r [&hellip;]","protected":false},"featured_media":0,"comment_status":"closed","ping_status":"closed","template":"","meta":{"_acf_changed":false},"product_cat":[320,454],"product_tag":[],"class_list":{"0":"post-4838","1":"product","2":"type-product","3":"status-publish","5":"product_cat-inspeksjon-no","6":"product_cat-mikroskoper-no","8":"first","9":"instock","10":"shipping-taxable","11":"product-type-simple"},"acf":[],"yoast_head":"<!-- This site is optimized with the Yoast SEO plugin v23.2 - https:\/\/yoast.com\/wordpress\/plugins\/seo\/ -->\n<title>MIKROSKOP MINI LED 40X SKALA - Precision measuring instruments | Limit<\/title>\n<meta name=\"robots\" content=\"index, follow, max-snippet:-1, max-image-preview:large, max-video-preview:-1\" \/>\n<link rel=\"canonical\" href=\"https:\/\/limittools.test.consids5.se\/no\/product\/mikroskop-mini-led-40x-skala\/\" \/>\n<meta property=\"og:locale\" content=\"nb_NO\" \/>\n<meta property=\"og:type\" content=\"article\" \/>\n<meta property=\"og:title\" content=\"MIKROSKOP MINI LED 40X SKALA - Precision measuring instruments | Limit\" \/>\n<meta property=\"og:description\" content=\"Mikroskop med 40 x forst\u00f8rrelse og innebygd LED-belysning. Praktisk instrument \u00e5 ta med ut i verkstedet for analyse. Batteri inng\u00e5r [&hellip;]\" \/>\n<meta property=\"og:url\" content=\"https:\/\/limittools.test.consids5.se\/no\/product\/mikroskop-mini-led-40x-skala\/\" \/>\n<meta property=\"og:site_name\" content=\"Precision measuring instruments | Limit\" \/>\n<meta property=\"article:publisher\" content=\"https:\/\/www.facebook.com\/limittools\/\" \/>\n<meta name=\"twitter:card\" content=\"summary_large_image\" \/>\n<script type=\"application\/ld+json\" class=\"yoast-schema-graph\">{\"@context\":\"https:\/\/schema.org\",\"@graph\":[{\"@type\":\"WebPage\",\"@id\":\"https:\/\/limittools.test.consids5.se\/no\/product\/mikroskop-mini-led-40x-skala\/\",\"url\":\"https:\/\/limittools.test.consids5.se\/no\/product\/mikroskop-mini-led-40x-skala\/\",\"name\":\"MIKROSKOP MINI LED 40X SKALA - Precision measuring instruments | Limit\",\"isPartOf\":{\"@id\":\"https:\/\/limittools.test.consids5.se\/#website\"},\"datePublished\":\"2026-04-01T20:29:52+00:00\",\"dateModified\":\"2026-04-01T20:29:52+00:00\",\"breadcrumb\":{\"@id\":\"https:\/\/limittools.test.consids5.se\/no\/product\/mikroskop-mini-led-40x-skala\/#breadcrumb\"},\"inLanguage\":\"nb-NO\",\"potentialAction\":[{\"@type\":\"ReadAction\",\"target\":[\"https:\/\/limittools.test.consids5.se\/no\/product\/mikroskop-mini-led-40x-skala\/\"]}]},{\"@type\":\"BreadcrumbList\",\"@id\":\"https:\/\/limittools.test.consids5.se\/no\/product\/mikroskop-mini-led-40x-skala\/#breadcrumb\",\"itemListElement\":[{\"@type\":\"ListItem\",\"position\":1,\"name\":\"Products\",\"item\":\"https:\/\/limittools.test.consids5.se\/products\/\"},{\"@type\":\"ListItem\",\"position\":2,\"name\":\"MIKROSKOP MINI LED 40X SKALA\"}]},{\"@type\":\"WebSite\",\"@id\":\"https:\/\/limittools.test.consids5.se\/#website\",\"url\":\"https:\/\/limittools.test.consids5.se\/\",\"name\":\"Precision measuring instruments | Limit\",\"description\":\"Everything can be measured\",\"potentialAction\":[{\"@type\":\"SearchAction\",\"target\":{\"@type\":\"EntryPoint\",\"urlTemplate\":\"https:\/\/limittools.test.consids5.se\/?s={search_term_string}\"},\"query-input\":\"required name=search_term_string\"}],\"inLanguage\":\"nb-NO\"}]}<\/script>\n<!-- \/ Yoast SEO plugin. -->","yoast_head_json":{"title":"MIKROSKOP MINI LED 40X SKALA - Precision measuring instruments | Limit","robots":{"index":"index","follow":"follow","max-snippet":"max-snippet:-1","max-image-preview":"max-image-preview:large","max-video-preview":"max-video-preview:-1"},"canonical":"https:\/\/limittools.test.consids5.se\/no\/product\/mikroskop-mini-led-40x-skala\/","og_locale":"nb_NO","og_type":"article","og_title":"MIKROSKOP MINI LED 40X SKALA - Precision measuring instruments | Limit","og_description":"Mikroskop med 40 x forst\u00f8rrelse og innebygd LED-belysning. Praktisk instrument \u00e5 ta med ut i verkstedet for analyse. Batteri inng\u00e5r [&hellip;]","og_url":"https:\/\/limittools.test.consids5.se\/no\/product\/mikroskop-mini-led-40x-skala\/","og_site_name":"Precision measuring instruments | Limit","article_publisher":"https:\/\/www.facebook.com\/limittools\/","twitter_card":"summary_large_image","schema":{"@context":"https:\/\/schema.org","@graph":[{"@type":"WebPage","@id":"https:\/\/limittools.test.consids5.se\/no\/product\/mikroskop-mini-led-40x-skala\/","url":"https:\/\/limittools.test.consids5.se\/no\/product\/mikroskop-mini-led-40x-skala\/","name":"MIKROSKOP MINI LED 40X SKALA - Precision measuring instruments | Limit","isPartOf":{"@id":"https:\/\/limittools.test.consids5.se\/#website"},"datePublished":"2026-04-01T20:29:52+00:00","dateModified":"2026-04-01T20:29:52+00:00","breadcrumb":{"@id":"https:\/\/limittools.test.consids5.se\/no\/product\/mikroskop-mini-led-40x-skala\/#breadcrumb"},"inLanguage":"nb-NO","potentialAction":[{"@type":"ReadAction","target":["https:\/\/limittools.test.consids5.se\/no\/product\/mikroskop-mini-led-40x-skala\/"]}]},{"@type":"BreadcrumbList","@id":"https:\/\/limittools.test.consids5.se\/no\/product\/mikroskop-mini-led-40x-skala\/#breadcrumb","itemListElement":[{"@type":"ListItem","position":1,"name":"Products","item":"https:\/\/limittools.test.consids5.se\/products\/"},{"@type":"ListItem","position":2,"name":"MIKROSKOP MINI LED 40X SKALA"}]},{"@type":"WebSite","@id":"https:\/\/limittools.test.consids5.se\/#website","url":"https:\/\/limittools.test.consids5.se\/","name":"Precision measuring instruments | Limit","description":"Everything can be measured","potentialAction":[{"@type":"SearchAction","target":{"@type":"EntryPoint","urlTemplate":"https:\/\/limittools.test.consids5.se\/?s={search_term_string}"},"query-input":"required name=search_term_string"}],"inLanguage":"nb-NO"}]}},"_links":{"self":[{"href":"https:\/\/limittools.test.consids5.se\/no\/wp-json\/wp\/v2\/product\/4838"}],"collection":[{"href":"https:\/\/limittools.test.consids5.se\/no\/wp-json\/wp\/v2\/product"}],"about":[{"href":"https:\/\/limittools.test.consids5.se\/no\/wp-json\/wp\/v2\/types\/product"}],"replies":[{"embeddable":true,"href":"https:\/\/limittools.test.consids5.se\/no\/wp-json\/wp\/v2\/comments?post=4838"}],"wp:attachment":[{"href":"https:\/\/limittools.test.consids5.se\/no\/wp-json\/wp\/v2\/media?parent=4838"}],"wp:term":[{"taxonomy":"product_cat","embeddable":true,"href":"https:\/\/limittools.test.consids5.se\/no\/wp-json\/wp\/v2\/product_cat?post=4838"},{"taxonomy":"product_tag","embeddable":true,"href":"https:\/\/limittools.test.consids5.se\/no\/wp-json\/wp\/v2\/product_tag?post=4838"}],"curies":[{"name":"wp","href":"https:\/\/api.w.org\/{rel}","templated":true}]}}