{"id":4843,"date":"2026-04-01T20:29:53","date_gmt":"2026-04-01T20:29:53","guid":{"rendered":"https:\/\/limittools.test.consids5.se\/product\/multikrysslaser-1180-g\/"},"modified":"2026-04-01T20:29:53","modified_gmt":"2026-04-01T20:29:53","slug":"multikrysslaser-1180-g","status":"publish","type":"product","link":"https:\/\/limittools.test.consids5.se\/no\/product\/multikrysslaser-1180-g\/","title":{"rendered":"MULTIKRYSSLASER 1180-G"},"content":{"rendered":"<p>Multi-krysslaser med gr\u00f8nt laserlys som viser 3 sv\u00e6rt lyssterke 360\u00b0-linjer. \u00c9n horisontal 360\u00b0-linje og to vertikale 360\u00b0-linjer som er sl\u00e5tt p\u00e5 i 90\u00b0 i forhold til hverandre. Linjene kan sl\u00e5s p\u00e5 hver for seg eller sammen. Laser med gr\u00f8nt lys gir fire ganger bedre synlighet enn med r\u00f8dt laserlys, og derfor er det gr\u00f8nne lyset ideelt for bruk i lyse milj\u00f8er og\/eller over lange distanser. Laseren er selvnivellerende og advarer med lyd og blinkende linjer n\u00e5r stigningen overskrider det selvnivellerende omr\u00e5det. Selvnivelleringen kan sl\u00e5s av n\u00e5r du vil vise et skr\u00e5nende plan. Det gj\u00f8res mekanisk ved \u00e5 l\u00e5se pendelmekanismen, som fungerer som b\u00e5de hovedstr\u00f8mbryter og transportl\u00e5s. Limit 1180 har ogs\u00e5 et pulserende lys for bruk i lyse rom sammen med en separat lasermottaker 24465-2517 (ikke inkludert).<br \/>\nDrives av et oppladbart li-ion-batteri. Leveres med oppladbart batteri og lader med USB-kabel, magnetisk veggbrakett og reflekterende m\u00e5lplate i et beskyttende etui.<br \/>\nAdapter 244652418 er n\u00f8dvendig til tilbeh\u00f8rsdelene 181120106, 200570109, 178650800, 178680104 og 178690103.<\/p>\n","protected":false},"excerpt":{"rendered":"Multi-krysslaser med gr\u00f8nt laserlys som viser 3 sv\u00e6rt lyssterke 360\u00b0-linjer. \u00c9n horisontal 360\u00b0-linje og to vertikale 360\u00b0-linjer som er sl\u00e5tt [&hellip;]","protected":false},"featured_media":0,"comment_status":"closed","ping_status":"closed","template":"","meta":{"_acf_changed":false},"product_cat":[440,280],"product_tag":[],"class_list":{"0":"post-4843","1":"product","2":"type-product","3":"status-publish","5":"product_cat-krysslasere-no","6":"product_cat-laserinstrumenter-no","8":"first","9":"instock","10":"shipping-taxable","11":"product-type-simple"},"acf":[],"yoast_head":"<!-- This site is optimized with the Yoast SEO plugin v23.2 - https:\/\/yoast.com\/wordpress\/plugins\/seo\/ -->\n<title>MULTIKRYSSLASER 1180-G - Precision measuring instruments | Limit<\/title>\n<meta name=\"robots\" content=\"index, follow, max-snippet:-1, max-image-preview:large, max-video-preview:-1\" \/>\n<link rel=\"canonical\" href=\"https:\/\/limittools.test.consids5.se\/no\/product\/multikrysslaser-1180-g\/\" \/>\n<meta property=\"og:locale\" content=\"nb_NO\" \/>\n<meta property=\"og:type\" content=\"article\" \/>\n<meta property=\"og:title\" content=\"MULTIKRYSSLASER 1180-G - Precision measuring instruments | Limit\" \/>\n<meta property=\"og:description\" content=\"Multi-krysslaser med gr\u00f8nt laserlys som viser 3 sv\u00e6rt lyssterke 360\u00b0-linjer. \u00c9n horisontal 360\u00b0-linje og to vertikale 360\u00b0-linjer som er sl\u00e5tt [&hellip;]\" \/>\n<meta property=\"og:url\" content=\"https:\/\/limittools.test.consids5.se\/no\/product\/multikrysslaser-1180-g\/\" \/>\n<meta property=\"og:site_name\" content=\"Precision measuring instruments | Limit\" \/>\n<meta property=\"article:publisher\" content=\"https:\/\/www.facebook.com\/limittools\/\" \/>\n<meta name=\"twitter:card\" content=\"summary_large_image\" \/>\n<meta name=\"twitter:label1\" content=\"Est. reading time\" \/>\n\t<meta name=\"twitter:data1\" content=\"1 minute\" \/>\n<script type=\"application\/ld+json\" class=\"yoast-schema-graph\">{\"@context\":\"https:\/\/schema.org\",\"@graph\":[{\"@type\":\"WebPage\",\"@id\":\"https:\/\/limittools.test.consids5.se\/no\/product\/multikrysslaser-1180-g\/\",\"url\":\"https:\/\/limittools.test.consids5.se\/no\/product\/multikrysslaser-1180-g\/\",\"name\":\"MULTIKRYSSLASER 1180-G - Precision measuring instruments | Limit\",\"isPartOf\":{\"@id\":\"https:\/\/limittools.test.consids5.se\/#website\"},\"datePublished\":\"2026-04-01T20:29:53+00:00\",\"dateModified\":\"2026-04-01T20:29:53+00:00\",\"breadcrumb\":{\"@id\":\"https:\/\/limittools.test.consids5.se\/no\/product\/multikrysslaser-1180-g\/#breadcrumb\"},\"inLanguage\":\"nb-NO\",\"potentialAction\":[{\"@type\":\"ReadAction\",\"target\":[\"https:\/\/limittools.test.consids5.se\/no\/product\/multikrysslaser-1180-g\/\"]}]},{\"@type\":\"BreadcrumbList\",\"@id\":\"https:\/\/limittools.test.consids5.se\/no\/product\/multikrysslaser-1180-g\/#breadcrumb\",\"itemListElement\":[{\"@type\":\"ListItem\",\"position\":1,\"name\":\"Products\",\"item\":\"https:\/\/limittools.test.consids5.se\/products\/\"},{\"@type\":\"ListItem\",\"position\":2,\"name\":\"MULTIKRYSSLASER 1180-G\"}]},{\"@type\":\"WebSite\",\"@id\":\"https:\/\/limittools.test.consids5.se\/#website\",\"url\":\"https:\/\/limittools.test.consids5.se\/\",\"name\":\"Precision measuring instruments | Limit\",\"description\":\"Everything can be measured\",\"potentialAction\":[{\"@type\":\"SearchAction\",\"target\":{\"@type\":\"EntryPoint\",\"urlTemplate\":\"https:\/\/limittools.test.consids5.se\/?s={search_term_string}\"},\"query-input\":\"required name=search_term_string\"}],\"inLanguage\":\"nb-NO\"}]}<\/script>\n<!-- \/ Yoast SEO plugin. -->","yoast_head_json":{"title":"MULTIKRYSSLASER 1180-G - Precision measuring instruments | Limit","robots":{"index":"index","follow":"follow","max-snippet":"max-snippet:-1","max-image-preview":"max-image-preview:large","max-video-preview":"max-video-preview:-1"},"canonical":"https:\/\/limittools.test.consids5.se\/no\/product\/multikrysslaser-1180-g\/","og_locale":"nb_NO","og_type":"article","og_title":"MULTIKRYSSLASER 1180-G - Precision measuring instruments | Limit","og_description":"Multi-krysslaser med gr\u00f8nt laserlys som viser 3 sv\u00e6rt lyssterke 360\u00b0-linjer. \u00c9n horisontal 360\u00b0-linje og to vertikale 360\u00b0-linjer som er sl\u00e5tt [&hellip;]","og_url":"https:\/\/limittools.test.consids5.se\/no\/product\/multikrysslaser-1180-g\/","og_site_name":"Precision measuring instruments | Limit","article_publisher":"https:\/\/www.facebook.com\/limittools\/","twitter_card":"summary_large_image","twitter_misc":{"Est. reading time":"1 minute"},"schema":{"@context":"https:\/\/schema.org","@graph":[{"@type":"WebPage","@id":"https:\/\/limittools.test.consids5.se\/no\/product\/multikrysslaser-1180-g\/","url":"https:\/\/limittools.test.consids5.se\/no\/product\/multikrysslaser-1180-g\/","name":"MULTIKRYSSLASER 1180-G - Precision measuring instruments | Limit","isPartOf":{"@id":"https:\/\/limittools.test.consids5.se\/#website"},"datePublished":"2026-04-01T20:29:53+00:00","dateModified":"2026-04-01T20:29:53+00:00","breadcrumb":{"@id":"https:\/\/limittools.test.consids5.se\/no\/product\/multikrysslaser-1180-g\/#breadcrumb"},"inLanguage":"nb-NO","potentialAction":[{"@type":"ReadAction","target":["https:\/\/limittools.test.consids5.se\/no\/product\/multikrysslaser-1180-g\/"]}]},{"@type":"BreadcrumbList","@id":"https:\/\/limittools.test.consids5.se\/no\/product\/multikrysslaser-1180-g\/#breadcrumb","itemListElement":[{"@type":"ListItem","position":1,"name":"Products","item":"https:\/\/limittools.test.consids5.se\/products\/"},{"@type":"ListItem","position":2,"name":"MULTIKRYSSLASER 1180-G"}]},{"@type":"WebSite","@id":"https:\/\/limittools.test.consids5.se\/#website","url":"https:\/\/limittools.test.consids5.se\/","name":"Precision measuring instruments | Limit","description":"Everything can be measured","potentialAction":[{"@type":"SearchAction","target":{"@type":"EntryPoint","urlTemplate":"https:\/\/limittools.test.consids5.se\/?s={search_term_string}"},"query-input":"required name=search_term_string"}],"inLanguage":"nb-NO"}]}},"_links":{"self":[{"href":"https:\/\/limittools.test.consids5.se\/no\/wp-json\/wp\/v2\/product\/4843"}],"collection":[{"href":"https:\/\/limittools.test.consids5.se\/no\/wp-json\/wp\/v2\/product"}],"about":[{"href":"https:\/\/limittools.test.consids5.se\/no\/wp-json\/wp\/v2\/types\/product"}],"replies":[{"embeddable":true,"href":"https:\/\/limittools.test.consids5.se\/no\/wp-json\/wp\/v2\/comments?post=4843"}],"wp:attachment":[{"href":"https:\/\/limittools.test.consids5.se\/no\/wp-json\/wp\/v2\/media?parent=4843"}],"wp:term":[{"taxonomy":"product_cat","embeddable":true,"href":"https:\/\/limittools.test.consids5.se\/no\/wp-json\/wp\/v2\/product_cat?post=4843"},{"taxonomy":"product_tag","embeddable":true,"href":"https:\/\/limittools.test.consids5.se\/no\/wp-json\/wp\/v2\/product_tag?post=4843"}],"curies":[{"name":"wp","href":"https:\/\/api.w.org\/{rel}","templated":true}]}}