{"id":4848,"date":"2026-04-01T20:29:54","date_gmt":"2026-04-01T20:29:54","guid":{"rendered":"https:\/\/limittools.test.consids5.se\/product\/adaptere-1-4-5-8\/"},"modified":"2026-04-01T20:29:54","modified_gmt":"2026-04-01T20:29:54","slug":"adaptere-1-4-5-8","status":"publish","type":"product","link":"https:\/\/limittools.test.consids5.se\/no\/product\/adaptere-1-4-5-8\/","title":{"rendered":"ADAPTERE 1\/4 &amp; 5\/8"},"content":{"rendered":"<p>Laseradaptere 5\/8&#8221; hunn til 1\/4&#8221; hann og 5\/8&#8221; hann til 1\/4&#8221; hunn. Adapterne gj\u00f8r det mulig \u00e5 koble til mange ulike tilbeh\u00f8rsdeler, f.eks. trefotstativer og veggbraketter<\/p>\n","protected":false},"excerpt":{"rendered":"Laseradaptere 5\/8&#8221; hunn til 1\/4&#8221; hann og 5\/8&#8221; hann til 1\/4&#8221; hunn. Adapterne gj\u00f8r det mulig \u00e5 koble til mange [&hellip;]","protected":false},"featured_media":0,"comment_status":"closed","ping_status":"closed","template":"","meta":{"_acf_changed":false},"product_cat":[361,280],"product_tag":[],"class_list":{"0":"post-4848","1":"product","2":"type-product","3":"status-publish","5":"product_cat-krysslasere-tilbehor-no","6":"product_cat-laserinstrumenter-no","8":"first","9":"instock","10":"shipping-taxable","11":"product-type-simple"},"acf":[],"yoast_head":"<!-- This site is optimized with the Yoast SEO plugin v23.2 - https:\/\/yoast.com\/wordpress\/plugins\/seo\/ -->\n<title>ADAPTERE 1\/4 &amp; 5\/8 - Precision measuring instruments | Limit<\/title>\n<meta name=\"robots\" content=\"index, follow, max-snippet:-1, max-image-preview:large, max-video-preview:-1\" \/>\n<link rel=\"canonical\" href=\"https:\/\/limittools.test.consids5.se\/no\/product\/adaptere-1-4-5-8\/\" \/>\n<meta property=\"og:locale\" content=\"nb_NO\" \/>\n<meta property=\"og:type\" content=\"article\" \/>\n<meta property=\"og:title\" content=\"ADAPTERE 1\/4 &amp; 5\/8 - Precision measuring instruments | Limit\" \/>\n<meta property=\"og:description\" content=\"Laseradaptere 5\/8&#8221; hunn til 1\/4&#8221; hann og 5\/8&#8221; hann til 1\/4&#8221; hunn. Adapterne gj\u00f8r det mulig \u00e5 koble til mange [&hellip;]\" \/>\n<meta property=\"og:url\" content=\"https:\/\/limittools.test.consids5.se\/no\/product\/adaptere-1-4-5-8\/\" \/>\n<meta property=\"og:site_name\" content=\"Precision measuring instruments | Limit\" \/>\n<meta property=\"article:publisher\" content=\"https:\/\/www.facebook.com\/limittools\/\" \/>\n<meta name=\"twitter:card\" content=\"summary_large_image\" \/>\n<script type=\"application\/ld+json\" class=\"yoast-schema-graph\">{\"@context\":\"https:\/\/schema.org\",\"@graph\":[{\"@type\":\"WebPage\",\"@id\":\"https:\/\/limittools.test.consids5.se\/no\/product\/adaptere-1-4-5-8\/\",\"url\":\"https:\/\/limittools.test.consids5.se\/no\/product\/adaptere-1-4-5-8\/\",\"name\":\"ADAPTERE 1\/4 &amp; 5\/8 - Precision measuring instruments | Limit\",\"isPartOf\":{\"@id\":\"https:\/\/limittools.test.consids5.se\/#website\"},\"datePublished\":\"2026-04-01T20:29:54+00:00\",\"dateModified\":\"2026-04-01T20:29:54+00:00\",\"breadcrumb\":{\"@id\":\"https:\/\/limittools.test.consids5.se\/no\/product\/adaptere-1-4-5-8\/#breadcrumb\"},\"inLanguage\":\"nb-NO\",\"potentialAction\":[{\"@type\":\"ReadAction\",\"target\":[\"https:\/\/limittools.test.consids5.se\/no\/product\/adaptere-1-4-5-8\/\"]}]},{\"@type\":\"BreadcrumbList\",\"@id\":\"https:\/\/limittools.test.consids5.se\/no\/product\/adaptere-1-4-5-8\/#breadcrumb\",\"itemListElement\":[{\"@type\":\"ListItem\",\"position\":1,\"name\":\"Products\",\"item\":\"https:\/\/limittools.test.consids5.se\/products\/\"},{\"@type\":\"ListItem\",\"position\":2,\"name\":\"ADAPTERE 1\/4 &amp; 5\/8\"}]},{\"@type\":\"WebSite\",\"@id\":\"https:\/\/limittools.test.consids5.se\/#website\",\"url\":\"https:\/\/limittools.test.consids5.se\/\",\"name\":\"Precision measuring instruments | Limit\",\"description\":\"Everything can be measured\",\"potentialAction\":[{\"@type\":\"SearchAction\",\"target\":{\"@type\":\"EntryPoint\",\"urlTemplate\":\"https:\/\/limittools.test.consids5.se\/?s={search_term_string}\"},\"query-input\":\"required name=search_term_string\"}],\"inLanguage\":\"nb-NO\"}]}<\/script>\n<!-- \/ Yoast SEO plugin. -->","yoast_head_json":{"title":"ADAPTERE 1\/4 &amp; 5\/8 - Precision measuring instruments | Limit","robots":{"index":"index","follow":"follow","max-snippet":"max-snippet:-1","max-image-preview":"max-image-preview:large","max-video-preview":"max-video-preview:-1"},"canonical":"https:\/\/limittools.test.consids5.se\/no\/product\/adaptere-1-4-5-8\/","og_locale":"nb_NO","og_type":"article","og_title":"ADAPTERE 1\/4 &amp; 5\/8 - Precision measuring instruments | Limit","og_description":"Laseradaptere 5\/8&#8221; hunn til 1\/4&#8221; hann og 5\/8&#8221; hann til 1\/4&#8221; hunn. Adapterne gj\u00f8r det mulig \u00e5 koble til mange [&hellip;]","og_url":"https:\/\/limittools.test.consids5.se\/no\/product\/adaptere-1-4-5-8\/","og_site_name":"Precision measuring instruments | Limit","article_publisher":"https:\/\/www.facebook.com\/limittools\/","twitter_card":"summary_large_image","schema":{"@context":"https:\/\/schema.org","@graph":[{"@type":"WebPage","@id":"https:\/\/limittools.test.consids5.se\/no\/product\/adaptere-1-4-5-8\/","url":"https:\/\/limittools.test.consids5.se\/no\/product\/adaptere-1-4-5-8\/","name":"ADAPTERE 1\/4 &amp; 5\/8 - Precision measuring instruments | Limit","isPartOf":{"@id":"https:\/\/limittools.test.consids5.se\/#website"},"datePublished":"2026-04-01T20:29:54+00:00","dateModified":"2026-04-01T20:29:54+00:00","breadcrumb":{"@id":"https:\/\/limittools.test.consids5.se\/no\/product\/adaptere-1-4-5-8\/#breadcrumb"},"inLanguage":"nb-NO","potentialAction":[{"@type":"ReadAction","target":["https:\/\/limittools.test.consids5.se\/no\/product\/adaptere-1-4-5-8\/"]}]},{"@type":"BreadcrumbList","@id":"https:\/\/limittools.test.consids5.se\/no\/product\/adaptere-1-4-5-8\/#breadcrumb","itemListElement":[{"@type":"ListItem","position":1,"name":"Products","item":"https:\/\/limittools.test.consids5.se\/products\/"},{"@type":"ListItem","position":2,"name":"ADAPTERE 1\/4 &amp; 5\/8"}]},{"@type":"WebSite","@id":"https:\/\/limittools.test.consids5.se\/#website","url":"https:\/\/limittools.test.consids5.se\/","name":"Precision measuring instruments | Limit","description":"Everything can be measured","potentialAction":[{"@type":"SearchAction","target":{"@type":"EntryPoint","urlTemplate":"https:\/\/limittools.test.consids5.se\/?s={search_term_string}"},"query-input":"required name=search_term_string"}],"inLanguage":"nb-NO"}]}},"_links":{"self":[{"href":"https:\/\/limittools.test.consids5.se\/no\/wp-json\/wp\/v2\/product\/4848"}],"collection":[{"href":"https:\/\/limittools.test.consids5.se\/no\/wp-json\/wp\/v2\/product"}],"about":[{"href":"https:\/\/limittools.test.consids5.se\/no\/wp-json\/wp\/v2\/types\/product"}],"replies":[{"embeddable":true,"href":"https:\/\/limittools.test.consids5.se\/no\/wp-json\/wp\/v2\/comments?post=4848"}],"wp:attachment":[{"href":"https:\/\/limittools.test.consids5.se\/no\/wp-json\/wp\/v2\/media?parent=4848"}],"wp:term":[{"taxonomy":"product_cat","embeddable":true,"href":"https:\/\/limittools.test.consids5.se\/no\/wp-json\/wp\/v2\/product_cat?post=4848"},{"taxonomy":"product_tag","embeddable":true,"href":"https:\/\/limittools.test.consids5.se\/no\/wp-json\/wp\/v2\/product_tag?post=4848"}],"curies":[{"name":"wp","href":"https:\/\/api.w.org\/{rel}","templated":true}]}}