{"id":4853,"date":"2026-04-01T20:29:56","date_gmt":"2026-04-01T20:29:56","guid":{"rendered":"https:\/\/limittools.test.consids5.se\/product\/multimeter-limit-dm-410-2\/"},"modified":"2026-04-01T20:29:56","modified_gmt":"2026-04-01T20:29:56","slug":"multimeter-limit-dm-410","status":"publish","type":"product","link":"https:\/\/limittools.test.consids5.se\/no\/product\/multimeter-limit-dm-410\/","title":{"rendered":"MULTIMETER LIMIT DM 410"},"content":{"rendered":"<p>Limit DM 410 Multimeter er et h\u00e5ndholdt sann RMS digitalt multimeter med stor p\u00e5litelighet og sikkerhet (4000 tellinger). Stort, bakopplyst LCD-display med sifre p\u00e5 17.5\u00a0mm for enkel avlesning i m\u00f8rke omgivelser, overbelastningsvern og unik design gj\u00f8r det til et sv\u00e6rt praktisk digitalt multimeter. Multimeteret kan m\u00e5le veksel-\/likespenning og -str\u00f8m, resistans, kontinuitet, kapasitans, frekvens og \u00b0C\/\u00b0F-temperatur. Det kan ogs\u00e5 brukes til \u00e5 teste dioder osv. Har datahold, Min., Maks. og relativ m\u00e5ling, indikator for batteriniv\u00e5 og automatisk avsl\u00e5ing, funksjon for detektering av fase og kontaktfri spenning (NCV). Instrumentet er ideelt for mange anvendelser. Gummideksel og utfellbar bordst\u00f8tte. Isolasjonsklasse CAT III 600V.<\/p>\n","protected":false},"excerpt":{"rendered":"Limit DM 410 Multimeter er et h\u00e5ndholdt sann RMS digitalt multimeter med stor p\u00e5litelighet og sikkerhet (4000 tellinger). Stort, bakopplyst [&hellip;]","protected":false},"featured_media":0,"comment_status":"closed","ping_status":"closed","template":"","meta":{"_acf_changed":false},"product_cat":[339,418],"product_tag":[],"class_list":{"0":"post-4853","1":"product","2":"type-product","3":"status-publish","5":"product_cat-eltest-no","6":"product_cat-multimetre-no","8":"first","9":"instock","10":"shipping-taxable","11":"product-type-simple"},"acf":[],"yoast_head":"<!-- This site is optimized with the Yoast SEO plugin v23.2 - https:\/\/yoast.com\/wordpress\/plugins\/seo\/ -->\n<title>MULTIMETER LIMIT DM 410 - Precision measuring instruments | Limit<\/title>\n<meta name=\"robots\" content=\"index, follow, max-snippet:-1, max-image-preview:large, max-video-preview:-1\" \/>\n<link rel=\"canonical\" href=\"https:\/\/limittools.test.consids5.se\/no\/product\/multimeter-limit-dm-410\/\" \/>\n<meta property=\"og:locale\" content=\"nb_NO\" \/>\n<meta property=\"og:type\" content=\"article\" \/>\n<meta property=\"og:title\" content=\"MULTIMETER LIMIT DM 410 - Precision measuring instruments | Limit\" \/>\n<meta property=\"og:description\" content=\"Limit DM 410 Multimeter er et h\u00e5ndholdt sann RMS digitalt multimeter med stor p\u00e5litelighet og sikkerhet (4000 tellinger). Stort, bakopplyst [&hellip;]\" \/>\n<meta property=\"og:url\" content=\"https:\/\/limittools.test.consids5.se\/no\/product\/multimeter-limit-dm-410\/\" \/>\n<meta property=\"og:site_name\" content=\"Precision measuring instruments | Limit\" \/>\n<meta property=\"article:publisher\" content=\"https:\/\/www.facebook.com\/limittools\/\" \/>\n<meta name=\"twitter:card\" content=\"summary_large_image\" \/>\n<meta name=\"twitter:label1\" content=\"Est. reading time\" \/>\n\t<meta name=\"twitter:data1\" content=\"1 minute\" \/>\n<script type=\"application\/ld+json\" class=\"yoast-schema-graph\">{\"@context\":\"https:\/\/schema.org\",\"@graph\":[{\"@type\":\"WebPage\",\"@id\":\"https:\/\/limittools.test.consids5.se\/no\/product\/multimeter-limit-dm-410\/\",\"url\":\"https:\/\/limittools.test.consids5.se\/no\/product\/multimeter-limit-dm-410\/\",\"name\":\"MULTIMETER LIMIT DM 410 - Precision measuring instruments | Limit\",\"isPartOf\":{\"@id\":\"https:\/\/limittools.test.consids5.se\/#website\"},\"datePublished\":\"2026-04-01T20:29:56+00:00\",\"dateModified\":\"2026-04-01T20:29:56+00:00\",\"breadcrumb\":{\"@id\":\"https:\/\/limittools.test.consids5.se\/no\/product\/multimeter-limit-dm-410\/#breadcrumb\"},\"inLanguage\":\"nb-NO\",\"potentialAction\":[{\"@type\":\"ReadAction\",\"target\":[\"https:\/\/limittools.test.consids5.se\/no\/product\/multimeter-limit-dm-410\/\"]}]},{\"@type\":\"BreadcrumbList\",\"@id\":\"https:\/\/limittools.test.consids5.se\/no\/product\/multimeter-limit-dm-410\/#breadcrumb\",\"itemListElement\":[{\"@type\":\"ListItem\",\"position\":1,\"name\":\"Products\",\"item\":\"https:\/\/limittools.test.consids5.se\/products\/\"},{\"@type\":\"ListItem\",\"position\":2,\"name\":\"MULTIMETER LIMIT DM 410\"}]},{\"@type\":\"WebSite\",\"@id\":\"https:\/\/limittools.test.consids5.se\/#website\",\"url\":\"https:\/\/limittools.test.consids5.se\/\",\"name\":\"Precision measuring instruments | Limit\",\"description\":\"Everything can be measured\",\"potentialAction\":[{\"@type\":\"SearchAction\",\"target\":{\"@type\":\"EntryPoint\",\"urlTemplate\":\"https:\/\/limittools.test.consids5.se\/?s={search_term_string}\"},\"query-input\":\"required name=search_term_string\"}],\"inLanguage\":\"nb-NO\"}]}<\/script>\n<!-- \/ Yoast SEO plugin. -->","yoast_head_json":{"title":"MULTIMETER LIMIT DM 410 - Precision measuring instruments | Limit","robots":{"index":"index","follow":"follow","max-snippet":"max-snippet:-1","max-image-preview":"max-image-preview:large","max-video-preview":"max-video-preview:-1"},"canonical":"https:\/\/limittools.test.consids5.se\/no\/product\/multimeter-limit-dm-410\/","og_locale":"nb_NO","og_type":"article","og_title":"MULTIMETER LIMIT DM 410 - Precision measuring instruments | Limit","og_description":"Limit DM 410 Multimeter er et h\u00e5ndholdt sann RMS digitalt multimeter med stor p\u00e5litelighet og sikkerhet (4000 tellinger). Stort, bakopplyst [&hellip;]","og_url":"https:\/\/limittools.test.consids5.se\/no\/product\/multimeter-limit-dm-410\/","og_site_name":"Precision measuring instruments | Limit","article_publisher":"https:\/\/www.facebook.com\/limittools\/","twitter_card":"summary_large_image","twitter_misc":{"Est. reading time":"1 minute"},"schema":{"@context":"https:\/\/schema.org","@graph":[{"@type":"WebPage","@id":"https:\/\/limittools.test.consids5.se\/no\/product\/multimeter-limit-dm-410\/","url":"https:\/\/limittools.test.consids5.se\/no\/product\/multimeter-limit-dm-410\/","name":"MULTIMETER LIMIT DM 410 - Precision measuring instruments | Limit","isPartOf":{"@id":"https:\/\/limittools.test.consids5.se\/#website"},"datePublished":"2026-04-01T20:29:56+00:00","dateModified":"2026-04-01T20:29:56+00:00","breadcrumb":{"@id":"https:\/\/limittools.test.consids5.se\/no\/product\/multimeter-limit-dm-410\/#breadcrumb"},"inLanguage":"nb-NO","potentialAction":[{"@type":"ReadAction","target":["https:\/\/limittools.test.consids5.se\/no\/product\/multimeter-limit-dm-410\/"]}]},{"@type":"BreadcrumbList","@id":"https:\/\/limittools.test.consids5.se\/no\/product\/multimeter-limit-dm-410\/#breadcrumb","itemListElement":[{"@type":"ListItem","position":1,"name":"Products","item":"https:\/\/limittools.test.consids5.se\/products\/"},{"@type":"ListItem","position":2,"name":"MULTIMETER LIMIT DM 410"}]},{"@type":"WebSite","@id":"https:\/\/limittools.test.consids5.se\/#website","url":"https:\/\/limittools.test.consids5.se\/","name":"Precision measuring instruments | Limit","description":"Everything can be measured","potentialAction":[{"@type":"SearchAction","target":{"@type":"EntryPoint","urlTemplate":"https:\/\/limittools.test.consids5.se\/?s={search_term_string}"},"query-input":"required name=search_term_string"}],"inLanguage":"nb-NO"}]}},"_links":{"self":[{"href":"https:\/\/limittools.test.consids5.se\/no\/wp-json\/wp\/v2\/product\/4853"}],"collection":[{"href":"https:\/\/limittools.test.consids5.se\/no\/wp-json\/wp\/v2\/product"}],"about":[{"href":"https:\/\/limittools.test.consids5.se\/no\/wp-json\/wp\/v2\/types\/product"}],"replies":[{"embeddable":true,"href":"https:\/\/limittools.test.consids5.se\/no\/wp-json\/wp\/v2\/comments?post=4853"}],"wp:attachment":[{"href":"https:\/\/limittools.test.consids5.se\/no\/wp-json\/wp\/v2\/media?parent=4853"}],"wp:term":[{"taxonomy":"product_cat","embeddable":true,"href":"https:\/\/limittools.test.consids5.se\/no\/wp-json\/wp\/v2\/product_cat?post=4853"},{"taxonomy":"product_tag","embeddable":true,"href":"https:\/\/limittools.test.consids5.se\/no\/wp-json\/wp\/v2\/product_tag?post=4853"}],"curies":[{"name":"wp","href":"https:\/\/api.w.org\/{rel}","templated":true}]}}